{"id":7045,"date":"2018-12-27T12:01:42","date_gmt":"2018-12-27T09:01:42","guid":{"rendered":"https:\/\/eski.gokcegemile.com\/koylar-ormanlar\/"},"modified":"2018-12-27T12:01:50","modified_gmt":"2018-12-27T09:01:50","slug":"koylar-ormanlar","status":"publish","type":"page","link":"https:\/\/eski.gokcegemile.com\/ru\/koylar-ormanlar\/","title":{"rendered":"Koylar &#038; Ormanlar"},"content":{"rendered":"[vc_row type=&#187;in_container&#187; full_screen_row_position=&#187;middle&#187; scene_position=&#187;center&#187; text_color=&#187;dark&#187; text_align=&#187;left&#187; overlay_strength=&#187;0.3&#8243; shape_divider_position=&#187;bottom&#187;][vc_column column_padding=&#187;no-extra-padding&#187; column_padding_position=&#187;all&#187; background_color_opacity=&#187;1&#8243; background_hover_color_opacity=&#187;1&#8243; column_shadow=&#187;none&#187; column_border_radius=&#187;none&#187; width=&#187;1\/1&#8243; tablet_text_alignment=&#187;default&#187; phone_text_alignment=&#187;default&#187; column_border_width=&#187;none&#187; column_border_style=&#187;solid&#187;]<div style=\"height: 730px\" data-midnight=\"nectar-slider\" class=\"parallax_slider_outer \"><div style=\"height: 730px;\" nihat=\"Cakar\"  data-transition=\"fade\" data-overall_style=\"classic\" data-flexible-height=\"true\" data-animate-in-effect=\"none\" data-fullscreen=\"false\" data-button-sizing=\"regular\" data-button-styling=\"btn_with_count\" data-autorotate=\"5000\" data-parallax=\"true\" data-full-width=\"true\" class=\"nectar-slider-wrap \" id=\"ns-id-6a054958df23b\">\n\t\t\t<div style=\"height: 730px\" class=\"swiper-container\"  data-tho=\"auto\" data-tco=\"auto\" data-pho=\"auto\" data-pco=\"auto\" data-loop=\"true\" data-height=\"730\" data-min-height=\"\" data-arrows=\"true\" data-bullets=\"false\" data-bullet_style=\"see_through\" data-desktop-swipe=\"false\" data-settings=\"\">\n\t\t\t\t    <div class=\"swiper-wrapper\"><div class=\"swiper-slide\" data-bg-alignment=\"center\" data-color-scheme=\"light\" data-x-pos=\"center\" data-y-pos=\"middle\"> \n\t\t\t\t\t\t\t\t<div class=\"image-bg\" style=\"background-image: url(https:\/\/eski.gokcegemile.com\/wp-content\/uploads\/2019\/12\/BaysCoves-Banner-4-780.jpg);\"> &nbsp; <\/div><div class=\"video-texture \"> <span class=\"ie-fix\"><\/span> <\/div><\/div><!--\/swiper-slide--><div class=\"swiper-slide\" data-bg-alignment=\"center\" data-color-scheme=\"light\" data-x-pos=\"center\" data-y-pos=\"middle\"> \n\t\t\t\t\t\t\t\t<div class=\"image-bg\" style=\"background-image: url(https:\/\/eski.gokcegemile.com\/wp-content\/uploads\/2019\/12\/BaysCoves-Banner-10-780.jpg);\"> &nbsp; <\/div><div class=\"video-texture \"> <span class=\"ie-fix\"><\/span> <\/div><\/div><!--\/swiper-slide--><div class=\"swiper-slide\" data-bg-alignment=\"center\" data-color-scheme=\"light\" data-x-pos=\"center\" data-y-pos=\"middle\"> \n\t\t\t\t\t\t\t\t<div class=\"image-bg\" style=\"background-image: url(https:\/\/eski.gokcegemile.com\/wp-content\/uploads\/2019\/12\/BaysCoves-Banner-5-780.jpg);\"> &nbsp; <\/div><div class=\"video-texture \"> <span class=\"ie-fix\"><\/span> <\/div><\/div><!--\/swiper-slide--><div class=\"swiper-slide\" data-bg-alignment=\"center\" data-color-scheme=\"light\" data-x-pos=\"center\" data-y-pos=\"middle\"> \n\t\t\t\t\t\t\t\t<div class=\"image-bg\" style=\"background-image: url(https:\/\/eski.gokcegemile.com\/wp-content\/uploads\/2019\/12\/BaysCoves-Banner-14-780.jpg);\"> &nbsp; <\/div><div class=\"video-texture \"> <span class=\"ie-fix\"><\/span> <\/div><\/div><!--\/swiper-slide--><div class=\"swiper-slide\" data-bg-alignment=\"center\" data-color-scheme=\"light\" data-x-pos=\"center\" data-y-pos=\"middle\"> \n\t\t\t\t\t\t\t\t<div class=\"image-bg\" style=\"background-image: url(https:\/\/eski.gokcegemile.com\/wp-content\/uploads\/2019\/12\/BaysCoves-Banner-17-780.jpg);\"> &nbsp; <\/div><div class=\"video-texture \"> <span class=\"ie-fix\"><\/span> <\/div><\/div><!--\/swiper-slide--><div class=\"swiper-slide\" data-bg-alignment=\"center\" data-color-scheme=\"light\" data-x-pos=\"center\" data-y-pos=\"middle\"> \n\t\t\t\t\t\t\t\t<div class=\"image-bg\" style=\"background-image: url(https:\/\/eski.gokcegemile.com\/wp-content\/uploads\/2019\/12\/Bays-Coves-Banner-6-780.jpg);\"> &nbsp; <\/div><div class=\"video-texture \"> <span class=\"ie-fix\"><\/span> <\/div><\/div><!--\/swiper-slide--><div class=\"swiper-slide\" data-bg-alignment=\"center\" data-color-scheme=\"light\" data-x-pos=\"center\" data-y-pos=\"middle\"> \n\t\t\t\t\t\t\t\t<div class=\"image-bg\" style=\"background-image: url(https:\/\/eski.gokcegemile.com\/wp-content\/uploads\/2019\/12\/BaysCoves-banner-11-780.jpg);\"> &nbsp; <\/div><div class=\"video-texture \"> <span class=\"ie-fix\"><\/span> <\/div><\/div><!--\/swiper-slide--><div class=\"swiper-slide\" data-bg-alignment=\"center\" data-color-scheme=\"light\" data-x-pos=\"center\" data-y-pos=\"middle\"> \n\t\t\t\t\t\t\t\t<div class=\"image-bg\" style=\"background-image: url(https:\/\/eski.gokcegemile.com\/wp-content\/uploads\/2019\/12\/BaysCoves-banner8-780.jpg);\"> &nbsp; <\/div><div class=\"video-texture \"> <span class=\"ie-fix\"><\/span> <\/div><\/div><!--\/swiper-slide--><div class=\"swiper-slide\" data-bg-alignment=\"center\" data-color-scheme=\"light\" data-x-pos=\"center\" data-y-pos=\"middle\"> \n\t\t\t\t\t\t\t\t<div class=\"image-bg\" style=\"background-image: url(https:\/\/eski.gokcegemile.com\/wp-content\/uploads\/2019\/12\/BaysCoves-Banner-1-780.jpg);\"> &nbsp; <\/div><div class=\"video-texture \"> <span class=\"ie-fix\"><\/span> <\/div><\/div><!--\/swiper-slide--><div class=\"swiper-slide\" data-bg-alignment=\"center\" data-color-scheme=\"light\" data-x-pos=\"center\" data-y-pos=\"middle\"> \n\t\t\t\t\t\t\t\t<div class=\"image-bg\" style=\"background-image: url(https:\/\/eski.gokcegemile.com\/wp-content\/uploads\/2019\/12\/BaysCoves-13-780.jpg);\"> &nbsp; <\/div><div class=\"video-texture \"> <span class=\"ie-fix\"><\/span> <\/div><\/div><!--\/swiper-slide--><div class=\"swiper-slide\" data-bg-alignment=\"center\" data-color-scheme=\"light\" data-x-pos=\"center\" data-y-pos=\"middle\"> \n\t\t\t\t\t\t\t\t<div class=\"image-bg\" style=\"background-image: url(https:\/\/eski.gokcegemile.com\/wp-content\/uploads\/2019\/12\/BaysCoves-Banner-18-780.jpg);\"> &nbsp; <\/div><div class=\"video-texture \"> <span class=\"ie-fix\"><\/span> <\/div><\/div><!--\/swiper-slide--><div class=\"swiper-slide\" data-bg-alignment=\"center\" data-color-scheme=\"light\" data-x-pos=\"center\" data-y-pos=\"middle\"> \n\t\t\t\t\t\t\t\t<div class=\"image-bg\" style=\"background-image: url(https:\/\/eski.gokcegemile.com\/wp-content\/uploads\/2019\/12\/BaysCoves-Banner-21-780.jpg);\"> &nbsp; <\/div><div class=\"video-texture \"> <span class=\"ie-fix\"><\/span> <\/div><\/div><!--\/swiper-slide--><div class=\"swiper-slide\" data-bg-alignment=\"center\" data-color-scheme=\"light\" data-x-pos=\"center\" data-y-pos=\"middle\"> \n\t\t\t\t\t\t\t\t<div class=\"image-bg\" style=\"background-image: url(https:\/\/eski.gokcegemile.com\/wp-content\/uploads\/2019\/12\/BaysCoves-Banner-X-780.jpg);\"> &nbsp; <\/div><div class=\"video-texture \"> <span class=\"ie-fix\"><\/span> <\/div><\/div><!--\/swiper-slide--><div class=\"swiper-slide\" data-bg-alignment=\"center\" data-color-scheme=\"light\" data-x-pos=\"center\" data-y-pos=\"middle\"> \n\t\t\t\t\t\t\t\t<div class=\"image-bg\" style=\"background-image: url(https:\/\/eski.gokcegemile.com\/wp-content\/uploads\/2019\/12\/BaysCoves-Banner-xx-780.jpg);\"> &nbsp; <\/div><div class=\"video-texture \"> <span class=\"ie-fix\"><\/span> <\/div><\/div><!--\/swiper-slide--><div class=\"swiper-slide\" data-bg-alignment=\"center\" data-color-scheme=\"light\" data-x-pos=\"center\" data-y-pos=\"middle\"> \n\t\t\t\t\t\t\t\t<div class=\"image-bg\" style=\"background-image: url(https:\/\/eski.gokcegemile.com\/wp-content\/uploads\/2021\/12\/BaysCoves_23.jpg);\"> &nbsp; <\/div><div class=\"video-texture \"> <span class=\"ie-fix\"><\/span> <\/div><\/div><!--\/swiper-slide--><div class=\"swiper-slide\" data-bg-alignment=\"center\" data-color-scheme=\"light\" data-x-pos=\"center\" data-y-pos=\"middle\"> \n\t\t\t\t\t\t\t\t<div class=\"image-bg\" style=\"background-image: url(https:\/\/eski.gokcegemile.com\/wp-content\/uploads\/2021\/12\/BaysCoves_24.jpg);\"> &nbsp; <\/div><div class=\"video-texture \"> <span class=\"ie-fix\"><\/span> <\/div><\/div><!--\/swiper-slide--><div class=\"swiper-slide\" data-bg-alignment=\"center\" data-color-scheme=\"light\" data-x-pos=\"center\" data-y-pos=\"middle\"> \n\t\t\t\t\t\t\t\t<div class=\"image-bg\" style=\"background-image: url(https:\/\/eski.gokcegemile.com\/wp-content\/uploads\/2021\/12\/BaysCoves_26.jpg);\"> &nbsp; <\/div><div class=\"video-texture \"> <span class=\"ie-fix\"><\/span> <\/div><\/div><!--\/swiper-slide--><div class=\"swiper-slide\" data-bg-alignment=\"center\" data-color-scheme=\"light\" data-x-pos=\"center\" data-y-pos=\"middle\"> \n\t\t\t\t\t\t\t\t<div class=\"image-bg\" style=\"background-image: url(https:\/\/eski.gokcegemile.com\/wp-content\/uploads\/2019\/12\/Bayscoves-Banner-37-780x.jpg);\"> &nbsp; <\/div><div class=\"video-texture \"> <span class=\"ie-fix\"><\/span> <\/div><\/div><!--\/swiper-slide--><div class=\"swiper-slide\" data-bg-alignment=\"center\" data-color-scheme=\"light\" data-x-pos=\"center\" data-y-pos=\"middle\"> \n\t\t\t\t\t\t\t\t<div class=\"image-bg\" style=\"background-image: url(https:\/\/eski.gokcegemile.com\/wp-content\/uploads\/2021\/12\/BaysCoves_27.jpg);\"> &nbsp; <\/div><div class=\"video-texture \"> <span class=\"ie-fix\"><\/span> <\/div><\/div><!--\/swiper-slide--><div class=\"swiper-slide\" data-bg-alignment=\"center\" data-color-scheme=\"light\" data-x-pos=\"center\" data-y-pos=\"middle\"> \n\t\t\t\t\t\t\t\t<div class=\"image-bg\" style=\"background-image: url(https:\/\/eski.gokcegemile.com\/wp-content\/uploads\/2021\/12\/BaysCoves_25.jpg);\"> &nbsp; <\/div><div class=\"video-texture \"> <span class=\"ie-fix\"><\/span> <\/div><\/div><!--\/swiper-slide--><\/div><a href=\"\" class=\"slider-prev\"><i class=\"icon-salient-left-arrow\"><\/i> <div class=\"slide-count\"> <span class=\"slide-current\">1<\/span> <i class=\"icon-salient-right-line\"><\/i> <span class=\"slide-total\"><\/span> <\/div> <\/a>\n\t\t\t\t     \t\t<a href=\"\" class=\"slider-next\"><i class=\"icon-salient-right-arrow\"><\/i> <div class=\"slide-count\"> <span class=\"slide-current\">1<\/span> <i class=\"icon-salient-right-line\"><\/i> <span class=\"slide-total\"><\/span> <\/div> <\/a><div class=\"nectar-slider-loading \"> <span class=\"loading-icon none\">   <\/span> <\/div> <\/div> \n\t\t\t\t\n\t\t\t<\/div><\/div>[\/vc_column][\/vc_row][vc_row type=&#187;in_container&#187; full_screen_row_position=&#187;middle&#187; scene_position=&#187;center&#187; text_color=&#187;dark&#187; text_align=&#187;left&#187; overlay_strength=&#187;0.3&#8243; shape_divider_position=&#187;bottom&#187;][vc_column column_padding=&#187;no-extra-padding&#187; column_padding_position=&#187;all&#187; background_color_opacity=&#187;1&#8243; background_hover_color_opacity=&#187;1&#8243; column_shadow=&#187;none&#187; column_border_radius=&#187;none&#187; width=&#187;1\/1&#8243; tablet_text_alignment=&#187;default&#187; phone_text_alignment=&#187;default&#187; column_border_width=&#187;none&#187; column_border_style=&#187;solid&#187;]<div class=\"divider-wrap\"><div style=\"height: 25px;\" class=\"divider\"><\/div><\/div>[vc_column_text]\n<h2><strong>Koylar &amp; Ormanlar<\/strong><\/h2>\n[\/vc_column_text]<div class=\"divider-wrap\"><div style=\"height: 25px;\" class=\"divider\"><\/div><\/div>[vc_column_text]G\u00f6k\u00e7e Gemile: g\u00fcneybat\u0131ya bakan bir dizi koy bulunan; etraf\u0131 \u00e7am a\u011fa\u00e7lar\u0131, a\u011fa\u00e7l\u0131k alanlar ve \u00e7ok b\u00fcy\u00fck miktarda yabani kekik ile \u00e7evrili olan; denize ve orta mesafeden ise Balaban adac\u0131\u011f\u0131na bakan ve u\u00e7urumlarla dolu engebeli bir arazi \u00fczerinde konumland\u0131r\u0131lm\u0131\u015f olan adeta bir \u015fahin yuvas\u0131d\u0131r.<\/p>\n<p>Sadece G\u00f6k\u00e7e Gemile\u2019nin \u00f6zel asans\u00f6r\u00fc vas\u0131tas\u0131yla ya da tekneyle eri\u015filebilen koy, kayalarla ve kristal kadar berrak sularla \u00e7evirili olan tenha koylara sahiptir ve bu koylardan baz\u0131lar\u0131 ise k\u00fc\u00e7\u00fck kumlu plajlara sahiptir. G\u00fcne\u015flenmek ve y\u00fczmek i\u00e7in ideal olan bu koylar, \u00f6zel havuzlarda dinlenmenin yan\u0131 s\u0131ra harika bir alternatif de sunmaktad\u0131r.<\/p>\n<p>Misafirlerimiz, her villa i\u00e7in bir adet ve suyun \u00fczerine in\u015fa edilmi\u015f olan g\u00f6lgeli alanlarda dinlenebilirler. Ana plaj\u0131n \u00fczerinde ayr\u0131ca G\u00f6k\u00e7e Gemile ekibinin misafirler i\u00e7in kahvalt\u0131, \u00f6\u011fle yeme\u011fi, aperatifler ve ak\u015fam yeme\u011fi haz\u0131rlayabildi\u011fi bir kafe ve mutfak da bulunmaktad\u0131r.<\/p>\n<p>Koyun etraf\u0131nda geziler i\u00e7in kullan\u0131lan k\u00fc\u00e7\u00fck bir motorlu tekne de mevcuttur. \u015enorkelle y\u00fczme ve t\u00fcpl\u00fc dal\u0131\u015f i\u00e7in harika bir yer olan yak\u0131ndaki Balaban adas\u0131n\u0131 ziyaret etmek i\u00e7in de sizlere olanak sa\u011flayabilmekteyiz.G\u00f6k\u00e7e Gemile, bir dizi bal\u0131k tutma ve su sporlar\u0131 ekipman\u0131na da sahiptir; bu sayede misafirlerimiz bo\u015f zamanlar\u0131nda koylar\u0131n tad\u0131n\u0131 \u00e7\u0131karabilmektedir.<\/p>\n<p>G\u00f6k\u00e7e Gemile\u2019nin derin ve berrak sular\u0131: deniz kaplumba\u011falar\u0131, bal\u0131klar ve bazen oyuncu bir yunus veya hatta ara s\u0131ra ahtapotlar da d\u00e2hil olmak \u00fczere deniz ya\u015fam\u0131 a\u00e7\u0131s\u0131ndan olduk\u00e7a zengindir.<\/p>\n<p>Yelken i\u00e7in de harika bir yerdir ve denizden biraz a\u00e7\u0131kta, misafirlerimizin g\u00fcn\u00fcn tad\u0131n\u0131 \u00e7\u0131karabilmelerini sa\u011flayabilecek olan G\u00f6k\u00e7e Gemile teknemiz de bulunmaktad\u0131r.<\/p>\n<p>G\u00f6k\u00e7e Gemile\u2019nin etraf\u0131ndaki alan\u0131 kaplayan ye\u015fil \u00e7am ormanlar\u0131, a\u015fa\u011f\u0131daki \u00e7arp\u0131c\u0131 co\u011frafya ve g\u00f6k mavisi sular ile tezat olu\u015fturmaktad\u0131r. T\u00fcrkiye\u2019nin bu b\u00f6lgesinde yer alan geni\u015f ve nefes kesici \u00e7am ormanlar\u0131 k\u00f6kl\u00fc bir ge\u00e7mi\u015fe sahiptir ve varl\u0131klar\u0131n\u0131 y\u00fczlerce y\u0131ld\u0131r k\u0131rsal ekonomide oynad\u0131klar\u0131 \u00f6nemli role bor\u00e7ludurlar.<\/p>\n[\/vc_column_text]<div class=\"divider-wrap\"><div style=\"height: 25px;\" class=\"divider\"><\/div><\/div><div class=\"toggles \" data-style=\"default\"><div class=\"toggle extra-color-1\"><h3><a href=\"#\"><i class=\"icon-plus-sign\"><\/i>Foto\u011fraflar<\/a><\/h3><div>[vc_gallery type=&#187;parallax_image_grid&#187; images=&#187;4988,4989,4990,4991,4992,4993,4994,4995,4996,4997,4998,5000,5001,5002,5003,5004,5006,5007,5008,5009,5010,5011,5012,5013&#8243;]<\/div><\/div><\/div>[vc_row_inner column_margin=&#187;default&#187; text_align=&#187;left&#187;][\/vc_row_inner][vc_column_inner column_padding=&#187;no-extra-padding&#187; column_padding_position=&#187;all&#187; background_color_opacity=&#187;1&#8243; background_hover_color_opacity=&#187;1&#8243; column_shadow=&#187;none&#187; column_border_radius=&#187;none&#187; width=&#187;1\/1&#8243; column_border_width=&#187;none&#187; column_border_style=&#187;solid&#187;][\/vc_column_inner][vc_column_text]\n<h2>Daha fazlas\u0131n\u0131 ke\u015ffet<\/h2>\n[\/vc_column_text]<div class=\"divider-wrap\"><div style=\"height: 25px;\" class=\"divider\"><\/div><\/div>\t\n\t\n\n\n\t<div class=\"portfolio-wrap \">\n\t\t\t\n\t\t\t\n\t\t\t<span class=\"portfolio-loading  none\">   <\/span>\n\n\t\t\t\n\t\t\t\t\t\t\n\t\t\t<div class=\"row portfolio-items no-masonry  \" data-rcp=\"false\" data-masonry-type=\"default\" data-ps=\"3\" data-starting-filter=\"\" data-gutter=\"default\" data-categories-to-show=\"about-gemile\" data-lightbox-only=\"0\" data-col-num=\"cols-4\">\n\t\t\t\t\t\t\t\t\t\n\t\t\t\t\t\t\t\t\t\t\n\t\t\t\t\t<div class=\"col span_3  element about-gemile-ru \"  data-project-cat=\"about-gemile-ru \" data-default-color=\"true\" data-title-color=\"\" data-subtitle-color=\"\">\n\t\t\t\t\t\t\n\t\t\t\t\t\t<div class=\"inner-wrap animated\" data-animation=\"none\">\n\n\t\t\t\t\t\t\t\t\t\t\t\t\t\n\t\t\t\t\t\t\t<div class=\"work-item style-3\" data-custom-content=\"off\" data-text-align=\"middle\">\n\t\t\t\t\t\t\t\t\n\t\t\t\t\t\t\t\t<img loading=\"lazy\" decoding=\"async\" class=\"size-\" src=\"https:\/\/eski.gokcegemile.com\/wp-content\/uploads\/2018\/08\/ConceptMain_3-600x403.jpg\" alt=\"\" height=\"403\" width=\"600\" srcset=\"https:\/\/eski.gokcegemile.com\/wp-content\/uploads\/2018\/08\/ConceptMain_3-600x403.jpg 600w, https:\/\/eski.gokcegemile.com\/wp-content\/uploads\/2018\/08\/ConceptMain_3-400x269.jpg 400w\" sizes=\"auto, (min-width: 1000px) 25vw, (min-width: 690px) 50vw, 100vw\" \/>\t\t\t\t\n\t\t\t\t\t\t\t\t<div class=\"work-info-bg\">&nbsp;<\/div>\n\t\t\t\t\t\t\t\t<div class=\"work-info\">\n\t\t\t\t\t\t\t\t\t\n\t\t\t\t\t\t\t\t\t\t\t\t\t\t\t\t\t\t\t\t\n\t\t\t\t\t\t\t\t\t\t\t<a href=\"https:\/\/eski.gokcegemile.com\/ru\/concept-and-philosophy\/\"><\/a>\n\t\t\t\t\t\t\t\t\t\t\n\t\t\t\t\t\t\t\t\t\t\t\t\t\t\t\t\t\t\t\n\t\t\t\t\n\t\t\t\t\t\t\t\t\t<div class=\"vert-center\">\n\t\t\t\t\t\t\t\t\t\t\t\n\t\t\t\t\t\t\t\t\t\t\t<h3>\u041a\u043e\u043d\u0446\u0435\u043f\u0446\u0438\u044f &#038; \u0424\u0438\u043b\u043e\u0441\u043e\u0444\u0438\u044f <\/h3> \n\t\t\t\t\t\t\t\t\t\t\t<p> <\/p>\t\t\t\t\t\t\t\t\t\t\t\t\t\t\t\t\t\t\t<\/div><!--\/vert-center-->\n\t\t\t\t\t\t\t\t\t\n\t\t\t\t\t\t\t\t<\/div>\n\t\t\t\t\t\t\t<\/div><!--work-item-->\n\t\t\t\t\t\t\t\n\t\t\t\t\t\t\t\t\t\t\t\t\n\t\t\t\t\t\t\n\t\t\t\t\t<\/div><!--\/inner-wrap-->\n\t\t\t\t\t<\/div><!--\/col-->\n\t\t\t\t\t\n\t\t\t\t\t\t\t\t\t\n\t\t\t\t\t\t\t\t\t\t\n\t\t\t\t\t<div class=\"col span_3  element about-gemile-ru \"  data-project-cat=\"about-gemile-ru \" data-default-color=\"true\" data-title-color=\"\" data-subtitle-color=\"\">\n\t\t\t\t\t\t\n\t\t\t\t\t\t<div class=\"inner-wrap animated\" data-animation=\"none\">\n\n\t\t\t\t\t\t\t\t\t\t\t\t\t\n\t\t\t\t\t\t\t<div class=\"work-item style-3\" data-custom-content=\"off\" data-text-align=\"middle\">\n\t\t\t\t\t\t\t\t\n\t\t\t\t\t\t\t\t<img decoding=\"async\" class=\"size-\" src=\"https:\/\/eski.gokcegemile.com\/wp-content\/uploads\/2018\/07\/Team-Box.jpg\" alt=\"\" height=\"\" width=\"\" srcset=\"https:\/\/eski.gokcegemile.com\/wp-content\/uploads\/2018\/07\/Team-Box.jpg 600w, https:\/\/eski.gokcegemile.com\/wp-content\/uploads\/2018\/07\/Team-Box-400x269.jpg 400w\" sizes=\"(min-width: 1000px) 25vw, (min-width: 690px) 50vw, 100vw\" \/>\t\t\t\t\n\t\t\t\t\t\t\t\t<div class=\"work-info-bg\">&nbsp;<\/div>\n\t\t\t\t\t\t\t\t<div class=\"work-info\">\n\t\t\t\t\t\t\t\t\t\n\t\t\t\t\t\t\t\t\t\t\t\t\t\t\t\t\t\t\t\t\n\t\t\t\t\t\t\t\t\t\t\t<a href=\"https:\/\/eski.gokcegemile.com\/ru\/the-team-and-our-story\/\"><\/a>\n\t\t\t\t\t\t\t\t\t\t\n\t\t\t\t\t\t\t\t\t\t\t\t\t\t\t\t\t\t\t\n\t\t\t\t\n\t\t\t\t\t\t\t\t\t<div class=\"vert-center\">\n\t\t\t\t\t\t\t\t\t\t\t\n\t\t\t\t\t\t\t\t\t\t\t<h3>\u041d\u0430\u0448\u0430 \u043a\u043e\u043c\u0430\u043d\u0434\u0430 &#038; \u041d\u0430\u0448\u0430 \u0438\u0441\u0442\u043e\u0440\u0438\u044f <\/h3> \n\t\t\t\t\t\t\t\t\t\t\t<p> <\/p>\t\t\t\t\t\t\t\t\t\t\t\t\t\t\t\t\t\t\t<\/div><!--\/vert-center-->\n\t\t\t\t\t\t\t\t\t\n\t\t\t\t\t\t\t\t<\/div>\n\t\t\t\t\t\t\t<\/div><!--work-item-->\n\t\t\t\t\t\t\t\n\t\t\t\t\t\t\t\t\t\t\t\t\n\t\t\t\t\t\t\n\t\t\t\t\t<\/div><!--\/inner-wrap-->\n\t\t\t\t\t<\/div><!--\/col-->\n\t\t\t\t\t\n\t\t\t\t\t\t\t\t\t\n\t\t\t\t\t\t\t\t\t\t\n\t\t\t\t\t<div class=\"col span_3  element about-gemile-ru \"  data-project-cat=\"about-gemile-ru \" data-default-color=\"true\" data-title-color=\"\" data-subtitle-color=\"\">\n\t\t\t\t\t\t\n\t\t\t\t\t\t<div class=\"inner-wrap animated\" data-animation=\"none\">\n\n\t\t\t\t\t\t\t\t\t\t\t\t\t\n\t\t\t\t\t\t\t<div class=\"work-item style-3\" data-custom-content=\"off\" data-text-align=\"middle\">\n\t\t\t\t\t\t\t\t\n\t\t\t\t\t\t\t\t<img decoding=\"async\" class=\"size-\" src=\"https:\/\/eski.gokcegemile.com\/wp-content\/uploads\/2018\/07\/BaysCoves-Box_2.jpg\" alt=\"\" height=\"\" width=\"\" srcset=\"https:\/\/eski.gokcegemile.com\/wp-content\/uploads\/2018\/07\/BaysCoves-Box_2.jpg 600w, https:\/\/eski.gokcegemile.com\/wp-content\/uploads\/2018\/07\/BaysCoves-Box_2-400x269.jpg 400w\" sizes=\"(min-width: 1000px) 25vw, (min-width: 690px) 50vw, 100vw\" \/>\t\t\t\t\n\t\t\t\t\t\t\t\t<div class=\"work-info-bg\">&nbsp;<\/div>\n\t\t\t\t\t\t\t\t<div class=\"work-info\">\n\t\t\t\t\t\t\t\t\t\n\t\t\t\t\t\t\t\t\t\t\t\t\t\t\t\t\t\t\t\t\n\t\t\t\t\t\t\t\t\t\t\t<a href=\"https:\/\/eski.gokcegemile.com\/ru\/the-bay-and-coves\/\"><\/a>\n\t\t\t\t\t\t\t\t\t\t\n\t\t\t\t\t\t\t\t\t\t\t\t\t\t\t\t\t\t\t\n\t\t\t\t\n\t\t\t\t\t\t\t\t\t<div class=\"vert-center\">\n\t\t\t\t\t\t\t\t\t\t\t\n\t\t\t\t\t\t\t\t\t\t\t<h3>\u0417\u0430\u043b\u0438\u0432, \u0431\u044b\u0445\u0442\u044b &#038; \u043b\u0435\u0441\u0430 <\/h3> \n\t\t\t\t\t\t\t\t\t\t\t<p> <\/p>\t\t\t\t\t\t\t\t\t\t\t\t\t\t\t\t\t\t\t<\/div><!--\/vert-center-->\n\t\t\t\t\t\t\t\t\t\n\t\t\t\t\t\t\t\t<\/div>\n\t\t\t\t\t\t\t<\/div><!--work-item-->\n\t\t\t\t\t\t\t\n\t\t\t\t\t\t\t\t\t\t\t\t\n\t\t\t\t\t\t\n\t\t\t\t\t<\/div><!--\/inner-wrap-->\n\t\t\t\t\t<\/div><!--\/col-->\n\t\t\t\t\t\n\t\t\t\t\t\t\t\t\t\n\t\t\t\t\t\t\t\t\t\t\n\t\t\t\t\t<div class=\"col span_3  element about-gemile-ru \"  data-project-cat=\"about-gemile-ru \" data-default-color=\"true\" data-title-color=\"\" data-subtitle-color=\"\">\n\t\t\t\t\t\t\n\t\t\t\t\t\t<div class=\"inner-wrap animated\" data-animation=\"none\">\n\n\t\t\t\t\t\t\t\t\t\t\t\t\t\n\t\t\t\t\t\t\t<div class=\"work-item style-3\" data-custom-content=\"off\" data-text-align=\"middle\">\n\t\t\t\t\t\t\t\t\n\t\t\t\t\t\t\t\t<img decoding=\"async\" class=\"size-\" src=\"https:\/\/eski.gokcegemile.com\/wp-content\/uploads\/2018\/08\/VacationIdeas-Box.jpg\" alt=\"\" height=\"\" width=\"\" srcset=\"https:\/\/eski.gokcegemile.com\/wp-content\/uploads\/2018\/08\/VacationIdeas-Box.jpg 600w, https:\/\/eski.gokcegemile.com\/wp-content\/uploads\/2018\/08\/VacationIdeas-Box-400x269.jpg 400w\" sizes=\"(min-width: 1000px) 25vw, (min-width: 690px) 50vw, 100vw\" \/>\t\t\t\t\n\t\t\t\t\t\t\t\t<div class=\"work-info-bg\">&nbsp;<\/div>\n\t\t\t\t\t\t\t\t<div class=\"work-info\">\n\t\t\t\t\t\t\t\t\t\n\t\t\t\t\t\t\t\t\t\t\t\t\t\t\t\t\t\t\t\t\n\t\t\t\t\t\t\t\t\t\t\t<a href=\"https:\/\/eski.gokcegemile.com\/ru\/vacation-ideas\/\"><\/a>\n\t\t\t\t\t\t\t\t\t\t\n\t\t\t\t\t\t\t\t\t\t\t\t\t\t\t\t\t\t\t\n\t\t\t\t\n\t\t\t\t\t\t\t\t\t<div class=\"vert-center\">\n\t\t\t\t\t\t\t\t\t\t\t\n\t\t\t\t\t\t\t\t\t\t\t<h3>\u0418\u0434\u0435\u0438 \u0434\u043b\u044f \u043e\u0442\u0434\u044b\u0445\u0430 <\/h3> \n\t\t\t\t\t\t\t\t\t\t\t<p> <\/p>\t\t\t\t\t\t\t\t\t\t\t\t\t\t\t\t\t\t\t<\/div><!--\/vert-center-->\n\t\t\t\t\t\t\t\t\t\n\t\t\t\t\t\t\t\t<\/div>\n\t\t\t\t\t\t\t<\/div><!--work-item-->\n\t\t\t\t\t\t\t\n\t\t\t\t\t\t\t\t\t\t\t\t\n\t\t\t\t\t\t\n\t\t\t\t\t<\/div><!--\/inner-wrap-->\n\t\t\t\t\t<\/div><!--\/col-->\n\t\t\t\t\t\n\t\t\t\t\n\t\t\t<\/div><!--\/portfolio-->\n\t   <\/div><!--\/portfolio wrap-->\n\t\t\n\t\t[\/vc_column][\/vc_row][vc_row type=&#187;in_container&#187; full_screen_row_position=&#187;middle&#187; scene_position=&#187;center&#187; text_color=&#187;dark&#187; text_align=&#187;left&#187; overlay_strength=&#187;0.3&#8243; shape_divider_position=&#187;bottom&#187;][vc_column column_padding=&#187;no-extra-padding&#187; column_padding_position=&#187;all&#187; background_color_opacity=&#187;1&#8243; background_hover_color_opacity=&#187;1&#8243; column_shadow=&#187;none&#187; column_border_radius=&#187;none&#187; width=&#187;1\/1&#8243; tablet_text_alignment=&#187;default&#187; phone_text_alignment=&#187;default&#187; column_border_width=&#187;none&#187; column_border_style=&#187;solid&#187;][\/vc_column][\/vc_row]\n","protected":false},"excerpt":{"rendered":"<p>[vc_row type=&#187;in_container&#187; full_screen_row_position=&#187;middle&#187; scene_position=&#187;center&#187; text_color=&#187;dark&#187; text_align=&#187;left&#187; overlay_strength=&#187;0.3&#8243; shape_divider_position=&#187;bottom&#187;][vc_column column_padding=&#187;no-extra-padding&#187; column_padding_position=&#187;all&#187; background_color_opacity=&#187;1&#8243; background_hover_color_opacity=&#187;1&#8243; column_shadow=&#187;none&#187; column_border_radius=&#187;none&#187; width=&#187;1\/1&#8243; tablet_text_alignment=&#187;default&#187; phone_text_alignment=&#187;default&#187; column_border_width=&#187;none&#187; column_border_style=&#187;solid&#187;][\/vc_column][\/vc_row][vc_row type=&#187;in_container&#187; full_screen_row_position=&#187;middle&#187; scene_position=&#187;center&#187; text_color=&#187;dark&#187; text_align=&#187;left&#187; overlay_strength=&#187;0.3&#8243; shape_divider_position=&#187;bottom&#187;][vc_column column_padding=&#187;no-extra-padding&#187; column_padding_position=&#187;all&#187; background_color_opacity=&#187;1&#8243; background_hover_color_opacity=&#187;1&#8243;&#8230;<\/p>\n","protected":false},"author":1,"featured_media":0,"parent":0,"menu_order":0,"comment_status":"closed","ping_status":"closed","template":"","meta":{"footnotes":""},"class_list":["post-7045","page","type-page","status-publish"],"_links":{"self":[{"href":"https:\/\/eski.gokcegemile.com\/ru\/wp-json\/wp\/v2\/pages\/7045\/"}],"collection":[{"href":"https:\/\/eski.gokcegemile.com\/ru\/wp-json\/wp\/v2\/pages\/"}],"about":[{"href":"https:\/\/eski.gokcegemile.com\/ru\/wp-json\/wp\/v2\/types\/page\/"}],"author":[{"embeddable":true,"href":"https:\/\/eski.gokcegemile.com\/ru\/wp-json\/wp\/v2\/users\/1\/"}],"replies":[{"embeddable":true,"href":"https:\/\/eski.gokcegemile.com\/ru\/wp-json\/wp\/v2\/comments\/?post=7045"}],"version-history":[{"count":0,"href":"https:\/\/eski.gokcegemile.com\/ru\/wp-json\/wp\/v2\/pages\/7045\/revisions\/"}],"wp:attachment":[{"href":"https:\/\/eski.gokcegemile.com\/ru\/wp-json\/wp\/v2\/media\/?parent=7045"}],"curies":[{"name":"wp","href":"https:\/\/api.w.org\/{rel}","templated":true}]}}