{"id":5553,"date":"2018-08-15T12:17:39","date_gmt":"2018-08-15T09:17:39","guid":{"rendered":"https:\/\/eski.gokcegemile.com\/privacy-policy\/"},"modified":"2018-12-27T15:31:50","modified_gmt":"2018-12-27T12:31:50","slug":"privacy-policy","status":"publish","type":"page","link":"https:\/\/eski.gokcegemile.com\/tr\/privacy-policy\/","title":{"rendered":"Gizlilik Politikas\u0131"},"content":{"rendered":"<h1><strong>Gizlilik Politikas\u0131<\/strong><\/h1>\n<p>G\u00f6k\u00e7e Gemile web sitesi kullan\u0131c\u0131lar\u0131n\u0131, temin etmekteyiz ki gizlilikleri bizim taraf\u0131m\u0131zdan her zaman korunmaktad\u0131r. Ayr\u0131ca, kullan\u0131c\u0131lar\u0131m\u0131z\u0131n, bizlere vermi\u015f olduklar\u0131 bilgileri, sadece talep ettikleri hizmetleri sa\u011flamak i\u00e7in kulland\u0131\u011f\u0131m\u0131z\u0131 ve bu bilgileri \u00f6zel ve gizli bir \u015fekilde muhafaza etti\u011fimizi de garanti etmekteyiz.<\/p>\n<p><strong>G\u00f6n\u00fcll\u00fc Olarak Verilen Bilgiler<\/strong><\/p>\n<p>G\u00f6k\u00e7e Gemile rezervasyon formu doldurarak, haber b\u00fcltenimize \u00fcye olarak, G\u00f6k\u00e7e Gemile Konsiyerj hizmet ekibine dan\u0131\u015farak, e-posta yoluyla veya herhangi bir ba\u015fka \u015fekilde bizimle ileti\u015fim kurarak verdi\u011finiz bilgiler, g\u00f6n\u00fcll\u00fc \u015fekilde temin edilmi\u015f olmaktad\u0131r. Bu bilgiler: isim, e-posta adresi, IP adresi, telefon numaras\u0131, kredi kart\u0131 bilgileri ve posta adresiniz gibi detaylar\u0131 ve yan\u0131 s\u0131ra konum, cinsiyet tan\u0131m\u0131, sat\u0131n alma ge\u00e7mi\u015fi ve di\u011fer veriler gibi demografik bilgileri de kapsayabilmektedir. G\u00f6k\u00e7e Gemile\u2019ye bu detaylar\u0131 temin ederek, bu bilgilerin G\u00f6k\u00e7e Gemile ya da \u00fc\u00e7\u00fcnc\u00fc taraf sa\u011flay\u0131c\u0131lar\u0131m\u0131z taraf\u0131ndan toplanmas\u0131na, kullan\u0131lmas\u0131na,a\u00e7\u0131klanmas\u0131na, aktar\u0131lmas\u0131na veya saklanmas\u0131na r\u0131za g\u00f6stermi\u015f olmaktas\u0131n\u0131z. Gizlili\u011finizin korunmas\u0131 ad\u0131na, bizler sadece rezervasyonlar\u0131 ve talepleri i\u015flemek veya sizlere promosyon &amp; pazarlama bilgileri sa\u011flamak gibi ama\u00e7larla gerekebilece\u011fini d\u00fc\u015f\u00fcnd\u00fc\u011f\u00fcm\u00fcz, me\u015fru i\u015f menfaatleri a\u00e7\u0131s\u0131ndan verileri toplamakta, kullanmakta ve muhafaza etmekteyiz.<\/p>\n<p><strong>Otomatik olarak toplanan bilgiler<\/strong><\/p>\n<p>G\u00f6k\u00e7e Gemile web sitesini tararken veya bir sat\u0131n alma ger\u00e7ekle\u015ftirirken, \u00e7erezler (cookies) kullanarak ziyaretiniz ile ilgili olarak otomatik olarak veri toplayabiliriz. Bu bilgiler: kullanmakta oldu\u011funuz cihaz, taray\u0131c\u0131n\u0131z, IP adresiniz ve web sitesine nas\u0131l ula\u015fm\u0131\u015f oldu\u011funuz veya bizimle nas\u0131l etkile\u015fime ge\u00e7ti\u011finiz hakk\u0131ndaki detaylar\u0131 kapsayabilmektedir. Bu bilgileri, sizlere, hedef odakl\u0131 reklam g\u00f6ndermek ve web sitemizin performans\u0131n\u0131 izlemek veya geli\u015ftirmek i\u00e7in kullanabilmekteyiz. Genellikle, \u00e7erezlerden elde edilen bu bilgiler, sizi ki\u015fisel olarak tek ba\u015f\u0131na tan\u0131mlamamaktad\u0131r ve bu bilgiler, bize vermi\u015f oldu\u011funuz herhangi bir ki\u015fisel bilgi ile ba\u011flant\u0131l\u0131 olarak kullan\u0131lmayacakt\u0131r.<\/p>\n<p><strong>\u00dc\u00e7\u00fcnc\u00fc taraf sa\u011flay\u0131c\u0131lar ile payla\u015f\u0131lan bilgiler<\/strong><\/p>\n<p>G\u00f6k\u00e7e Gemile, bir\u00e7ok \u00fc\u00e7\u00fcnc\u00fc taraf tedarik\u00e7i ve hizmet sa\u011flay\u0131c\u0131 ile \u00e7al\u0131\u015fmaktad\u0131r. Bu kurulu\u015flar\u0131n pek \u00e7o\u011fu, bize ya da bizim ad\u0131m\u0131za \u00fcr\u00fcnler veya hizmetler sa\u011flamak amac\u0131yla, ki\u015fisel verileri i\u015flemektedir. Sizden toplam\u0131\u015f oldu\u011fumuz ki\u015fisel bilgilerden herhangi biri:<\/p>\n<ul>\n<li>\u00d6deme i\u015flemcileri: (G\u00fcvenli kredi kart\u0131 \u00f6deme i\u015flemleri i\u00e7in kullan\u0131lmaktad\u0131r.)<\/li>\n<li>Hosting hizmetleri<\/li>\n<li>E-posta hizmeti sa\u011flay\u0131c\u0131lar\u0131 (Rezervasyonunuz ile ilgili olarak e-postalar g\u00f6ndermek i\u00e7in kullan\u0131lmaktad\u0131r. G\u00f6k\u00e7e Gemile haber b\u00fcltenlerini almay\u0131 kabul ettikten sonra, alm\u0131\u015f oldu\u011funuz t\u00fcm bilgilendirmeler pazarlama nitelikli olabilmektedir.)<\/li>\n<li>Reklam i\u015ftirakleri: (G\u00f6k\u00e7e Gemile web sitesi ve di\u011fer siteler hakk\u0131ndaki faaliyetleriniz ile ilgili bilgi toplamak i\u00e7in kullan\u0131lmaktad\u0131r. Tarama aktivitelerinize ve ilgi alanlar\u0131n\u0131za ba\u011fl\u0131 olarak, size hedef odakl\u0131 reklam, tan\u0131t\u0131m ve pazarlama bilgilendirmeleri sa\u011flamak i\u00e7in, e-posta adresiniz, \u00e7erezler, pikseller ve web i\u015faret\u00e7ileri gibi, di\u011fer izleme teknolojileri kullan\u0131labilmektedir.)<\/li>\n<li>\u0130\u015f ortaklar\u0131m\u0131z, tedarik\u00e7ilerimiz ve alt y\u00fcklenicilerimiz (Bu ki\u015filerle yapm\u0131\u015f oldu\u011funuz herhangi bir anla\u015fma ya da s\u00f6zle\u015fmeyi yerine getirmek i\u00e7in kullan\u0131lmaktad\u0131r. Web sitemizin geli\u015fiminde bize yard\u0131mc\u0131 olmak i\u00e7in, verilerinizi ayr\u0131ca birlikte \u00e7al\u0131\u015fmakta oldu\u011fumuz analitikler ve arama motoru sa\u011flay\u0131c\u0131lar\u0131 ile payla\u015fabilmekteyiz.)<\/li>\n<li>Yasal makamlar: (iyi niyetli bir \u015fekilde ihtiyac\u0131m\u0131z oldu\u011funu ya da yasal olarak yetkili oldu\u011fumuzu d\u00fc\u015f\u00fcnd\u00fc\u011f\u00fcm\u00fcz durumlar i\u00e7in veya bu \u015fekilde bir i\u015flemin yap\u0131lmas\u0131n\u0131n elzem oldu\u011funu d\u00fc\u015f\u00fcnd\u00fc\u011f\u00fcm\u00fcz durumlarda; b\u00f6ylece hizmetlerimizin hileli, uygunsuz, yasa d\u0131\u015f\u0131 veya k\u00f6t\u00fc kullan\u0131m\u0131 a\u00e7\u0131s\u0131ndan \u015firketimiz, \u00e7al\u0131\u015fanlar\u0131m\u0131z ve kullan\u0131c\u0131lar\u0131m\u0131z\u0131n haklar\u0131n\u0131 ve g\u00fcvenli\u011fini koruyabilmekteyiz.)<\/li>\n<li>Herhangi bir i\u015fletme birle\u015fmesi, aktiflerin sat\u0131\u015f\u0131, finansman veya edinim hususundaki \u2013veya bu ba\u011flamda\u2013 g\u00f6r\u00fc\u015fmeler s\u0131ras\u0131nda ya da ki\u015fisel bilgilerin, G\u00f6k\u00e7e Gemile\u2019nin i\u015fletme aktiflerinin biri olarak a\u00e7\u0131klanabildi\u011fi veya aktar\u0131labildi\u011fi herhangi bir ba\u015fka durum halinde<\/li>\n<li>Kullan\u0131c\u0131y\u0131 do\u011frudan tan\u0131mlamayan verilerin toplanmas\u0131, anonimle\u015ftirilmesi veya takam ad verilmesi durumu<\/li>\n<\/ul>\n<p>dahil olmak \u00fczere; hizmet sa\u011flay\u0131c\u0131lar ile payla\u015f\u0131labilmektedir.<\/p>\n<p><strong>G\u00f6k\u00e7e Gemile bilgilerinizi nas\u0131l korur<\/strong><\/p>\n<p>\u0130\u015flem esnas\u0131nda, mevcut olan riskler ve kapsanmakta olan ki\u015fisel bilgilerin t\u00fcr\u00fc, g\u00f6z \u00f6n\u00fcnde bulundurularak; kullan\u0131c\u0131lar\u0131m\u0131z\u0131n Ki\u015fisel Bilgilerinin kaybolmas\u0131na, k\u00f6t\u00fcye kullan\u0131lmas\u0131na ve yetkisiz eri\u015fim, if\u015fa, de\u011fi\u015fiklik ve tahribe y\u00f6nelik olarak korunmas\u0131 i\u00e7in, makul ve uygun \u00f6nlemler al\u0131nmaktad\u0131r.<\/p>\n<p>Sitemize eri\u015fimi m\u00fcmk\u00fcn oldu\u011funca g\u00fcvenli hale getirmek i\u00e7in, K\u00f6t\u00fc Ama\u00e7l\u0131 Yaz\u0131l\u0131m Taramas\u0131 d\u00e2hil olmak \u00fczere, g\u00fcvenlik a\u00e7\u0131klar\u0131na ve bilinen zay\u0131f noktalara y\u00f6nelik olarak d\u00fczenli aral\u0131klarla taranmaktad\u0131r. Ki\u015fisel bilgilerinizin g\u00fcvenli\u011fini muhafaza etmek i\u00e7in, kullan\u0131c\u0131lar\u0131m\u0131z her ne zaman rezervasyon yapar, bilgilerini girer, ibraz ederse etsin derhal bir dizi g\u00fcvenlik \u00f6nlemleri almaktay\u0131z.<\/p>\n<p>Bilgilerin gizlili\u011fini garantiye almak ve ki\u015fisel bilgilerinizi saklamak amac\u0131yla, kullan\u0131lan sistemlere, sadece s\u0131n\u0131rl\u0131 say\u0131da ki\u015fi \u00f6zel eri\u015fim hakk\u0131na sahiptir ve bu bilgiler, g\u00fcvenli a\u011flar b\u00fcnyesinde saklanmaktad\u0131r. Ayr\u0131ca, tedarik etmi\u015f oldu\u011funuz b\u00fct\u00fcn hassas admin bilgileri ve kredi kart\u0131 detaylar\u0131, G\u00fcvenli Soket Katman\u0131 (SSL) teknolojisi vas\u0131tas\u0131yla \u015fifrelenmektedir. Her i\u015flem, bir a\u011f ge\u00e7idi sa\u011flay\u0131c\u0131s\u0131 vas\u0131tas\u0131yla i\u015flenmektedir; hi\u00e7biri bizim sunucular\u0131m\u0131zda saklanmamakta veya i\u015flenmemektedir. E\u011fer sistemimize izinsiz bir giri\u015f olarak sonu\u00e7lanan ve sizi maddi a\u00e7\u0131dan etkileyen bir g\u00fcvenlik ihlali mevcut olursa, G\u00f6k\u00e7e Gemile sizi ilk f\u0131rsatta haberdar etmeyi ve akabinde yap\u0131lm\u0131\u015f olan herhangi bir i\u015flemin ayr\u0131nt\u0131lar\u0131n\u0131 rapor etmeyi, taahh\u00fct etmektedir.<\/p>\n<h3><strong>Ki\u015fisel bilgilere eri\u015fim<\/strong><\/h3>\n<p>Ki\u015fisel bilgilerinizde herhangi bir de\u011fi\u015fiklik yapmak ya da bilgilerinizi kay\u0131tlar\u0131m\u0131zdan \u00e7\u0131karmak isterseniz, G\u00f6k\u00e7e Gemile\u2019ye eri\u015fim talebinize y\u00f6nelik detaylar\u0131 l\u00fctfen, info@gokcegemile.com adresine mail olarak iletmenizi rica ederiz. Sizin ad\u0131n\u0131za bulundurmakta oldu\u011fumuz ki\u015fisel bilgilerinize eri\u015fimizi, 30 g\u00fcn i\u00e7erisinde sa\u011flayaca\u011f\u0131z. G\u00f6k\u00e7e Gemile haber b\u00fcltenlerimizden \u00e7\u0131kmak i\u00e7in, l\u00fctfen admin@gokcegemile.com adresine e-posta g\u00f6nderiniz. Bilgileriniz sadece, herhangi bir sorunu \u00e7\u00f6zmek, size hizmet veya anla\u015fma sunmak gerekti\u011fi s\u00fcrece tutulacakt\u0131r. Kullan\u0131c\u0131lar\u0131m\u0131z bilmelidir ki, t\u00fcm kay\u0131tlar\u0131 veya ge\u00e7mi\u015f verileri silmek her zaman m\u00fcmk\u00fcn de\u011fildir. \u00c7\u00fcnk\u00fc mali raporlama ve uyum i\u015flemleri ile ilgili olarak, y\u00fck\u00fcml\u00fcl\u00fcklerimizi yerine getirmek i\u00e7in, baz\u0131 belirli kay\u0131tlar\u0131n ve bilgilerin saklanmas\u0131 bizim a\u00e7\u0131m\u0131zdan zorunludur.<\/p>\n<p>E\u011fer bir sosyal medya platformu veya forum kullanarak G\u00f6k\u00e7e Gemile\u2019ye bilgi, ileti\u015fim veya ayr\u0131nt\u0131 bildirmeyi se\u00e7erseniz; bu durumda hi\u00e7bir gizlilik beklentisi olmaks\u0131z\u0131n, risk, size ait olmaktad\u0131r. G\u00f6k\u00e7e Gemile, ne di\u011fer sosyal medya veya forum kullan\u0131c\u0131lar\u0131n\u0131n eylemlerini, ne de platformlar\u0131n veya forumlar\u0131n eylemlerini kontrol edebilmektedir. Bu gibi programlar, uygulamalar, forumlar ve platformlar ile ger\u00e7ekle\u015ftirmi\u015f oldu\u011funuz herhangi bir etkile\u015fim, hizmet sa\u011flay\u0131c\u0131 \u015firketlerin, gizlilik politikalar\u0131na tabidir ve bunlar taraf\u0131ndan y\u00f6netilmektedir.<\/p>\n<p>G\u00f6k\u00e7e Gemile web sitesi, bizimkilerden farkl\u0131 gizlilik uygulamalar\u0131 kullanabilen, ba\u015fka web sitelerine ba\u011flant\u0131lar kapsayabilmektedir. Bu web sitelerinin herhangi birine, herhangi bir ki\u015fisel bilgi sunarsan\u0131z, bilgileriniz bu web sitelerinin gizlilik politikalar\u0131 taraf\u0131ndan y\u00f6netilecektir. Bu bilgilerin \u0131\u015f\u0131\u011f\u0131nda, ziyaret etti\u011finiz herhangi bir web sitesinin gizlilik politikas\u0131n\u0131 okuman\u0131z\u0131 tavsiye etmekteyiz.<\/p>\n<p><strong>Bu Gizlilik Politikas\u0131\u2019na y\u00f6nelik de\u011fi\u015fiklikler, d\u00fczeltmeler ve revizyonlar<\/strong><\/p>\n<p>Biz, G\u00f6k\u00e7e Gemile olarak, gerek g\u00f6r\u00fcld\u00fc\u011f\u00fc takdirde, bu gizlilik politikas\u0131na y\u00f6nelik herhangi bir de\u011fi\u015fiklik, d\u00fczeltme ve revizyon yapma hakk\u0131n\u0131 sakl\u0131 tutmaktay\u0131z ve s\u00f6z konusu i\u015flemler bu sayfan\u0131n g\u00fcncellenmesi \u00fczerine derhal y\u00fcr\u00fcrl\u00fc\u011fe girmektedir. Dolay\u0131s\u0131yla, bu web sitesi ile etkile\u015fimde bulundu\u011funuz zaman, herhangi bir de\u011fi\u015fikli\u011fin, taraf\u0131n\u0131z\u0131 etkileyebilece\u011finin bilincinde olmal\u0131s\u0131n\u0131z; bir talepte bulunurken ya da rezervasyon yaparken, bu politikay\u0131 yeniden okuman\u0131z\u0131 ve G\u00f6k\u00e7e Gemile ile etkile\u015fime ge\u00e7mek i\u00e7in, bu web sitesini kullanman\u0131z\u0131 tavsiye etmekteyiz.<\/p>\n","protected":false},"excerpt":{"rendered":"<p>Gizlilik Politikas\u0131 G\u00f6k\u00e7e Gemile web sitesi kullan\u0131c\u0131lar\u0131n\u0131, temin etmekteyiz ki gizlilikleri bizim taraf\u0131m\u0131zdan her zaman korunmaktad\u0131r. Ayr\u0131ca, kullan\u0131c\u0131lar\u0131m\u0131z\u0131n, bizlere vermi\u015f olduklar\u0131 bilgileri, sadece talep ettikleri hizmetleri sa\u011flamak i\u00e7in kulland\u0131\u011f\u0131m\u0131z\u0131 ve&#8230;<\/p>\n","protected":false},"author":1,"featured_media":0,"parent":0,"menu_order":0,"comment_status":"closed","ping_status":"closed","template":"","meta":{"footnotes":""},"class_list":["post-5553","page","type-page","status-publish"],"_links":{"self":[{"href":"https:\/\/eski.gokcegemile.com\/tr\/wp-json\/wp\/v2\/pages\/5553\/"}],"collection":[{"href":"https:\/\/eski.gokcegemile.com\/tr\/wp-json\/wp\/v2\/pages\/"}],"about":[{"href":"https:\/\/eski.gokcegemile.com\/tr\/wp-json\/wp\/v2\/types\/page\/"}],"author":[{"embeddable":true,"href":"https:\/\/eski.gokcegemile.com\/tr\/wp-json\/wp\/v2\/users\/1\/"}],"replies":[{"embeddable":true,"href":"https:\/\/eski.gokcegemile.com\/tr\/wp-json\/wp\/v2\/comments\/?post=5553"}],"version-history":[{"count":0,"href":"https:\/\/eski.gokcegemile.com\/tr\/wp-json\/wp\/v2\/pages\/5553\/revisions\/"}],"wp:attachment":[{"href":"https:\/\/eski.gokcegemile.com\/tr\/wp-json\/wp\/v2\/media\/?parent=5553"}],"curies":[{"name":"wp","href":"https:\/\/api.w.org\/{rel}","templated":true}]}}