{"id":5574,"date":"2018-07-31T02:20:14","date_gmt":"2018-07-30T23:20:14","guid":{"rendered":"https:\/\/eski.gokcegemile.com\/the-team-and-our-story\/"},"modified":"2024-07-31T17:04:08","modified_gmt":"2024-07-31T14:04:08","slug":"the-team-and-our-story","status":"publish","type":"page","link":"https:\/\/eski.gokcegemile.com\/tr\/the-team-and-our-story\/","title":{"rendered":"Ekibimiz &#038; Hikayemiz"},"content":{"rendered":"[vc_row type=&#8221;in_container&#8221; full_screen_row_position=&#8221;middle&#8221; scene_position=&#8221;center&#8221; text_color=&#8221;dark&#8221; text_align=&#8221;left&#8221; overlay_strength=&#8221;0.3&#8243; shape_divider_position=&#8221;bottom&#8221;][vc_column column_padding=&#8221;no-extra-padding&#8221; column_padding_position=&#8221;all&#8221; background_color_opacity=&#8221;1&#8243; background_hover_color_opacity=&#8221;1&#8243; column_shadow=&#8221;none&#8221; column_border_radius=&#8221;none&#8221; width=&#8221;1\/1&#8243; tablet_text_alignment=&#8221;default&#8221; phone_text_alignment=&#8221;default&#8221; column_border_width=&#8221;none&#8221; column_border_style=&#8221;solid&#8221;]<div style=\"height: 780px\" data-midnight=\"nectar-slider\" class=\"parallax_slider_outer \"><div style=\"height: 780px;\" nihat=\"Cakar\"  data-transition=\"slide\" data-overall_style=\"classic\" data-flexible-height=\"true\" data-animate-in-effect=\"none\" data-fullscreen=\"false\" data-button-sizing=\"regular\" data-button-styling=\"btn_with_count\" data-autorotate=\"\" data-parallax=\"true\" data-full-width=\"true\" class=\"nectar-slider-wrap \" id=\"ns-id-6a0548670b2da\">\n\t\t\t<div style=\"height: 780px\" class=\"swiper-container\"  data-tho=\"auto\" data-tco=\"auto\" data-pho=\"auto\" data-pco=\"auto\" data-loop=\"false\" data-height=\"780\" data-min-height=\"\" data-arrows=\"true\" data-bullets=\"false\" data-bullet_style=\"see_through\" data-desktop-swipe=\"false\" data-settings=\"\">\n\t\t\t\t    <div class=\"swiper-wrapper\"><div class=\"swiper-slide\" data-bg-alignment=\"center\" data-color-scheme=\"light\" data-x-pos=\"center\" data-y-pos=\"middle\"> \n\t\t\t\t\t\t\t\t<div class=\"image-bg\" style=\"background-image: url(https:\/\/eski.gokcegemile.com\/wp-content\/uploads\/2021\/12\/GokceGemile-About_9.jpg);\"> &nbsp; <\/div><div class=\"video-texture \"> <span class=\"ie-fix\"><\/span> <\/div><\/div><!--\/swiper-slide--><div class=\"swiper-slide\" data-bg-alignment=\"center\" data-color-scheme=\"light\" data-x-pos=\"center\" data-y-pos=\"middle\"> \n\t\t\t\t\t\t\t\t<div class=\"image-bg\" style=\"background-image: url(https:\/\/eski.gokcegemile.com\/wp-content\/uploads\/2021\/12\/GokceGemile-About_1.jpg);\"> &nbsp; <\/div><div class=\"video-texture \"> <span class=\"ie-fix\"><\/span> <\/div><\/div><!--\/swiper-slide--><div class=\"swiper-slide\" data-bg-alignment=\"center\" data-color-scheme=\"light\" data-x-pos=\"left\" data-y-pos=\"middle\"> \n\t\t\t\t\t\t\t\t<div class=\"image-bg\" style=\"background-image: url(https:\/\/eski.gokcegemile.com\/wp-content\/uploads\/2019\/12\/About-Banner-6-780.jpg);\"> &nbsp; <\/div><div class=\"video-texture \"> <span class=\"ie-fix\"><\/span> <\/div><\/div><!--\/swiper-slide--><div class=\"swiper-slide\" data-bg-alignment=\"center\" data-color-scheme=\"light\" data-x-pos=\"left\" data-y-pos=\"middle\"> \n\t\t\t\t\t\t\t\t<div class=\"image-bg\" style=\"background-image: url(https:\/\/eski.gokcegemile.com\/wp-content\/uploads\/2019\/12\/About-Banner-5-780.jpg);\"> &nbsp; <\/div><div class=\"video-texture \"> <span class=\"ie-fix\"><\/span> <\/div><\/div><!--\/swiper-slide--><div class=\"swiper-slide\" data-bg-alignment=\"center\" data-color-scheme=\"light\" data-x-pos=\"left\" data-y-pos=\"middle\"> \n\t\t\t\t\t\t\t\t<div class=\"image-bg\" style=\"background-image: url(https:\/\/eski.gokcegemile.com\/wp-content\/uploads\/2019\/12\/About-Banner-3.jpg);\"> &nbsp; <\/div><div class=\"video-texture \"> <span class=\"ie-fix\"><\/span> <\/div><\/div><!--\/swiper-slide--><div class=\"swiper-slide\" data-bg-alignment=\"center\" data-color-scheme=\"light\" data-x-pos=\"left\" data-y-pos=\"middle\"> \n\t\t\t\t\t\t\t\t<div class=\"image-bg\" style=\"background-image: url(https:\/\/eski.gokcegemile.com\/wp-content\/uploads\/2019\/12\/About-Banner-7-780.jpg);\"> &nbsp; <\/div><div class=\"video-texture \"> <span class=\"ie-fix\"><\/span> <\/div><\/div><!--\/swiper-slide--><div class=\"swiper-slide\" data-bg-alignment=\"center\" data-color-scheme=\"light\" data-x-pos=\"center\" data-y-pos=\"middle\"> \n\t\t\t\t\t\t\t\t<div class=\"image-bg\" style=\"background-image: url(https:\/\/eski.gokcegemile.com\/wp-content\/uploads\/2021\/12\/GokceGemile-About_8-1.jpg);\"> &nbsp; <\/div><div class=\"video-texture \"> <span class=\"ie-fix\"><\/span> <\/div><\/div><!--\/swiper-slide--><\/div><a href=\"\" class=\"slider-prev\"><i class=\"icon-salient-left-arrow\"><\/i> <div class=\"slide-count\"> <span class=\"slide-current\">1<\/span> <i class=\"icon-salient-right-line\"><\/i> <span class=\"slide-total\"><\/span> <\/div> <\/a>\n\t\t\t\t     \t\t<a href=\"\" class=\"slider-next\"><i class=\"icon-salient-right-arrow\"><\/i> <div class=\"slide-count\"> <span class=\"slide-current\">1<\/span> <i class=\"icon-salient-right-line\"><\/i> <span class=\"slide-total\"><\/span> <\/div> <\/a><div class=\"nectar-slider-loading \"> <span class=\"loading-icon none\">   <\/span> <\/div> <\/div> \n\t\t\t\t\n\t\t\t<\/div><\/div>[\/vc_column][\/vc_row][vc_row type=&#8221;in_container&#8221; full_screen_row_position=&#8221;middle&#8221; scene_position=&#8221;center&#8221; text_color=&#8221;dark&#8221; text_align=&#8221;left&#8221; overlay_strength=&#8221;0.3&#8243; shape_divider_position=&#8221;bottom&#8221;][vc_column column_padding=&#8221;no-extra-padding&#8221; column_padding_position=&#8221;all&#8221; background_color_opacity=&#8221;1&#8243; background_hover_color_opacity=&#8221;1&#8243; column_shadow=&#8221;none&#8221; column_border_radius=&#8221;none&#8221; width=&#8221;1\/1&#8243; tablet_text_alignment=&#8221;default&#8221; phone_text_alignment=&#8221;default&#8221; column_border_width=&#8221;none&#8221; column_border_style=&#8221;solid&#8221;]<div class=\"divider-wrap\"><div style=\"height: 25px;\" class=\"divider\"><\/div><\/div>[vc_column_text]\n<h2><strong>Ekibimiz &amp; Hikayemiz<\/strong><\/h2>\n[\/vc_column_text]<div class=\"divider-wrap\"><div style=\"height: 25px;\" class=\"divider\"><\/div><\/div>[vc_row_inner column_margin=&#8221;default&#8221; text_align=&#8221;left&#8221;][vc_column_inner column_padding=&#8221;no-extra-padding&#8221; column_padding_position=&#8221;all&#8221; background_color_opacity=&#8221;1&#8243; background_hover_color_opacity=&#8221;1&#8243; column_shadow=&#8221;none&#8221; column_border_radius=&#8221;none&#8221; width=&#8221;1\/1&#8243; column_border_width=&#8221;none&#8221; column_border_style=&#8221;solid&#8221;][vc_column_text]<strong>G\u00f6k\u00e7e Gemile ekibi<\/strong><\/p>\n<h3>G\u00f6k\u00e7e Gemile Ekibi<\/h3>\n<p>G\u00f6k\u00e7e Gemile ekibinden herhangi birine birlikte \u00e7al\u0131\u015fman\u0131n nas\u0131l bir duygu oldu\u011funu sordu\u011funuzda, hepsi ayn\u0131 \u015feyi s\u00f6yler: \u201cG\u00f6k\u00e7e Gemile ekibi, b\u00fcy\u00fck, mutlu bir aile gibidir!\u201d<\/p>\n<p>Ger\u00e7ekler, sonu\u00e7larda gizlidir. Ay\u015feg\u00fcl (30), Mustafa (24), G\u00fclay (22) ve S\u00fcleyman (20), Malik ile en uzun s\u00fcre \u00e7al\u0131\u015fanlard\u0131r; Sevin\u00e7 ise ekibe 16 y\u0131l \u00f6nce kat\u0131lm\u0131\u015ft\u0131r. Sevin\u00e7, \u201cEkibimizin en g\u00fczel yanlar\u0131ndan biri, birbirimize duydu\u011fumuz sayg\u0131, sadakat ve dostluktur. Sorumluluklar\u0131m\u0131z\u0131 payla\u015f\u0131yor ve birbirimize her zaman yard\u0131m ediyoruz. Malik patronumuz olabilir, ama o ayn\u0131 zamanda ekibin bir par\u00e7as\u0131. Her \u015feyin sorunsuz gitmesi i\u00e7in bizimle birlikte \u00e7al\u0131\u015f\u0131yor,\u201d diyor.<\/p>\n<p>Ay\u015feg\u00fcl, ekibin nas\u0131l \u00e7al\u0131\u015ft\u0131\u011f\u0131n\u0131 \u015f\u00f6yle a\u00e7\u0131klar: \u201cHerkesin kendi g\u00f6rev tan\u0131m\u0131 var, ama ihtiya\u00e7 duyuldu\u011funda birlikte \u00e7al\u0131\u015f\u0131yoruz. \u00d6rne\u011fin, harika a\u015f\u00e7\u0131lar\u0131m\u0131z \u00d6zlem veya Seher \u00e7ok yo\u011fun oldu\u011funda, beni, Malik\u2019i veya Sevin\u00e7\u2019i mutfakta yard\u0131m ederken bulabilirsiniz.\u201d<\/p>\n<p>G\u00fclay, Banu ve Dilber ile birlikte G\u00f6k\u00e7e Gemile Ev Yard\u0131mc\u0131lar\u0131, durumu \u015f\u00f6yle \u00f6zetliyor: \u201cG\u00f6k\u00e7e Gemile\u2019ye gelen misafirlerin evleri sevmesi ve bizim haz\u0131rlad\u0131\u011f\u0131m\u0131z lezzetli yemeklerin tad\u0131n\u0131 \u00e7\u0131karmas\u0131 harika. Bu bizi motive ediyor ve mutlu ediyor!\u201d<\/p>\n<h3>G\u00f6k\u00e7e Gemile: Ah\u015fap ve Ta\u015fla Yaz\u0131lm\u0131\u015f Bir Hikaye<\/h3>\n<p>G\u00f6k\u00e7e Gemile, inan\u00e7, vizyon, tutku ve kararl\u0131l\u0131k hikayesidir. Bu niteliklerin her biri, oymal\u0131 kayalardan ve yarat\u0131m\u0131nda kullan\u0131lan her ah\u015fap ve ta\u015f par\u00e7as\u0131ndan izlenebilir.<\/p>\n<p>G\u00f6k\u00e7e Gemile\u2019nin her unsuru, Malik \u015eahin\u2019in uzun s\u00fcreli hayalini temsil ediyor. Onu, G\u00f6k\u00e7e Gemile\u2019nin yarat\u0131m\u0131ndaki yarat\u0131c\u0131 g\u00fc\u00e7 olarak tan\u0131mlamak kolay olsa da, ger\u00e7ekte durumun \u00e7ok daha karma\u015f\u0131k oldu\u011funu d\u00fc\u015f\u00fcn\u00fcyor.<\/p>\n<p>Bu benzersiz mimari vizyonu hayata ge\u00e7irme yolculu\u011fu, in\u015faat s\u00fcreci kadar dinamik ve zorlu bir s\u00fcre\u00e7ti.<\/p>\n<h3>Kan, Ter ve Birka\u00e7 G\u00f6zya\u015f\u0131<\/h3>\n<p>Malik, \u00fc\u00e7 evi in\u015fa etmeye ba\u015flad\u0131\u011f\u0131nda, usta zanaat\u00e7\u0131lara\u2014bir ta\u015f ustas\u0131, marangoz ve demirciye\u2014ve en iyi do\u011fal malzemelere ihtiya\u00e7 duydu: ah\u015fap ve ta\u015f. G\u00f6k\u00e7e Gemile\u2019deki duvarlar ve Gemile Villa\u2019daki baz\u0131 mozaikler, yerel olarak toplanan ta\u015flar ve \u00e7ak\u0131llardan yap\u0131ld\u0131. Ancak evlerin in\u015fas\u0131nda kullan\u0131lan ta\u015flar\u2014g\u00fczelce oyulmu\u015f lavabolar, jakuziler i\u00e7in b\u00fcy\u00fck yumurta \u015feklindeki kayalar ve havuzlar i\u00e7in kullan\u0131lan nehir ta\u015flar\u0131\u2014T\u00fcrkiye\u2019nin d\u00f6rt bir yan\u0131ndan, E\u015fen, Afyonkarahisar, Ayd\u0131n, \u0130zmir, Marmara Adas\u0131, Bodrum, Gaziantep, Elmal\u0131, Alia\u011fa ve Ala\u00e7at\u0131 gibi yerlerden topland\u0131.<\/p>\n<p>Kiri\u015fler, direkler ve benzersiz masalar i\u00e7in kullan\u0131lan geri kazan\u0131lm\u0131\u015f ah\u015fap, Artvin, Bursa ve Rize gibi yerlerden geliyor. Malik, m\u00fckemmel ta\u015f ve ah\u015fab\u0131 bulmak i\u00e7in T\u00fcrkiye\u2019nin d\u00f6rt bir yan\u0131n\u0131 dola\u015farak bir\u00e7ok g\u00fcn ve gece ge\u00e7irdi. Ayr\u0131ca, Kapadokya gibi b\u00f6lgelerde ve k\u00f6ylerde yayg\u0131n olarak kullan\u0131lan geleneksel duvar s\u0131valama tekniklerini ara\u015ft\u0131rd\u0131. Demir i\u015f\u00e7ili\u011fi ise T\u00fcrkiye\u2019nin zengin miras\u0131n\u0131 incelemesiyle \u015fekillendi.<\/p>\n<p>Bu proje, rastgele bir giri\u015fim de\u011fildi; Malik y\u0131llarca plan yapt\u0131. Evlerden mobilyalara, yataklara ve abajurlara kadar her \u015fey i\u00e7in net bir vizyona sahipti.<\/p>\n<p>E\u015fi Nicky, 25 y\u0131ll\u0131k evlili\u011fi boyunca Malik\u2019in \u00fc\u00e7 boyutlu d\u00fc\u015f\u00fcnebilme yetene\u011fine sahip oldu\u011funu belirtiyor. O bir \u201cyap\u0131c\u0131\u201d ve m\u00fckemmeliyet\u00e7i; bir \u015feyin do\u011fru olmad\u0131\u011f\u0131n\u0131 hissetti\u011finde, standartlar\u0131na ula\u015fana kadar tekrar tekrar yapar. Nicky, onun azimli oldu\u011funu ve bir ok gibi hedefinden sapmad\u0131\u011f\u0131n\u0131 ifade ediyor.<\/p>\n<p>G\u00f6k\u00e7e Gemile, Haziran 2018 ortas\u0131nda misafirlere kap\u0131lar\u0131n\u0131 a\u00e7t\u0131. Malik, geride kalan zor d\u00f6rt y\u0131l\u0131 d\u00fc\u015f\u00fcn\u00fcyor; zorluklara ra\u011fmen, G\u00f6k\u00e7e Gemile \u015fimdi onun inanc\u0131n\u0131n ve herkesin g\u00f6sterdi\u011fi \u00e7aban\u0131n bir kan\u0131t\u0131.<\/p>\n<h3>\u00d6nce Devenin \u0130pini Ba\u011fla, Sonra Allah\u2019a G\u00fcven<\/h3>\n<p>G\u00f6k\u00e7e Gemile, Malik i\u00e7in b\u00fcy\u00fck bir yat\u0131r\u0131m ve yeni bir y\u00f6n olacakt\u0131; bu, T\u00fcrkiye\u2019ye olan sevgisini do\u011fa tutkusuyla birle\u015ftirdi\u011fi bir proje. Ba\u015far\u0131l\u0131 bir i\u015fadam\u0131 olarak kendisini mant\u0131kl\u0131 ve sezgisel biri olarak tan\u0131ml\u0131yor; i\u00e7g\u00fcd\u00fclerine g\u00fcveniyor, ama gereksiz riskler almaktan ka\u00e7\u0131n\u0131yor. Her \u015feyi farkl\u0131 a\u00e7\u0131lardan de\u011ferlendirdi\u011fini ve inanc\u0131n\u0131n ona yol g\u00f6sterdi\u011fini belirtiyor. S\u0131k\u00e7a \u201c\u00d6nce devenin ipini ba\u011fla, sonra Allah\u2019a g\u00fcven\u201d hadisini hat\u0131rl\u0131yor.<\/p>\n<p>Malik, G\u00f6k\u00e7e Gemile\u2019de elde edilenlerin sadece kendisi, Fethiye veya Mu\u011fla ile ilgili olmad\u0131\u011f\u0131n\u0131 d\u00fc\u015f\u00fcn\u00fcyor. Bu vizyoner proje, T\u00fcrkiye\u2019nin yarar\u0131na ve turizmini d\u00fcnya standartlar\u0131na \u00e7\u0131karmak i\u00e7in tasarlanm\u0131\u015ft\u0131r. Ayn\u0131 zamanda do\u011faya olan sevgisinin bir ni\u015fanesi. G\u00f6k\u00e7e Gemile\u2019yi ziyaret etti\u011finizde bu duygular\u0131 payla\u015faca\u011f\u0131n\u0131z\u0131 umuyor.[\/vc_column_text][\/vc_column_inner][\/vc_row_inner]<div class=\"divider-wrap\"><div style=\"height: 25px;\" class=\"divider\"><\/div><\/div>[vc_row_inner column_margin=&#8221;default&#8221; text_align=&#8221;left&#8221;][\/vc_row_inner][vc_column_inner column_padding=&#8221;no-extra-padding&#8221; column_padding_position=&#8221;all&#8221; background_color_opacity=&#8221;1&#8243; background_hover_color_opacity=&#8221;1&#8243; column_shadow=&#8221;none&#8221; column_border_radius=&#8221;none&#8221; width=&#8221;1\/1&#8243; column_border_width=&#8221;none&#8221; column_border_style=&#8221;solid&#8221;][\/vc_column_inner][vc_column_text]\n<h2>Daha fazlas\u0131n\u0131 ke\u015ffet<\/h2>\n[\/vc_column_text]<div class=\"divider-wrap\"><div style=\"height: 25px;\" class=\"divider\"><\/div><\/div>\t\n\t\n\n\n\t<div class=\"portfolio-wrap \">\n\t\t\t\n\t\t\t\n\t\t\t<span class=\"portfolio-loading  none\">   <\/span>\n\n\t\t\t\n\t\t\t\t\t\t\n\t\t\t<div class=\"row portfolio-items no-masonry  \" data-rcp=\"false\" data-masonry-type=\"default\" data-ps=\"3\" data-starting-filter=\"\" data-gutter=\"default\" data-categories-to-show=\"about-gemile\" data-lightbox-only=\"0\" data-col-num=\"cols-4\">\n\t\t\t\t\t\t\t\t\t\n\t\t\t\t\t\t\t\t\t\t\n\t\t\t\t\t<div class=\"col span_3  element about-gemile-tr \"  data-project-cat=\"about-gemile-tr \" data-default-color=\"true\" data-title-color=\"\" data-subtitle-color=\"\">\n\t\t\t\t\t\t\n\t\t\t\t\t\t<div class=\"inner-wrap animated\" data-animation=\"none\">\n\n\t\t\t\t\t\t\t\t\t\t\t\t\t\n\t\t\t\t\t\t\t<div class=\"work-item style-3\" data-custom-content=\"off\" data-text-align=\"middle\">\n\t\t\t\t\t\t\t\t\n\t\t\t\t\t\t\t\t<img loading=\"lazy\" decoding=\"async\" class=\"size-\" src=\"https:\/\/eski.gokcegemile.com\/wp-content\/uploads\/2018\/08\/ConceptMain_3-600x403.jpg\" alt=\"\" height=\"403\" width=\"600\" srcset=\"https:\/\/eski.gokcegemile.com\/wp-content\/uploads\/2018\/08\/ConceptMain_3-600x403.jpg 600w, https:\/\/eski.gokcegemile.com\/wp-content\/uploads\/2018\/08\/ConceptMain_3-400x269.jpg 400w\" sizes=\"auto, (min-width: 1000px) 25vw, (min-width: 690px) 50vw, 100vw\" \/>\t\t\t\t\n\t\t\t\t\t\t\t\t<div class=\"work-info-bg\">&nbsp;<\/div>\n\t\t\t\t\t\t\t\t<div class=\"work-info\">\n\t\t\t\t\t\t\t\t\t\n\t\t\t\t\t\t\t\t\t\t\t\t\t\t\t\t\t\t\t\t\n\t\t\t\t\t\t\t\t\t\t\t<a href=\"https:\/\/eski.gokcegemile.com\/tr\/concept-and-philosophy\/\"><\/a>\n\t\t\t\t\t\t\t\t\t\t\n\t\t\t\t\t\t\t\t\t\t\t\t\t\t\t\t\t\t\t\n\t\t\t\t\n\t\t\t\t\t\t\t\t\t<div class=\"vert-center\">\n\t\t\t\t\t\t\t\t\t\t\t\n\t\t\t\t\t\t\t\t\t\t\t<h3>Konsept &#038; Felsefe <\/h3> \n\t\t\t\t\t\t\t\t\t\t\t<p> <\/p>\t\t\t\t\t\t\t\t\t\t\t\t\t\t\t\t\t\t\t<\/div><!--\/vert-center-->\n\t\t\t\t\t\t\t\t\t\n\t\t\t\t\t\t\t\t<\/div>\n\t\t\t\t\t\t\t<\/div><!--work-item-->\n\t\t\t\t\t\t\t\n\t\t\t\t\t\t\t\t\t\t\t\t\n\t\t\t\t\t\t\n\t\t\t\t\t<\/div><!--\/inner-wrap-->\n\t\t\t\t\t<\/div><!--\/col-->\n\t\t\t\t\t\n\t\t\t\t\t\t\t\t\t\n\t\t\t\t\t\t\t\t\t\t\n\t\t\t\t\t<div class=\"col span_3  element about-gemile-tr \"  data-project-cat=\"about-gemile-tr \" data-default-color=\"true\" data-title-color=\"\" data-subtitle-color=\"\">\n\t\t\t\t\t\t\n\t\t\t\t\t\t<div class=\"inner-wrap animated\" data-animation=\"none\">\n\n\t\t\t\t\t\t\t\t\t\t\t\t\t\n\t\t\t\t\t\t\t<div class=\"work-item style-3\" data-custom-content=\"off\" data-text-align=\"middle\">\n\t\t\t\t\t\t\t\t\n\t\t\t\t\t\t\t\t<img decoding=\"async\" class=\"size-\" src=\"https:\/\/eski.gokcegemile.com\/wp-content\/uploads\/2018\/07\/Team-Box.jpg\" alt=\"\" height=\"\" width=\"\" srcset=\"https:\/\/eski.gokcegemile.com\/wp-content\/uploads\/2018\/07\/Team-Box.jpg 600w, https:\/\/eski.gokcegemile.com\/wp-content\/uploads\/2018\/07\/Team-Box-400x269.jpg 400w\" sizes=\"(min-width: 1000px) 25vw, (min-width: 690px) 50vw, 100vw\" \/>\t\t\t\t\n\t\t\t\t\t\t\t\t<div class=\"work-info-bg\">&nbsp;<\/div>\n\t\t\t\t\t\t\t\t<div class=\"work-info\">\n\t\t\t\t\t\t\t\t\t\n\t\t\t\t\t\t\t\t\t\t\t\t\t\t\t\t\t\t\t\t\n\t\t\t\t\t\t\t\t\t\t\t<a href=\"https:\/\/eski.gokcegemile.com\/tr\/the-team-and-our-story\/\"><\/a>\n\t\t\t\t\t\t\t\t\t\t\n\t\t\t\t\t\t\t\t\t\t\t\t\t\t\t\t\t\t\t\n\t\t\t\t\n\t\t\t\t\t\t\t\t\t<div class=\"vert-center\">\n\t\t\t\t\t\t\t\t\t\t\t\n\t\t\t\t\t\t\t\t\t\t\t<h3>Ekibimiz &#038; Hikayemiz <\/h3> \n\t\t\t\t\t\t\t\t\t\t\t<p> <\/p>\t\t\t\t\t\t\t\t\t\t\t\t\t\t\t\t\t\t\t<\/div><!--\/vert-center-->\n\t\t\t\t\t\t\t\t\t\n\t\t\t\t\t\t\t\t<\/div>\n\t\t\t\t\t\t\t<\/div><!--work-item-->\n\t\t\t\t\t\t\t\n\t\t\t\t\t\t\t\t\t\t\t\t\n\t\t\t\t\t\t\n\t\t\t\t\t<\/div><!--\/inner-wrap-->\n\t\t\t\t\t<\/div><!--\/col-->\n\t\t\t\t\t\n\t\t\t\t\t\t\t\t\t\n\t\t\t\t\t\t\t\t\t\t\n\t\t\t\t\t<div class=\"col span_3  element about-gemile-tr \"  data-project-cat=\"about-gemile-tr \" data-default-color=\"true\" data-title-color=\"\" data-subtitle-color=\"\">\n\t\t\t\t\t\t\n\t\t\t\t\t\t<div class=\"inner-wrap animated\" data-animation=\"none\">\n\n\t\t\t\t\t\t\t\t\t\t\t\t\t\n\t\t\t\t\t\t\t<div class=\"work-item style-3\" data-custom-content=\"off\" data-text-align=\"middle\">\n\t\t\t\t\t\t\t\t\n\t\t\t\t\t\t\t\t<img decoding=\"async\" class=\"size-\" src=\"https:\/\/eski.gokcegemile.com\/wp-content\/uploads\/2018\/07\/BaysCoves-Box_2.jpg\" alt=\"\" height=\"\" width=\"\" srcset=\"https:\/\/eski.gokcegemile.com\/wp-content\/uploads\/2018\/07\/BaysCoves-Box_2.jpg 600w, https:\/\/eski.gokcegemile.com\/wp-content\/uploads\/2018\/07\/BaysCoves-Box_2-400x269.jpg 400w\" sizes=\"(min-width: 1000px) 25vw, (min-width: 690px) 50vw, 100vw\" \/>\t\t\t\t\n\t\t\t\t\t\t\t\t<div class=\"work-info-bg\">&nbsp;<\/div>\n\t\t\t\t\t\t\t\t<div class=\"work-info\">\n\t\t\t\t\t\t\t\t\t\n\t\t\t\t\t\t\t\t\t\t\t\t\t\t\t\t\t\t\t\t\n\t\t\t\t\t\t\t\t\t\t\t<a href=\"https:\/\/eski.gokcegemile.com\/tr\/the-bay-and-coves\/\"><\/a>\n\t\t\t\t\t\t\t\t\t\t\n\t\t\t\t\t\t\t\t\t\t\t\t\t\t\t\t\t\t\t\n\t\t\t\t\n\t\t\t\t\t\t\t\t\t<div class=\"vert-center\">\n\t\t\t\t\t\t\t\t\t\t\t\n\t\t\t\t\t\t\t\t\t\t\t<h3>Koylar &#038; Ormanlar <\/h3> \n\t\t\t\t\t\t\t\t\t\t\t<p> <\/p>\t\t\t\t\t\t\t\t\t\t\t\t\t\t\t\t\t\t\t<\/div><!--\/vert-center-->\n\t\t\t\t\t\t\t\t\t\n\t\t\t\t\t\t\t\t<\/div>\n\t\t\t\t\t\t\t<\/div><!--work-item-->\n\t\t\t\t\t\t\t\n\t\t\t\t\t\t\t\t\t\t\t\t\n\t\t\t\t\t\t\n\t\t\t\t\t<\/div><!--\/inner-wrap-->\n\t\t\t\t\t<\/div><!--\/col-->\n\t\t\t\t\t\n\t\t\t\t\t\t\t\t\t\n\t\t\t\t\t\t\t\t\t\t\n\t\t\t\t\t<div class=\"col span_3  element about-gemile-tr \"  data-project-cat=\"about-gemile-tr \" data-default-color=\"true\" data-title-color=\"\" data-subtitle-color=\"\">\n\t\t\t\t\t\t\n\t\t\t\t\t\t<div class=\"inner-wrap animated\" data-animation=\"none\">\n\n\t\t\t\t\t\t\t\t\t\t\t\t\t\n\t\t\t\t\t\t\t<div class=\"work-item style-3\" data-custom-content=\"off\" data-text-align=\"middle\">\n\t\t\t\t\t\t\t\t\n\t\t\t\t\t\t\t\t<img decoding=\"async\" class=\"size-\" src=\"https:\/\/eski.gokcegemile.com\/wp-content\/uploads\/2018\/08\/VacationIdeas-Box.jpg\" alt=\"\" height=\"\" width=\"\" srcset=\"https:\/\/eski.gokcegemile.com\/wp-content\/uploads\/2018\/08\/VacationIdeas-Box.jpg 600w, https:\/\/eski.gokcegemile.com\/wp-content\/uploads\/2018\/08\/VacationIdeas-Box-400x269.jpg 400w\" sizes=\"(min-width: 1000px) 25vw, (min-width: 690px) 50vw, 100vw\" \/>\t\t\t\t\n\t\t\t\t\t\t\t\t<div class=\"work-info-bg\">&nbsp;<\/div>\n\t\t\t\t\t\t\t\t<div class=\"work-info\">\n\t\t\t\t\t\t\t\t\t\n\t\t\t\t\t\t\t\t\t\t\t\t\t\t\t\t\t\t\t\t\n\t\t\t\t\t\t\t\t\t\t\t<a href=\"https:\/\/eski.gokcegemile.com\/tr\/vacation-ideas\/\"><\/a>\n\t\t\t\t\t\t\t\t\t\t\n\t\t\t\t\t\t\t\t\t\t\t\t\t\t\t\t\t\t\t\n\t\t\t\t\n\t\t\t\t\t\t\t\t\t<div class=\"vert-center\">\n\t\t\t\t\t\t\t\t\t\t\t\n\t\t\t\t\t\t\t\t\t\t\t<h3>Tatil Fikirleri <\/h3> \n\t\t\t\t\t\t\t\t\t\t\t<p> <\/p>\t\t\t\t\t\t\t\t\t\t\t\t\t\t\t\t\t\t\t<\/div><!--\/vert-center-->\n\t\t\t\t\t\t\t\t\t\n\t\t\t\t\t\t\t\t<\/div>\n\t\t\t\t\t\t\t<\/div><!--work-item-->\n\t\t\t\t\t\t\t\n\t\t\t\t\t\t\t\t\t\t\t\t\n\t\t\t\t\t\t\n\t\t\t\t\t<\/div><!--\/inner-wrap-->\n\t\t\t\t\t<\/div><!--\/col-->\n\t\t\t\t\t\n\t\t\t\t\n\t\t\t<\/div><!--\/portfolio-->\n\t   <\/div><!--\/portfolio wrap-->\n\t\t\n\t\t[\/vc_column][\/vc_row]\n","protected":false},"excerpt":{"rendered":"<p>[vc_row type=&#8221;in_container&#8221; full_screen_row_position=&#8221;middle&#8221; scene_position=&#8221;center&#8221; text_color=&#8221;dark&#8221; text_align=&#8221;left&#8221; overlay_strength=&#8221;0.3&#8243; shape_divider_position=&#8221;bottom&#8221;][vc_column column_padding=&#8221;no-extra-padding&#8221; column_padding_position=&#8221;all&#8221; background_color_opacity=&#8221;1&#8243; background_hover_color_opacity=&#8221;1&#8243; column_shadow=&#8221;none&#8221; column_border_radius=&#8221;none&#8221; width=&#8221;1\/1&#8243; tablet_text_alignment=&#8221;default&#8221; phone_text_alignment=&#8221;default&#8221; column_border_width=&#8221;none&#8221; column_border_style=&#8221;solid&#8221;][\/vc_column][\/vc_row][vc_row type=&#8221;in_container&#8221; full_screen_row_position=&#8221;middle&#8221; scene_position=&#8221;center&#8221; text_color=&#8221;dark&#8221; text_align=&#8221;left&#8221; overlay_strength=&#8221;0.3&#8243; shape_divider_position=&#8221;bottom&#8221;][vc_column column_padding=&#8221;no-extra-padding&#8221; column_padding_position=&#8221;all&#8221; background_color_opacity=&#8221;1&#8243; background_hover_color_opacity=&#8221;1&#8243;&#8230;<\/p>\n","protected":false},"author":1,"featured_media":0,"parent":0,"menu_order":0,"comment_status":"closed","ping_status":"closed","template":"","meta":{"footnotes":""},"class_list":["post-5574","page","type-page","status-publish"],"_links":{"self":[{"href":"https:\/\/eski.gokcegemile.com\/tr\/wp-json\/wp\/v2\/pages\/5574\/"}],"collection":[{"href":"https:\/\/eski.gokcegemile.com\/tr\/wp-json\/wp\/v2\/pages\/"}],"about":[{"href":"https:\/\/eski.gokcegemile.com\/tr\/wp-json\/wp\/v2\/types\/page\/"}],"author":[{"embeddable":true,"href":"https:\/\/eski.gokcegemile.com\/tr\/wp-json\/wp\/v2\/users\/1\/"}],"replies":[{"embeddable":true,"href":"https:\/\/eski.gokcegemile.com\/tr\/wp-json\/wp\/v2\/comments\/?post=5574"}],"version-history":[{"count":1,"href":"https:\/\/eski.gokcegemile.com\/tr\/wp-json\/wp\/v2\/pages\/5574\/revisions\/"}],"predecessor-version":[{"id":11138,"href":"https:\/\/eski.gokcegemile.com\/tr\/wp-json\/wp\/v2\/pages\/5574\/revisions\/11138\/"}],"wp:attachment":[{"href":"https:\/\/eski.gokcegemile.com\/tr\/wp-json\/wp\/v2\/media\/?parent=5574"}],"curies":[{"name":"wp","href":"https:\/\/api.w.org\/{rel}","templated":true}]}}