{"id":5577,"date":"2018-07-31T02:17:53","date_gmt":"2018-07-30T23:17:53","guid":{"rendered":"https:\/\/eski.gokcegemile.com\/concept-and-philosophy\/"},"modified":"2024-07-31T16:03:50","modified_gmt":"2024-07-31T13:03:50","slug":"concept-and-philosophy","status":"publish","type":"page","link":"https:\/\/eski.gokcegemile.com\/tr\/concept-and-philosophy\/","title":{"rendered":"Konsept &#038; Felsefe"},"content":{"rendered":"[vc_row type=&#8221;in_container&#8221; full_screen_row_position=&#8221;middle&#8221; scene_position=&#8221;center&#8221; text_color=&#8221;dark&#8221; text_align=&#8221;left&#8221; overlay_strength=&#8221;0.3&#8243; shape_divider_position=&#8221;bottom&#8221;][vc_column column_padding=&#8221;no-extra-padding&#8221; column_padding_position=&#8221;all&#8221; background_color_opacity=&#8221;1&#8243; background_hover_color_opacity=&#8221;1&#8243; column_shadow=&#8221;none&#8221; column_border_radius=&#8221;none&#8221; width=&#8221;1\/1&#8243; tablet_text_alignment=&#8221;default&#8221; phone_text_alignment=&#8221;default&#8221; column_border_width=&#8221;none&#8221; column_border_style=&#8221;solid&#8221;]<div style=\"height: 780px\" data-midnight=\"nectar-slider\" class=\"parallax_slider_outer \"><div style=\"height: 780px;\" nihat=\"Cakar\"  data-transition=\"slide\" data-overall_style=\"classic\" data-flexible-height=\"true\" data-animate-in-effect=\"none\" data-fullscreen=\"false\" data-button-sizing=\"regular\" data-button-styling=\"btn_with_count\" data-autorotate=\"\" data-parallax=\"true\" data-full-width=\"true\" class=\"nectar-slider-wrap \" id=\"ns-id-6a05478c49171\">\n\t\t\t<div style=\"height: 780px\" class=\"swiper-container\"  data-tho=\"auto\" data-tco=\"auto\" data-pho=\"auto\" data-pco=\"auto\" data-loop=\"false\" data-height=\"780\" data-min-height=\"\" data-arrows=\"true\" data-bullets=\"false\" data-bullet_style=\"see_through\" data-desktop-swipe=\"false\" data-settings=\"\">\n\t\t\t\t    <div class=\"swiper-wrapper\"><div class=\"swiper-slide\" data-bg-alignment=\"center\" data-color-scheme=\"light\" data-x-pos=\"center\" data-y-pos=\"middle\"> \n\t\t\t\t\t\t\t\t<div class=\"image-bg\" style=\"background-image: url(https:\/\/eski.gokcegemile.com\/wp-content\/uploads\/2021\/12\/GokceGemile-About_9.jpg);\"> &nbsp; <\/div><div class=\"video-texture \"> <span class=\"ie-fix\"><\/span> <\/div><\/div><!--\/swiper-slide--><div class=\"swiper-slide\" data-bg-alignment=\"center\" data-color-scheme=\"light\" data-x-pos=\"center\" data-y-pos=\"middle\"> \n\t\t\t\t\t\t\t\t<div class=\"image-bg\" style=\"background-image: url(https:\/\/eski.gokcegemile.com\/wp-content\/uploads\/2021\/12\/GokceGemile-About_1.jpg);\"> &nbsp; <\/div><div class=\"video-texture \"> <span class=\"ie-fix\"><\/span> <\/div><\/div><!--\/swiper-slide--><div class=\"swiper-slide\" data-bg-alignment=\"center\" data-color-scheme=\"light\" data-x-pos=\"left\" data-y-pos=\"middle\"> \n\t\t\t\t\t\t\t\t<div class=\"image-bg\" style=\"background-image: url(https:\/\/eski.gokcegemile.com\/wp-content\/uploads\/2019\/12\/About-Banner-6-780.jpg);\"> &nbsp; <\/div><div class=\"video-texture \"> <span class=\"ie-fix\"><\/span> <\/div><\/div><!--\/swiper-slide--><div class=\"swiper-slide\" data-bg-alignment=\"center\" data-color-scheme=\"light\" data-x-pos=\"left\" data-y-pos=\"middle\"> \n\t\t\t\t\t\t\t\t<div class=\"image-bg\" style=\"background-image: url(https:\/\/eski.gokcegemile.com\/wp-content\/uploads\/2019\/12\/About-Banner-5-780.jpg);\"> &nbsp; <\/div><div class=\"video-texture \"> <span class=\"ie-fix\"><\/span> <\/div><\/div><!--\/swiper-slide--><div class=\"swiper-slide\" data-bg-alignment=\"center\" data-color-scheme=\"light\" data-x-pos=\"left\" data-y-pos=\"middle\"> \n\t\t\t\t\t\t\t\t<div class=\"image-bg\" style=\"background-image: url(https:\/\/eski.gokcegemile.com\/wp-content\/uploads\/2019\/12\/About-Banner-3.jpg);\"> &nbsp; <\/div><div class=\"video-texture \"> <span class=\"ie-fix\"><\/span> <\/div><\/div><!--\/swiper-slide--><div class=\"swiper-slide\" data-bg-alignment=\"center\" data-color-scheme=\"light\" data-x-pos=\"left\" data-y-pos=\"middle\"> \n\t\t\t\t\t\t\t\t<div class=\"image-bg\" style=\"background-image: url(https:\/\/eski.gokcegemile.com\/wp-content\/uploads\/2019\/12\/About-Banner-7-780.jpg);\"> &nbsp; <\/div><div class=\"video-texture \"> <span class=\"ie-fix\"><\/span> <\/div><\/div><!--\/swiper-slide--><div class=\"swiper-slide\" data-bg-alignment=\"center\" data-color-scheme=\"light\" data-x-pos=\"center\" data-y-pos=\"middle\"> \n\t\t\t\t\t\t\t\t<div class=\"image-bg\" style=\"background-image: url(https:\/\/eski.gokcegemile.com\/wp-content\/uploads\/2021\/12\/GokceGemile-About_8-1.jpg);\"> &nbsp; <\/div><div class=\"video-texture \"> <span class=\"ie-fix\"><\/span> <\/div><\/div><!--\/swiper-slide--><\/div><a href=\"\" class=\"slider-prev\"><i class=\"icon-salient-left-arrow\"><\/i> <div class=\"slide-count\"> <span class=\"slide-current\">1<\/span> <i class=\"icon-salient-right-line\"><\/i> <span class=\"slide-total\"><\/span> <\/div> <\/a>\n\t\t\t\t     \t\t<a href=\"\" class=\"slider-next\"><i class=\"icon-salient-right-arrow\"><\/i> <div class=\"slide-count\"> <span class=\"slide-current\">1<\/span> <i class=\"icon-salient-right-line\"><\/i> <span class=\"slide-total\"><\/span> <\/div> <\/a><div class=\"nectar-slider-loading \"> <span class=\"loading-icon none\">   <\/span> <\/div> <\/div> \n\t\t\t\t\n\t\t\t<\/div><\/div>[\/vc_column][\/vc_row][vc_row type=&#8221;in_container&#8221; full_screen_row_position=&#8221;middle&#8221; scene_position=&#8221;center&#8221; text_color=&#8221;dark&#8221; text_align=&#8221;left&#8221; overlay_strength=&#8221;0.3&#8243; shape_divider_position=&#8221;bottom&#8221;][vc_column column_padding=&#8221;no-extra-padding&#8221; column_padding_position=&#8221;all&#8221; background_color_opacity=&#8221;1&#8243; background_hover_color_opacity=&#8221;1&#8243; column_shadow=&#8221;none&#8221; column_border_radius=&#8221;none&#8221; width=&#8221;1\/1&#8243; tablet_text_alignment=&#8221;default&#8221; phone_text_alignment=&#8221;default&#8221; column_border_width=&#8221;none&#8221; column_border_style=&#8221;solid&#8221;]<div class=\"divider-wrap\"><div style=\"height: 25px;\" class=\"divider\"><\/div><\/div>[vc_column_text]\n<h2><strong>G\u00f6k\u00e7e Gemile\u2019nin konsepti &amp; felsefesi<\/strong><\/h2>\n[\/vc_column_text]<div class=\"divider-wrap\"><div style=\"height: 25px;\" class=\"divider\"><\/div><\/div>[vc_column_text]\n<h3>G\u00f6k\u00e7e Gemile\u2019nin Konsepti ve Felsefesi<\/h3>\n<p>G\u00f6k\u00e7e Gemile\u2019de, misafirlerimize en ayr\u0131nt\u0131l\u0131 ve unutulmaz tatil deneyimini sunmak, basit ama derin bir felsefemizdir. Modern ya\u015fam\u0131n tela\u015f\u0131ndan uzakta, T\u00fcrkiye\u2019nin muhte\u015fem ve sakl\u0131 k\u00f6\u015felerinden birinde, misafirlerimize bu e\u015fsiz ve g\u00f6zlerden uzak bir tatil yeri sunabilmek bizim i\u00e7in b\u00fcy\u00fck bir onurdur.<\/p>\n<p>G\u00f6k\u00e7e Gemile, ne bir otel ne de bir villa grubudur; aksine, hem bizim hem de misafirlerimiz i\u00e7in bir ev, bir yuva gibidir. T\u00fcrk misafirperverli\u011fini samimiyet ve sayg\u0131yla harmanlayarak, rahat ve i\u00e7ten bir atmosfer yaratmak, bizim en b\u00fcy\u00fck hedefimizdir.<\/p>\n<p>G\u00f6k\u00e7e Gemile ekibi, b\u00fcy\u00fck bir aile gibi bir araya gelerek, misafirlerimizin rahatlamalar\u0131n\u0131 sa\u011flayacak ideal ortam\u0131 olu\u015fturmak i\u00e7in s\u00fcrekli \u00e7al\u0131\u015fmaktad\u0131r. Bu muazzam yer, ilham verici bir mistik mirasa sahiptir. Yak\u0131nlarda, y\u00fczy\u0131llar \u00f6nce kayal\u0131klara oyulmu\u015f ve ola\u011fan\u00fcst\u00fc manzaralar sunan bir manast\u0131r kal\u0131nt\u0131s\u0131 olan Af Kule bulunmaktad\u0131r. \u015eimdi, biz de bu muhte\u015fem mirasa e\u015fsiz mimari katk\u0131lar sunma f\u0131rsat\u0131na sahibiz.<\/p>\n<p>B\u00f6ylesine ola\u011fan\u00fcst\u00fc bir ayr\u0131cal\u0131k, b\u00fcy\u00fck sorumluluklar da getirir. G\u00f6k\u00e7e Gemile, hem do\u011fal \u00e7evresine hem de b\u00f6lgenin tarihi ve manevi miras\u0131na sayg\u0131 g\u00f6stererek bu sorumluluklar\u0131 yerine getirmeyi ba\u015farm\u0131\u015ft\u0131r. Misafirlerimizle, g\u00fcnl\u00fck ya\u015fam\u0131n streslerinden uzak bu ola\u011fan\u00fcst\u00fc do\u011fal tatil yerini payla\u015fmak bizim i\u00e7in son derece tatmin edici bir durumdur.<\/p>\n<p>Misafirlerimizin de bu \u00e7evrenin sakinli\u011fini ve uyumunu, mistik bir huzur ve enerji bulacaklar\u0131ndan eminiz. T\u00fcrkiye, uzun y\u0131llara dayanan ve hak edilmi\u015f bir misafirperverlik gelene\u011fine sahiptir. Misafirlerimizi a\u011f\u0131rlamak, bizim i\u00e7in b\u00fcy\u00fck bir ayr\u0131cal\u0131k ve onurdur. G\u00f6k\u00e7e Gemile\u2019de, misafirlerimizi asla \u201cm\u00fc\u015fteri\u201d olarak g\u00f6rm\u00fcyoruz; herkes bizim i\u00e7in bir misafirdir ve G\u00f6k\u00e7e Gemile ekibi, onlara ev sahipli\u011fi yapmaktad\u0131r. Ayn\u0131 zamanda, gizlilik ve mahremiyetin \u00f6neminin de fark\u0131nday\u0131z ve misafirlerimize her d\u00fczeyde bu alan\u0131 sa\u011flamaktay\u0131z.<\/p>\n<p>Bulundu\u011fumuz ortam tamamen g\u00f6zlerden uzak; G\u00f6k\u00e7e Gemile, yoldan neredeyse g\u00f6r\u00fcnmez bir konumdad\u0131r \u2013 yaln\u0131zca \u00e7at\u0131lar\u0131 g\u00f6r\u00fcnebilir. Etraf\u0131m\u0131z, 24 saat g\u00fcvenlik ile korunmakta olup, giri\u015fler dikkatle kontrol edilmektedir. Misafirlerimizin hem ortak alanlarda hem de bah\u00e7elerinde ve villalar\u0131nda tam mahremiyetlerini koruduklar\u0131 bir ortam sunmaktay\u0131z.<\/p>\n<p>G\u00f6k\u00e7e Gemile arazisi, bir\u00e7ok muhte\u015fem ke\u00e7iboynuzu a\u011fac\u0131na da ev sahipli\u011fi yapmaktad\u0131r. Bu a\u011fa\u00e7lar, bu b\u00f6lgede k\u00f6kl\u00fc bir tarihe sahip ve tasar\u0131m a\u015famas\u0131nda araziden asla \u00e7\u0131kar\u0131lmamalar\u0131n\u0131n ne denli \u00f6nemli oldu\u011funu d\u00fc\u015f\u00fcn\u00fcyoruz. Her y\u0131l, yemye\u015fil dallar aras\u0131nda, \u00e7ikolata aromal\u0131 \u00e7ekirdekleri bulunan bol miktarda \u00fcr\u00fcn hasat etmekteyiz. Bu \u00e7ekirdekleri toplay\u0131p \u00f6zel un yapmak i\u00e7in \u00f6\u011f\u00fct\u00fcyoruz ve bu un ile yapt\u0131\u011f\u0131m\u0131z kekleri ve bisk\u00fcvileri gururla misafirlerimizle payla\u015f\u0131yoruz.<\/p>\n<p>G\u00f6k\u00e7e Gemile\u2019de, do\u011fa ile uyum i\u00e7inde ya\u015farken ona da derin bir sayg\u0131 duyuyoruz. \u00c7evresel sorumluluk, bizler i\u00e7in son derece \u00f6nemli bir konudur. Yerel gelene\u011fi takip ederek, arazimizi \u00e7evreleyen duvarlar\u0131 in\u015fa etmek i\u00e7in bu b\u00f6lgeden toplanan ta\u015flar\u0131 yeniden kullan\u0131yoruz. Bu felsefemiz at\u0131klar\u0131n geri d\u00f6n\u00fc\u015f\u00fcm\u00fcne de uzanmaktad\u0131r; \u00f6rne\u011fin, organik mutfak at\u0131klar\u0131m\u0131z yerel tavuk ve ke\u00e7i yeti\u015ftiricilerine verilmekte, geri d\u00f6n\u00fc\u015ft\u00fcr\u00fclemeyen at\u0131klar ise sorumlu bir \u015fekilde at\u0131lmaktad\u0131r.<\/p>\n<p>G\u00f6k\u00e7e Gemile olarak, bizi \u00e7evreleyen de\u011ferli arazi, orman ve ekosistemlerin koruyucular\u0131 oldu\u011fumuzu d\u00fc\u015f\u00fcn\u00fcyoruz. Akdeniz\u2019in tamam\u0131nda oldu\u011fu gibi, yaz aylar\u0131nda yang\u0131n riski de mevcuttur. Bu nedenle, \u00e7ok s\u0131k\u0131 bir sigara i\u00e7meme politikam\u0131z vard\u0131r. Kiralanabilir konutlar gibi, evlerimizin i\u00e7inde sigara i\u00e7ilmesi yasakt\u0131r. Misafirlerimiz, bah\u00e7elerde sigara i\u00e7ebilir, ancak her zaman bir k\u00fcll\u00fck kullanmalar\u0131n\u0131 ve izmaritleri dikkatlice atmalar\u0131n\u0131 rica ederiz. Misafirlerimiz, plajda ve \u00f6zel koylarda da sigara i\u00e7ebilir, ancak di\u011fer misafirlerimizin konforunu g\u00f6z \u00f6n\u00fcnde bulundurmalar\u0131n\u0131 isteriz. Plaja giden \u00f6zel asans\u00f6r ve etraf\u0131ndaki alanlarda ise, yang\u0131n riskinden \u00f6t\u00fcr\u00fc kesinlikle sigara i\u00e7ilmesine izin verilmemektedir.<\/p>\n<p>Misafirlerimizin ve \u00e7evrenin g\u00fcvenli\u011fi i\u00e7in, G\u00f6k\u00e7e Gemile ekibinin bir \u00fcyesi, g\u00fcn\u00fcn her saati sizler i\u00e7in n\u00f6bet tutmaktad\u0131r.<\/p>\n<h3>G\u00f6k\u00e7e Gemile: M\u00fckemmel Bir Cennet \u0130\u00e7in M\u00fckemmel \u0130sim<\/h3>\n<p>G\u00f6k\u00e7e Gemile, bu g\u00fczel ve g\u00f6zlerden uzak lokasyona verilmi\u015f olan orijinal isimdir ve konseptimizi m\u00fckemmel bir \u015fekilde \u00f6zetlemektedir. T\u00fcrk\u00e7ede &#8220;G\u00f6k\u00e7e,&#8221; g\u00f6k mavisi, semavi veya cennet gibi anlamlara gelir; yani, a\u015fa\u011f\u0131daki denizin mavi ve turkuaz renkleri, yukar\u0131daki g\u00f6ky\u00fcz\u00fc ve bu huzurlu, sakin yerin g\u00fczelli\u011fini ifade eder.<\/p>\n<p>\u201cGemile\u201d ise, tarihi Af Kule kal\u0131nt\u0131lar\u0131ndan, \u0130blis Burnu gibi a\u011fa\u00e7larla kapl\u0131 \u0131ss\u0131z bir b\u00f6lgeden, Be\u015f Ta\u015flar kayal\u0131klar\u0131na kadar uzanan koruma alt\u0131ndaki sahil \u015feridini tan\u0131mlar; ayn\u0131 zamanda, Bizans kal\u0131nt\u0131lar\u0131na sahip gizemli Gemiler Adas\u0131 olarak da bilinen St. Nicholas Adas\u0131\u2019n\u0131 da i\u00e7erir.[\/vc_column_text]<div class=\"divider-wrap\"><div style=\"height: 25px;\" class=\"divider\"><\/div><\/div>[vc_row_inner column_margin=&#8221;default&#8221; text_align=&#8221;left&#8221;][\/vc_row_inner][vc_column_inner column_padding=&#8221;no-extra-padding&#8221; column_padding_position=&#8221;all&#8221; background_color_opacity=&#8221;1&#8243; background_hover_color_opacity=&#8221;1&#8243; column_shadow=&#8221;none&#8221; column_border_radius=&#8221;none&#8221; width=&#8221;1\/1&#8243; column_border_width=&#8221;none&#8221; column_border_style=&#8221;solid&#8221;][\/vc_column_inner][vc_column_text]\n<h2><strong>Daha fazlas\u0131n\u0131 ke\u015ffet<\/strong><\/h2>\n[\/vc_column_text]<div class=\"divider-wrap\"><div style=\"height: 25px;\" class=\"divider\"><\/div><\/div>\t\n\t\n\n\n\t<div class=\"portfolio-wrap \">\n\t\t\t\n\t\t\t\n\t\t\t<span class=\"portfolio-loading  none\">   <\/span>\n\n\t\t\t\n\t\t\t\t\t\t\n\t\t\t<div class=\"row portfolio-items no-masonry  \" data-rcp=\"false\" data-masonry-type=\"default\" data-ps=\"3\" data-starting-filter=\"\" data-gutter=\"default\" data-categories-to-show=\"about-gemile\" data-lightbox-only=\"0\" data-col-num=\"cols-4\">\n\t\t\t\t\t\t\t\t\t\n\t\t\t\t\t\t\t\t\t\t\n\t\t\t\t\t<div class=\"col span_3  element about-gemile-tr \"  data-project-cat=\"about-gemile-tr \" data-default-color=\"true\" data-title-color=\"\" data-subtitle-color=\"\">\n\t\t\t\t\t\t\n\t\t\t\t\t\t<div class=\"inner-wrap animated\" data-animation=\"none\">\n\n\t\t\t\t\t\t\t\t\t\t\t\t\t\n\t\t\t\t\t\t\t<div class=\"work-item style-3\" data-custom-content=\"off\" data-text-align=\"middle\">\n\t\t\t\t\t\t\t\t\n\t\t\t\t\t\t\t\t<img loading=\"lazy\" decoding=\"async\" class=\"size-\" src=\"https:\/\/eski.gokcegemile.com\/wp-content\/uploads\/2018\/08\/ConceptMain_3-600x403.jpg\" alt=\"\" height=\"403\" width=\"600\" srcset=\"https:\/\/eski.gokcegemile.com\/wp-content\/uploads\/2018\/08\/ConceptMain_3-600x403.jpg 600w, https:\/\/eski.gokcegemile.com\/wp-content\/uploads\/2018\/08\/ConceptMain_3-400x269.jpg 400w\" sizes=\"auto, (min-width: 1000px) 25vw, (min-width: 690px) 50vw, 100vw\" \/>\t\t\t\t\n\t\t\t\t\t\t\t\t<div class=\"work-info-bg\">&nbsp;<\/div>\n\t\t\t\t\t\t\t\t<div class=\"work-info\">\n\t\t\t\t\t\t\t\t\t\n\t\t\t\t\t\t\t\t\t\t\t\t\t\t\t\t\t\t\t\t\n\t\t\t\t\t\t\t\t\t\t\t<a href=\"https:\/\/eski.gokcegemile.com\/tr\/concept-and-philosophy\/\"><\/a>\n\t\t\t\t\t\t\t\t\t\t\n\t\t\t\t\t\t\t\t\t\t\t\t\t\t\t\t\t\t\t\n\t\t\t\t\n\t\t\t\t\t\t\t\t\t<div class=\"vert-center\">\n\t\t\t\t\t\t\t\t\t\t\t\n\t\t\t\t\t\t\t\t\t\t\t<h3>Konsept &#038; Felsefe <\/h3> \n\t\t\t\t\t\t\t\t\t\t\t<p> <\/p>\t\t\t\t\t\t\t\t\t\t\t\t\t\t\t\t\t\t\t<\/div><!--\/vert-center-->\n\t\t\t\t\t\t\t\t\t\n\t\t\t\t\t\t\t\t<\/div>\n\t\t\t\t\t\t\t<\/div><!--work-item-->\n\t\t\t\t\t\t\t\n\t\t\t\t\t\t\t\t\t\t\t\t\n\t\t\t\t\t\t\n\t\t\t\t\t<\/div><!--\/inner-wrap-->\n\t\t\t\t\t<\/div><!--\/col-->\n\t\t\t\t\t\n\t\t\t\t\t\t\t\t\t\n\t\t\t\t\t\t\t\t\t\t\n\t\t\t\t\t<div class=\"col span_3  element about-gemile-tr \"  data-project-cat=\"about-gemile-tr \" data-default-color=\"true\" data-title-color=\"\" data-subtitle-color=\"\">\n\t\t\t\t\t\t\n\t\t\t\t\t\t<div class=\"inner-wrap animated\" data-animation=\"none\">\n\n\t\t\t\t\t\t\t\t\t\t\t\t\t\n\t\t\t\t\t\t\t<div class=\"work-item style-3\" data-custom-content=\"off\" data-text-align=\"middle\">\n\t\t\t\t\t\t\t\t\n\t\t\t\t\t\t\t\t<img decoding=\"async\" class=\"size-\" src=\"https:\/\/eski.gokcegemile.com\/wp-content\/uploads\/2018\/07\/Team-Box.jpg\" alt=\"\" height=\"\" width=\"\" srcset=\"https:\/\/eski.gokcegemile.com\/wp-content\/uploads\/2018\/07\/Team-Box.jpg 600w, https:\/\/eski.gokcegemile.com\/wp-content\/uploads\/2018\/07\/Team-Box-400x269.jpg 400w\" sizes=\"(min-width: 1000px) 25vw, (min-width: 690px) 50vw, 100vw\" \/>\t\t\t\t\n\t\t\t\t\t\t\t\t<div class=\"work-info-bg\">&nbsp;<\/div>\n\t\t\t\t\t\t\t\t<div class=\"work-info\">\n\t\t\t\t\t\t\t\t\t\n\t\t\t\t\t\t\t\t\t\t\t\t\t\t\t\t\t\t\t\t\n\t\t\t\t\t\t\t\t\t\t\t<a href=\"https:\/\/eski.gokcegemile.com\/tr\/the-team-and-our-story\/\"><\/a>\n\t\t\t\t\t\t\t\t\t\t\n\t\t\t\t\t\t\t\t\t\t\t\t\t\t\t\t\t\t\t\n\t\t\t\t\n\t\t\t\t\t\t\t\t\t<div class=\"vert-center\">\n\t\t\t\t\t\t\t\t\t\t\t\n\t\t\t\t\t\t\t\t\t\t\t<h3>Ekibimiz &#038; Hikayemiz <\/h3> \n\t\t\t\t\t\t\t\t\t\t\t<p> <\/p>\t\t\t\t\t\t\t\t\t\t\t\t\t\t\t\t\t\t\t<\/div><!--\/vert-center-->\n\t\t\t\t\t\t\t\t\t\n\t\t\t\t\t\t\t\t<\/div>\n\t\t\t\t\t\t\t<\/div><!--work-item-->\n\t\t\t\t\t\t\t\n\t\t\t\t\t\t\t\t\t\t\t\t\n\t\t\t\t\t\t\n\t\t\t\t\t<\/div><!--\/inner-wrap-->\n\t\t\t\t\t<\/div><!--\/col-->\n\t\t\t\t\t\n\t\t\t\t\t\t\t\t\t\n\t\t\t\t\t\t\t\t\t\t\n\t\t\t\t\t<div class=\"col span_3  element about-gemile-tr \"  data-project-cat=\"about-gemile-tr \" data-default-color=\"true\" data-title-color=\"\" data-subtitle-color=\"\">\n\t\t\t\t\t\t\n\t\t\t\t\t\t<div class=\"inner-wrap animated\" data-animation=\"none\">\n\n\t\t\t\t\t\t\t\t\t\t\t\t\t\n\t\t\t\t\t\t\t<div class=\"work-item style-3\" data-custom-content=\"off\" data-text-align=\"middle\">\n\t\t\t\t\t\t\t\t\n\t\t\t\t\t\t\t\t<img decoding=\"async\" class=\"size-\" src=\"https:\/\/eski.gokcegemile.com\/wp-content\/uploads\/2018\/07\/BaysCoves-Box_2.jpg\" alt=\"\" height=\"\" width=\"\" srcset=\"https:\/\/eski.gokcegemile.com\/wp-content\/uploads\/2018\/07\/BaysCoves-Box_2.jpg 600w, https:\/\/eski.gokcegemile.com\/wp-content\/uploads\/2018\/07\/BaysCoves-Box_2-400x269.jpg 400w\" sizes=\"(min-width: 1000px) 25vw, (min-width: 690px) 50vw, 100vw\" \/>\t\t\t\t\n\t\t\t\t\t\t\t\t<div class=\"work-info-bg\">&nbsp;<\/div>\n\t\t\t\t\t\t\t\t<div class=\"work-info\">\n\t\t\t\t\t\t\t\t\t\n\t\t\t\t\t\t\t\t\t\t\t\t\t\t\t\t\t\t\t\t\n\t\t\t\t\t\t\t\t\t\t\t<a href=\"https:\/\/eski.gokcegemile.com\/tr\/the-bay-and-coves\/\"><\/a>\n\t\t\t\t\t\t\t\t\t\t\n\t\t\t\t\t\t\t\t\t\t\t\t\t\t\t\t\t\t\t\n\t\t\t\t\n\t\t\t\t\t\t\t\t\t<div class=\"vert-center\">\n\t\t\t\t\t\t\t\t\t\t\t\n\t\t\t\t\t\t\t\t\t\t\t<h3>Koylar &#038; Ormanlar <\/h3> \n\t\t\t\t\t\t\t\t\t\t\t<p> <\/p>\t\t\t\t\t\t\t\t\t\t\t\t\t\t\t\t\t\t\t<\/div><!--\/vert-center-->\n\t\t\t\t\t\t\t\t\t\n\t\t\t\t\t\t\t\t<\/div>\n\t\t\t\t\t\t\t<\/div><!--work-item-->\n\t\t\t\t\t\t\t\n\t\t\t\t\t\t\t\t\t\t\t\t\n\t\t\t\t\t\t\n\t\t\t\t\t<\/div><!--\/inner-wrap-->\n\t\t\t\t\t<\/div><!--\/col-->\n\t\t\t\t\t\n\t\t\t\t\t\t\t\t\t\n\t\t\t\t\t\t\t\t\t\t\n\t\t\t\t\t<div class=\"col span_3  element about-gemile-tr \"  data-project-cat=\"about-gemile-tr \" data-default-color=\"true\" data-title-color=\"\" data-subtitle-color=\"\">\n\t\t\t\t\t\t\n\t\t\t\t\t\t<div class=\"inner-wrap animated\" data-animation=\"none\">\n\n\t\t\t\t\t\t\t\t\t\t\t\t\t\n\t\t\t\t\t\t\t<div class=\"work-item style-3\" data-custom-content=\"off\" data-text-align=\"middle\">\n\t\t\t\t\t\t\t\t\n\t\t\t\t\t\t\t\t<img decoding=\"async\" class=\"size-\" src=\"https:\/\/eski.gokcegemile.com\/wp-content\/uploads\/2018\/08\/VacationIdeas-Box.jpg\" alt=\"\" height=\"\" width=\"\" srcset=\"https:\/\/eski.gokcegemile.com\/wp-content\/uploads\/2018\/08\/VacationIdeas-Box.jpg 600w, https:\/\/eski.gokcegemile.com\/wp-content\/uploads\/2018\/08\/VacationIdeas-Box-400x269.jpg 400w\" sizes=\"(min-width: 1000px) 25vw, (min-width: 690px) 50vw, 100vw\" \/>\t\t\t\t\n\t\t\t\t\t\t\t\t<div class=\"work-info-bg\">&nbsp;<\/div>\n\t\t\t\t\t\t\t\t<div class=\"work-info\">\n\t\t\t\t\t\t\t\t\t\n\t\t\t\t\t\t\t\t\t\t\t\t\t\t\t\t\t\t\t\t\n\t\t\t\t\t\t\t\t\t\t\t<a href=\"https:\/\/eski.gokcegemile.com\/tr\/vacation-ideas\/\"><\/a>\n\t\t\t\t\t\t\t\t\t\t\n\t\t\t\t\t\t\t\t\t\t\t\t\t\t\t\t\t\t\t\n\t\t\t\t\n\t\t\t\t\t\t\t\t\t<div class=\"vert-center\">\n\t\t\t\t\t\t\t\t\t\t\t\n\t\t\t\t\t\t\t\t\t\t\t<h3>Tatil Fikirleri <\/h3> \n\t\t\t\t\t\t\t\t\t\t\t<p> <\/p>\t\t\t\t\t\t\t\t\t\t\t\t\t\t\t\t\t\t\t<\/div><!--\/vert-center-->\n\t\t\t\t\t\t\t\t\t\n\t\t\t\t\t\t\t\t<\/div>\n\t\t\t\t\t\t\t<\/div><!--work-item-->\n\t\t\t\t\t\t\t\n\t\t\t\t\t\t\t\t\t\t\t\t\n\t\t\t\t\t\t\n\t\t\t\t\t<\/div><!--\/inner-wrap-->\n\t\t\t\t\t<\/div><!--\/col-->\n\t\t\t\t\t\n\t\t\t\t\n\t\t\t<\/div><!--\/portfolio-->\n\t   <\/div><!--\/portfolio wrap-->\n\t\t\n\t\t[\/vc_column][\/vc_row]\n","protected":false},"excerpt":{"rendered":"<p>[vc_row type=&#8221;in_container&#8221; full_screen_row_position=&#8221;middle&#8221; scene_position=&#8221;center&#8221; text_color=&#8221;dark&#8221; text_align=&#8221;left&#8221; overlay_strength=&#8221;0.3&#8243; shape_divider_position=&#8221;bottom&#8221;][vc_column column_padding=&#8221;no-extra-padding&#8221; column_padding_position=&#8221;all&#8221; background_color_opacity=&#8221;1&#8243; background_hover_color_opacity=&#8221;1&#8243; column_shadow=&#8221;none&#8221; column_border_radius=&#8221;none&#8221; width=&#8221;1\/1&#8243; tablet_text_alignment=&#8221;default&#8221; phone_text_alignment=&#8221;default&#8221; column_border_width=&#8221;none&#8221; column_border_style=&#8221;solid&#8221;][\/vc_column][\/vc_row][vc_row type=&#8221;in_container&#8221; full_screen_row_position=&#8221;middle&#8221; scene_position=&#8221;center&#8221; text_color=&#8221;dark&#8221; text_align=&#8221;left&#8221; overlay_strength=&#8221;0.3&#8243; shape_divider_position=&#8221;bottom&#8221;][vc_column column_padding=&#8221;no-extra-padding&#8221; column_padding_position=&#8221;all&#8221; background_color_opacity=&#8221;1&#8243; background_hover_color_opacity=&#8221;1&#8243;&#8230;<\/p>\n","protected":false},"author":1,"featured_media":0,"parent":0,"menu_order":0,"comment_status":"closed","ping_status":"closed","template":"","meta":{"footnotes":""},"class_list":["post-5577","page","type-page","status-publish"],"_links":{"self":[{"href":"https:\/\/eski.gokcegemile.com\/tr\/wp-json\/wp\/v2\/pages\/5577\/"}],"collection":[{"href":"https:\/\/eski.gokcegemile.com\/tr\/wp-json\/wp\/v2\/pages\/"}],"about":[{"href":"https:\/\/eski.gokcegemile.com\/tr\/wp-json\/wp\/v2\/types\/page\/"}],"author":[{"embeddable":true,"href":"https:\/\/eski.gokcegemile.com\/tr\/wp-json\/wp\/v2\/users\/1\/"}],"replies":[{"embeddable":true,"href":"https:\/\/eski.gokcegemile.com\/tr\/wp-json\/wp\/v2\/comments\/?post=5577"}],"version-history":[{"count":1,"href":"https:\/\/eski.gokcegemile.com\/tr\/wp-json\/wp\/v2\/pages\/5577\/revisions\/"}],"predecessor-version":[{"id":11135,"href":"https:\/\/eski.gokcegemile.com\/tr\/wp-json\/wp\/v2\/pages\/5577\/revisions\/11135\/"}],"wp:attachment":[{"href":"https:\/\/eski.gokcegemile.com\/tr\/wp-json\/wp\/v2\/media\/?parent=5577"}],"curies":[{"name":"wp","href":"https:\/\/api.w.org\/{rel}","templated":true}]}}