{"id":5640,"date":"2018-07-27T23:16:42","date_gmt":"2018-07-27T20:16:42","guid":{"rendered":"https:\/\/eski.gokcegemile.com\/vacation-ideas\/"},"modified":"2024-07-31T17:55:30","modified_gmt":"2024-07-31T14:55:30","slug":"vacation-ideas","status":"publish","type":"page","link":"https:\/\/eski.gokcegemile.com\/tr\/vacation-ideas\/","title":{"rendered":"Tatil Fikirleri"},"content":{"rendered":"[vc_row type=&#8221;in_container&#8221; full_screen_row_position=&#8221;middle&#8221; scene_position=&#8221;center&#8221; text_color=&#8221;dark&#8221; text_align=&#8221;left&#8221; overlay_strength=&#8221;0.3&#8243; shape_divider_position=&#8221;bottom&#8221;][vc_column column_padding=&#8221;no-extra-padding&#8221; column_padding_position=&#8221;all&#8221; background_color_opacity=&#8221;1&#8243; background_hover_color_opacity=&#8221;1&#8243; column_shadow=&#8221;none&#8221; column_border_radius=&#8221;none&#8221; width=&#8221;1\/1&#8243; tablet_text_alignment=&#8221;default&#8221; phone_text_alignment=&#8221;default&#8221; column_border_width=&#8221;none&#8221; column_border_style=&#8221;solid&#8221;]<div style=\"height: 780px\" data-midnight=\"nectar-slider\" class=\"parallax_slider_outer \"><div style=\"height: 780px;\" nihat=\"Cakar\"  data-transition=\"fade\" data-overall_style=\"classic\" data-flexible-height=\"true\" data-animate-in-effect=\"none\" data-fullscreen=\"false\" data-button-sizing=\"regular\" data-button-styling=\"btn_with_count\" data-autorotate=\"5000\" data-parallax=\"true\" data-full-width=\"true\" class=\"nectar-slider-wrap \" id=\"ns-id-6a0547a071fed\">\n\t\t\t<div style=\"height: 780px\" class=\"swiper-container\"  data-tho=\"auto\" data-tco=\"auto\" data-pho=\"auto\" data-pco=\"auto\" data-loop=\"true\" data-height=\"780\" data-min-height=\"\" data-arrows=\"true\" data-bullets=\"false\" data-bullet_style=\"see_through\" data-desktop-swipe=\"false\" data-settings=\"\">\n\t\t\t\t    <div class=\"swiper-wrapper\"><div class=\"swiper-slide\" data-bg-alignment=\"center\" data-color-scheme=\"light\" data-x-pos=\"center\" data-y-pos=\"middle\"> \n\t\t\t\t\t\t\t\t<div class=\"image-bg\" style=\"background-image: url(https:\/\/eski.gokcegemile.com\/wp-content\/uploads\/2019\/12\/Vacation-Ideaas-Banner-2.jpg);\"> &nbsp; <\/div><div class=\"video-texture \"> <span class=\"ie-fix\"><\/span> <\/div><\/div><!--\/swiper-slide--><div class=\"swiper-slide\" data-bg-alignment=\"center\" data-color-scheme=\"light\" data-x-pos=\"center\" data-y-pos=\"middle\"> \n\t\t\t\t\t\t\t\t<div class=\"image-bg\" style=\"background-image: url(https:\/\/eski.gokcegemile.com\/wp-content\/uploads\/2019\/12\/Vacation-Ideas-Benner-780.jpg);\"> &nbsp; <\/div><div class=\"video-texture \"> <span class=\"ie-fix\"><\/span> <\/div><\/div><!--\/swiper-slide--><\/div><a href=\"\" class=\"slider-prev\"><i class=\"icon-salient-left-arrow\"><\/i> <div class=\"slide-count\"> <span class=\"slide-current\">1<\/span> <i class=\"icon-salient-right-line\"><\/i> <span class=\"slide-total\"><\/span> <\/div> <\/a>\n\t\t\t\t     \t\t<a href=\"\" class=\"slider-next\"><i class=\"icon-salient-right-arrow\"><\/i> <div class=\"slide-count\"> <span class=\"slide-current\">1<\/span> <i class=\"icon-salient-right-line\"><\/i> <span class=\"slide-total\"><\/span> <\/div> <\/a><div class=\"nectar-slider-loading \"> <span class=\"loading-icon none\">   <\/span> <\/div> <\/div> \n\t\t\t\t\n\t\t\t<\/div><\/div>[\/vc_column][\/vc_row][vc_row type=&#8221;in_container&#8221; full_screen_row_position=&#8221;middle&#8221; scene_position=&#8221;center&#8221; text_color=&#8221;dark&#8221; text_align=&#8221;left&#8221; overlay_strength=&#8221;0.3&#8243; shape_divider_position=&#8221;bottom&#8221;][vc_column column_padding=&#8221;no-extra-padding&#8221; column_padding_position=&#8221;all&#8221; background_color_opacity=&#8221;1&#8243; background_hover_color_opacity=&#8221;1&#8243; column_shadow=&#8221;none&#8221; column_border_radius=&#8221;none&#8221; width=&#8221;1\/1&#8243; tablet_text_alignment=&#8221;default&#8221; phone_text_alignment=&#8221;default&#8221; column_border_width=&#8221;none&#8221; column_border_style=&#8221;solid&#8221;]<div class=\"divider-wrap\"><div style=\"height: 25px;\" class=\"divider\"><\/div><\/div>[vc_column_text]\n<h2><strong>Tatil Fikirleri<\/strong><\/h2>\n[\/vc_column_text]<div class=\"divider-wrap\"><div style=\"height: 25px;\" class=\"divider\"><\/div><\/div>[vc_row_inner column_margin=&#8221;default&#8221; text_align=&#8221;left&#8221;][vc_column_inner column_padding=&#8221;no-extra-padding&#8221; column_padding_position=&#8221;all&#8221; background_color_opacity=&#8221;1&#8243; background_hover_color_opacity=&#8221;1&#8243; column_shadow=&#8221;none&#8221; column_border_radius=&#8221;none&#8221; width=&#8221;1\/1&#8243; column_border_width=&#8221;none&#8221; column_border_style=&#8221;solid&#8221;][vc_column_text]\n<h3><strong>Sahil \u015eeridi<\/strong><\/h3>\n<p>G\u00f6k\u00e7e Gemile, hem bu d\u00fcnyada hem de hayallerinizdeki en iyi tatil mekan\u0131d\u0131r. T\u00fcrkiye&#8217;deki di\u011fer tatil konseptlerinden tamamen farkl\u0131d\u0131r. \u00c7am ormanlar\u0131n\u0131n derinliklerine gizlenmi\u015f olan evler, bah\u00e7eler ve geni\u015f alanlar, koylar ve adalar \u00fczerinde muhte\u015fem bir manzaraya sahiptir; \u00e7arp\u0131c\u0131 sahil \u015feridi ve deniz, g\u00f6z al\u0131c\u0131 bir g\u00fczellik sunar. Fakat bunun \u00f6tesinde daha fazlas\u0131 var!<\/p>\n<p>G\u00f6k\u00e7e Gemile\u2019de, yaln\u0131zca size ait olan pek \u00e7ok \u00f6zel koy da bulunmaktad\u0131r. Plajlara eri\u015fim, k\u00fc\u00e7\u00fck ve sevimli bir yatay asans\u00f6rle sa\u011flanmaktad\u0131r. Ana koyda yer alan kumlu alan, misafirlerimiz i\u00e7in g\u00f6lgeli ah\u015fap platformlarla donat\u0131lm\u0131\u015ft\u0131r; bu alan, g\u00fcn boyunca dinlenmek ve y\u00fczmek isteyen konuklar\u0131m\u0131z i\u00e7in ideal bir yerdir.<\/p>\n<p>Misafirler, yemeklerini de bu g\u00fczel mekanda alabilirler. G\u00f6k\u00e7e Gemile Kafe, ekibimizin kahvalt\u0131, \u00f6\u011fle ve ak\u015fam yemeklerini \u00f6zenle haz\u0131rlad\u0131\u011f\u0131 ve istek \u00fczerine i\u00e7ecek servisi yapt\u0131\u011f\u0131 bir yerdir. G\u00f6k\u00e7e Gemile\u2019yi misafirlerimizin kendi evleri gibi hissetmesini sa\u011flamak ad\u0131na, buray\u0131 bir restoran olarak adland\u0131rmamay\u0131 tercih ediyoruz.<\/p>\n<p><strong>\u00d6zel Etkinlikler<\/strong><br \/>\nG\u00f6k\u00e7e Gemile\u2019nin g\u00f6zlerden uzak konumu ve nefes kesen g\u00fczelli\u011fi, buray\u0131 d\u00fc\u011f\u00fcn, balay\u0131, y\u0131l d\u00f6n\u00fcm\u00fc, do\u011fum g\u00fcn\u00fc gibi \u00f6zel etkinlikler i\u00e7in m\u00fckemmel bir mekan haline getiriyor. M\u00fcsaitlik durumuna ba\u011fl\u0131 olarak, G\u00f6k\u00e7e Gemile\u2019yi t\u00fcm\u00fcyle kiralayarak bu t\u00fcr \u00f6nemli anlar\u0131n\u0131z\u0131 kutlayabilirsiniz.<\/p>\n<p><strong>Gizlilik &amp; Mahremiyet<\/strong><br \/>\nMisafirlerimizin gizlilik ve mahremiyetinin ne kadar \u00f6nemli oldu\u011funun bilincindeyiz. G\u00f6k\u00e7e Gemile, bu konuda en \u00fcst d\u00fczeyde g\u00fcvenlik ve mahremiyet sunmaktad\u0131r. Mek\u00e2n\u0131n kendisi tamamen g\u00f6zlerden uzakt\u0131r; G\u00f6k\u00e7e Gemile, yoldan g\u00f6r\u00fcnmemekte olup, 24 saat a\u00e7\u0131k kap\u0131 g\u00fcvenli\u011fi, eri\u015fimi titizlikle k\u0131s\u0131tlamaktad\u0131r. Misafirlerimiz \u00f6zel m\u00fclk\u00fcm\u00fcze girdiklerinde, hem ortak alanlarda hem de bah\u00e7elerde ve evlerde tam bir gizlilik i\u00e7inde vakit ge\u00e7irebilirler.<\/p>\n<p><strong>Helal Konaklama<\/strong><br \/>\nG\u00f6k\u00e7e Gemile\u2019de helal konaklama, konseptimizin ayr\u0131lmaz bir par\u00e7as\u0131d\u0131r. Amac\u0131m\u0131z, helal dostu tatil deneyimleri sunmak ve \u0130slami prensiplere uygun bir ortam sa\u011flamakt\u0131r.<\/p>\n<ul>\n<li>G\u00f6k\u00e7e Gemile\u2019nin gizli konumu, ailelerin tamamen \u00f6zel bir \u015fekilde dinlenmelerine olanak tan\u0131r; \u00e7\u00fcnk\u00fc hi\u00e7bir ev, y\u00fczme havuzu veya jakuzi a\u00e7\u0131k bir alanda de\u011fildir.<\/li>\n<li>Ana koyda, \u00e7e\u015fitli k\u00fc\u00e7\u00fck koylar da mevcut olup, bu da kad\u0131nlar i\u00e7in her zaman g\u00f6zden uzak bir yerin sa\u011fland\u0131\u011f\u0131 anlam\u0131na gelir.<\/li>\n<li>Sunulan t\u00fcm yiyecek ve i\u00e7ecekler helal kavram\u0131na uygundur.<\/li>\n<\/ul>\n[\/vc_column_text][\/vc_column_inner][\/vc_row_inner]<div class=\"divider-wrap\"><div style=\"height: 25px;\" class=\"divider\"><\/div><\/div>[vc_row_inner column_margin=&#8221;default&#8221; text_align=&#8221;left&#8221;][\/vc_row_inner][vc_column_inner column_padding=&#8221;no-extra-padding&#8221; column_padding_position=&#8221;all&#8221; background_color_opacity=&#8221;1&#8243; background_hover_color_opacity=&#8221;1&#8243; column_shadow=&#8221;none&#8221; column_border_radius=&#8221;none&#8221; width=&#8221;1\/1&#8243; column_border_width=&#8221;none&#8221; column_border_style=&#8221;solid&#8221;][\/vc_column_inner][vc_column_text]\n<h2><strong>Daha fazlas\u0131n\u0131 ke\u015ffet<\/strong><\/h2>\n[\/vc_column_text]<div class=\"divider-wrap\"><div style=\"height: 25px;\" class=\"divider\"><\/div><\/div>\t\n\t\n\n\n\t<div class=\"portfolio-wrap \">\n\t\t\t\n\t\t\t\n\t\t\t<span class=\"portfolio-loading  none\">   <\/span>\n\n\t\t\t\n\t\t\t\t\t\t\n\t\t\t<div class=\"row portfolio-items no-masonry  \" data-rcp=\"false\" data-masonry-type=\"default\" data-ps=\"3\" data-starting-filter=\"\" data-gutter=\"default\" data-categories-to-show=\"about-gemile\" data-lightbox-only=\"0\" data-col-num=\"cols-4\">\n\t\t\t\t\t\t\t\t\t\n\t\t\t\t\t\t\t\t\t\t\n\t\t\t\t\t<div class=\"col span_3  element about-gemile-tr \"  data-project-cat=\"about-gemile-tr \" data-default-color=\"true\" data-title-color=\"\" data-subtitle-color=\"\">\n\t\t\t\t\t\t\n\t\t\t\t\t\t<div class=\"inner-wrap animated\" data-animation=\"none\">\n\n\t\t\t\t\t\t\t\t\t\t\t\t\t\n\t\t\t\t\t\t\t<div class=\"work-item style-3\" data-custom-content=\"off\" data-text-align=\"middle\">\n\t\t\t\t\t\t\t\t\n\t\t\t\t\t\t\t\t<img loading=\"lazy\" decoding=\"async\" class=\"size-\" src=\"https:\/\/eski.gokcegemile.com\/wp-content\/uploads\/2018\/08\/ConceptMain_3-600x403.jpg\" alt=\"\" height=\"403\" width=\"600\" srcset=\"https:\/\/eski.gokcegemile.com\/wp-content\/uploads\/2018\/08\/ConceptMain_3-600x403.jpg 600w, https:\/\/eski.gokcegemile.com\/wp-content\/uploads\/2018\/08\/ConceptMain_3-400x269.jpg 400w\" sizes=\"auto, (min-width: 1000px) 25vw, (min-width: 690px) 50vw, 100vw\" \/>\t\t\t\t\n\t\t\t\t\t\t\t\t<div class=\"work-info-bg\">&nbsp;<\/div>\n\t\t\t\t\t\t\t\t<div class=\"work-info\">\n\t\t\t\t\t\t\t\t\t\n\t\t\t\t\t\t\t\t\t\t\t\t\t\t\t\t\t\t\t\t\n\t\t\t\t\t\t\t\t\t\t\t<a href=\"https:\/\/eski.gokcegemile.com\/tr\/concept-and-philosophy\/\"><\/a>\n\t\t\t\t\t\t\t\t\t\t\n\t\t\t\t\t\t\t\t\t\t\t\t\t\t\t\t\t\t\t\n\t\t\t\t\n\t\t\t\t\t\t\t\t\t<div class=\"vert-center\">\n\t\t\t\t\t\t\t\t\t\t\t\n\t\t\t\t\t\t\t\t\t\t\t<h3>Konsept &#038; Felsefe <\/h3> \n\t\t\t\t\t\t\t\t\t\t\t<p> <\/p>\t\t\t\t\t\t\t\t\t\t\t\t\t\t\t\t\t\t\t<\/div><!--\/vert-center-->\n\t\t\t\t\t\t\t\t\t\n\t\t\t\t\t\t\t\t<\/div>\n\t\t\t\t\t\t\t<\/div><!--work-item-->\n\t\t\t\t\t\t\t\n\t\t\t\t\t\t\t\t\t\t\t\t\n\t\t\t\t\t\t\n\t\t\t\t\t<\/div><!--\/inner-wrap-->\n\t\t\t\t\t<\/div><!--\/col-->\n\t\t\t\t\t\n\t\t\t\t\t\t\t\t\t\n\t\t\t\t\t\t\t\t\t\t\n\t\t\t\t\t<div class=\"col span_3  element about-gemile-tr \"  data-project-cat=\"about-gemile-tr \" data-default-color=\"true\" data-title-color=\"\" data-subtitle-color=\"\">\n\t\t\t\t\t\t\n\t\t\t\t\t\t<div class=\"inner-wrap animated\" data-animation=\"none\">\n\n\t\t\t\t\t\t\t\t\t\t\t\t\t\n\t\t\t\t\t\t\t<div class=\"work-item style-3\" data-custom-content=\"off\" data-text-align=\"middle\">\n\t\t\t\t\t\t\t\t\n\t\t\t\t\t\t\t\t<img decoding=\"async\" class=\"size-\" src=\"https:\/\/eski.gokcegemile.com\/wp-content\/uploads\/2018\/07\/Team-Box.jpg\" alt=\"\" height=\"\" width=\"\" srcset=\"https:\/\/eski.gokcegemile.com\/wp-content\/uploads\/2018\/07\/Team-Box.jpg 600w, https:\/\/eski.gokcegemile.com\/wp-content\/uploads\/2018\/07\/Team-Box-400x269.jpg 400w\" sizes=\"(min-width: 1000px) 25vw, (min-width: 690px) 50vw, 100vw\" \/>\t\t\t\t\n\t\t\t\t\t\t\t\t<div class=\"work-info-bg\">&nbsp;<\/div>\n\t\t\t\t\t\t\t\t<div class=\"work-info\">\n\t\t\t\t\t\t\t\t\t\n\t\t\t\t\t\t\t\t\t\t\t\t\t\t\t\t\t\t\t\t\n\t\t\t\t\t\t\t\t\t\t\t<a href=\"https:\/\/eski.gokcegemile.com\/tr\/the-team-and-our-story\/\"><\/a>\n\t\t\t\t\t\t\t\t\t\t\n\t\t\t\t\t\t\t\t\t\t\t\t\t\t\t\t\t\t\t\n\t\t\t\t\n\t\t\t\t\t\t\t\t\t<div class=\"vert-center\">\n\t\t\t\t\t\t\t\t\t\t\t\n\t\t\t\t\t\t\t\t\t\t\t<h3>Ekibimiz &#038; Hikayemiz <\/h3> \n\t\t\t\t\t\t\t\t\t\t\t<p> <\/p>\t\t\t\t\t\t\t\t\t\t\t\t\t\t\t\t\t\t\t<\/div><!--\/vert-center-->\n\t\t\t\t\t\t\t\t\t\n\t\t\t\t\t\t\t\t<\/div>\n\t\t\t\t\t\t\t<\/div><!--work-item-->\n\t\t\t\t\t\t\t\n\t\t\t\t\t\t\t\t\t\t\t\t\n\t\t\t\t\t\t\n\t\t\t\t\t<\/div><!--\/inner-wrap-->\n\t\t\t\t\t<\/div><!--\/col-->\n\t\t\t\t\t\n\t\t\t\t\t\t\t\t\t\n\t\t\t\t\t\t\t\t\t\t\n\t\t\t\t\t<div class=\"col span_3  element about-gemile-tr \"  data-project-cat=\"about-gemile-tr \" data-default-color=\"true\" data-title-color=\"\" data-subtitle-color=\"\">\n\t\t\t\t\t\t\n\t\t\t\t\t\t<div class=\"inner-wrap animated\" data-animation=\"none\">\n\n\t\t\t\t\t\t\t\t\t\t\t\t\t\n\t\t\t\t\t\t\t<div class=\"work-item style-3\" data-custom-content=\"off\" data-text-align=\"middle\">\n\t\t\t\t\t\t\t\t\n\t\t\t\t\t\t\t\t<img decoding=\"async\" class=\"size-\" src=\"https:\/\/eski.gokcegemile.com\/wp-content\/uploads\/2018\/07\/BaysCoves-Box_2.jpg\" alt=\"\" height=\"\" width=\"\" srcset=\"https:\/\/eski.gokcegemile.com\/wp-content\/uploads\/2018\/07\/BaysCoves-Box_2.jpg 600w, https:\/\/eski.gokcegemile.com\/wp-content\/uploads\/2018\/07\/BaysCoves-Box_2-400x269.jpg 400w\" sizes=\"(min-width: 1000px) 25vw, (min-width: 690px) 50vw, 100vw\" \/>\t\t\t\t\n\t\t\t\t\t\t\t\t<div class=\"work-info-bg\">&nbsp;<\/div>\n\t\t\t\t\t\t\t\t<div class=\"work-info\">\n\t\t\t\t\t\t\t\t\t\n\t\t\t\t\t\t\t\t\t\t\t\t\t\t\t\t\t\t\t\t\n\t\t\t\t\t\t\t\t\t\t\t<a href=\"https:\/\/eski.gokcegemile.com\/tr\/the-bay-and-coves\/\"><\/a>\n\t\t\t\t\t\t\t\t\t\t\n\t\t\t\t\t\t\t\t\t\t\t\t\t\t\t\t\t\t\t\n\t\t\t\t\n\t\t\t\t\t\t\t\t\t<div class=\"vert-center\">\n\t\t\t\t\t\t\t\t\t\t\t\n\t\t\t\t\t\t\t\t\t\t\t<h3>Koylar &#038; Ormanlar <\/h3> \n\t\t\t\t\t\t\t\t\t\t\t<p> <\/p>\t\t\t\t\t\t\t\t\t\t\t\t\t\t\t\t\t\t\t<\/div><!--\/vert-center-->\n\t\t\t\t\t\t\t\t\t\n\t\t\t\t\t\t\t\t<\/div>\n\t\t\t\t\t\t\t<\/div><!--work-item-->\n\t\t\t\t\t\t\t\n\t\t\t\t\t\t\t\t\t\t\t\t\n\t\t\t\t\t\t\n\t\t\t\t\t<\/div><!--\/inner-wrap-->\n\t\t\t\t\t<\/div><!--\/col-->\n\t\t\t\t\t\n\t\t\t\t\t\t\t\t\t\n\t\t\t\t\t\t\t\t\t\t\n\t\t\t\t\t<div class=\"col span_3  element about-gemile-tr \"  data-project-cat=\"about-gemile-tr \" data-default-color=\"true\" data-title-color=\"\" data-subtitle-color=\"\">\n\t\t\t\t\t\t\n\t\t\t\t\t\t<div class=\"inner-wrap animated\" data-animation=\"none\">\n\n\t\t\t\t\t\t\t\t\t\t\t\t\t\n\t\t\t\t\t\t\t<div class=\"work-item style-3\" data-custom-content=\"off\" data-text-align=\"middle\">\n\t\t\t\t\t\t\t\t\n\t\t\t\t\t\t\t\t<img decoding=\"async\" class=\"size-\" src=\"https:\/\/eski.gokcegemile.com\/wp-content\/uploads\/2018\/08\/VacationIdeas-Box.jpg\" alt=\"\" height=\"\" width=\"\" srcset=\"https:\/\/eski.gokcegemile.com\/wp-content\/uploads\/2018\/08\/VacationIdeas-Box.jpg 600w, https:\/\/eski.gokcegemile.com\/wp-content\/uploads\/2018\/08\/VacationIdeas-Box-400x269.jpg 400w\" sizes=\"(min-width: 1000px) 25vw, (min-width: 690px) 50vw, 100vw\" \/>\t\t\t\t\n\t\t\t\t\t\t\t\t<div class=\"work-info-bg\">&nbsp;<\/div>\n\t\t\t\t\t\t\t\t<div class=\"work-info\">\n\t\t\t\t\t\t\t\t\t\n\t\t\t\t\t\t\t\t\t\t\t\t\t\t\t\t\t\t\t\t\n\t\t\t\t\t\t\t\t\t\t\t<a href=\"https:\/\/eski.gokcegemile.com\/tr\/vacation-ideas\/\"><\/a>\n\t\t\t\t\t\t\t\t\t\t\n\t\t\t\t\t\t\t\t\t\t\t\t\t\t\t\t\t\t\t\n\t\t\t\t\n\t\t\t\t\t\t\t\t\t<div class=\"vert-center\">\n\t\t\t\t\t\t\t\t\t\t\t\n\t\t\t\t\t\t\t\t\t\t\t<h3>Tatil Fikirleri <\/h3> \n\t\t\t\t\t\t\t\t\t\t\t<p> <\/p>\t\t\t\t\t\t\t\t\t\t\t\t\t\t\t\t\t\t\t<\/div><!--\/vert-center-->\n\t\t\t\t\t\t\t\t\t\n\t\t\t\t\t\t\t\t<\/div>\n\t\t\t\t\t\t\t<\/div><!--work-item-->\n\t\t\t\t\t\t\t\n\t\t\t\t\t\t\t\t\t\t\t\t\n\t\t\t\t\t\t\n\t\t\t\t\t<\/div><!--\/inner-wrap-->\n\t\t\t\t\t<\/div><!--\/col-->\n\t\t\t\t\t\n\t\t\t\t\n\t\t\t<\/div><!--\/portfolio-->\n\t   <\/div><!--\/portfolio wrap-->\n\t\t\n\t\t[\/vc_column][\/vc_row]\n","protected":false},"excerpt":{"rendered":"<p>[vc_row type=&#8221;in_container&#8221; full_screen_row_position=&#8221;middle&#8221; scene_position=&#8221;center&#8221; text_color=&#8221;dark&#8221; text_align=&#8221;left&#8221; overlay_strength=&#8221;0.3&#8243; shape_divider_position=&#8221;bottom&#8221;][vc_column column_padding=&#8221;no-extra-padding&#8221; column_padding_position=&#8221;all&#8221; background_color_opacity=&#8221;1&#8243; background_hover_color_opacity=&#8221;1&#8243; column_shadow=&#8221;none&#8221; column_border_radius=&#8221;none&#8221; width=&#8221;1\/1&#8243; tablet_text_alignment=&#8221;default&#8221; phone_text_alignment=&#8221;default&#8221; column_border_width=&#8221;none&#8221; column_border_style=&#8221;solid&#8221;][\/vc_column][\/vc_row][vc_row type=&#8221;in_container&#8221; full_screen_row_position=&#8221;middle&#8221; scene_position=&#8221;center&#8221; text_color=&#8221;dark&#8221; text_align=&#8221;left&#8221; overlay_strength=&#8221;0.3&#8243; shape_divider_position=&#8221;bottom&#8221;][vc_column column_padding=&#8221;no-extra-padding&#8221; column_padding_position=&#8221;all&#8221; background_color_opacity=&#8221;1&#8243; background_hover_color_opacity=&#8221;1&#8243;&#8230;<\/p>\n","protected":false},"author":1,"featured_media":0,"parent":0,"menu_order":0,"comment_status":"closed","ping_status":"closed","template":"","meta":{"footnotes":""},"class_list":["post-5640","page","type-page","status-publish"],"_links":{"self":[{"href":"https:\/\/eski.gokcegemile.com\/tr\/wp-json\/wp\/v2\/pages\/5640\/"}],"collection":[{"href":"https:\/\/eski.gokcegemile.com\/tr\/wp-json\/wp\/v2\/pages\/"}],"about":[{"href":"https:\/\/eski.gokcegemile.com\/tr\/wp-json\/wp\/v2\/types\/page\/"}],"author":[{"embeddable":true,"href":"https:\/\/eski.gokcegemile.com\/tr\/wp-json\/wp\/v2\/users\/1\/"}],"replies":[{"embeddable":true,"href":"https:\/\/eski.gokcegemile.com\/tr\/wp-json\/wp\/v2\/comments\/?post=5640"}],"version-history":[{"count":1,"href":"https:\/\/eski.gokcegemile.com\/tr\/wp-json\/wp\/v2\/pages\/5640\/revisions\/"}],"predecessor-version":[{"id":11141,"href":"https:\/\/eski.gokcegemile.com\/tr\/wp-json\/wp\/v2\/pages\/5640\/revisions\/11141\/"}],"wp:attachment":[{"href":"https:\/\/eski.gokcegemile.com\/tr\/wp-json\/wp\/v2\/media\/?parent=5640"}],"curies":[{"name":"wp","href":"https:\/\/api.w.org\/{rel}","templated":true}]}}