{"id":5661,"date":"2018-07-13T02:00:44","date_gmt":"2018-07-12T23:00:44","guid":{"rendered":"https:\/\/eski.gokcegemile.com\/terms-conditions\/"},"modified":"2021-10-02T10:21:01","modified_gmt":"2021-10-02T07:21:01","slug":"terms-conditions","status":"publish","type":"page","link":"https:\/\/eski.gokcegemile.com\/tr\/terms-conditions\/","title":{"rendered":"Ko\u015fullar&#038;\u015eartlar"},"content":{"rendered":"[vc_row type=&#8221;in_container&#8221; full_screen_row_position=&#8221;middle&#8221; scene_position=&#8221;center&#8221; text_color=&#8221;dark&#8221; text_align=&#8221;left&#8221; overlay_strength=&#8221;0.3&#8243; shape_divider_position=&#8221;bottom&#8221;][vc_column column_padding=&#8221;no-extra-padding&#8221; column_padding_position=&#8221;all&#8221; background_color_opacity=&#8221;1&#8243; background_hover_color_opacity=&#8221;1&#8243; column_shadow=&#8221;none&#8221; column_border_radius=&#8221;none&#8221; width=&#8221;1\/1&#8243; tablet_text_alignment=&#8221;default&#8221; phone_text_alignment=&#8221;default&#8221; column_border_width=&#8221;none&#8221; column_border_style=&#8221;solid&#8221;][vc_column_text]\n<h1>Ko\u015fullar&amp;\u015eartlar<\/h1>\n[\/vc_column_text]<div class=\"divider-wrap\"><div style=\"height: 25px;\" class=\"divider\"><\/div><\/div>[vc_column_text]\n<ol>\n<li><strong>TANIMLAR VE TARAFLAR<\/strong><\/li>\n<\/ol>\n<p>Bu ko\u015fullar ve \u015fartlarda:<\/p>\n<p>\u201c\u015eirket\u201d: tescil edilmi\u015f \u015firket merkezi Hisar\u00f6n\u00fc, Fethiye, T\u00fcrkiye\u2019de bulunan ve T\u00fcrkiye Cumhuriyeti yasalar\u0131 uyar\u0131nca kurulmu\u015f olan Falcon Turizm Ltd.\u015eti.\u2019dir.<\/p>\n<p>\u201cBiz\u201d veya \u201cBize\u201d ifadeleri, \u015eirket\u2019e at\u0131fta bulunmaktad\u0131r.<\/p>\n<p>\u201cM\u00fc\u015fteri\u201d ifadesi, \u2018\u0130lk Rezervasyon \u0130smi\u2019 olarak depozitoyu \u00f6demi\u015f olan ki\u015fiye ve beraberindeki bir misafir olarak rezervasyonda ad\u0131 verilmi\u015f olan her bir ki\u015fiye at\u0131fta bulunmaktad\u0131r.<\/p>\n<p>\u201cSiz\u201d, M\u00fc\u015fteri\u2019ye at\u0131fta bulunmaktad\u0131r.<\/p>\n<ol start=\"2\">\n<li><strong> REZERVASYONLAR<\/strong><\/li>\n<\/ol>\n<p>Ba\u011flay\u0131c\u0131 bir s\u00f6zle\u015fme, sadece, \u00d6deme ve Onay alt\u0131nda ifade edildi\u011fi gibi, ya \u0130lk Rezervasyon \u0130smi taraf\u0131ndan ya da a\u00e7\u0131k\u00e7a bu ki\u015fi ad\u0131na gereken depozito al\u0131nd\u0131ktan sonra, \u015eirket, m\u00fc\u015fteriye bir rezervasyon onay faturas\u0131 d\u00fczenledi\u011fi zaman, \u015eirket ve M\u00fc\u015fteri aras\u0131nda yap\u0131lmaktad\u0131r. Depozitonun \u00f6denmesi \u00fczerine, \u0130lk Rezervasyon \u0130smi, bu ko\u015fullar\u0131 ve \u015fartlar\u0131 kendisi ve beraberindeki misafir olarak adland\u0131r\u0131lan ki\u015filerin her biri ad\u0131na kabul etmi\u015f oldu\u011funu teyit etmekte ve onaylamaktad\u0131r.<\/p>\n<ol start=\"3\">\n<li><strong> \u00d6DEME VE ONAY<\/strong><\/li>\n<\/ol>\n<p>Kiraya verilen konut i\u00e7in rezervasyonlar, %25 oran\u0131nda, bir iade edilmez konaklama depozitosunun al\u0131nmas\u0131ndan sonra onaylanacakt\u0131r. %75 oran\u0131nda nihai bir iade edilmez \u00f6demenin kararla\u015ft\u0131r\u0131lm\u0131\u015f olan geli\u015f tarihinin 12 hafta \u00f6ncesinden, daha sonra olmayacak \u015fekilde olmas\u0131 gerekmektedir ve vadesi geldi\u011fi zaman bunu size e-posta yoluyla hat\u0131rlataca\u011f\u0131z. E\u011fer irtibat bilgileriniz de\u011fi\u015fir ise l\u00fctfen bizi bilgilendirmeyi unutmay\u0131n\u0131z. E\u011fer M\u00fc\u015fteri planlanan geli\u015f tarihinden, 3 aydan daha az \u00f6nce rezervasyon yapar ise, bu rezervasyonlar sadece planlanan geli\u015f tarihinden \u00f6nce m\u00fcmk\u00fcn oldu\u011funca h\u0131zl\u0131 bir \u015fekilde \u00f6denmesi gereken %100 oran\u0131nda bir iade edilmez \u00f6demenin al\u0131nmas\u0131n\u0131n ard\u0131ndan onaylanacakt\u0131r. Belirtmek isteriz ki, vaktinde ya da do\u011fru miktarda al\u0131nmam\u0131\u015f olan herhangi bir \u00f6deme olmas\u0131 durumunda, h\u00e2lihaz\u0131rda al\u0131nm\u0131\u015f olan herhangi bir \u00f6deme(ler) g\u00f6zetilmeksizin rezervasyonunuzu feshetme hakk\u0131n\u0131 sakl\u0131 tutmaktay\u0131z. Rezervasyonunuz i\u00e7in bize \u00f6deme yapmak i\u00e7in kullanaca\u011f\u0131n\u0131z y\u00f6ntem, rezervasyonunuzu yapma esnas\u0131ndaki konumunuza ba\u011fl\u0131 olacakt\u0131r. Kredi kart\u0131 ile \u00f6deme yap\u0131ld\u0131\u011f\u0131 zaman iptal \u00fccretleri uygulanacakt\u0131r ve bunlar, kullan\u0131lan karta g\u00f6re de\u011fi\u015fiklik g\u00f6sterecektir. Kurlar, \u0130ngiliz Sterlini olarak yay\u0131nlanmaktad\u0131r. E\u011fer farkl\u0131 bir para birimi olarak \u00f6deme yaparsan\u0131z, depozitonun \u00f6denmesi esnas\u0131ndaki resmi d\u00f6viz kuru kullan\u0131lacakt\u0131r ve bu kur, ileriki depozitolara da uygulanacakt\u0131r.<\/p>\n<ol start=\"4\">\n<li><strong> M\u00dc\u015eTER\u0130 TARAFINDAN \u0130PTAL<\/strong><\/li>\n<\/ol>\n<p>Her tatilde olabilece\u011fi gibi, daima iptal etme ihtimali de mevcut olabilmektedir ve bizler, sizlere tam iptal teminat\u0131 olan kapsaml\u0131 bir tatil sigortas\u0131 sat\u0131n alman\u0131z\u0131 \u015fiddetle \u00f6nermekteyiz. Herhangi bir hatay\u0131 \u00f6nlemek i\u00e7in, t\u00fcm ve herhangi iptalleri bize a\u00e7\u0131k bir bi\u00e7imde ve yaz\u0131l\u0131 olarak g\u00f6ndermeniz zaruridir. Bu: a\u015fa\u011f\u0131daki irtibat bilgileri kullan\u0131larak faks, e-posta veya telefon yoluyla; <a href=\"mailto:info@gokcegemile.com\">info@gokcegemile.com<\/a> adresine e-posta yoluyla ya da 00 90 252 616 64 36 numaral\u0131 telefonu arayarak ger\u00e7ekle\u015ftirilebilmektedir. Daha sonra s\u00f6z konusu iptali taraf\u0131n\u0131za yaz\u0131l\u0131 olarak teyit edece\u011fiz ve size bir iptal numaras\u0131 verece\u011fiz. Herhangi bir seyahat sigortas\u0131 talebi i\u00e7in yard\u0131m talep ederseniz, ayr\u0131ca depozitolar\u0131n ceza olarak kaybedilmi\u015f oldu\u011funu g\u00f6steren ilgili yaz\u0131\u015fmay\u0131 da size temin edebilmekteyiz. H\u00e2lihaz\u0131rda \u00f6denmi\u015f olan mebla\u011flar iade edilmez; ancak, M\u00fc\u015fteriler, iptalin al\u0131nm\u0131\u015f oldu\u011fu tarihte tahsil edilmemi\u015f olan herhangi bir \u00f6demeden sorumlu olduklar\u0131n\u0131n bilincinde olmal\u0131d\u0131rlar (hen\u00fcz \u00f6denmemi\u015f herhangi bir hizmet bedeli haricinde). M\u00fc\u015fteriler ayr\u0131ca, transfer operat\u00f6rleri gibi i\u015ftiraklerimizce\/\u00fc\u00e7\u00fcnc\u00fc taraflarca al\u0131nan herhangi bir iptal \u00fccretinden de y\u00fck\u00fcml\u00fc olabileceklerinin bilincinde olmal\u0131d\u0131rlar. Bu bilgiler al\u0131nd\u0131\u011f\u0131 zaman, sizi herhangi bir ek iptal \u00fccreti hakk\u0131nda da bilgilendirece\u011fiz ve e\u011fer gerekir ise, bu \u00fccretler ile ilgili olarak derhal bizim yapm\u0131\u015f oldu\u011fumuz masraflar\u0131 kar\u015f\u0131laman\u0131z gerekecektir.<\/p>\n<ol start=\"5\">\n<li><strong> REZERVASYONUN TAR\u0130H\u0130 YA DA AYRINTILARI HAKKINDA M\u00dc\u015eTER\u0130 TARAFINDAN YAPILAN DE\u011e\u0130\u015e\u0130KL\u0130KLER<\/strong><\/li>\n<\/ol>\n<p>Bir rezervasyonun ya tarihine ya da i\u00e7eri\u011fine (\u00f6rne\u011fin, misafirlerin say\u0131s\u0131nda de\u011fi\u015fiklik olmas\u0131) y\u00f6nelik herhangi bir de\u011fi\u015fiklik talebini onaylamak ya da reddetmek \u015eirket\u2019in tamamen kendi takdirine ba\u011fl\u0131d\u0131r \u00e7\u00fcnk\u00fc bu durum, bizim taraf\u0131m\u0131zdan vaka baz\u0131nda ele al\u0131nacakt\u0131r. B\u00fct\u00fcn depozitolar ve di\u011fer \u00f6demeler iade edilmezdir. E-posta yoluyla biz onaylayana kadar hi\u00e7bir iptal ya da de\u011fi\u015fiklik kabul edilmeyecektir. 9. Paragrafta ana hatlar\u0131yla belirtilmi\u015f olan durumlar haricinde herhangi bir sebeple G\u00f6k\u00e7e Gemile\u2019den erken ayr\u0131lmay\u0131 tercih etmeniz halinde, taraf\u0131n\u0131za hi\u00e7bir para iadesi yap\u0131lmayacakt\u0131r ve hi\u00e7bir alternatif tarih d\u00fczenlenmeyecektir.<\/p>\n<ol start=\"6\">\n<li><strong> \u015e\u0130RKET TARAFINDAN YAPILAN DE\u011e\u0130\u015e\u0130KL\u0130KLER VE \u0130PTALLER<\/strong><\/li>\n<\/ol>\n<p><strong>6.1<\/strong> \u015eirket, rezervasyonun tamam\u0131 veya bir k\u0131sm\u0131n\u0131 de\u011fi\u015ftirme veya iptal etme hakk\u0131n\u0131 sakl\u0131 tutmaktad\u0131r. \u015eirket, herhangi bir de\u011fi\u015fiklik veya iptal konusunda M\u00fc\u015fteri\u2019yi makul bir \u015fekilde m\u00fcmk\u00fcn olan en k\u0131sa s\u00fcrede haberdar edecektir. \u00d6nerilen de\u011fi\u015fikliklerin, \u015eirket\u2019in d\u00fc\u015f\u00fcncesine g\u00f6re, ufak ya da b\u00fcy\u00fck \u00e7apta olup olmamas\u0131na ba\u011fl\u0131 olarak daha sonra farkl\u0131 ko\u015fullar uygulanacakt\u0131r.<\/p>\n<p><strong>6.2<\/strong> E\u011fer \u00f6nerilen de\u011fi\u015fiklikler, \u015eirket\u2019in d\u00fc\u015f\u00fcncesine g\u00f6re, ufak ise; \u015eirket, bu alternatif d\u00fczenlemeleri kabul edecek olan M\u00fc\u015fteri\u2019ye bedelsiz olarak alternatif, kar\u015f\u0131la\u015ft\u0131r\u0131labilir d\u00fczenlemeler sunacakt\u0131r.<\/p>\n<p><strong>6.3<\/strong> E\u011fer de\u011fi\u015fiklikler, \u015eirket\u2019in d\u00fc\u015f\u00fcncesine g\u00f6re, b\u00fcy\u00fck \u00e7apta ise; o halde \u015eirket, M\u00fc\u015fteri\u2019ye alternatif d\u00fczenlemeler sunacakt\u0131r ama M\u00fc\u015fteri bu alternatif d\u00fczenlemeleri kabul etmek mecburiyetinde olmayacakt\u0131r.<\/p>\n<p><strong>6.4<\/strong> E\u011fer <strong>6.3<\/strong> numaral\u0131 paragrafta belirtilen durumlarda bu gibi alternatif d\u00fczenlemeler sunulmaz ve M\u00fc\u015fteri sunulan alternatif d\u00fczenlemelerin herhangi birini kabul etmez ise; o halde M\u00fc\u015fteri, ilgili de\u011fi\u015fiklik(ler) hakk\u0131nda M\u00fc\u015fteri\u2019ye 14 g\u00fcnl\u00fck tebli\u011f s\u00fcresi i\u00e7inde rezervasyonu reddedebilmektedir ve bu durumda \u015eirket rezervasyonu iptal edecektir.<\/p>\n<p><strong>6.5<\/strong> E\u011fer M\u00fc\u015fteri <strong>6.3<\/strong> numaral\u0131 paragrafta belirtilen durumlarda rezervasyonu reddeder ise; M\u00fc\u015fteri taraf\u0131ndan taraf\u0131m\u0131za \u00f6denmi\u015f olan b\u00fct\u00fcn para iptal tarihinde, rezervasyon ile ilgili olarak \u015eirket\u2019in makul masraflar\u0131 d\u00fc\u015f\u00fclerek olarak M\u00fc\u015fteri\u2019ye geri \u00f6denecektir.<\/p>\n<p><strong>6.6<\/strong> \u015eirket hi\u00e7bir surette, bir iptale sebep olmayan bir de\u011fi\u015fiklik (maddi veya ba\u015fka t\u00fcrl\u00fc olsa da olmasa da) halinde \u015eirket M\u00fc\u015fteri\u2019ye kar\u015f\u0131 herhangi bir maddi tazminattan sorumlu olmayacakt\u0131r. Bir iptal durumunda ger\u00e7ekle\u015febilecek olan \u015eirket\u2019in herhangi bir sorumlulu\u011fu, yukar\u0131da belirtildi\u011fi gibi paralar\u0131n iadesi ile s\u0131n\u0131rl\u0131 olacakt\u0131r. \u015eirket, M\u00fc\u015fteri\u2019nin y\u00fck\u00fcml\u00fcl\u00fc\u011f\u00fcn\u00fc yerine getirmemesinden kaynaklanan herhangi bir iptalden sorumlu olmayacakt\u0131r.<\/p>\n<p><strong>6.7<\/strong> \u0130ptal ile ilgili olarak yukar\u0131da yer alan h\u00fck\u00fcmler sakl\u0131 kalmak ko\u015fuluyla; e\u011fer \u015eirket M\u00fc\u015fteri\u2019nin G\u00f6k\u00e7e Gemile\u2019deki kirac\u0131 davran\u0131\u015flar\u0131n\u0131n G\u00f6k\u00e7e Gemile veya herhangi bir k\u0131sm\u0131 veya itibar\u0131 i\u00e7in kay\u0131p, hasar veya zarara yol a\u00e7m\u0131\u015f oldu\u011funu (veya yol a\u00e7mas\u0131n\u0131n muhtemel oldu\u011funu) ya da di\u011fer misafirlere kar\u015f\u0131 uygunsuz ya da d\u00fc\u015f\u00fcncesiz oldu\u011funu (veya olmas\u0131n\u0131n muhtemel oldu\u011funu) -makul bir \u015fekilde- d\u00fc\u015f\u00fcn\u00fcr ise \u015eirket M\u00fc\u015fteri\u2019ye sa\u011flamak \u00fczere s\u00f6zle\u015fmeye ba\u011fl\u0131 olarak y\u00fck\u00fcml\u00fc oldu\u011fu hizmeti veya hizmetleri iptal etme ve M\u00fc\u015fteri\u2019nin gecikmeksizin G\u00f6k\u00e7e Gemile\u2019den ayr\u0131lmas\u0131n\u0131 talep etme hakk\u0131n\u0131 sakl\u0131 tutmaktad\u0131r. Bu durumlarda, \u015eirket M\u00fc\u015fteri\u2019ye herhangi bir para iadesi yapmakla y\u00fck\u00fcml\u00fc olmayacakt\u0131r. Ayr\u0131ca, M\u00fc\u015fteri \u015eirket\u2019i herhangi bir kay\u0131p, hasar veya zarardan ve bunlara kar\u015f\u0131 tazmin edecek ve zarar g\u00f6rmemesini (kendi ve \u00e7al\u0131\u015fanlar\u0131, i\u015ftirakleri ve acenteleri nam\u0131na) sa\u011flayacakt\u0131r.<\/p>\n<ol start=\"7\">\n<li><strong> REZERVASYONUN BA\u015eKASINA SATILMASI\/AKTARILMASI (ONWARD SALE\/TRANSFER)<\/strong><\/li>\n<\/ol>\n<p>G\u00f6k\u00e7e Gemile\u2019deki rezervasyonunuz, \u015eirket\u2019in \u00f6nceden yaz\u0131l\u0131 muvafakati olmadan sat\u0131lmamal\u0131, \u00f6d\u00fcl olarak verilmemeli, veya ba\u015fka t\u00fcrl\u00fc yeniden tahsis edilmemeli veya aktar\u0131lmamal\u0131d\u0131r. Bunun gibi her iznin, rezervasyonu nas\u0131l pazarlayabilece\u011finiz ve tan\u0131t\u0131m\u0131n\u0131 yapabilece\u011finiz hususunda k\u0131s\u0131tlamalar kapsayabilmektedir.<\/p>\n<ol start=\"8\">\n<li><strong> \u015e\u0130RKET\u0130N SORUMLULU\u011eU<\/strong><\/li>\n<\/ol>\n<p><strong>8.1<\/strong> Rezerve etmi\u015f oldu\u011funuz konaklaman\u0131n web sitesinde a\u00e7\u0131kland\u0131\u011f\u0131 gibi sunulmu\u015f oldu\u011funu garanti \u00fczere hi\u00e7bir sorumluluk kabul etmemekteyiz. Konaklaman\u0131z\u0131n herhangi bir k\u0131sm\u0131, \u00e7al\u0131\u015fanlar\u0131m\u0131z\u0131n veya acentelerimizin hatas\u0131 dolay\u0131s\u0131yla web sitesinde a\u00e7\u0131kland\u0131\u011f\u0131 gibi temin edilmemi\u015f ve bu durum tatil d\u00fczenlemelerinizi olumsuz olarak etkilemi\u015f ise bunu kaydediniz.<\/p>\n<p>A\u015fa\u011f\u0131daki <strong>8.2<\/strong> numaral\u0131 paragrafa tabi olarak; her durumda sorumlulu\u011fumuz, bizimle konaklaman\u0131z i\u00e7in bize sizin taraf\u0131n\u0131zdan \u00f6denmi\u015f olan b\u00fct\u00fcn tutar\u0131n en fazla iki kat\u0131 ile s\u0131n\u0131rl\u0131 olacakt\u0131r.<\/p>\n<p><strong>8.2<\/strong> <strong>8.1<\/strong> numaral\u0131 paragrafta yer alan hi\u00e7bir husus: bizimle olan konaklaman\u0131z\u0131n temininde istihdamlar\u0131 veya taahh\u00fctleri kapsam\u0131nda -veya esnas\u0131nda- hareket ederken \u00e7al\u0131\u015fanlar\u0131m\u0131z\u0131n veya acentelerimizin ihmal i\u00e7eren eylemleri ve\/veya ihmalleri taraf\u0131ndan yol a\u00e7\u0131lan \u00f6l\u00fcm, yaralanma veya hastal\u0131klara y\u00f6nelik sorumlulu\u011fumuzu hari\u00e7 tutmayacak veya k\u0131s\u0131tlamayacakt\u0131r.<\/p>\n<p><strong>8.3<\/strong>\u00a0\u00a0\u00a0\u00a0\u00a0\u00a0 \u015e\u00fcpheye mahal vermemek a\u00e7\u0131s\u0131ndan \u015eirket, \u015eirket\u2019in kontrol\u00fc d\u0131\u015f\u0131nda ve \u00f6tesinde olan M\u00fc\u015fteri taraf\u0131ndan maruz kal\u0131nan kay\u0131p veya yaralanmadan sorumlu olmayacakt\u0131r (bir ba\u015fka servis sa\u011flay\u0131c\u0131, havayolu, transfer \u015firketi, vs.\u2019den kaynaklanan herhangi bir kay\u0131p veya yaralanma d\u00e2hil, ancak bunlarla s\u0131n\u0131rl\u0131 olmamak kayd\u0131yla). Bu gibi kay\u0131p veya yaralanmay\u0131 kar\u015f\u0131lamak i\u00e7in M\u00fc\u015fterilerimize uygun bir sigorta yapt\u0131rmalar\u0131n\u0131 tavsiye etmekteyiz. \u015eirket, yukar\u0131daki ko\u015fullar ve \u015fartlarda \u00f6ng\u00f6r\u00fclmesi haricindeki durumlarda herhangi bir \u00f6deme yapmakla y\u00fck\u00fcml\u00fc olmayacakt\u0131r.<\/p>\n<ol start=\"9\">\n<li><strong> M\u00dcCB\u0130R SEBEPLER<\/strong><\/li>\n<\/ol>\n<p>Bizler, T\u00fcrkiye Cumhuriyeti h\u00fck\u00fcmetinden ve seyahat etmekte oldu\u011funuz \u00fclkenin h\u00fck\u00fcmetinden al\u0131nan resmi tavsiyeye g\u00f6re hareket etmekteyiz. Sava\u015f, ter\u00f6rizm veya \u00f6zel bir hava olay\u0131 nedeniyle u\u00e7u\u015f yasa\u011f\u0131 ger\u00e7ekle\u015fir ise veya h\u00fck\u00fcmetiniz taraf\u0131ndan seyahatin g\u00fcvenli olmad\u0131\u011f\u0131 y\u00f6n\u00fcnde bilgilendirilirseniz; bu durumda, konaklaman\u0131z\u0131n ileriki bir tarihe ertelenmesi hususunda sizlere yard\u0131mc\u0131 olmak i\u00e7in \u00e7aba sarf edece\u011fiz. E\u011fer konaklaman\u0131z\u0131 ileriki bir tarihe y\u00f6nelik olarak yeniden d\u00fczenlemek m\u00fcmk\u00fcn de\u011fil ise, rezervasyona ili\u015fkin \u015eirket\u2019in makul masraflar d\u00fc\u015f\u00fclerek iptal tarihinde bize M\u00fc\u015fteri taraf\u0131ndan \u00f6denmi\u015f olan b\u00fct\u00fcn paralar M\u00fc\u015fteri\u2019ye geri \u00f6denecektir. \u015eiddetli bir hava olay\u0131 nedeniyle G\u00f6k\u00e7e Gemile\u2019yi erken terk etmeye mecbur kalman\u0131z durumunda, ileriki bir tarihte, kaybedilmi\u015f olan g\u00fcnlerin say\u0131s\u0131na e\u015fde\u011fer olan en iyi alternatif tarihleri size sunmak i\u00e7in makul \u00e7aba sarf edece\u011fiz. E\u011fer sava\u015f, ter\u00f6rizm veya \u015fiddetli hava olaylar\u0131 hakk\u0131nda herhangi bir teredd\u00fct\u00fcn\u00fcz var ise l\u00fctfen bizimle irtibata ge\u00e7in.<\/p>\n<p><strong>10. VER\u0130 KORUMA<\/strong><\/p>\n<p>Bilgileriniz, \u015eirketimiz taraf\u0131ndan T\u00fcrkiye Cumhuriyeti Veri Koruma Mevzuat\u0131 do\u011frultusunda muhafaza edilmektedir. Kanun gere\u011fi, sizin r\u0131zan\u0131z d\u0131\u015f\u0131nda hi\u00e7bir ki\u015fisel bilginizi pazarlama veya ba\u015fka herhangi bir ama\u00e7la herhangi bir \u00fc\u00e7\u00fcnc\u00fc taraf ile payla\u015fmamaktay\u0131z. Otomatik bir \u201conay\u201d politikas\u0131na g\u00f6re \u00e7al\u0131\u015fmaktay\u0131z; bunun anlam\u0131 \u015fudur ki, Villalar\u0131m\u0131zdan biri hakk\u0131nda bizden bilgi talep etmeniz veya bir bilgi talebinde bulunman\u0131z\/rezervasyon yapman\u0131z halinde sizi veritaban\u0131m\u0131za eklemekteyiz ve ilgili promosyonlar, teklifler veya ilgi alan\u0131n\u0131za girebilece\u011fine inand\u0131\u011f\u0131m\u0131z bilgiler hakk\u0131nda zaman zaman sizinle irtibat kurmaktay\u0131z. Sizinle irtibat kurmam\u0131z\u0131 sonland\u0131rmam\u0131z\u0131 istedi\u011finiz zaman, tek yapman\u0131z gereken bize <a href=\"mailto:admin@gokcegemile.com\">admin@gokcegemile.com<\/a> adresinden bir e-posta g\u00f6ndererek bize haber vermektir.<\/p>\n<ol start=\"11\">\n<li><strong> S\u00d6ZLE\u015eMEN\u0130N B\u00dcT\u00dcNL\u00dc\u011e\u00dc\/DE\u011e\u0130\u015e\u0130M\u0130 VE FERAGAT\/TEFR\u0130K<\/strong><\/li>\n<\/ol>\n<p>Bu ko\u015fullar ve \u015fartlar, konu ile ilgili olarak \u015eirket ve M\u00fc\u015fteri aras\u0131nda mutab\u0131k kal\u0131nan b\u00fct\u00fcn hususlar\u0131 ve anla\u015fmalar\u0131 i\u00e7ermektedir ve buna ili\u015fkin olarak taraflar aras\u0131nda daha \u00f6nceki herhangi bir a\u00e7\u0131k veya z\u0131mni anla\u015fma ya da taahh\u00fct\u00fcn yerine ge\u00e7mektedir. \u015eirket, bu ko\u015fullar\u0131 ve \u015fartlar\u0131 zaman zaman modifiye etme hakk\u0131n\u0131 sakl\u0131 tutmaktad\u0131r ve M\u00fc\u015fteri\u2019nin rezervasyonu esnas\u0131nda M\u00fc\u015fteri taraf\u0131ndan temin edilmi\u015f olan e-posta detaylar\u0131n\u0131 kullanarak makul bir \u015fekilde m\u00fcmk\u00fcn olan en k\u0131sa s\u00fcrede M\u00fc\u015fteri\u2019yi herhangi bir de\u011fi\u015fiklik hakk\u0131nda bilgilendirecektir. Tadil edilmi\u015f olan ko\u015fullar ve \u015fartlar, bu bilgilendirme tarihinden sonra ba\u015flayan herhangi bir M\u00fc\u015fteri rezervasyonu i\u00e7in ge\u00e7erli olacakt\u0131r. Bu paragraf uyar\u0131nca \u015eirket taraf\u0131ndan yap\u0131lmad\u0131\u011f\u0131 ve M\u00fc\u015fteri\u2019ye bildirilmedi\u011fi s\u00fcrece bu ko\u015fullar ve \u015fartlar\u0131n hi\u00e7bir ba\u015fka de\u011fi\u015fimi, feragat\u0131 veya y\u00fcr\u00fcrl\u00fckten kald\u0131r\u0131lmas\u0131 s\u00f6z konusu olmayacakt\u0131r. Bu ko\u015fullar ve \u015fartlar\u0131n herhangi bir k\u0131sm\u0131n\u0131n herhangi bir ge\u00e7erli yasa nedeniyle h\u00fck\u00fcms\u00fcz ya da uygulanamaz olmas\u0131 halinde, s\u00f6z konusu k\u0131s\u0131m silinmi\u015f olarak kabul edilecektir ve bu ko\u015fullar ve \u015fartlar\u0131n geriye kalan h\u00fck\u00fcmleri, tam olarak y\u00fcr\u00fcrl\u00fckte kalacakt\u0131r.<\/p>\n<ol start=\"12\">\n<li><strong> GE\u00c7ERL\u0130 KANUN VE YARGI YETK\u0130S\u0130<\/strong><\/li>\n<\/ol>\n<p>Bu ko\u015fullar ve \u015fartlar, T\u00fcrkiye Cumhuriyeti kanunlar\u0131na g\u00f6re uygulanacak ve yorumlanacakt\u0131r ve T\u00fcrkiye\/Fethiye Cumhuriyeti mahkemelerinin m\u00fcnhas\u0131r yarg\u0131 hakk\u0131 ve yetkisine tabi olacakt\u0131r; ancak, \u015eirket M\u00fc\u015fteri\u2019nin vatanda\u015f\u0131 oldu\u011fu, ikamet etti\u011fi veya bir i\u015f yerine sahip oldu\u011fu herhangi bir \u00fclkenin mahkemelerinde M\u00fc\u015fteri aleyhinde s\u00f6zle\u015fmeyi uygulamaya yetkili olacakt\u0131r.<\/p>\n<p><strong>\u00d6NEML\u0130 B\u0130LG\u0130LER<\/strong><\/p>\n<ul>\n<li>Misafirlerimizin G\u00f6k\u00e7e Gemile\u2019de kald\u0131klar\u0131 esnada di\u011fer misafirlere kar\u015f\u0131 her zaman sayg\u0131l\u0131 ve d\u00fc\u015f\u00fcnceli olmalar\u0131n\u0131 rica ederiz. G\u00f6k\u00e7e Gemile giyim kurallar\u0131 misafirlerin ana plaj, asans\u00f6r ve ortak eri\u015fim yollar\u0131 ve patikalar\u0131 d\u00e2hil G\u00f6k\u00e7e Gemile\u2019nin b\u00fct\u00fcn ortak kullan\u0131m alanlar\u0131nda sa\u011fduyulu ve d\u00fc\u015f\u00fcnceli bir bi\u00e7imde giyinmelerini gerektirmektedir.<\/li>\n<li>Misafirlerimizin villalar\u0131n\u0131n i\u00e7erisinde sigara i\u00e7memelerini rica ederiz. Villa bah\u00e7elerinde sigara i\u00e7ilmesine izin verilmekle birlikte, l\u00fctfen temin edilmi\u015f olan k\u00fcll\u00fckleri kullan\u0131n\u0131z ve izmaritleri bilin\u00e7li bir \u015fekilde at\u0131n\u0131z. Bu talebi yerine getirmemeniz, bir temizlik \u00fccreti \u00f6demenize yol a\u00e7abilmektedir. Villan\u0131n herhangi bir sigara yan\u0131\u011f\u0131, t\u00fct\u00fcn kokusu ya da duman nedeniyle hasar g\u00f6rmesi y\u00fcz\u00fcnden sonraki misafirler i\u00e7in uygun bir durumda olmamas\u0131 h\u00e2linde; \u015eirket su\u00e7u i\u015fleyen ki\u015fiden bir kira \u00f6demesi talep etme hakk\u0131n\u0131 sakl\u0131 tutmaktad\u0131r. G\u00f6k\u00e7e Gemile\u2019ye araba ile gelirken i\u00e7mekte oldu\u011funuz herhangi bir sigara arac\u0131n k\u00fcll\u00fc\u011f\u00fcne at\u0131lmas\u0131n\u0131 rica ederiz ve her ne suretle olursa olsun l\u00fctfen sigaran\u0131z\u0131 pencereden d\u0131\u015far\u0131 atmay\u0131n\u0131z.<\/li>\n<li>Asans\u00f6r ve \u00e7evresindeki alanda sigara i\u00e7mek, yang\u0131n riski nedeniyle daima kesinlikle yasakt\u0131r. Bu alanda sigara i\u00e7mek yasalara ayk\u0131r\u0131d\u0131r ve herhangi bir ihlal halinde, ciddi \u00e7evresel sonu\u00e7lar meydana gelebilmektedir. Dolay\u0131s\u0131yla, \u015eirket su\u00e7u i\u015fleyen ki\u015fi ile ilgili olarak ko\u015fullar ve \u015fartlar b\u00f6l\u00fcm\u00fcndeki madde 6.7\u2019yi uygulama hakk\u0131n\u0131 sakl\u0131 tutmaktad\u0131r.<\/li>\n<li>L\u00fctfen ko\u015fullar ve \u015fartlar\u0131 dikkatli bir \u015fekilde okuyunuz. \u0130lk depozitonuzun \u00f6denmesi, ko\u015fullar ve \u015fartlar\u0131m\u0131z\u0131n kabul edilmi\u015f ve anla\u015f\u0131lm\u0131\u015f olmas\u0131n\u0131 te\u015fkil etmektedir.<\/li>\n<li>L\u00fctfen ilk depozitonuzu \u00f6demeden \u00f6nce yukar\u0131daki ayr\u0131nt\u0131lar\u0131 dikkatli bir \u015fekilde kontrol ediniz ve herhangi bir hata hakk\u0131nda bizi hemen bilgilendiriniz.<\/li>\n<li>B\u00fct\u00fcn de\u011fi\u015fiklikler yaz\u0131l\u0131 olarak bildirilmelidir ve de\u011fi\u015fikliklerin \u015eirket taraf\u0131ndan kabul edilmi\u015f oldu\u011funu teyit eden yaz\u0131l\u0131 bildirime kadar hi\u00e7bir de\u011fi\u015fiklik kesin olarak teyit edilmemektedir.<\/li>\n<li>%2.5 oran\u0131ndaki hizmet \u00fccreti hari\u00e7, t\u00fcm \u00f6demelerin iade edilmez oldu\u011funu l\u00fctfen g\u00f6z \u00f6n\u00fcnde bulundurunuz.<\/li>\n<li>Herhangi bir ekstra veya \u00f6denmemi\u015f olan mebla\u011f, ayr\u0131lmadan \u00f6nce veya sonra \u015eirket\u2019e do\u011frudan \u00f6denmelidir.<\/li>\n<li>Yeni giri\u015flerin 16:00\u2019dan sonra olabilece\u011fini ve \u00e7\u0131k\u0131\u015flar\u0131n ise 12:00\u2019den \u00f6nce olabilece\u011fini l\u00fctfen g\u00f6z \u00f6n\u00fcnde bulundurunuz. Erken giri\u015fler ve ge\u00e7 \u00e7\u0131k\u0131\u015flar, G\u00f6k\u00e7e Gemile y\u00f6netiminin takdirindedir ve ek bir \u00fccrete tabi olabilmektedir.<\/li>\n<li>G\u00f6k\u00e7e Gemile\u2019nin gizlilik konsepti dolay\u0131s\u0131yla, rezervasyonunuz bizim yaz\u0131l\u0131 iznimiz olmadan her kim olursa olsun ba\u015fkas\u0131na sat\u0131lamaz, bir \u00f6d\u00fcl veya bir ikramiye olarak verilemez veya aktar\u0131lamaz. Daha fazla bilgi i\u00e7in, l\u00fctfen \u015fartlar b\u00f6l\u00fcm\u00fcndeki madde 8\u2019e bak\u0131n\u0131z.<\/li>\n<li>G\u00f6k\u00e7e Gemile\u2019de film ve foto\u011fraf \u00e7ekimine sadece \u00f6zel ama\u00e7lara y\u00f6nelik olarak izin vermekteyiz. \u00d6ncesinde yaz\u0131l\u0131 onay\u0131m\u0131z al\u0131nmadan her kim olursa olsun hi\u00e7bir profesyonel \u00e7ekim veya foto\u011fraf \u00e7ekimi yap\u0131lamaz.<\/li>\n<li>G\u00f6k\u00e7e Gemile\u2019de \u015fahsi dronlar\u0131n kullan\u0131m\u0131 kesinlikle yasakt\u0131r.<\/li>\n<\/ul>\n<p>&nbsp;<\/p>\n[\/vc_column_text][\/vc_column][\/vc_row]\n","protected":false},"excerpt":{"rendered":"<p>[vc_row type=&#8221;in_container&#8221; full_screen_row_position=&#8221;middle&#8221; scene_position=&#8221;center&#8221; text_color=&#8221;dark&#8221; text_align=&#8221;left&#8221; overlay_strength=&#8221;0.3&#8243; shape_divider_position=&#8221;bottom&#8221;][vc_column column_padding=&#8221;no-extra-padding&#8221; column_padding_position=&#8221;all&#8221; background_color_opacity=&#8221;1&#8243; background_hover_color_opacity=&#8221;1&#8243; column_shadow=&#8221;none&#8221; column_border_radius=&#8221;none&#8221; width=&#8221;1\/1&#8243; tablet_text_alignment=&#8221;default&#8221; phone_text_alignment=&#8221;default&#8221; column_border_width=&#8221;none&#8221; column_border_style=&#8221;solid&#8221;][vc_column_text] Ko\u015fullar&amp;\u015eartlar [\/vc_column_text][vc_column_text] TANIMLAR VE TARAFLAR Bu ko\u015fullar ve \u015fartlarda: \u201c\u015eirket\u201d: tescil&#8230;<\/p>\n","protected":false},"author":1,"featured_media":0,"parent":0,"menu_order":0,"comment_status":"closed","ping_status":"closed","template":"","meta":{"footnotes":""},"class_list":["post-5661","page","type-page","status-publish"],"_links":{"self":[{"href":"https:\/\/eski.gokcegemile.com\/tr\/wp-json\/wp\/v2\/pages\/5661\/"}],"collection":[{"href":"https:\/\/eski.gokcegemile.com\/tr\/wp-json\/wp\/v2\/pages\/"}],"about":[{"href":"https:\/\/eski.gokcegemile.com\/tr\/wp-json\/wp\/v2\/types\/page\/"}],"author":[{"embeddable":true,"href":"https:\/\/eski.gokcegemile.com\/tr\/wp-json\/wp\/v2\/users\/1\/"}],"replies":[{"embeddable":true,"href":"https:\/\/eski.gokcegemile.com\/tr\/wp-json\/wp\/v2\/comments\/?post=5661"}],"version-history":[{"count":2,"href":"https:\/\/eski.gokcegemile.com\/tr\/wp-json\/wp\/v2\/pages\/5661\/revisions\/"}],"predecessor-version":[{"id":9435,"href":"https:\/\/eski.gokcegemile.com\/tr\/wp-json\/wp\/v2\/pages\/5661\/revisions\/9435\/"}],"wp:attachment":[{"href":"https:\/\/eski.gokcegemile.com\/tr\/wp-json\/wp\/v2\/media\/?parent=5661"}],"curies":[{"name":"wp","href":"https:\/\/api.w.org\/{rel}","templated":true}]}}