{"id":5665,"date":"2018-07-13T00:58:33","date_gmt":"2018-07-12T21:58:33","guid":{"rendered":"https:\/\/eski.gokcegemile.com\/gokce-gemile-book-inquire\/"},"modified":"2024-09-09T06:44:25","modified_gmt":"2024-09-09T03:44:25","slug":"gokce-gemile-book-inquire","status":"publish","type":"page","link":"https:\/\/eski.gokcegemile.com\/tr\/gokce-gemile-book-inquire\/","title":{"rendered":"Rezervasyon | Sorgu"},"content":{"rendered":"[vc_row type=&#8221;in_container&#8221; full_screen_row_position=&#8221;middle&#8221; scene_position=&#8221;center&#8221; text_color=&#8221;dark&#8221; text_align=&#8221;left&#8221; overlay_strength=&#8221;0.3&#8243; shape_divider_position=&#8221;bottom&#8221;][vc_column column_padding=&#8221;no-extra-padding&#8221; column_padding_position=&#8221;all&#8221; background_color_opacity=&#8221;1&#8243; background_hover_color_opacity=&#8221;1&#8243; column_shadow=&#8221;none&#8221; column_border_radius=&#8221;none&#8221; width=&#8221;1\/1&#8243; tablet_text_alignment=&#8221;default&#8221; phone_text_alignment=&#8221;default&#8221; column_border_width=&#8221;none&#8221; column_border_style=&#8221;solid&#8221;]<div style=\"height: 780px\" data-midnight=\"nectar-slider\" class=\"parallax_slider_outer \"><div style=\"height: 780px;\" nihat=\"Cakar\"  data-transition=\"slide\" data-overall_style=\"classic\" data-flexible-height=\"true\" data-animate-in-effect=\"none\" data-fullscreen=\"false\" data-button-sizing=\"regular\" data-button-styling=\"btn_with_count\" data-autorotate=\"\" data-parallax=\"true\" data-full-width=\"true\" class=\"nectar-slider-wrap \" id=\"ns-id-6a0545b617355\">\n\t\t\t<div style=\"height: 780px\" class=\"swiper-container\"  data-tho=\"auto\" data-tco=\"auto\" data-pho=\"auto\" data-pco=\"auto\" data-loop=\"false\" data-height=\"780\" data-min-height=\"\" data-arrows=\"true\" data-bullets=\"false\" data-bullet_style=\"see_through\" data-desktop-swipe=\"false\" data-settings=\"\">\n\t\t\t\t    <div class=\"swiper-wrapper\"><div class=\"swiper-slide\" data-bg-alignment=\"center\" data-color-scheme=\"light\" data-x-pos=\"center\" data-y-pos=\"middle\"> \n\t\t\t\t\t\t\t\t<div class=\"image-bg\" style=\"background-image: url(https:\/\/eski.gokcegemile.com\/wp-content\/uploads\/2021\/12\/GokceGemile-About_9.jpg);\"> &nbsp; <\/div><div class=\"video-texture \"> <span class=\"ie-fix\"><\/span> <\/div><\/div><!--\/swiper-slide--><div class=\"swiper-slide\" data-bg-alignment=\"center\" data-color-scheme=\"light\" data-x-pos=\"center\" data-y-pos=\"middle\"> \n\t\t\t\t\t\t\t\t<div class=\"image-bg\" style=\"background-image: url(https:\/\/eski.gokcegemile.com\/wp-content\/uploads\/2021\/12\/GokceGemile-About_1.jpg);\"> &nbsp; <\/div><div class=\"video-texture \"> <span class=\"ie-fix\"><\/span> <\/div><\/div><!--\/swiper-slide--><div class=\"swiper-slide\" data-bg-alignment=\"center\" data-color-scheme=\"light\" data-x-pos=\"left\" data-y-pos=\"middle\"> \n\t\t\t\t\t\t\t\t<div class=\"image-bg\" style=\"background-image: url(https:\/\/eski.gokcegemile.com\/wp-content\/uploads\/2019\/12\/About-Banner-6-780.jpg);\"> &nbsp; <\/div><div class=\"video-texture \"> <span class=\"ie-fix\"><\/span> <\/div><\/div><!--\/swiper-slide--><div class=\"swiper-slide\" data-bg-alignment=\"center\" data-color-scheme=\"light\" data-x-pos=\"left\" data-y-pos=\"middle\"> \n\t\t\t\t\t\t\t\t<div class=\"image-bg\" style=\"background-image: url(https:\/\/eski.gokcegemile.com\/wp-content\/uploads\/2019\/12\/About-Banner-5-780.jpg);\"> &nbsp; <\/div><div class=\"video-texture \"> <span class=\"ie-fix\"><\/span> <\/div><\/div><!--\/swiper-slide--><div class=\"swiper-slide\" data-bg-alignment=\"center\" data-color-scheme=\"light\" data-x-pos=\"left\" data-y-pos=\"middle\"> \n\t\t\t\t\t\t\t\t<div class=\"image-bg\" style=\"background-image: url(https:\/\/eski.gokcegemile.com\/wp-content\/uploads\/2019\/12\/About-Banner-3.jpg);\"> &nbsp; <\/div><div class=\"video-texture \"> <span class=\"ie-fix\"><\/span> <\/div><\/div><!--\/swiper-slide--><div class=\"swiper-slide\" data-bg-alignment=\"center\" data-color-scheme=\"light\" data-x-pos=\"left\" data-y-pos=\"middle\"> \n\t\t\t\t\t\t\t\t<div class=\"image-bg\" style=\"background-image: url(https:\/\/eski.gokcegemile.com\/wp-content\/uploads\/2019\/12\/About-Banner-7-780.jpg);\"> &nbsp; <\/div><div class=\"video-texture \"> <span class=\"ie-fix\"><\/span> <\/div><\/div><!--\/swiper-slide--><div class=\"swiper-slide\" data-bg-alignment=\"center\" data-color-scheme=\"light\" data-x-pos=\"center\" data-y-pos=\"middle\"> \n\t\t\t\t\t\t\t\t<div class=\"image-bg\" style=\"background-image: url(https:\/\/eski.gokcegemile.com\/wp-content\/uploads\/2021\/12\/GokceGemile-About_8-1.jpg);\"> &nbsp; <\/div><div class=\"video-texture \"> <span class=\"ie-fix\"><\/span> <\/div><\/div><!--\/swiper-slide--><\/div><a href=\"\" class=\"slider-prev\"><i class=\"icon-salient-left-arrow\"><\/i> <div class=\"slide-count\"> <span class=\"slide-current\">1<\/span> <i class=\"icon-salient-right-line\"><\/i> <span class=\"slide-total\"><\/span> <\/div> <\/a>\n\t\t\t\t     \t\t<a href=\"\" class=\"slider-next\"><i class=\"icon-salient-right-arrow\"><\/i> <div class=\"slide-count\"> <span class=\"slide-current\">1<\/span> <i class=\"icon-salient-right-line\"><\/i> <span class=\"slide-total\"><\/span> <\/div> <\/a><div class=\"nectar-slider-loading \"> <span class=\"loading-icon none\">   <\/span> <\/div> <\/div> \n\t\t\t\t\n\t\t\t<\/div><\/div>[\/vc_column][\/vc_row][vc_row type=&#8221;in_container&#8221; full_screen_row_position=&#8221;middle&#8221; scene_position=&#8221;center&#8221; text_color=&#8221;dark&#8221; text_align=&#8221;left&#8221; overlay_strength=&#8221;0.3&#8243; shape_divider_position=&#8221;bottom&#8221;][vc_column column_padding=&#8221;no-extra-padding&#8221; column_padding_position=&#8221;all&#8221; background_color_opacity=&#8221;1&#8243; background_hover_color_opacity=&#8221;1&#8243; column_shadow=&#8221;none&#8221; column_border_radius=&#8221;none&#8221; width=&#8221;1\/1&#8243; tablet_text_alignment=&#8221;default&#8221; phone_text_alignment=&#8221;default&#8221; column_border_width=&#8221;none&#8221; column_border_style=&#8221;solid&#8221;]<div class=\"divider-wrap\"><div style=\"height: 25px;\" class=\"divider\"><\/div><\/div>[vc_column_text]\n<h2><strong>Rezervasyon &amp; Bilgi Edinme<\/strong><\/h2>\n[\/vc_column_text]<div class=\"divider-wrap\"><div style=\"height: 25px;\" class=\"divider\"><\/div><\/div>[vc_column_text]G\u00f6k\u00e7e Gemile tatil deneyiminizin ilk ad\u0131m\u0131na ho\u015f geldiniz! G\u00f6k\u00e7e Gemile\u2019de, ziyaretinizin en ince ayr\u0131nt\u0131s\u0131n\u0131n bile, ihtiya\u00e7lar\u0131n\u0131z ve arzular\u0131n\u0131z do\u011frultusunda kusursuz olmas\u0131n\u0131 sa\u011flamak i\u00e7in titiz bir \u00e7al\u0131\u015fma y\u00fcr\u00fctmekteyiz. Bu do\u011frultuda, web sitemizde online rezervasyon hizmeti sunmamaktay\u0131z. Bunun yerine, bize telefonla veya e-posta yoluyla ula\u015fman\u0131z\u0131 ya da alternatif olarak cep telefonu ileti\u015fim numaran\u0131z\u0131 vererek, a\u015fa\u011f\u0131daki Bilgi Edinme ba\u011flant\u0131s\u0131n\u0131 kullanarak detaylar\u0131n\u0131z\u0131 g\u00f6ndermenizi rica ediyoruz. B\u00f6ylece, tarihler, m\u00fcsaitlik ve taleplerinizi g\u00f6r\u00fc\u015febiliriz. Bu y\u00f6ntemle, G\u00f6k\u00e7e Gemile tatil deneyiminizin en iyi \u015fekilde ba\u015flamas\u0131n\u0131 sa\u011flamay\u0131 hedefliyoruz.<\/p>\n<p>G\u00f6k\u00e7e Gemile, l\u00fcks hizmetler ile e\u015fsiz bir tatil deneyimi sunan, e\u015fi bulunmaz ve d\u00fcnya standartlar\u0131nda bir tatil konseptidir. D\u00fcnyan\u0131n s\u0131ra d\u0131\u015f\u0131 g\u00fczellikteki bir b\u00f6lgesinde yapaca\u011f\u0131n\u0131z tatilinizi, g\u00f6r\u00fc\u015fmek \u00fczere diledi\u011finiz zaman G\u00f6k\u00e7e Gemile\u2019de bizimle irtibata ge\u00e7mekten l\u00fctfen \u00e7ekinmeyin.<\/p>\n<h4>(2025) Fiyatlar<\/h4>\n<p>Fiyatlar, 7 gecelik s\u00fcre i\u00e7in, ev ba\u015f\u0131na Euro (\u20ac) olarak g\u00f6sterilmektedir.[\/vc_column_text]<div class=\"divider-wrap\"><div style=\"height: 25px;\" class=\"divider\"><\/div><\/div>[vc_column_text]<strong>(2025)<\/strong><strong>Fiyatlar 7 gecelik s\u00fcre i\u00e7in, ev ba\u015f\u0131na (\u20ac) \u00a0olarak g\u00f6sterilmektedir.<\/strong>[\/vc_column_text][vc_column_text]\n<table id=\"tablepress-11\" class=\"tablepress tablepress-id-11\">\n<thead>\n<tr class=\"row-1\">\n\t<th class=\"column-1\">Oda - Kahvalt\u0131<\/th><th class=\"column-2\">1 Nisan-31 May\u0131s<\/th><th class=\"column-3\">01Tem - 31 A\u011fustos<\/th><th class=\"column-4\">1 -30 Haz,1Eyl\u00fcl-31Ekim<\/th>\n<\/tr>\n<\/thead>\n<tbody class=\"row-striping row-hover\">\n<tr class=\"row-2\">\n\t<td class=\"column-1\">Elmal\u0131 (6 ki\u015fi)<\/td><td class=\"column-2\">\u20ac8.000<\/td><td class=\"column-3\">\u20ac11.000<\/td><td class=\"column-4\">\u20ac9.000<\/td>\n<\/tr>\n<tr class=\"row-3\">\n\t<td class=\"column-1\">Gemile (8 Ki\u015fi) Ana evde 6 ki\u015fi + Havuz evinde 2 ki\u015fi<\/td><td class=\"column-2\">\u20ac9.000<\/td><td class=\"column-3\">\u20ac14.000<\/td><td class=\"column-4\">\u20ac11.000<\/td>\n<\/tr>\n<tr class=\"row-4\">\n\t<td class=\"column-1\">G\u00f6k\u00e7e (8 Ki\u015fi) Ana evde 6 ki\u015fi + Havuz evinde 2 ki\u015fi<\/td><td class=\"column-2\">\u20ac12.000<\/td><td class=\"column-3\">\u20ac19.000<\/td><td class=\"column-4\">\u20ac14.000<\/td>\n<\/tr>\n<tr class=\"row-5\">\n\t<td class=\"column-1\">M\u00fclk\u00fcn Tamam\u0131  (\u0130lk 6 misafir dahil, 22 Ki\u015fi)<\/td><td class=\"column-2\">\u20ac29.000<\/td><td class=\"column-3\">\u20ac44.000<\/td><td class=\"column-4\">\u20ac34.000<\/td>\n<\/tr>\n<tr class=\"row-6\">\n\t<td class=\"column-1\">Ek Misafirler (ki\u015fi ba\u015f\u0131)<\/td><td class=\"column-2\">\u20ac500<\/td><td class=\"column-3\">\u20ac500<\/td><td class=\"column-4\">\u20ac500<\/td>\n<\/tr>\n<\/tbody>\n<tfoot>\n<tr class=\"row-7\">\n\t<th colspan=\"4\" class=\"column-1\">Her bir ev i\u00e7in g\u00f6sterilen fiyat (ki\u015fi ba\u015f\u0131na de\u011fildir), 7 gece i\u00e7in<br \/>\n ilk 2 misafiri kapsamaktad\u0131r. Ek misafirler i\u00e7in (2 ya\u015f + \u00fczeri) fiyat, s\u00fcre ne olursa olsun ki\u015fi ba\u015f\u0131na \u20ac500. dur.<\/th>\n<\/tr>\n<\/tfoot>\n<\/table>\n<!-- #tablepress-11 from cache -->[\/vc_column_text][\/vc_column][\/vc_row][vc_row type=&#8221;in_container&#8221; full_screen_row_position=&#8221;middle&#8221; scene_position=&#8221;center&#8221; text_color=&#8221;dark&#8221; text_align=&#8221;left&#8221; overlay_strength=&#8221;0.3&#8243; shape_divider_position=&#8221;bottom&#8221;][vc_column column_padding=&#8221;padding-4-percent&#8221; column_padding_position=&#8221;all&#8221; background_color=&#8221;#e0e0e0&#8243; background_color_opacity=&#8221;0.3&#8243; background_hover_color_opacity=&#8221;1&#8243; column_shadow=&#8221;none&#8221; column_border_radius=&#8221;none&#8221; bottom_margin=&#8221;10&#8243; width=&#8221;1\/2&#8243; tablet_text_alignment=&#8221;default&#8221; phone_text_alignment=&#8221;default&#8221; column_border_width=&#8221;none&#8221; column_border_style=&#8221;solid&#8221;][vc_column_text]<strong>Dahil olan hizmetler<\/strong><\/p>\n<p>&nbsp;<\/p>\n<ul>\n<li>Konaklama baz\u0131nda: Oda&amp;Kahvalt\u0131<\/li>\n<li>\u00d6zel havaalan\u0131 transferi<\/li>\n<li>Konsiyerj hizmetleri<\/li>\n<li>\u00d6zel otopark olanaklar\u0131<\/li>\n<li>G\u00fcnl\u00fck bak\u0131m ve temizlik hizmetleri (iki g\u00fcnde bir havlu ve \u00e7ar\u015faf de\u011fi\u015fimi)<\/li>\n<li>Arazi bak\u0131m\u0131 ve 24 saat g\u00fcvenlik ekibi<\/li>\n<li>Plaj ve kafe hizmetleri<\/li>\n<li>\u0130yi haz\u0131rlanm\u0131\u015f kar\u015f\u0131lama sepeti<\/li>\n<li>Var\u0131\u015f ak\u015fam\u0131 i\u00e7in Akdeniz mezeleri ve mevsim meyveleri<\/li>\n<li>Her eve i\u00e7me suyu temin edilir.<\/li>\n<li>Motorsuz su sporlar\u0131 ekipmanlar\u0131<\/li>\n<li>Her villada masa tenisi<\/li>\n<li>Plaj\u00a0 pe\u015ftemal\u0131 ve havlu hizmetleri<\/li>\n<\/ul>\n[\/vc_column_text][\/vc_column][vc_column column_padding=&#8221;padding-4-percent&#8221; column_padding_position=&#8221;all&#8221; background_color=&#8221;#e0e0e0&#8243; background_color_opacity=&#8221;0.3&#8243; background_hover_color_opacity=&#8221;1&#8243; column_shadow=&#8221;none&#8221; column_border_radius=&#8221;none&#8221; bottom_margin=&#8221;10&#8243; width=&#8221;1\/2&#8243; tablet_text_alignment=&#8221;default&#8221; phone_text_alignment=&#8221;default&#8221; column_border_width=&#8221;none&#8221; column_border_style=&#8221;solid&#8221;][vc_column_text]<strong>Ek \u00fccret kar\u015f\u0131l\u0131\u011f\u0131nda<\/strong><\/p>\n<p><strong>L\u00fctfen dikkate al\u0131n\u0131z a\u015fa\u011f\u0131da ki hizmetler i\u00e7in \u00f6nceden bildirim gerekmektedir.<\/strong><\/p>\n<ul>\n<li>\u00d6zel ah\u00e7\u0131 servisi ile tam\/yar\u0131m pansiyon<\/li>\n<li>Ev yard\u0131mc\u0131lar\u0131<\/li>\n<li>Bebek ve \u00e7ocuk bak\u0131m hizmetleri<\/li>\n<li>Villa giri\u015f \u00f6ncesi \u00f6n haz\u0131rl\u0131k ve al\u0131\u015fveri\u015f hizmetleri<\/li>\n<li>Jet\u00a0 ski<\/li>\n<li>T\u00fcpl\u00fc dal\u0131\u015f<\/li>\n<li>Ara\u00e7 kiralama<\/li>\n<li>G\u00fcnl\u00fck\u00a0 mavi tur<\/li>\n<li>Yoga<\/li>\n<li>Uzmanl\u0131k gerektiren SPA hizmetleri &amp; tedaviler<\/li>\n<li>\u00c7ama\u015f\u0131rhane hizmetleri<\/li>\n<li>Aktiviteler&amp;Geziler<\/li>\n<li>Yelken kursu<\/li>\n<\/ul>\n[\/vc_column_text][\/vc_column][\/vc_row][vc_row type=&#8221;in_container&#8221; full_screen_row_position=&#8221;middle&#8221; scene_position=&#8221;center&#8221; text_color=&#8221;dark&#8221; text_align=&#8221;left&#8221; overlay_strength=&#8221;0.3&#8243; shape_divider_position=&#8221;bottom&#8221;][vc_column column_padding=&#8221;padding-2-percent&#8221; column_padding_position=&#8221;all&#8221; background_color_opacity=&#8221;0.3&#8243; background_hover_color_opacity=&#8221;1&#8243; column_shadow=&#8221;none&#8221; column_border_radius=&#8221;none&#8221; width=&#8221;1\/1&#8243; tablet_text_alignment=&#8221;default&#8221; phone_text_alignment=&#8221;default&#8221; column_border_width=&#8221;none&#8221; column_border_style=&#8221;solid&#8221;][vc_column_text]\n<h2>Daha fazla bilgi<\/h2>\n<h3><strong>Fiyatlar, ilk 2 misafirin kald\u0131\u011f\u0131 her bir ev i\u00e7in 7 gece olarak g\u00f6sterilmektedir.<\/strong><\/h3>\n<p>Her bir ek misafir i\u00e7in (2 ya\u015f ve \u00fczeri) fiyat, s\u00fcre ne olursa olsun,<\/p>\n<p>\u20ac500 dur. \u00f6rne\u011fin, Ekim ay\u0131nda Elmal\u0131 6 ki\u015filik bir grup 7 gece i\u00e7in \u20ac9.000+(\u20ac500\u00d74) = \u20ac11.000\u00a0 veya ki\u015fi ba\u015f\u0131na haftal\u0131k sadece \u20ac 1.833 olacakt\u0131r.<\/p>\n<h5><strong>Var\u0131\u015f G\u00fcn\u00fc &amp; Di\u011fer S\u00fcreler<\/strong><\/h5>\n<p>Misafirler m\u00fcsait olan herhangi bir g\u00fcnde\u00a0 minimum konaklama s\u00fcresi 5 g\u00fcn olacak \u015fekilde\u00a0 gelebilirler:<\/p>\n<p>&nbsp;<\/p>\n<h4 class=\"pa\">M\u00fcsaitlik&amp; Rezervasyon<\/h4>\n<p>Tatilinizi g\u00f6r\u00fc\u015fmek ve rezerve etmek i\u00e7in ileti\u015fime ge\u00e7ece\u011finiz ki\u015fi, G\u00f6k\u00e7e Gemile ile alakal\u0131 her konuda bilgi sahibidir. Bu sayede, tatiliniz ve konaklaman\u0131z boyunca alm\u0131\u015f oldu\u011funuz hizmetlerin m\u00fckemmel olmas\u0131n\u0131 sa\u011flamak i\u00e7in en iyi \u00f6nerileri sunuyoruz. G\u00f6k\u00e7e Gemile\u2019deki tatilinizi g\u00f6r\u00fc\u015fmek ve rezerve etmek i\u00e7in l\u00fctfen bizi aramaktan, e-posta veya bilgi edinme talebi g\u00f6ndermekten \u00e7ekinmeyin.[\/vc_column_text]<div class=\"divider-wrap\"><div style=\"height: 25px;\" class=\"divider\"><\/div><\/div>[vc_column_text]Tatilinizi g\u00f6r\u00fc\u015fmek ve rezerve etmek i\u00e7in ileti\u015fime ge\u00e7ece\u011finiz ki\u015fi, G\u00f6k\u00e7e Gemile ile alakal\u0131 olarak en ince ayr\u0131nt\u0131 hakk\u0131nda dahi bilgi sahibidir ve sizlere yard\u0131mc\u0131 olmaktan son derece mutlu olacakt\u0131r. G\u00f6k\u00e7e Gemile\u2019deki tatiliniz ve konaklaman\u0131z boyunca, alm\u0131\u015f oldu\u011funuz hizmetlerin m\u00fckemmel olmas\u0131n\u0131 sa\u011flamak i\u00e7in, sizlere en iyi \u00f6nerileri sunmaktay\u0131z.<\/p>\n<p><strong>G\u00f6k\u00e7e Gemile\u2019deki tatilinizi g\u00f6r\u00fc\u015fmek ve rezerve etmek i\u00e7in l\u00fctfen bizi aramaktan, e-posta veya bilgi edinme talebi g\u00f6ndermekten \u00e7ekinmeyiniz.<\/strong><br \/>\n[\/vc_column_text][nectar_btn size=&#8221;jumbo&#8221; button_style=&#8221;regular&#8221; button_color_2=&#8221;Extra-Color-1&#8243; icon_family=&#8221;none&#8221; url=&#8221;https:\/\/eski.gokcegemile.com\/tr\/gokce-gemile-contact\/&#8221; text=&#8221;Rezervasyon&#8221;][\/vc_column][\/vc_row][vc_row type=&#8221;in_container&#8221; full_screen_row_position=&#8221;middle&#8221; scene_position=&#8221;center&#8221; text_color=&#8221;dark&#8221; text_align=&#8221;left&#8221; overlay_strength=&#8221;0.3&#8243; shape_divider_position=&#8221;bottom&#8221;][vc_column column_padding=&#8221;padding-2-percent&#8221; column_padding_position=&#8221;all&#8221; background_color=&#8221;#e0e0e0&#8243; background_color_opacity=&#8221;0.3&#8243; background_hover_color_opacity=&#8221;1&#8243; column_shadow=&#8221;none&#8221; column_border_radius=&#8221;none&#8221; width=&#8221;1\/1&#8243; tablet_text_alignment=&#8221;default&#8221; phone_text_alignment=&#8221;default&#8221; column_border_width=&#8221;none&#8221; column_border_style=&#8221;solid&#8221;][vc_column_text]\n<strong>\u00d6deme \u015eartlar\u0131<\/strong><br \/>\n[\/vc_column_text]<div class=\"divider-wrap\"><div style=\"height: 25px;\" class=\"divider\"><\/div><\/div>[vc_column_text]Rezervasyon onay\u0131 i\u00e7in toplam konaklama bedel tutar\u0131n\u0131n, otele giri\u015f g\u00fcn\u00fcnden 90 g\u00fcn \u00f6ncesine kadar yap\u0131lmas\u0131 gerekmektedir.<\/p>\n<p>Ayr\u0131ca otele var\u0131\u015f tarihinden 90 g\u00fcn \u00f6ncesine<br \/>\nKadar talep edilen iptaller i\u00e7in %100 iade yap\u0131labilir, 90 g\u00fcn den sonra talep edilen rezervasyon iptalleri i\u00e7in ise hi\u00e7bir \u015fekilde \u00f6deme iadesi m\u00fcmk\u00fcn olmayacakt\u0131r.[\/vc_column_text][\/vc_column][\/vc_row]\n","protected":false},"excerpt":{"rendered":"<p>[vc_row type=&#8221;in_container&#8221; full_screen_row_position=&#8221;middle&#8221; scene_position=&#8221;center&#8221; text_color=&#8221;dark&#8221; text_align=&#8221;left&#8221; overlay_strength=&#8221;0.3&#8243; shape_divider_position=&#8221;bottom&#8221;][vc_column column_padding=&#8221;no-extra-padding&#8221; column_padding_position=&#8221;all&#8221; background_color_opacity=&#8221;1&#8243; background_hover_color_opacity=&#8221;1&#8243; column_shadow=&#8221;none&#8221; column_border_radius=&#8221;none&#8221; width=&#8221;1\/1&#8243; tablet_text_alignment=&#8221;default&#8221; phone_text_alignment=&#8221;default&#8221; column_border_width=&#8221;none&#8221; column_border_style=&#8221;solid&#8221;][\/vc_column][\/vc_row][vc_row type=&#8221;in_container&#8221; full_screen_row_position=&#8221;middle&#8221; scene_position=&#8221;center&#8221; text_color=&#8221;dark&#8221; text_align=&#8221;left&#8221; overlay_strength=&#8221;0.3&#8243; shape_divider_position=&#8221;bottom&#8221;][vc_column column_padding=&#8221;no-extra-padding&#8221; column_padding_position=&#8221;all&#8221; background_color_opacity=&#8221;1&#8243; background_hover_color_opacity=&#8221;1&#8243;&#8230;<\/p>\n","protected":false},"author":1,"featured_media":0,"parent":0,"menu_order":0,"comment_status":"closed","ping_status":"closed","template":"","meta":{"footnotes":""},"class_list":["post-5665","page","type-page","status-publish"],"_links":{"self":[{"href":"https:\/\/eski.gokcegemile.com\/tr\/wp-json\/wp\/v2\/pages\/5665\/"}],"collection":[{"href":"https:\/\/eski.gokcegemile.com\/tr\/wp-json\/wp\/v2\/pages\/"}],"about":[{"href":"https:\/\/eski.gokcegemile.com\/tr\/wp-json\/wp\/v2\/types\/page\/"}],"author":[{"embeddable":true,"href":"https:\/\/eski.gokcegemile.com\/tr\/wp-json\/wp\/v2\/users\/1\/"}],"replies":[{"embeddable":true,"href":"https:\/\/eski.gokcegemile.com\/tr\/wp-json\/wp\/v2\/comments\/?post=5665"}],"version-history":[{"count":38,"href":"https:\/\/eski.gokcegemile.com\/tr\/wp-json\/wp\/v2\/pages\/5665\/revisions\/"}],"predecessor-version":[{"id":10869,"href":"https:\/\/eski.gokcegemile.com\/tr\/wp-json\/wp\/v2\/pages\/5665\/revisions\/10869\/"}],"wp:attachment":[{"href":"https:\/\/eski.gokcegemile.com\/tr\/wp-json\/wp\/v2\/media\/?parent=5665"}],"curies":[{"name":"wp","href":"https:\/\/api.w.org\/{rel}","templated":true}]}}