{"id":5668,"date":"2018-07-04T15:27:20","date_gmt":"2018-07-04T12:27:20","guid":{"rendered":"https:\/\/eski.gokcegemile.com\/gokce-gemile-travel\/"},"modified":"2024-07-31T15:15:30","modified_gmt":"2024-07-31T12:15:30","slug":"gokce-gemile-travel","status":"publish","type":"page","link":"https:\/\/eski.gokcegemile.com\/tr\/gokce-gemile-travel\/","title":{"rendered":"Seyahat"},"content":{"rendered":"[vc_row type=&#8221;in_container&#8221; full_screen_row_position=&#8221;middle&#8221; scene_position=&#8221;center&#8221; text_color=&#8221;dark&#8221; text_align=&#8221;left&#8221; overlay_strength=&#8221;0.3&#8243; shape_divider_position=&#8221;bottom&#8221;][vc_column column_padding=&#8221;no-extra-padding&#8221; column_padding_position=&#8221;all&#8221; background_color_opacity=&#8221;1&#8243; background_hover_color_opacity=&#8221;1&#8243; column_shadow=&#8221;none&#8221; column_border_radius=&#8221;none&#8221; width=&#8221;1\/1&#8243; tablet_text_alignment=&#8221;default&#8221; phone_text_alignment=&#8221;default&#8221; column_border_width=&#8221;none&#8221; column_border_style=&#8221;solid&#8221;]<div style=\"height: 780px\" data-midnight=\"nectar-slider\" class=\"parallax_slider_outer \"><div style=\"height: 780px;\" nihat=\"Cakar\"  data-transition=\"slide\" data-overall_style=\"classic\" data-flexible-height=\"true\" data-animate-in-effect=\"none\" data-fullscreen=\"false\" data-button-sizing=\"regular\" data-button-styling=\"btn_with_count\" data-autorotate=\"5000\" data-parallax=\"true\" data-full-width=\"true\" class=\"nectar-slider-wrap \" id=\"ns-id-6a0545bfc913d\">\n\t\t\t<div style=\"height: 780px\" class=\"swiper-container\"  data-tho=\"auto\" data-tco=\"auto\" data-pho=\"auto\" data-pco=\"auto\" data-loop=\"true\" data-height=\"780\" data-min-height=\"\" data-arrows=\"true\" data-bullets=\"false\" data-bullet_style=\"see_through\" data-desktop-swipe=\"false\" data-settings=\"\">\n\t\t\t\t    <div class=\"swiper-wrapper\"><div class=\"swiper-slide\" data-bg-alignment=\"center\" data-color-scheme=\"light\" data-x-pos=\"left\" data-y-pos=\"middle\"> \n\t\t\t\t\t\t\t\t<div class=\"image-bg\" style=\"background-image: url(https:\/\/eski.gokcegemile.com\/wp-content\/uploads\/2023\/06\/Jet-scaled-1.jpg);\"> &nbsp; <\/div><div class=\"video-texture \"> <span class=\"ie-fix\"><\/span> <\/div><\/div><!--\/swiper-slide--><div class=\"swiper-slide\" data-bg-alignment=\"center\" data-color-scheme=\"light\" data-x-pos=\"center\" data-y-pos=\"middle\"> \n\t\t\t\t\t\t\t\t<div class=\"image-bg\" style=\"background-image: url(https:\/\/eski.gokcegemile.com\/wp-content\/uploads\/2019\/12\/Travel-Banner-1-780.jpg);\"> &nbsp; <\/div><div class=\"video-texture \"> <span class=\"ie-fix\"><\/span> <\/div><\/div><!--\/swiper-slide--><div class=\"swiper-slide\" data-bg-alignment=\"center\" data-color-scheme=\"light\" data-x-pos=\"center\" data-y-pos=\"middle\"> \n\t\t\t\t\t\t\t\t<div class=\"image-bg\" style=\"background-image: url(https:\/\/eski.gokcegemile.com\/wp-content\/uploads\/2019\/12\/Travel-Banner-5-780.jpg);\"> &nbsp; <\/div><div class=\"video-texture \"> <span class=\"ie-fix\"><\/span> <\/div><\/div><!--\/swiper-slide--><div class=\"swiper-slide\" data-bg-alignment=\"center\" data-color-scheme=\"light\" data-x-pos=\"center\" data-y-pos=\"middle\"> \n\t\t\t\t\t\t\t\t<div class=\"image-bg\" style=\"background-image: url(https:\/\/eski.gokcegemile.com\/wp-content\/uploads\/2019\/12\/Travel-Banner-2-780.jpg);\"> &nbsp; <\/div><div class=\"video-texture \"> <span class=\"ie-fix\"><\/span> <\/div><\/div><!--\/swiper-slide--><\/div><a href=\"\" class=\"slider-prev\"><i class=\"icon-salient-left-arrow\"><\/i> <div class=\"slide-count\"> <span class=\"slide-current\">1<\/span> <i class=\"icon-salient-right-line\"><\/i> <span class=\"slide-total\"><\/span> <\/div> <\/a>\n\t\t\t\t     \t\t<a href=\"\" class=\"slider-next\"><i class=\"icon-salient-right-arrow\"><\/i> <div class=\"slide-count\"> <span class=\"slide-current\">1<\/span> <i class=\"icon-salient-right-line\"><\/i> <span class=\"slide-total\"><\/span> <\/div> <\/a><div class=\"nectar-slider-loading \"> <span class=\"loading-icon none\">   <\/span> <\/div> <\/div> \n\t\t\t\t\n\t\t\t<\/div><\/div>[\/vc_column][\/vc_row][vc_row type=&#8221;in_container&#8221; full_screen_row_position=&#8221;middle&#8221; scene_position=&#8221;center&#8221; text_color=&#8221;dark&#8221; text_align=&#8221;left&#8221; overlay_strength=&#8221;0.3&#8243; shape_divider_position=&#8221;bottom&#8221;][vc_column column_padding=&#8221;no-extra-padding&#8221; column_padding_position=&#8221;all&#8221; background_color_opacity=&#8221;1&#8243; background_hover_color_opacity=&#8221;1&#8243; column_shadow=&#8221;none&#8221; column_border_radius=&#8221;none&#8221; width=&#8221;1\/1&#8243; tablet_text_alignment=&#8221;default&#8221; phone_text_alignment=&#8221;default&#8221; column_border_width=&#8221;none&#8221; column_border_style=&#8221;solid&#8221;]<div class=\"divider-wrap\"><div style=\"height: 25px;\" class=\"divider\"><\/div><\/div>[vc_column_text]\n<h2><strong>Seyahat<\/strong><\/h2>\n[\/vc_column_text]<div class=\"divider-wrap\"><div style=\"height: 25px;\" class=\"divider\"><\/div><\/div>[vc_row_inner column_margin=&#8221;default&#8221; text_align=&#8221;left&#8221;][vc_column_inner column_padding=&#8221;no-extra-padding&#8221; column_padding_position=&#8221;all&#8221; background_color_opacity=&#8221;1&#8243; background_hover_color_opacity=&#8221;1&#8243; column_shadow=&#8221;none&#8221; column_border_radius=&#8221;none&#8221; width=&#8221;1\/1&#8243; column_border_width=&#8221;none&#8221; column_border_style=&#8221;solid&#8221;][vc_column_text]G\u00f6k\u00e7e Gemile\u2019ye ve G\u00f6k\u00e7e Gemile\u2019den yapaca\u011f\u0131n\u0131z seyahatiniz, tatilinizin \u00f6nemli bir par\u00e7as\u0131d\u0131r ve misafirlerimizin nas\u0131l ula\u015fmay\u0131 tercih ederlerse etsinler, iyi organize edilmi\u015f ve sorunsuz bir deneyim ya\u015famalar\u0131n\u0131 sa\u011flamay\u0131 hedefliyoruz. G\u00f6k\u00e7e Gemile, havadan, karadan veya denizden kolayca ula\u015f\u0131labilir. Misafirlerimiz, bizi tekne veya motorbotla kendi imkanlar\u0131yla tercih edebilecekleri gibi, h\u0131zl\u0131 ve sorunsuz transfer se\u00e7eneklerimizi de kullanabilirler.<\/p>\n<p>A\u015fa\u011f\u0131da, G\u00f6k\u00e7e Gemile\u2019nin sundu\u011fu kapsaml\u0131 hizmetlerin baz\u0131lar\u0131 hakk\u0131nda bilgi bulabilirsiniz. VIP Helikopter Transferimiz, L\u00fcks Tekne veya Motoryat Transferimiz ve \u015eof\u00f6rl\u00fc L\u00fcks VIP ara\u00e7 ve minib\u00fcs transferlerimiz sayesinde, G\u00f6k\u00e7e Gemile\u2019ye ula\u015f\u0131m\u0131n\u0131z ve buradan ayr\u0131lman\u0131z i\u00e7in uygun bir se\u00e7enek bulaca\u011f\u0131n\u0131zdan eminiz. Belirtilmeyen bir konumdan transfer hizmetine ihtiya\u00e7 duyarsan\u0131z, bizimle ileti\u015fime ge\u00e7mekten \u00e7ekinmeyin.<\/p>\n<h4>Karayolu ile \u00d6zel VIP Transferler<\/h4>\n<p>G\u00f6k\u00e7e Gemile Konsiyerj Hizmeti, b\u00f6lgedeki her havaliman\u0131, marina veya kasabadan transferler d\u00fczenleyebilir. Bu alandaki yollar ve otoyollar m\u00fckemmel durumdad\u0131r ve deneyimli \u015fof\u00f6rlerimiz, misafir say\u0131s\u0131na g\u00f6re VIP l\u00fcks ara\u00e7 veya minib\u00fcs ile konforlu bir yolculuk sa\u011flayacakt\u0131r.<\/p>\n<p>T\u00fcm VIP transfer ara\u00e7lar\u0131m\u0131z Mercedes markad\u0131r; istek \u00fczerine BMW X5 ara\u00e7lar da temin edilebilir.<\/p>\n<h5>G\u00f6k\u00e7e Gemile\u2019ye yol mesafeleri ve s\u00fcreleri:<\/h5>\n<ul>\n<li><strong>Dalaman Havaliman\u0131<\/strong> \u2013 61.5 km (1 saat)<\/li>\n<li><strong>Antalya Havaliman\u0131<\/strong> \u2013 222 km (3.5 saat)<\/li>\n<li><strong>Bodrum (Bodrum Havaliman\u0131)<\/strong> \u2013 248 km (3.5 saat)<\/li>\n<li><strong>\u0130zmir (Adnan Menderes Havaliman\u0131)<\/strong> \u2013 333 km (4.5 saat)<\/li>\n<li><strong>Fethiye<\/strong> \u2013 11.5 km (20 dakika)<\/li>\n<li><strong>G\u00f6cek<\/strong> \u2013 44 km (45 dakika)<\/li>\n<li><strong>Kalkan<\/strong> \u2013 96 km (1.5 saat)<\/li>\n<li><strong>Marmaris<\/strong> \u2013 142 km (2 saat)<\/li>\n<\/ul>\n<h4>\u00d6zel VIP Helikopter Transferi<\/h4>\n<p>G\u00f6k\u00e7e Gemile, VIP \u00f6zel Helikopter Transferi ile G\u00f6k\u00e7e Gemile\u2019ye ula\u015f\u0131m veya ayr\u0131lma imkan\u0131 sunmaktad\u0131r. Yo\u011fun ya\u015famlar\u0131 olan misafirlerimiz i\u00e7in m\u00fckemmel bir se\u00e7enek olmas\u0131n\u0131n yan\u0131 s\u0131ra, helikopter ile seyahat etmek, T\u00fcrkiye\u2019nin nefes kesici manzaralar\u0131n\u0131 g\u00f6rmek i\u00e7in de harika bir f\u0131rsatt\u0131r. Helikopter, G\u00f6k\u00e7e Gemile\u2019ye sadece birka\u00e7 dakika uzakl\u0131kta bulunan Kayak\u00f6y pistine ini\u015f yapacakt\u0131r.<\/p>\n<p>G\u00f6k\u00e7e Gemile Konsiyerj Hizmeti, a\u015fa\u011f\u0131da belirtilen T\u00fcrk havalimanlar\u0131ndan transferleri d\u00fczenleyebilir. Var\u0131\u015fta, \u015fof\u00f6rl\u00fc VIP bir ara\u00e7 sizi bekleyecektir.<\/p>\n<h5>Helikopter ile gelen misafirlerimiz i\u00e7in koordinatlar:<\/h5>\n<ul>\n<li><strong>Enlem:<\/strong> 36.565890<\/li>\n<li><strong>Boylam:<\/strong> 29.045898<\/li>\n<\/ul>\n<h5>\u0130stanbul&#8217;dan G\u00f6k\u00e7e Gemile\u2019ye (tek y\u00f6n):<\/h5>\n<ul>\n<li><strong>AgustaWestland AE119<\/strong>; tek motor; tek pilot: Yolcu kapasitesi (6+1)<\/li>\n<li><strong>AgustaWestland AW139<\/strong>; \u00e7ift motor; iki pilot: Yolcu kapasitesi (6+3)<\/li>\n<li><strong>AgustaWestland AW109 GrandNew<\/strong>; \u00e7ift motor; iki pilot: Yolcu kapasitesi (5)<\/li>\n<\/ul>\n<h5>Antalya&#8217;dan G\u00f6k\u00e7e Gemile\u2019ye (tek y\u00f6n):<\/h5>\n<ul>\n<li><strong>AgustaWestland AW109 GrandNew<\/strong>; \u00e7ift motor; iki pilot: Yolcu kapasitesi (5)<\/li>\n<\/ul>\n<h5>Bodrum&#8217;dan G\u00f6k\u00e7e Gemile\u2019ye (tek y\u00f6n):<\/h5>\n<ul>\n<li><strong>AgustaWestland AW109 GrandNew<\/strong>; \u00e7ift motor; iki pilot: Yolcu kapasitesi (5)<\/li>\n<\/ul>\n<h5>\u0130zmir&#8217;den G\u00f6k\u00e7e Gemile\u2019ye (tek y\u00f6n):<\/h5>\n<ul>\n<li><strong>AgustaWestland AW109 GrandNew<\/strong>; \u00e7ift motor; iki pilot: Yolcu kapasitesi (5)<\/li>\n<\/ul>\n<h5>Dalaman&#8217;dan G\u00f6k\u00e7e Gemile\u2019ye (tek y\u00f6n):<\/h5>\n<ul>\n<li><strong>AgustaWestland AW109 GrandNew<\/strong>; \u00e7ift motor; iki pilot: Yolcu kapasitesi (5)<\/li>\n<\/ul>\n<h4>Yat ile Ula\u015f\u0131m<\/h4>\n<p>Turkuaz sahil \u015feridinin cennet gibi Ege ve Akdeniz sular\u0131nda yelkenli veya motor yat ile seyahat etmek, harika bir deneyimdir. Bu nedenle, T\u00fcrkiye&#8217;nin g\u00fcneybat\u0131s\u0131ndaki bu b\u00f6lge; Fethiye, G\u00f6cek, Ka\u015f, Kalkan, Dat\u00e7a, Bozburun, Marmaris, Bodrum ve Yal\u0131kavak gibi bir\u00e7ok \u00f6zel marina ile doludur. G\u00f6k\u00e7e Gemile\u2019de yatlar\u0131n, motorbotlar\u0131n ve guletlerin g\u00fcvenle demirlemesi i\u00e7in kendi \u00f6zel iskelemiz ve haydroslar\u0131m\u0131z (lazy lines) bulunmaktad\u0131r. Bu durum, G\u00f6k\u00e7e Gemile\u2019yi ideal bir konaklama yeri haline getirmekte ve b\u00f6lgedeki inan\u0131lmaz yelkencilik ko\u015fullar\u0131n\u0131n keyfini \u00e7\u0131karman\u0131za olanak tan\u0131maktad\u0131r.<\/p>\n<h5>\u00d6zel l\u00fcks yat transferi<\/h5>\n<p>G\u00f6k\u00e7e Gemile, Antalya, Ka\u015f, Kalkan, Marmaris ve Bodrum gibi bir\u00e7ok yerden \u00f6zel l\u00fcks yat transferleri d\u00fczenleme imkan\u0131na sahiptir. Ayr\u0131ca, K\u0131br\u0131s, Rodos ve di\u011fer Yunan adalar\u0131ndan gelen misafirler i\u00e7in de yat transferleri sa\u011fl\u0131yoruz.<\/p>\n<h5>Tekne ile gelecek olan misafirlerimiz i\u00e7in koordinatlar:<\/h5>\n<ul>\n<li><strong>Enlem:<\/strong> 36.565890<\/li>\n<li><strong>Boylam:<\/strong> 29.045898<\/li>\n<\/ul>\n<p>G\u00f6k\u00e7e Gemile\u2019ye seyahatiniz boyunca konforlu ve keyifli bir deneyim ya\u015faman\u0131z i\u00e7in elimizden geleni yap\u0131yoruz![\/vc_column_text][\/vc_column_inner][\/vc_row_inner][vc_row_inner column_margin=&#8221;default&#8221; text_align=&#8221;left&#8221;][vc_column_inner column_padding=&#8221;no-extra-padding&#8221; column_padding_position=&#8221;all&#8221; background_color_opacity=&#8221;1&#8243; background_hover_color_opacity=&#8221;1&#8243; column_shadow=&#8221;none&#8221; column_border_radius=&#8221;none&#8221; width=&#8221;1\/1&#8243; column_border_width=&#8221;none&#8221; column_border_style=&#8221;solid&#8221;]<div class=\"divider-wrap\"><div style=\"height: 25px;\" class=\"divider\"><\/div><\/div>\t\n\t\n\n\n\t<div class=\"portfolio-wrap \">\n\t\t\t\n\t\t\t\n\t\t\t<span class=\"portfolio-loading  none\">   <\/span>\n\n\t\t\t\n\t\t\t\t\t\t\n\t\t\t<div class=\"row portfolio-items no-masonry  \" data-rcp=\"false\" data-masonry-type=\"default\" data-ps=\"3\" data-starting-filter=\"\" data-gutter=\"default\" data-categories-to-show=\"anasayfa\" data-lightbox-only=\"0\" data-col-num=\"cols-4\">\n\t\t\t\t\t\t\t\t\t\n\t\t\t\t\t\t\t\t\t\t\n\t\t\t\t\t<div class=\"col span_3  element anasayfa-tr \"  data-project-cat=\"anasayfa-tr \" data-default-color=\"true\" data-title-color=\"\" data-subtitle-color=\"\">\n\t\t\t\t\t\t\n\t\t\t\t\t\t<div class=\"inner-wrap animated\" data-animation=\"none\">\n\n\t\t\t\t\t\t\t\t\t\t\t\t\t\n\t\t\t\t\t\t\t<div class=\"work-item style-3\" data-custom-content=\"off\" data-text-align=\"middle\">\n\t\t\t\t\t\t\t\t\n\t\t\t\t\t\t\t\t<img decoding=\"async\" class=\"size-\" src=\"https:\/\/eski.gokcegemile.com\/wp-content\/uploads\/2018\/01\/aboutbox.jpg\" alt=\"\" height=\"\" width=\"\" srcset=\"https:\/\/eski.gokcegemile.com\/wp-content\/uploads\/2018\/01\/aboutbox.jpg 600w, https:\/\/eski.gokcegemile.com\/wp-content\/uploads\/2018\/01\/aboutbox-400x269.jpg 400w\" sizes=\"(min-width: 1000px) 25vw, (min-width: 690px) 50vw, 100vw\" \/>\t\t\t\t\n\t\t\t\t\t\t\t\t<div class=\"work-info-bg\">&nbsp;<\/div>\n\t\t\t\t\t\t\t\t<div class=\"work-info\">\n\t\t\t\t\t\t\t\t\t\n\t\t\t\t\t\t\t\t\t\t\t\t\t\t\t\t\t\t\t\t\n\t\t\t\t\t\t\t\t\t\t\t<a href=\"https:\/\/eski.gokcegemile.com\/tr\/about-2\/\"><\/a>\n\t\t\t\t\t\t\t\t\t\t\n\t\t\t\t\t\t\t\t\t\t\t\t\t\t\t\t\t\t\t\n\t\t\t\t\n\t\t\t\t\t\t\t\t\t<div class=\"vert-center\">\n\t\t\t\t\t\t\t\t\t\t\t\n\t\t\t\t\t\t\t\t\t\t\t<h3>Hakk\u0131nda <\/h3> \n\t\t\t\t\t\t\t\t\t\t\t<p> <\/p>\t\t\t\t\t\t\t\t\t\t\t\t\t\t\t\t\t\t\t<\/div><!--\/vert-center-->\n\t\t\t\t\t\t\t\t\t\n\t\t\t\t\t\t\t\t<\/div>\n\t\t\t\t\t\t\t<\/div><!--work-item-->\n\t\t\t\t\t\t\t\n\t\t\t\t\t\t\t\t\t\t\t\t\n\t\t\t\t\t\t\n\t\t\t\t\t<\/div><!--\/inner-wrap-->\n\t\t\t\t\t<\/div><!--\/col-->\n\t\t\t\t\t\n\t\t\t\t\t\t\t\t\t\n\t\t\t\t\t\t\t\t\t\t\n\t\t\t\t\t<div class=\"col span_3  element anasayfa-tr \"  data-project-cat=\"anasayfa-tr \" data-default-color=\"true\" data-title-color=\"\" data-subtitle-color=\"\">\n\t\t\t\t\t\t\n\t\t\t\t\t\t<div class=\"inner-wrap animated\" data-animation=\"none\">\n\n\t\t\t\t\t\t\t\t\t\t\t\t\t\n\t\t\t\t\t\t\t<div class=\"work-item style-3\" data-custom-content=\"off\" data-text-align=\"middle\">\n\t\t\t\t\t\t\t\t\n\t\t\t\t\t\t\t\t<img decoding=\"async\" class=\"size-\" src=\"https:\/\/eski.gokcegemile.com\/wp-content\/uploads\/2018\/01\/VillaBox.jpg\" alt=\"\" height=\"\" width=\"\" srcset=\"https:\/\/eski.gokcegemile.com\/wp-content\/uploads\/2018\/01\/VillaBox.jpg 600w, https:\/\/eski.gokcegemile.com\/wp-content\/uploads\/2018\/01\/VillaBox-400x269.jpg 400w\" sizes=\"(min-width: 1000px) 25vw, (min-width: 690px) 50vw, 100vw\" \/>\t\t\t\t\n\t\t\t\t\t\t\t\t<div class=\"work-info-bg\">&nbsp;<\/div>\n\t\t\t\t\t\t\t\t<div class=\"work-info\">\n\t\t\t\t\t\t\t\t\t\n\t\t\t\t\t\t\t\t\t\t\t\t\t\t\t\t\t\t\t\t\n\t\t\t\t\t\t\t\t\t\t\t<a href=\"https:\/\/eski.gokcegemile.com\/tr\/luxury-private-villas-luxury-villa-holidays-turkey\/\"><\/a>\n\t\t\t\t\t\t\t\t\t\t\n\t\t\t\t\t\t\t\t\t\t\t\t\t\t\t\t\t\t\t\n\t\t\t\t\n\t\t\t\t\t\t\t\t\t<div class=\"vert-center\">\n\t\t\t\t\t\t\t\t\t\t\t\n\t\t\t\t\t\t\t\t\t\t\t<h3>Villalar <\/h3> \n\t\t\t\t\t\t\t\t\t\t\t<p> <\/p>\t\t\t\t\t\t\t\t\t\t\t\t\t\t\t\t\t\t\t<\/div><!--\/vert-center-->\n\t\t\t\t\t\t\t\t\t\n\t\t\t\t\t\t\t\t<\/div>\n\t\t\t\t\t\t\t<\/div><!--work-item-->\n\t\t\t\t\t\t\t\n\t\t\t\t\t\t\t\t\t\t\t\t\n\t\t\t\t\t\t\n\t\t\t\t\t<\/div><!--\/inner-wrap-->\n\t\t\t\t\t<\/div><!--\/col-->\n\t\t\t\t\t\n\t\t\t\t\t\t\t\t\t\n\t\t\t\t\t\t\t\t\t\t\n\t\t\t\t\t<div class=\"col span_3  element anasayfa-tr \"  data-project-cat=\"anasayfa-tr \" data-default-color=\"true\" data-title-color=\"\" data-subtitle-color=\"\">\n\t\t\t\t\t\t\n\t\t\t\t\t\t<div class=\"inner-wrap animated\" data-animation=\"none\">\n\n\t\t\t\t\t\t\t\t\t\t\t\t\t\n\t\t\t\t\t\t\t<div class=\"work-item style-3\" data-custom-content=\"off\" data-text-align=\"middle\">\n\t\t\t\t\t\t\t\t\n\t\t\t\t\t\t\t\t<img loading=\"lazy\" decoding=\"async\" class=\"size-\" src=\"https:\/\/eski.gokcegemile.com\/wp-content\/uploads\/2018\/08\/dining-1-600x403.jpg\" alt=\"\" height=\"403\" width=\"600\" srcset=\"https:\/\/eski.gokcegemile.com\/wp-content\/uploads\/2018\/08\/dining-1-600x403.jpg 600w, https:\/\/eski.gokcegemile.com\/wp-content\/uploads\/2018\/08\/dining-1-400x269.jpg 400w\" sizes=\"auto, (min-width: 1000px) 25vw, (min-width: 690px) 50vw, 100vw\" \/>\t\t\t\t\n\t\t\t\t\t\t\t\t<div class=\"work-info-bg\">&nbsp;<\/div>\n\t\t\t\t\t\t\t\t<div class=\"work-info\">\n\t\t\t\t\t\t\t\t\t\n\t\t\t\t\t\t\t\t\t\t\t\t\t\t\t\t\t\t\t\t\n\t\t\t\t\t\t\t\t\t\t\t<a href=\"https:\/\/eski.gokcegemile.com\/tr\/gokce-gemile-dining\/\"><\/a>\n\t\t\t\t\t\t\t\t\t\t\n\t\t\t\t\t\t\t\t\t\t\t\t\t\t\t\t\t\t\t\n\t\t\t\t\n\t\t\t\t\t\t\t\t\t<div class=\"vert-center\">\n\t\t\t\t\t\t\t\t\t\t\t\n\t\t\t\t\t\t\t\t\t\t\t<h3>Yemek <\/h3> \n\t\t\t\t\t\t\t\t\t\t\t<p> <\/p>\t\t\t\t\t\t\t\t\t\t\t\t\t\t\t\t\t\t\t<\/div><!--\/vert-center-->\n\t\t\t\t\t\t\t\t\t\n\t\t\t\t\t\t\t\t<\/div>\n\t\t\t\t\t\t\t<\/div><!--work-item-->\n\t\t\t\t\t\t\t\n\t\t\t\t\t\t\t\t\t\t\t\t\n\t\t\t\t\t\t\n\t\t\t\t\t<\/div><!--\/inner-wrap-->\n\t\t\t\t\t<\/div><!--\/col-->\n\t\t\t\t\t\n\t\t\t\t\t\t\t\t\t\n\t\t\t\t\t\t\t\t\t\t\n\t\t\t\t\t<div class=\"col span_3  element anasayfa-tr \"  data-project-cat=\"anasayfa-tr \" data-default-color=\"true\" data-title-color=\"\" data-subtitle-color=\"\">\n\t\t\t\t\t\t\n\t\t\t\t\t\t<div class=\"inner-wrap animated\" data-animation=\"none\">\n\n\t\t\t\t\t\t\t\t\t\t\t\t\t\n\t\t\t\t\t\t\t<div class=\"work-item style-3\" data-custom-content=\"off\" data-text-align=\"middle\">\n\t\t\t\t\t\t\t\t\n\t\t\t\t\t\t\t\t<img decoding=\"async\" class=\"size-\" src=\"https:\/\/eski.gokcegemile.com\/wp-content\/uploads\/2018\/01\/Activities-Box_1.jpg\" alt=\"\" height=\"\" width=\"\" srcset=\"https:\/\/eski.gokcegemile.com\/wp-content\/uploads\/2018\/01\/Activities-Box_1.jpg 600w, https:\/\/eski.gokcegemile.com\/wp-content\/uploads\/2018\/01\/Activities-Box_1-400x269.jpg 400w\" sizes=\"(min-width: 1000px) 25vw, (min-width: 690px) 50vw, 100vw\" \/>\t\t\t\t\n\t\t\t\t\t\t\t\t<div class=\"work-info-bg\">&nbsp;<\/div>\n\t\t\t\t\t\t\t\t<div class=\"work-info\">\n\t\t\t\t\t\t\t\t\t\n\t\t\t\t\t\t\t\t\t\t\t\t\t\t\t\t\t\t\t\t\n\t\t\t\t\t\t\t\t\t\t\t<a href=\"https:\/\/eski.gokcegemile.com\/tr\/gokce-gemile-activities\/\"><\/a>\n\t\t\t\t\t\t\t\t\t\t\n\t\t\t\t\t\t\t\t\t\t\t\t\t\t\t\t\t\t\t\n\t\t\t\t\n\t\t\t\t\t\t\t\t\t<div class=\"vert-center\">\n\t\t\t\t\t\t\t\t\t\t\t\n\t\t\t\t\t\t\t\t\t\t\t<h3>Aktiviteler <\/h3> \n\t\t\t\t\t\t\t\t\t\t\t<p> <\/p>\t\t\t\t\t\t\t\t\t\t\t\t\t\t\t\t\t\t\t<\/div><!--\/vert-center-->\n\t\t\t\t\t\t\t\t\t\n\t\t\t\t\t\t\t\t<\/div>\n\t\t\t\t\t\t\t<\/div><!--work-item-->\n\t\t\t\t\t\t\t\n\t\t\t\t\t\t\t\t\t\t\t\t\n\t\t\t\t\t\t\n\t\t\t\t\t<\/div><!--\/inner-wrap-->\n\t\t\t\t\t<\/div><!--\/col-->\n\t\t\t\t\t\n\t\t\t\t\n\t\t\t<\/div><!--\/portfolio-->\n\t   <\/div><!--\/portfolio wrap-->\n\t\t\n\t\t[\/vc_column_inner][\/vc_row_inner][\/vc_column][\/vc_row]\n","protected":false},"excerpt":{"rendered":"<p>[vc_row type=&#8221;in_container&#8221; full_screen_row_position=&#8221;middle&#8221; scene_position=&#8221;center&#8221; text_color=&#8221;dark&#8221; text_align=&#8221;left&#8221; overlay_strength=&#8221;0.3&#8243; shape_divider_position=&#8221;bottom&#8221;][vc_column column_padding=&#8221;no-extra-padding&#8221; column_padding_position=&#8221;all&#8221; background_color_opacity=&#8221;1&#8243; background_hover_color_opacity=&#8221;1&#8243; column_shadow=&#8221;none&#8221; column_border_radius=&#8221;none&#8221; width=&#8221;1\/1&#8243; tablet_text_alignment=&#8221;default&#8221; phone_text_alignment=&#8221;default&#8221; column_border_width=&#8221;none&#8221; column_border_style=&#8221;solid&#8221;][\/vc_column][\/vc_row][vc_row type=&#8221;in_container&#8221; full_screen_row_position=&#8221;middle&#8221; scene_position=&#8221;center&#8221; text_color=&#8221;dark&#8221; text_align=&#8221;left&#8221; overlay_strength=&#8221;0.3&#8243; shape_divider_position=&#8221;bottom&#8221;][vc_column column_padding=&#8221;no-extra-padding&#8221; column_padding_position=&#8221;all&#8221; background_color_opacity=&#8221;1&#8243; background_hover_color_opacity=&#8221;1&#8243;&#8230;<\/p>\n","protected":false},"author":1,"featured_media":0,"parent":0,"menu_order":0,"comment_status":"closed","ping_status":"closed","template":"","meta":{"footnotes":""},"class_list":["post-5668","page","type-page","status-publish"],"_links":{"self":[{"href":"https:\/\/eski.gokcegemile.com\/tr\/wp-json\/wp\/v2\/pages\/5668\/"}],"collection":[{"href":"https:\/\/eski.gokcegemile.com\/tr\/wp-json\/wp\/v2\/pages\/"}],"about":[{"href":"https:\/\/eski.gokcegemile.com\/tr\/wp-json\/wp\/v2\/types\/page\/"}],"author":[{"embeddable":true,"href":"https:\/\/eski.gokcegemile.com\/tr\/wp-json\/wp\/v2\/users\/1\/"}],"replies":[{"embeddable":true,"href":"https:\/\/eski.gokcegemile.com\/tr\/wp-json\/wp\/v2\/comments\/?post=5668"}],"version-history":[{"count":1,"href":"https:\/\/eski.gokcegemile.com\/tr\/wp-json\/wp\/v2\/pages\/5668\/revisions\/"}],"predecessor-version":[{"id":11130,"href":"https:\/\/eski.gokcegemile.com\/tr\/wp-json\/wp\/v2\/pages\/5668\/revisions\/11130\/"}],"wp:attachment":[{"href":"https:\/\/eski.gokcegemile.com\/tr\/wp-json\/wp\/v2\/media\/?parent=5668"}],"curies":[{"name":"wp","href":"https:\/\/api.w.org\/{rel}","templated":true}]}}