{"id":5675,"date":"2018-07-04T14:53:10","date_gmt":"2018-07-04T11:53:10","guid":{"rendered":"https:\/\/eski.gokcegemile.com\/full-board-drinks\/"},"modified":"2024-07-31T19:43:52","modified_gmt":"2024-07-31T16:43:52","slug":"full-board-drinks","status":"publish","type":"page","link":"https:\/\/eski.gokcegemile.com\/tr\/full-board-drinks\/","title":{"rendered":"Tam Pansiyon &#038;  \u0130\u00e7ecekler"},"content":{"rendered":"[vc_row type=&#8221;in_container&#8221; full_screen_row_position=&#8221;middle&#8221; scene_position=&#8221;center&#8221; text_color=&#8221;dark&#8221; text_align=&#8221;left&#8221; overlay_strength=&#8221;0.3&#8243; shape_divider_position=&#8221;bottom&#8221;][vc_column column_padding=&#8221;no-extra-padding&#8221; column_padding_position=&#8221;all&#8221; background_color_opacity=&#8221;1&#8243; background_hover_color_opacity=&#8221;1&#8243; column_shadow=&#8221;none&#8221; column_border_radius=&#8221;none&#8221; width=&#8221;1\/1&#8243; tablet_text_alignment=&#8221;default&#8221; phone_text_alignment=&#8221;default&#8221; column_border_width=&#8221;none&#8221; column_border_style=&#8221;solid&#8221;]<div style=\"height: 780px\" data-midnight=\"nectar-slider\" class=\"parallax_slider_outer \"><div style=\"height: 780px;\" nihat=\"Cakar\"  data-transition=\"slide\" data-overall_style=\"classic\" data-flexible-height=\"true\" data-animate-in-effect=\"none\" data-fullscreen=\"false\" data-button-sizing=\"regular\" data-button-styling=\"btn_with_count\" data-autorotate=\"\" data-parallax=\"true\" data-full-width=\"true\" class=\"nectar-slider-wrap \" id=\"ns-id-6a0547e2dc979\">\n\t\t\t<div style=\"height: 780px\" class=\"swiper-container\"  data-tho=\"auto\" data-tco=\"auto\" data-pho=\"auto\" data-pco=\"auto\" data-loop=\"false\" data-height=\"780\" data-min-height=\"\" data-arrows=\"true\" data-bullets=\"false\" data-bullet_style=\"see_through\" data-desktop-swipe=\"false\" data-settings=\"\">\n\t\t\t\t    <div class=\"swiper-wrapper\"><div class=\"swiper-slide\" data-bg-alignment=\"center\" data-color-scheme=\"light\" data-x-pos=\"center\" data-y-pos=\"middle\"> \n\t\t\t\t\t\t\t\t<div class=\"image-bg\" style=\"background-image: url(https:\/\/eski.gokcegemile.com\/wp-content\/uploads\/2019\/12\/Dinner-Banner-4-780-1.jpg);\"> &nbsp; <\/div><div class=\"video-texture \"> <span class=\"ie-fix\"><\/span> <\/div><\/div><!--\/swiper-slide--><\/div><div class=\"nectar-slider-loading \"> <span class=\"loading-icon none\">   <\/span> <\/div> <\/div> \n\t\t\t\t\n\t\t\t<\/div><\/div>[\/vc_column][\/vc_row][vc_row type=&#8221;in_container&#8221; full_screen_row_position=&#8221;middle&#8221; scene_position=&#8221;center&#8221; text_color=&#8221;dark&#8221; text_align=&#8221;left&#8221; overlay_strength=&#8221;0.3&#8243; shape_divider_position=&#8221;bottom&#8221;][vc_column column_padding=&#8221;no-extra-padding&#8221; column_padding_position=&#8221;all&#8221; background_color_opacity=&#8221;1&#8243; background_hover_color_opacity=&#8221;1&#8243; column_shadow=&#8221;none&#8221; column_border_radius=&#8221;none&#8221; width=&#8221;1\/1&#8243; tablet_text_alignment=&#8221;default&#8221; phone_text_alignment=&#8221;default&#8221; column_border_width=&#8221;none&#8221; column_border_style=&#8221;solid&#8221;]<div class=\"divider-wrap\"><div style=\"height: 25px;\" class=\"divider\"><\/div><\/div>[vc_column_text]\n<h2>Tam Pansiyon &amp; \u0130\u00e7ecekler<\/h2>\n[\/vc_column_text]<div class=\"divider-wrap\"><div style=\"height: 25px;\" class=\"divider\"><\/div><\/div>[vc_row_inner column_margin=&#8221;default&#8221; text_align=&#8221;left&#8221;][vc_column_inner column_padding=&#8221;no-extra-padding&#8221; column_padding_position=&#8221;all&#8221; background_color_opacity=&#8221;1&#8243; background_hover_color_opacity=&#8221;1&#8243; column_shadow=&#8221;none&#8221; column_border_radius=&#8221;none&#8221; width=&#8221;1\/1&#8243; column_border_width=&#8221;none&#8221; column_border_style=&#8221;solid&#8221;][vc_column_text]Misafirlerimizin rahatlay\u0131p stres atmalar\u0131n\u0131 g\u00f6rmek, bizim i\u00e7in b\u00fcy\u00fck bir mutluluk kayna\u011f\u0131d\u0131r \u00e7\u00fcnk\u00fc bu, felsefemizin temelidir. Bu deneyimi sa\u011flamak i\u00e7in, G\u00f6k\u00e7e Gemile&#8217;deki \u00fc\u00e7 evin tamam\u0131n\u0131 kiralayan gruplar i\u00e7in veya ba\u015fka misafir bulunmad\u0131\u011f\u0131nda, harika bir Tam Pansiyon ve \u0130\u00e7ecekler se\u00e7ene\u011fi sunmaktan heyecan duyuyoruz. Bu se\u00e7enek, misafirlerimiz aras\u0131nda h\u0131zla pop\u00fcler hale geldi.<\/p>\n<p>Huzur bulmay\u0131, havuz kenar\u0131nda uzanmay\u0131, deniz kenar\u0131nda dinlenmeyi veya G\u00f6k\u00e7e Gemile&#8217;nin sundu\u011fu pek \u00e7ok aktiviteden yararlanmay\u0131 hayal edenler i\u00e7in bu se\u00e7enek idealdir. Di\u011ferleri i\u00e7inse, mutfakta vakit ge\u00e7irmekten bir mola anlam\u0131na gelebilir. Her durumda, G\u00f6k\u00e7e Gemile\u2019de Tam Pansiyon ve \u0130\u00e7ecekler se\u00e7ene\u011fi, misafirlerimiz i\u00e7in kesinlikle cazip hale geliyor.<\/p>\n<p>Bir an hayal edin: G\u00f6k\u00e7e Gemile&#8217;nin g\u00f6zlerden uzak cennetinde tatilinizi ge\u00e7irirken, kahvalt\u0131, \u00f6\u011fle ve ak\u015fam yemeklerinizin yetenekli ekibimiz taraf\u0131ndan G\u00f6k\u00e7e Gemile Kul\u00fcp Mutfa\u011f\u0131&#8217;nda haz\u0131rlanaca\u011f\u0131ndan emin olacaks\u0131n\u0131z.<\/p>\n<p>E\u011fer plajda dinlenirken serinletici bir taze meyve suyu ya da canland\u0131r\u0131c\u0131 bir kahve veya \u00e7ay isterseniz, endi\u015felenmeyin; G\u00f6k\u00e7e Gemile ekibinden birisi sizin i\u00e7in bunu haz\u0131rlamak i\u00e7in orada olacak. \u00c7\u00fcnk\u00fc Tam Pansiyon fiyat\u0131na g\u00fcn boyunca t\u00fcm alkols\u00fcz i\u00e7ecekler, taze meyve sular\u0131 ve s\u0131cak i\u00e7ecekler dahildir.<\/p>\n<p>G\u00f6k\u00e7e Gemile Tam Pansiyon ve \u0130\u00e7ecekler se\u00e7ene\u011fi, tatilinizin her g\u00fcn\u00fc i\u00e7in \u00fc\u00e7 lezzetli \u00f6\u011f\u00fcn sunmaktad\u0131r: kahvalt\u0131, \u00f6\u011fle yeme\u011fi ve \u00e0 la carte \u00fc\u00e7 \u00e7e\u015fit ak\u015fam yeme\u011fi, ayr\u0131ca tatl\u0131lar ve meyve de d\u00e2hildir. Tek istedi\u011fimiz, ne yemek istedi\u011finizi ve nerede yemek istedi\u011finizi \u00f6nceden bildirmenizdir. \u00d6\u011f\u00fcnler, ya ana plajda ya da isterseniz g\u00f6zlerden uzak bir koyda sunulabilir.<\/p>\n<p>K\u00fc\u00e7\u00fck \u00e7ocuklar\u0131 olan ailelerden s\u00fcrekli a\u00e7 ve susuz gen\u00e7lere, rahatlamaya ihtiya\u00e7 duyan yo\u011fun \u015fehirli \u00e7iftlere kadar, bu se\u00e7enek herkesin memnun ve huzurlu olmas\u0131n\u0131 sa\u011flamak i\u00e7in m\u00fckemmel bir yoldur. Tam Pansiyon se\u00e7ene\u011fimizin, G\u00f6k\u00e7e Gemile&#8217;nin bir\u00e7ok muhte\u015fem m\u00fccevherinden biri oldu\u011funa inan\u0131yoruz.<\/p>\n<p>Sonu\u00e7ta, G\u00f6k\u00e7e Gemile cennetimiz, yapmak istedi\u011finiz kadar az ya da \u00e7ok \u015fey yapabilece\u011finiz ve en g\u00fczel manzaralarda kraliyet gibi a\u011f\u0131rland\u0131\u011f\u0131n\u0131z m\u00fckemmel bir tatil yeridir. Bu, unutulmaz bir ka\u00e7\u0131\u015f\u0131n \u00f6z\u00fcd\u00fcr.<\/p>\n[\/vc_column_text][vc_column_text][\/vc_column_text][\/vc_column_inner][\/vc_row_inner]<div class=\"divider-wrap\"><div style=\"height: 25px;\" class=\"divider\"><\/div><\/div>\t\n\t\n\n\n\t<div class=\"portfolio-wrap \">\n\t\t\t\n\t\t\t\n\t\t\t<span class=\"portfolio-loading  none\">   <\/span>\n\n\t\t\t\n\t\t\t\t\t\t\n\t\t\t<div class=\"row portfolio-items no-masonry  \" data-rcp=\"false\" data-masonry-type=\"default\" data-ps=\"3\" data-starting-filter=\"\" data-gutter=\"default\" data-categories-to-show=\"dining\" data-lightbox-only=\"0\" data-col-num=\"cols-4\">\n\t\t\t\t\t\t\t\t\t\n\t\t\t\t\t\t\t\t\t\t\n\t\t\t\t\t<div class=\"col span_3  element dining-tr \"  data-project-cat=\"dining-tr \" data-default-color=\"true\" data-title-color=\"\" data-subtitle-color=\"\">\n\t\t\t\t\t\t\n\t\t\t\t\t\t<div class=\"inner-wrap animated\" data-animation=\"none\">\n\n\t\t\t\t\t\t\t\t\t\t\t\t\t\n\t\t\t\t\t\t\t<div class=\"work-item style-3\" data-custom-content=\"off\" data-text-align=\"middle\">\n\t\t\t\t\t\t\t\t\n\t\t\t\t\t\t\t\t<img loading=\"lazy\" decoding=\"async\" class=\"size-\" src=\"https:\/\/eski.gokcegemile.com\/wp-content\/uploads\/2018\/08\/watersidedining-600x403.jpg\" alt=\"\" height=\"403\" width=\"600\" srcset=\"https:\/\/eski.gokcegemile.com\/wp-content\/uploads\/2018\/08\/watersidedining-600x403.jpg 600w, https:\/\/eski.gokcegemile.com\/wp-content\/uploads\/2018\/08\/watersidedining-400x269.jpg 400w\" sizes=\"auto, (min-width: 1000px) 25vw, (min-width: 690px) 50vw, 100vw\" \/>\t\t\t\t\n\t\t\t\t\t\t\t\t<div class=\"work-info-bg\">&nbsp;<\/div>\n\t\t\t\t\t\t\t\t<div class=\"work-info\">\n\t\t\t\t\t\t\t\t\t\n\t\t\t\t\t\t\t\t\t\t\t\t\t\t\t\t\t\t\t\t\n\t\t\t\t\t\t\t\t\t\t\t<a href=\"https:\/\/eski.gokcegemile.com\/tr\/waterside-dining\/\"><\/a>\n\t\t\t\t\t\t\t\t\t\t\n\t\t\t\t\t\t\t\t\t\t\t\t\t\t\t\t\t\t\t\n\t\t\t\t\n\t\t\t\t\t\t\t\t\t<div class=\"vert-center\">\n\t\t\t\t\t\t\t\t\t\t\t\n\t\t\t\t\t\t\t\t\t\t\t<h3>Deniz Kenar\u0131nda Yemek <\/h3> \n\t\t\t\t\t\t\t\t\t\t\t<p> <\/p>\t\t\t\t\t\t\t\t\t\t\t\t\t\t\t\t\t\t\t<\/div><!--\/vert-center-->\n\t\t\t\t\t\t\t\t\t\n\t\t\t\t\t\t\t\t<\/div>\n\t\t\t\t\t\t\t<\/div><!--work-item-->\n\t\t\t\t\t\t\t\n\t\t\t\t\t\t\t\t\t\t\t\t\n\t\t\t\t\t\t\n\t\t\t\t\t<\/div><!--\/inner-wrap-->\n\t\t\t\t\t<\/div><!--\/col-->\n\t\t\t\t\t\n\t\t\t\t\t\t\t\t\t\n\t\t\t\t\t\t\t\t\t\t\n\t\t\t\t\t<div class=\"col span_3  element dining-tr \"  data-project-cat=\"dining-tr \" data-default-color=\"true\" data-title-color=\"\" data-subtitle-color=\"\">\n\t\t\t\t\t\t\n\t\t\t\t\t\t<div class=\"inner-wrap animated\" data-animation=\"none\">\n\n\t\t\t\t\t\t\t\t\t\t\t\t\t\n\t\t\t\t\t\t\t<div class=\"work-item style-3\" data-custom-content=\"off\" data-text-align=\"middle\">\n\t\t\t\t\t\t\t\t\n\t\t\t\t\t\t\t\t<img loading=\"lazy\" decoding=\"async\" class=\"size-\" src=\"https:\/\/eski.gokcegemile.com\/wp-content\/uploads\/2018\/08\/dining-1-600x403.jpg\" alt=\"\" height=\"403\" width=\"600\" srcset=\"https:\/\/eski.gokcegemile.com\/wp-content\/uploads\/2018\/08\/dining-1-600x403.jpg 600w, https:\/\/eski.gokcegemile.com\/wp-content\/uploads\/2018\/08\/dining-1-400x269.jpg 400w\" sizes=\"auto, (min-width: 1000px) 25vw, (min-width: 690px) 50vw, 100vw\" \/>\t\t\t\t\n\t\t\t\t\t\t\t\t<div class=\"work-info-bg\">&nbsp;<\/div>\n\t\t\t\t\t\t\t\t<div class=\"work-info\">\n\t\t\t\t\t\t\t\t\t\n\t\t\t\t\t\t\t\t\t\t\t\t\t\t\t\t\t\t\t\t\n\t\t\t\t\t\t\t\t\t\t\t<a href=\"https:\/\/eski.gokcegemile.com\/tr\/full-board-drinks\/\"><\/a>\n\t\t\t\t\t\t\t\t\t\t\n\t\t\t\t\t\t\t\t\t\t\t\t\t\t\t\t\t\t\t\n\t\t\t\t\n\t\t\t\t\t\t\t\t\t<div class=\"vert-center\">\n\t\t\t\t\t\t\t\t\t\t\t\n\t\t\t\t\t\t\t\t\t\t\t<h3>Tam Pansiyon+ \u0130\u00e7ecekler <\/h3> \n\t\t\t\t\t\t\t\t\t\t\t<p>  <\/p>\t\t\t\t\t\t\t\t\t\t\t\t\t\t\t\t\t\t\t<\/div><!--\/vert-center-->\n\t\t\t\t\t\t\t\t\t\n\t\t\t\t\t\t\t\t<\/div>\n\t\t\t\t\t\t\t<\/div><!--work-item-->\n\t\t\t\t\t\t\t\n\t\t\t\t\t\t\t\t\t\t\t\t\n\t\t\t\t\t\t\n\t\t\t\t\t<\/div><!--\/inner-wrap-->\n\t\t\t\t\t<\/div><!--\/col-->\n\t\t\t\t\t\n\t\t\t\t\t\t\t\t\t\n\t\t\t\t\t\t\t\t\t\t\n\t\t\t\t\t<div class=\"col span_3  element dining-tr \"  data-project-cat=\"dining-tr \" data-default-color=\"true\" data-title-color=\"\" data-subtitle-color=\"\">\n\t\t\t\t\t\t\n\t\t\t\t\t\t<div class=\"inner-wrap animated\" data-animation=\"none\">\n\n\t\t\t\t\t\t\t\t\t\t\t\t\t\n\t\t\t\t\t\t\t<div class=\"work-item style-3\" data-custom-content=\"off\" data-text-align=\"middle\">\n\t\t\t\t\t\t\t\t\n\t\t\t\t\t\t\t\t<img loading=\"lazy\" decoding=\"async\" class=\"size-\" src=\"https:\/\/eski.gokcegemile.com\/wp-content\/uploads\/2018\/02\/Dining-Main_13-600x403.jpg\" alt=\"\" height=\"403\" width=\"600\" srcset=\"https:\/\/eski.gokcegemile.com\/wp-content\/uploads\/2018\/02\/Dining-Main_13-600x403.jpg 600w, https:\/\/eski.gokcegemile.com\/wp-content\/uploads\/2018\/02\/Dining-Main_13-400x269.jpg 400w\" sizes=\"auto, (min-width: 1000px) 25vw, (min-width: 690px) 50vw, 100vw\" \/>\t\t\t\t\n\t\t\t\t\t\t\t\t<div class=\"work-info-bg\">&nbsp;<\/div>\n\t\t\t\t\t\t\t\t<div class=\"work-info\">\n\t\t\t\t\t\t\t\t\t\n\t\t\t\t\t\t\t\t\t\t\t\t\t\t\t\t\t\t\t\t\n\t\t\t\t\t\t\t\t\t\t\t<a href=\"https:\/\/eski.gokcegemile.com\/tr\/in-house-services\/\"><\/a>\n\t\t\t\t\t\t\t\t\t\t\n\t\t\t\t\t\t\t\t\t\t\t\t\t\t\t\t\t\t\t\n\t\t\t\t\n\t\t\t\t\t\t\t\t\t<div class=\"vert-center\">\n\t\t\t\t\t\t\t\t\t\t\t\n\t\t\t\t\t\t\t\t\t\t\t<h3>Ev Yard\u0131mc\u0131lar\u0131 <\/h3> \n\t\t\t\t\t\t\t\t\t\t\t<p> <\/p>\t\t\t\t\t\t\t\t\t\t\t\t\t\t\t\t\t\t\t<\/div><!--\/vert-center-->\n\t\t\t\t\t\t\t\t\t\n\t\t\t\t\t\t\t\t<\/div>\n\t\t\t\t\t\t\t<\/div><!--work-item-->\n\t\t\t\t\t\t\t\n\t\t\t\t\t\t\t\t\t\t\t\t\n\t\t\t\t\t\t\n\t\t\t\t\t<\/div><!--\/inner-wrap-->\n\t\t\t\t\t<\/div><!--\/col-->\n\t\t\t\t\t\n\t\t\t\t\t\t\t\t\t\n\t\t\t\t\t\t\t\t\t\t\n\t\t\t\t\t<div class=\"col span_3  element dining-tr \"  data-project-cat=\"dining-tr \" data-default-color=\"true\" data-title-color=\"\" data-subtitle-color=\"\">\n\t\t\t\t\t\t\n\t\t\t\t\t\t<div class=\"inner-wrap animated\" data-animation=\"none\">\n\n\t\t\t\t\t\t\t\t\t\t\t\t\t\n\t\t\t\t\t\t\t<div class=\"work-item style-3\" data-custom-content=\"off\" data-text-align=\"middle\">\n\t\t\t\t\t\t\t\t\n\t\t\t\t\t\t\t\t<img loading=\"lazy\" decoding=\"async\" class=\"size-\" src=\"https:\/\/eski.gokcegemile.com\/wp-content\/uploads\/2018\/08\/eatout-600x403.jpg\" alt=\"\" height=\"403\" width=\"600\" srcset=\"https:\/\/eski.gokcegemile.com\/wp-content\/uploads\/2018\/08\/eatout-600x403.jpg 600w, https:\/\/eski.gokcegemile.com\/wp-content\/uploads\/2018\/08\/eatout-400x269.jpg 400w\" sizes=\"auto, (min-width: 1000px) 25vw, (min-width: 690px) 50vw, 100vw\" \/>\t\t\t\t\n\t\t\t\t\t\t\t\t<div class=\"work-info-bg\">&nbsp;<\/div>\n\t\t\t\t\t\t\t\t<div class=\"work-info\">\n\t\t\t\t\t\t\t\t\t\n\t\t\t\t\t\t\t\t\t\t\t\t\t\t\t\t\t\t\t\t\n\t\t\t\t\t\t\t\t\t\t\t<a href=\"https:\/\/eski.gokcegemile.com\/eating-out-dining\/\"><\/a>\n\t\t\t\t\t\t\t\t\t\t\n\t\t\t\t\t\t\t\t\t\t\t\t\t\t\t\t\t\t\t\n\t\t\t\t\n\t\t\t\t\t\t\t\t\t<div class=\"vert-center\">\n\t\t\t\t\t\t\t\t\t\t\t\n\t\t\t\t\t\t\t\t\t\t\t<h3>D\u0131\u015far\u0131da Yemek <\/h3> \n\t\t\t\t\t\t\t\t\t\t\t<p> <\/p>\t\t\t\t\t\t\t\t\t\t\t\t\t\t\t\t\t\t\t<\/div><!--\/vert-center-->\n\t\t\t\t\t\t\t\t\t\n\t\t\t\t\t\t\t\t<\/div>\n\t\t\t\t\t\t\t<\/div><!--work-item-->\n\t\t\t\t\t\t\t\n\t\t\t\t\t\t\t\t\t\t\t\t\n\t\t\t\t\t\t\n\t\t\t\t\t<\/div><!--\/inner-wrap-->\n\t\t\t\t\t<\/div><!--\/col-->\n\t\t\t\t\t\n\t\t\t\t\n\t\t\t<\/div><!--\/portfolio-->\n\t   <\/div><!--\/portfolio wrap-->\n\t\t\n\t\t<div class=\"divider-wrap\"><div style=\"height: 25px;\" class=\"divider\"><\/div><\/div>[\/vc_column][\/vc_row]\n","protected":false},"excerpt":{"rendered":"<p>[vc_row type=&#8221;in_container&#8221; full_screen_row_position=&#8221;middle&#8221; scene_position=&#8221;center&#8221; text_color=&#8221;dark&#8221; text_align=&#8221;left&#8221; overlay_strength=&#8221;0.3&#8243; shape_divider_position=&#8221;bottom&#8221;][vc_column column_padding=&#8221;no-extra-padding&#8221; column_padding_position=&#8221;all&#8221; background_color_opacity=&#8221;1&#8243; background_hover_color_opacity=&#8221;1&#8243; column_shadow=&#8221;none&#8221; column_border_radius=&#8221;none&#8221; width=&#8221;1\/1&#8243; tablet_text_alignment=&#8221;default&#8221; phone_text_alignment=&#8221;default&#8221; column_border_width=&#8221;none&#8221; column_border_style=&#8221;solid&#8221;][\/vc_column][\/vc_row][vc_row type=&#8221;in_container&#8221; full_screen_row_position=&#8221;middle&#8221; scene_position=&#8221;center&#8221; text_color=&#8221;dark&#8221; text_align=&#8221;left&#8221; overlay_strength=&#8221;0.3&#8243; shape_divider_position=&#8221;bottom&#8221;][vc_column column_padding=&#8221;no-extra-padding&#8221; column_padding_position=&#8221;all&#8221; background_color_opacity=&#8221;1&#8243; background_hover_color_opacity=&#8221;1&#8243;&#8230;<\/p>\n","protected":false},"author":1,"featured_media":4116,"parent":0,"menu_order":0,"comment_status":"closed","ping_status":"closed","template":"","meta":{"footnotes":""},"class_list":["post-5675","page","type-page","status-publish","has-post-thumbnail"],"_links":{"self":[{"href":"https:\/\/eski.gokcegemile.com\/tr\/wp-json\/wp\/v2\/pages\/5675\/"}],"collection":[{"href":"https:\/\/eski.gokcegemile.com\/tr\/wp-json\/wp\/v2\/pages\/"}],"about":[{"href":"https:\/\/eski.gokcegemile.com\/tr\/wp-json\/wp\/v2\/types\/page\/"}],"author":[{"embeddable":true,"href":"https:\/\/eski.gokcegemile.com\/tr\/wp-json\/wp\/v2\/users\/1\/"}],"replies":[{"embeddable":true,"href":"https:\/\/eski.gokcegemile.com\/tr\/wp-json\/wp\/v2\/comments\/?post=5675"}],"version-history":[{"count":1,"href":"https:\/\/eski.gokcegemile.com\/tr\/wp-json\/wp\/v2\/pages\/5675\/revisions\/"}],"predecessor-version":[{"id":11146,"href":"https:\/\/eski.gokcegemile.com\/tr\/wp-json\/wp\/v2\/pages\/5675\/revisions\/11146\/"}],"wp:featuredmedia":[{"embeddable":true,"href":"https:\/\/eski.gokcegemile.com\/tr\/wp-json\/wp\/v2\/media\/4116\/"}],"wp:attachment":[{"href":"https:\/\/eski.gokcegemile.com\/tr\/wp-json\/wp\/v2\/media\/?parent=5675"}],"curies":[{"name":"wp","href":"https:\/\/api.w.org\/{rel}","templated":true}]}}