{"id":5702,"date":"2018-02-04T23:52:33","date_gmt":"2018-02-04T21:52:33","guid":{"rendered":"https:\/\/eski.gokcegemile.com\/luxury-private-villas-luxury-villa-holidays-turkey\/"},"modified":"2024-07-31T14:50:40","modified_gmt":"2024-07-31T11:50:40","slug":"luxury-private-villas-luxury-villa-holidays-turkey","status":"publish","type":"page","link":"https:\/\/eski.gokcegemile.com\/tr\/luxury-private-villas-luxury-villa-holidays-turkey\/","title":{"rendered":"VILLALAR"},"content":{"rendered":"[vc_row type=&#8221;in_container&#8221; full_screen_row_position=&#8221;middle&#8221; scene_position=&#8221;center&#8221; text_color=&#8221;dark&#8221; text_align=&#8221;left&#8221; overlay_strength=&#8221;0.3&#8243; shape_divider_position=&#8221;bottom&#8221;][vc_column column_padding=&#8221;no-extra-padding&#8221; column_padding_position=&#8221;all&#8221; background_color_opacity=&#8221;1&#8243; background_hover_color_opacity=&#8221;1&#8243; column_shadow=&#8221;none&#8221; column_border_radius=&#8221;none&#8221; width=&#8221;1\/1&#8243; tablet_text_alignment=&#8221;default&#8221; phone_text_alignment=&#8221;default&#8221; column_border_width=&#8221;none&#8221; column_border_style=&#8221;solid&#8221;]<div style=\"height: 780px\" data-midnight=\"nectar-slider\" class=\"parallax_slider_outer \"><div style=\"height: 780px;\" nihat=\"Cakar\"  data-transition=\"fade\" data-overall_style=\"classic\" data-flexible-height=\"true\" data-animate-in-effect=\"none\" data-fullscreen=\"false\" data-button-sizing=\"regular\" data-button-styling=\"btn_with_count\" data-autorotate=\"5000\" data-parallax=\"true\" data-full-width=\"true\" class=\"nectar-slider-wrap \" id=\"ns-id-6a0545b673c8c\">\n\t\t\t<div style=\"height: 780px\" class=\"swiper-container\"  data-tho=\"auto\" data-tco=\"auto\" data-pho=\"auto\" data-pco=\"auto\" data-loop=\"true\" data-height=\"780\" data-min-height=\"\" data-arrows=\"true\" data-bullets=\"false\" data-bullet_style=\"see_through\" data-desktop-swipe=\"false\" data-settings=\"\">\n\t\t\t\t    <div class=\"swiper-wrapper\"><div class=\"swiper-slide\" data-bg-alignment=\"center\" data-color-scheme=\"light\" data-x-pos=\"center\" data-y-pos=\"middle\"> \n\t\t\t\t\t\t\t\t<div class=\"image-bg\" style=\"background-image: url(https:\/\/eski.gokcegemile.com\/wp-content\/uploads\/2021\/12\/VIlla-Banner_1-1.jpg);\"> &nbsp; <\/div><div class=\"video-texture \"> <span class=\"ie-fix\"><\/span> <\/div><\/div><!--\/swiper-slide--><div class=\"swiper-slide\" data-bg-alignment=\"center\" data-color-scheme=\"light\" data-x-pos=\"center\" data-y-pos=\"middle\"> \n\t\t\t\t\t\t\t\t<div class=\"image-bg\" style=\"background-image: url(https:\/\/eski.gokcegemile.com\/wp-content\/uploads\/2021\/12\/VIlla-Banner_5.jpg);\"> &nbsp; <\/div><div class=\"video-texture \"> <span class=\"ie-fix\"><\/span> <\/div><\/div><!--\/swiper-slide--><div class=\"swiper-slide\" data-bg-alignment=\"center\" data-color-scheme=\"light\" data-x-pos=\"center\" data-y-pos=\"middle\"> \n\t\t\t\t\t\t\t\t<div class=\"image-bg\" style=\"background-image: url(https:\/\/eski.gokcegemile.com\/wp-content\/uploads\/2021\/12\/VIlla-Banner_6.jpg);\"> &nbsp; <\/div><div class=\"video-texture \"> <span class=\"ie-fix\"><\/span> <\/div><\/div><!--\/swiper-slide--><div class=\"swiper-slide\" data-bg-alignment=\"center\" data-color-scheme=\"light\" data-x-pos=\"center\" data-y-pos=\"middle\"> \n\t\t\t\t\t\t\t\t<div class=\"image-bg\" style=\"background-image: url(https:\/\/eski.gokcegemile.com\/wp-content\/uploads\/2019\/12\/Villa-Ben-1-780.jpg);\"> &nbsp; <\/div><div class=\"video-texture \"> <span class=\"ie-fix\"><\/span> <\/div><\/div><!--\/swiper-slide--><div class=\"swiper-slide\" data-bg-alignment=\"center\" data-color-scheme=\"light\" data-x-pos=\"center\" data-y-pos=\"middle\"> \n\t\t\t\t\t\t\t\t<div class=\"image-bg\" style=\"background-image: url(https:\/\/eski.gokcegemile.com\/wp-content\/uploads\/2019\/12\/Villa-Baner-6-780.jpg);\"> &nbsp; <\/div><div class=\"video-texture \"> <span class=\"ie-fix\"><\/span> <\/div><\/div><!--\/swiper-slide--><div class=\"swiper-slide\" data-bg-alignment=\"center\" data-color-scheme=\"light\" data-x-pos=\"center\" data-y-pos=\"middle\"> \n\t\t\t\t\t\t\t\t<div class=\"image-bg\" style=\"background-image: url(https:\/\/eski.gokcegemile.com\/wp-content\/uploads\/2019\/12\/Villa-Baner-4-780.jpg);\"> &nbsp; <\/div><div class=\"video-texture \"> <span class=\"ie-fix\"><\/span> <\/div><\/div><!--\/swiper-slide--><div class=\"swiper-slide\" data-bg-alignment=\"center\" data-color-scheme=\"light\" data-x-pos=\"center\" data-y-pos=\"middle\"> \n\t\t\t\t\t\t\t\t<div class=\"image-bg\" style=\"background-image: url(https:\/\/eski.gokcegemile.com\/wp-content\/uploads\/2019\/12\/Villa-Baner-5-780.jpg);\"> &nbsp; <\/div><div class=\"video-texture \"> <span class=\"ie-fix\"><\/span> <\/div><\/div><!--\/swiper-slide--><div class=\"swiper-slide\" data-bg-alignment=\"center\" data-color-scheme=\"light\" data-x-pos=\"center\" data-y-pos=\"middle\"> \n\t\t\t\t\t\t\t\t<div class=\"image-bg\" style=\"background-image: url(https:\/\/eski.gokcegemile.com\/wp-content\/uploads\/2021\/12\/VIlla-Banner_4.jpg);\"> &nbsp; <\/div><div class=\"video-texture \"> <span class=\"ie-fix\"><\/span> <\/div><\/div><!--\/swiper-slide--><div class=\"swiper-slide\" data-bg-alignment=\"center\" data-color-scheme=\"light\" data-x-pos=\"center\" data-y-pos=\"middle\"> \n\t\t\t\t\t\t\t\t<div class=\"image-bg\" style=\"background-image: url(https:\/\/eski.gokcegemile.com\/wp-content\/uploads\/2021\/12\/VIlla-Banner_3.jpg);\"> &nbsp; <\/div><div class=\"video-texture \"> <span class=\"ie-fix\"><\/span> <\/div><\/div><!--\/swiper-slide--><div class=\"swiper-slide\" data-bg-alignment=\"center\" data-color-scheme=\"light\" data-x-pos=\"center\" data-y-pos=\"middle\"> \n\t\t\t\t\t\t\t\t<div class=\"image-bg\" style=\"background-image: url(https:\/\/eski.gokcegemile.com\/wp-content\/uploads\/2019\/12\/Villa-Baner-8-780.jpg);\"> &nbsp; <\/div><div class=\"video-texture \"> <span class=\"ie-fix\"><\/span> <\/div><\/div><!--\/swiper-slide--><div class=\"swiper-slide\" data-bg-alignment=\"center\" data-color-scheme=\"light\" data-x-pos=\"center\" data-y-pos=\"middle\"> \n\t\t\t\t\t\t\t\t<div class=\"image-bg\" style=\"background-image: url(https:\/\/eski.gokcegemile.com\/wp-content\/uploads\/2019\/12\/Villa-Baner-11-780.jpg);\"> &nbsp; <\/div><div class=\"video-texture \"> <span class=\"ie-fix\"><\/span> <\/div><\/div><!--\/swiper-slide--><div class=\"swiper-slide\" data-bg-alignment=\"center\" data-color-scheme=\"light\" data-x-pos=\"center\" data-y-pos=\"middle\"> \n\t\t\t\t\t\t\t\t<div class=\"image-bg\" style=\"background-image: url(https:\/\/eski.gokcegemile.com\/wp-content\/uploads\/2019\/12\/Villa-Baner-12-780.jpg);\"> &nbsp; <\/div><div class=\"video-texture \"> <span class=\"ie-fix\"><\/span> <\/div><\/div><!--\/swiper-slide--><div class=\"swiper-slide\" data-bg-alignment=\"center\" data-color-scheme=\"light\" data-x-pos=\"center\" data-y-pos=\"middle\"> \n\t\t\t\t\t\t\t\t<div class=\"image-bg\" style=\"background-image: url(https:\/\/eski.gokcegemile.com\/wp-content\/uploads\/2021\/12\/VIlla-Banner_2.jpg);\"> &nbsp; <\/div><div class=\"video-texture \"> <span class=\"ie-fix\"><\/span> <\/div><\/div><!--\/swiper-slide--><div class=\"swiper-slide\" data-bg-alignment=\"center\" data-color-scheme=\"light\" data-x-pos=\"center\" data-y-pos=\"middle\"> \n\t\t\t\t\t\t\t\t<div class=\"image-bg\" style=\"background-image: url(https:\/\/eski.gokcegemile.com\/wp-content\/uploads\/2019\/12\/Villa-Baner-9-780.jpg);\"> &nbsp; <\/div><div class=\"video-texture \"> <span class=\"ie-fix\"><\/span> <\/div><\/div><!--\/swiper-slide--><div class=\"swiper-slide\" data-bg-alignment=\"center\" data-color-scheme=\"light\" data-x-pos=\"center\" data-y-pos=\"middle\"> \n\t\t\t\t\t\t\t\t<div class=\"image-bg\" style=\"background-image: url(https:\/\/eski.gokcegemile.com\/wp-content\/uploads\/2019\/12\/Villa-Baner-13-780.jpg);\"> &nbsp; <\/div><div class=\"video-texture \"> <span class=\"ie-fix\"><\/span> <\/div><\/div><!--\/swiper-slide--><div class=\"swiper-slide\" data-bg-alignment=\"center\" data-color-scheme=\"light\" data-x-pos=\"center\" data-y-pos=\"middle\"> \n\t\t\t\t\t\t\t\t<div class=\"image-bg\" style=\"background-image: url(https:\/\/eski.gokcegemile.com\/wp-content\/uploads\/2019\/12\/Villa-Baner-10.jpg);\"> &nbsp; <\/div><div class=\"video-texture \"> <span class=\"ie-fix\"><\/span> <\/div><\/div><!--\/swiper-slide--><div class=\"swiper-slide\" data-bg-alignment=\"center\" data-color-scheme=\"light\" data-x-pos=\"center\" data-y-pos=\"middle\"> \n\t\t\t\t\t\t\t\t<div class=\"image-bg\" style=\"background-image: url(https:\/\/eski.gokcegemile.com\/wp-content\/uploads\/2021\/12\/GokceGemile-HPage_10.jpg);\"> &nbsp; <\/div><div class=\"video-texture \"> <span class=\"ie-fix\"><\/span> <\/div><\/div><!--\/swiper-slide--><\/div><a href=\"\" class=\"slider-prev\"><i class=\"icon-salient-left-arrow\"><\/i> <div class=\"slide-count\"> <span class=\"slide-current\">1<\/span> <i class=\"icon-salient-right-line\"><\/i> <span class=\"slide-total\"><\/span> <\/div> <\/a>\n\t\t\t\t     \t\t<a href=\"\" class=\"slider-next\"><i class=\"icon-salient-right-arrow\"><\/i> <div class=\"slide-count\"> <span class=\"slide-current\">1<\/span> <i class=\"icon-salient-right-line\"><\/i> <span class=\"slide-total\"><\/span> <\/div> <\/a><div class=\"nectar-slider-loading \"> <span class=\"loading-icon none\">   <\/span> <\/div> <\/div> \n\t\t\t\t\n\t\t\t<\/div><\/div>[\/vc_column][\/vc_row][vc_row type=&#8221;in_container&#8221; full_screen_row_position=&#8221;middle&#8221; scene_position=&#8221;center&#8221; text_color=&#8221;dark&#8221; text_align=&#8221;left&#8221; overlay_strength=&#8221;0.3&#8243; shape_divider_position=&#8221;bottom&#8221;][vc_column column_padding=&#8221;no-extra-padding&#8221; column_padding_position=&#8221;all&#8221; background_color_opacity=&#8221;1&#8243; background_hover_color_opacity=&#8221;1&#8243; column_shadow=&#8221;none&#8221; column_border_radius=&#8221;none&#8221; width=&#8221;1\/1&#8243; tablet_text_alignment=&#8221;default&#8221; phone_text_alignment=&#8221;default&#8221; column_border_width=&#8221;none&#8221; column_border_style=&#8221;solid&#8221;]<div class=\"divider-wrap\"><div style=\"height: 25px;\" class=\"divider\"><\/div><\/div>[vc_column_text]\n<h2><strong>G\u00f6k\u00e7e Gemile Evleri<\/strong><\/h2>\n[\/vc_column_text]<div class=\"divider-wrap\"><div style=\"height: 25px;\" class=\"divider\"><\/div><\/div>[vc_row_inner column_margin=&#8221;default&#8221; text_align=&#8221;left&#8221;][vc_column_inner column_padding=&#8221;no-extra-padding&#8221; column_padding_position=&#8221;all&#8221; background_color_opacity=&#8221;1&#8243; background_hover_color_opacity=&#8221;1&#8243; column_shadow=&#8221;none&#8221; column_border_radius=&#8221;none&#8221; width=&#8221;1\/1&#8243; column_border_width=&#8221;none&#8221; column_border_style=&#8221;solid&#8221;][\/vc_column_inner][\/vc_row_inner]<div class=\"divider-wrap\"><div style=\"height: 25px;\" class=\"divider\"><\/div><\/div>[vc_column_text]<strong>G\u00f6k\u00e7e Gemile Evleri<\/strong><\/p>\n<p>Akdeniz\u2019in masmavi sular\u0131n\u0131n, \u00e7am ormanlar\u0131n\u0131n, da\u011flar\u0131n\u0131n ve bozulmam\u0131\u015f k\u0131rsal alanlar\u0131n\u0131n cennet gibi manzaralar\u0131n\u0131 kutlayan G\u00f6k\u00e7e Gemile evleri, uzun s\u00fcredir hayalini kurdu\u011fumuz bir projenin sonucudur.<\/p>\n<p>Ta\u015f, ah\u015fap, \u00e7elik ve cam gibi do\u011fal malzemelerden ustal\u0131kla in\u015fa edilen bu evler, s\u0131rad\u0131\u015f\u0131 ve bazen de tuhaf detaylarla bezenmi\u015f bir tutku ile tasarlanm\u0131\u015ft\u0131r. Estetik bir tarz ile konforun en \u00fcst seviyeleri bir araya getirilirken, \u00e7evrelerinin do\u011fal b\u00fct\u00fcnl\u00fc\u011f\u00fc korunmu\u015ftur.<\/p>\n<p>G\u00f6k\u00e7e Gemile\u2019deki her ev, kendine \u00f6zg\u00fc bir hikaye anlat\u0131r. Yarat\u0131c\u0131lar\u0131n\u0131n vizyonuna g\u00f6re in\u015fa edilen bu yap\u0131lar, bulunduklar\u0131 ormanl\u0131k alanla organik bir ili\u015fki kurarak \u00e7evrelerinden pek \u00e7ok do\u011fal unsuru i\u00e7ermektedir. Her ev, tam mahremiyeti ve gizlili\u011fi sa\u011flamak amac\u0131yla dikkatle yerle\u015ftirilmi\u015ftir.<\/p>\n<p>Evleri \u00e7evreleyen \u00f6zel peyzaj d\u00fczenlemelerine sahip bah\u00e7eler, mevcut manzaralarla e\u015fsiz bir ili\u015fki olu\u015fturmaktad\u0131r. Her bir ev, geni\u015f ve do\u011fal bir y\u00fczme havuzu, jakuziler ve a\u00e7\u0131k havada dinlenme ile yemek i\u00e7in g\u00f6lgelikli oturma alanlar\u0131na sahiptir. Ayr\u0131ca, finik\u00fcler ad\u0131 verilen e\u011fimli bir asans\u00f6r ile tamamen \u00f6zel koylara ve plajdaki G\u00f6k\u00e7e Gemile kafesine kolayca eri\u015fim imkan\u0131 sunulmaktad\u0131r.<\/p>\n<p>K\u0131sacas\u0131, G\u00f6k\u00e7e Gemile evleri misafirlerine hem rahat hem de konforlu bir ya\u015fam ortam\u0131 sunmakta, geni\u015f ve huzurlu bir ya\u015fam alan\u0131 yaratmaktad\u0131r.[\/vc_column_text][vc_row_inner column_margin=&#8221;default&#8221; text_align=&#8221;left&#8221;][vc_column_inner column_padding=&#8221;no-extra-padding&#8221; column_padding_position=&#8221;all&#8221; background_color_opacity=&#8221;1&#8243; background_hover_color_opacity=&#8221;1&#8243; column_shadow=&#8221;none&#8221; column_border_radius=&#8221;none&#8221; width=&#8221;1\/1&#8243; column_border_width=&#8221;none&#8221; column_border_style=&#8221;solid&#8221;][vc_column_text]\n<h2><strong>Villalar\u0131m\u0131z<\/strong><\/h2>\n[\/vc_column_text]<div class=\"divider-wrap\"><div style=\"height: 25px;\" class=\"divider\"><\/div><\/div>\t\n\t\n\n\n\t<div class=\"portfolio-wrap \">\n\t\t\t\n\t\t\t\n\t\t\t<span class=\"portfolio-loading  none\">   <\/span>\n\n\t\t\t\n\t\t\t\t\t\t\n\t\t\t<div class=\"row portfolio-items no-masonry  \" data-rcp=\"false\" data-masonry-type=\"default\" data-ps=\"3\" data-starting-filter=\"\" data-gutter=\"default\" data-categories-to-show=\"villa\" data-lightbox-only=\"0\" data-col-num=\"cols-4\">\n\t\t\t\t\t\t\t\t\t\n\t\t\t\t\t\t\t\t\t\t\n\t\t\t\t\t<div class=\"col span_3  element villa-tr \"  data-project-cat=\"villa-tr \" data-default-color=\"true\" data-title-color=\"\" data-subtitle-color=\"\">\n\t\t\t\t\t\t\n\t\t\t\t\t\t<div class=\"inner-wrap animated\" data-animation=\"none\">\n\n\t\t\t\t\t\t\t\t\t\t\t\t\t\n\t\t\t\t\t\t\t<div class=\"work-item style-3\" data-custom-content=\"off\" data-text-align=\"middle\">\n\t\t\t\t\t\t\t\t\n\t\t\t\t\t\t\t\t<img decoding=\"async\" class=\"size-\" src=\"https:\/\/eski.gokcegemile.com\/wp-content\/uploads\/2018\/02\/GokceBox_1.jpg\" alt=\"\" height=\"\" width=\"\" srcset=\"https:\/\/eski.gokcegemile.com\/wp-content\/uploads\/2018\/02\/GokceBox_1.jpg 600w, https:\/\/eski.gokcegemile.com\/wp-content\/uploads\/2018\/02\/GokceBox_1-400x269.jpg 400w\" sizes=\"(min-width: 1000px) 25vw, (min-width: 690px) 50vw, 100vw\" \/>\t\t\t\t\n\t\t\t\t\t\t\t\t<div class=\"work-info-bg\">&nbsp;<\/div>\n\t\t\t\t\t\t\t\t<div class=\"work-info\">\n\t\t\t\t\t\t\t\t\t\n\t\t\t\t\t\t\t\t\t\t\t\t\t\t\t\t\t\t\t\t\n\t\t\t\t\t\t\t\t\t\t\t<a href=\"https:\/\/eski.gokcegemile.com\/tr\/villa-gokce\/\"><\/a>\n\t\t\t\t\t\t\t\t\t\t\n\t\t\t\t\t\t\t\t\t\t\t\t\t\t\t\t\t\t\t\n\t\t\t\t\n\t\t\t\t\t\t\t\t\t<div class=\"vert-center\">\n\t\t\t\t\t\t\t\t\t\t\t\n\t\t\t\t\t\t\t\t\t\t\t<h3>G\u00f6k\u00e7e <\/h3> \n\t\t\t\t\t\t\t\t\t\t\t<p> <\/p>\t\t\t\t\t\t\t\t\t\t\t\t\t\t\t\t\t\t\t<\/div><!--\/vert-center-->\n\t\t\t\t\t\t\t\t\t\n\t\t\t\t\t\t\t\t<\/div>\n\t\t\t\t\t\t\t<\/div><!--work-item-->\n\t\t\t\t\t\t\t\n\t\t\t\t\t\t\t\t\t\t\t\t\n\t\t\t\t\t\t\n\t\t\t\t\t<\/div><!--\/inner-wrap-->\n\t\t\t\t\t<\/div><!--\/col-->\n\t\t\t\t\t\n\t\t\t\t\t\t\t\t\t\n\t\t\t\t\t\t\t\t\t\t\n\t\t\t\t\t<div class=\"col span_3  element villa-tr \"  data-project-cat=\"villa-tr \" data-default-color=\"true\" data-title-color=\"\" data-subtitle-color=\"\">\n\t\t\t\t\t\t\n\t\t\t\t\t\t<div class=\"inner-wrap animated\" data-animation=\"none\">\n\n\t\t\t\t\t\t\t\t\t\t\t\t\t\n\t\t\t\t\t\t\t<div class=\"work-item style-3\" data-custom-content=\"off\" data-text-align=\"middle\">\n\t\t\t\t\t\t\t\t\n\t\t\t\t\t\t\t\t<img loading=\"lazy\" decoding=\"async\" class=\"size-\" src=\"https:\/\/eski.gokcegemile.com\/wp-content\/uploads\/2018\/08\/elmal\u0131-600x403.jpg\" alt=\"\" height=\"403\" width=\"600\" srcset=\"https:\/\/eski.gokcegemile.com\/wp-content\/uploads\/2018\/08\/elmal\u0131-600x403.jpg 600w, https:\/\/eski.gokcegemile.com\/wp-content\/uploads\/2018\/08\/elmal\u0131-400x269.jpg 400w\" sizes=\"auto, (min-width: 1000px) 25vw, (min-width: 690px) 50vw, 100vw\" \/>\t\t\t\t\n\t\t\t\t\t\t\t\t<div class=\"work-info-bg\">&nbsp;<\/div>\n\t\t\t\t\t\t\t\t<div class=\"work-info\">\n\t\t\t\t\t\t\t\t\t\n\t\t\t\t\t\t\t\t\t\t\t\t\t\t\t\t\t\t\t\t\n\t\t\t\t\t\t\t\t\t\t\t<a href=\"https:\/\/eski.gokcegemile.com\/tr\/villa-elmali\/\"><\/a>\n\t\t\t\t\t\t\t\t\t\t\n\t\t\t\t\t\t\t\t\t\t\t\t\t\t\t\t\t\t\t\n\t\t\t\t\n\t\t\t\t\t\t\t\t\t<div class=\"vert-center\">\n\t\t\t\t\t\t\t\t\t\t\t\n\t\t\t\t\t\t\t\t\t\t\t<h3>Elmal\u0131 <\/h3> \n\t\t\t\t\t\t\t\t\t\t\t<p> <\/p>\t\t\t\t\t\t\t\t\t\t\t\t\t\t\t\t\t\t\t<\/div><!--\/vert-center-->\n\t\t\t\t\t\t\t\t\t\n\t\t\t\t\t\t\t\t<\/div>\n\t\t\t\t\t\t\t<\/div><!--work-item-->\n\t\t\t\t\t\t\t\n\t\t\t\t\t\t\t\t\t\t\t\t\n\t\t\t\t\t\t\n\t\t\t\t\t<\/div><!--\/inner-wrap-->\n\t\t\t\t\t<\/div><!--\/col-->\n\t\t\t\t\t\n\t\t\t\t\t\t\t\t\t\n\t\t\t\t\t\t\t\t\t\t\n\t\t\t\t\t<div class=\"col span_3  element villa-tr \"  data-project-cat=\"villa-tr \" data-default-color=\"true\" data-title-color=\"\" data-subtitle-color=\"\">\n\t\t\t\t\t\t\n\t\t\t\t\t\t<div class=\"inner-wrap animated\" data-animation=\"none\">\n\n\t\t\t\t\t\t\t\t\t\t\t\t\t\n\t\t\t\t\t\t\t<div class=\"work-item style-3\" data-custom-content=\"off\" data-text-align=\"middle\">\n\t\t\t\t\t\t\t\t\n\t\t\t\t\t\t\t\t<img decoding=\"async\" class=\"size-\" src=\"https:\/\/eski.gokcegemile.com\/wp-content\/uploads\/2018\/02\/GemileTemp_Box.jpg\" alt=\"\" height=\"\" width=\"\" srcset=\"https:\/\/eski.gokcegemile.com\/wp-content\/uploads\/2018\/02\/GemileTemp_Box.jpg 600w, https:\/\/eski.gokcegemile.com\/wp-content\/uploads\/2018\/02\/GemileTemp_Box-400x269.jpg 400w\" sizes=\"(min-width: 1000px) 25vw, (min-width: 690px) 50vw, 100vw\" \/>\t\t\t\t\n\t\t\t\t\t\t\t\t<div class=\"work-info-bg\">&nbsp;<\/div>\n\t\t\t\t\t\t\t\t<div class=\"work-info\">\n\t\t\t\t\t\t\t\t\t\n\t\t\t\t\t\t\t\t\t\t\t\t\t\t\t\t\t\t\t\t\n\t\t\t\t\t\t\t\t\t\t\t<a href=\"https:\/\/eski.gokcegemile.com\/tr\/villa-gemile\/\"><\/a>\n\t\t\t\t\t\t\t\t\t\t\n\t\t\t\t\t\t\t\t\t\t\t\t\t\t\t\t\t\t\t\n\t\t\t\t\n\t\t\t\t\t\t\t\t\t<div class=\"vert-center\">\n\t\t\t\t\t\t\t\t\t\t\t\n\t\t\t\t\t\t\t\t\t\t\t<h3>Gemile <\/h3> \n\t\t\t\t\t\t\t\t\t\t\t<p> <\/p>\t\t\t\t\t\t\t\t\t\t\t\t\t\t\t\t\t\t\t<\/div><!--\/vert-center-->\n\t\t\t\t\t\t\t\t\t\n\t\t\t\t\t\t\t\t<\/div>\n\t\t\t\t\t\t\t<\/div><!--work-item-->\n\t\t\t\t\t\t\t\n\t\t\t\t\t\t\t\t\t\t\t\t\n\t\t\t\t\t\t\n\t\t\t\t\t<\/div><!--\/inner-wrap-->\n\t\t\t\t\t<\/div><!--\/col-->\n\t\t\t\t\t\n\t\t\t\t\t\t\t\t\t\n\t\t\t\t\t\t\t\t\t\t\n\t\t\t\t\t<div class=\"col span_3  element villa-tr \"  data-project-cat=\"villa-tr \" data-default-color=\"true\" data-title-color=\"\" data-subtitle-color=\"\">\n\t\t\t\t\t\t\n\t\t\t\t\t\t<div class=\"inner-wrap animated\" data-animation=\"none\">\n\n\t\t\t\t\t\t\t\t\t\t\t\t\t\n\t\t\t\t\t\t\t<div class=\"work-item style-3\" data-custom-content=\"off\" data-text-align=\"middle\">\n\t\t\t\t\t\t\t\t\n\t\t\t\t\t\t\t\t<img loading=\"lazy\" decoding=\"async\" class=\"size-\" src=\"https:\/\/eski.gokcegemile.com\/wp-content\/uploads\/2018\/08\/theestate-600x403.jpg\" alt=\"\" height=\"403\" width=\"600\" srcset=\"https:\/\/eski.gokcegemile.com\/wp-content\/uploads\/2018\/08\/theestate-600x403.jpg 600w, https:\/\/eski.gokcegemile.com\/wp-content\/uploads\/2018\/08\/theestate-400x269.jpg 400w\" sizes=\"auto, (min-width: 1000px) 25vw, (min-width: 690px) 50vw, 100vw\" \/>\t\t\t\t\n\t\t\t\t\t\t\t\t<div class=\"work-info-bg\">&nbsp;<\/div>\n\t\t\t\t\t\t\t\t<div class=\"work-info\">\n\t\t\t\t\t\t\t\t\t\n\t\t\t\t\t\t\t\t\t\t\t\t\t\t\t\t\t\t\t\t\n\t\t\t\t\t\t\t\t\t\t\t<a href=\"https:\/\/eski.gokcegemile.com\/tr\/the-estate\/\"><\/a>\n\t\t\t\t\t\t\t\t\t\t\n\t\t\t\t\t\t\t\t\t\t\t\t\t\t\t\t\t\t\t\n\t\t\t\t\n\t\t\t\t\t\t\t\t\t<div class=\"vert-center\">\n\t\t\t\t\t\t\t\t\t\t\t\n\t\t\t\t\t\t\t\t\t\t\t<h3>G\u00f6k\u00e7e Gemile Resort <\/h3> \n\t\t\t\t\t\t\t\t\t\t\t<p> <\/p>\t\t\t\t\t\t\t\t\t\t\t\t\t\t\t\t\t\t\t<\/div><!--\/vert-center-->\n\t\t\t\t\t\t\t\t\t\n\t\t\t\t\t\t\t\t<\/div>\n\t\t\t\t\t\t\t<\/div><!--work-item-->\n\t\t\t\t\t\t\t\n\t\t\t\t\t\t\t\t\t\t\t\t\n\t\t\t\t\t\t\n\t\t\t\t\t<\/div><!--\/inner-wrap-->\n\t\t\t\t\t<\/div><!--\/col-->\n\t\t\t\t\t\n\t\t\t\t\n\t\t\t<\/div><!--\/portfolio-->\n\t   <\/div><!--\/portfolio wrap-->\n\t\t\n\t\t[\/vc_column_inner][\/vc_row_inner][\/vc_column][\/vc_row]\n","protected":false},"excerpt":{"rendered":"<p>[vc_row type=&#8221;in_container&#8221; full_screen_row_position=&#8221;middle&#8221; scene_position=&#8221;center&#8221; text_color=&#8221;dark&#8221; text_align=&#8221;left&#8221; overlay_strength=&#8221;0.3&#8243; shape_divider_position=&#8221;bottom&#8221;][vc_column column_padding=&#8221;no-extra-padding&#8221; column_padding_position=&#8221;all&#8221; background_color_opacity=&#8221;1&#8243; background_hover_color_opacity=&#8221;1&#8243; column_shadow=&#8221;none&#8221; column_border_radius=&#8221;none&#8221; width=&#8221;1\/1&#8243; tablet_text_alignment=&#8221;default&#8221; phone_text_alignment=&#8221;default&#8221; column_border_width=&#8221;none&#8221; column_border_style=&#8221;solid&#8221;][\/vc_column][\/vc_row][vc_row type=&#8221;in_container&#8221; full_screen_row_position=&#8221;middle&#8221; scene_position=&#8221;center&#8221; text_color=&#8221;dark&#8221; text_align=&#8221;left&#8221; overlay_strength=&#8221;0.3&#8243; shape_divider_position=&#8221;bottom&#8221;][vc_column column_padding=&#8221;no-extra-padding&#8221; column_padding_position=&#8221;all&#8221; background_color_opacity=&#8221;1&#8243; background_hover_color_opacity=&#8221;1&#8243;&#8230;<\/p>\n","protected":false},"author":1,"featured_media":0,"parent":0,"menu_order":0,"comment_status":"closed","ping_status":"closed","template":"","meta":{"footnotes":""},"class_list":["post-5702","page","type-page","status-publish"],"_links":{"self":[{"href":"https:\/\/eski.gokcegemile.com\/tr\/wp-json\/wp\/v2\/pages\/5702\/"}],"collection":[{"href":"https:\/\/eski.gokcegemile.com\/tr\/wp-json\/wp\/v2\/pages\/"}],"about":[{"href":"https:\/\/eski.gokcegemile.com\/tr\/wp-json\/wp\/v2\/types\/page\/"}],"author":[{"embeddable":true,"href":"https:\/\/eski.gokcegemile.com\/tr\/wp-json\/wp\/v2\/users\/1\/"}],"replies":[{"embeddable":true,"href":"https:\/\/eski.gokcegemile.com\/tr\/wp-json\/wp\/v2\/comments\/?post=5702"}],"version-history":[{"count":4,"href":"https:\/\/eski.gokcegemile.com\/tr\/wp-json\/wp\/v2\/pages\/5702\/revisions\/"}],"predecessor-version":[{"id":11125,"href":"https:\/\/eski.gokcegemile.com\/tr\/wp-json\/wp\/v2\/pages\/5702\/revisions\/11125\/"}],"wp:attachment":[{"href":"https:\/\/eski.gokcegemile.com\/tr\/wp-json\/wp\/v2\/media\/?parent=5702"}],"curies":[{"name":"wp","href":"https:\/\/api.w.org\/{rel}","templated":true}]}}