{"id":5892,"date":"2018-12-08T14:34:56","date_gmt":"2018-12-08T11:34:56","guid":{"rendered":"https:\/\/eski.gokcegemile.com\/bays-coves-forests\/"},"modified":"2024-07-31T17:24:24","modified_gmt":"2024-07-31T14:24:24","slug":"bays-coves-forests","status":"publish","type":"page","link":"https:\/\/eski.gokcegemile.com\/tr\/bays-coves-forests\/","title":{"rendered":"Koylar &#038; Ormanlar"},"content":{"rendered":"[vc_row type=&#8221;in_container&#8221; full_screen_row_position=&#8221;middle&#8221; scene_position=&#8221;center&#8221; text_color=&#8221;dark&#8221; text_align=&#8221;left&#8221; overlay_strength=&#8221;0.3&#8243; shape_divider_position=&#8221;bottom&#8221;][vc_column column_padding=&#8221;no-extra-padding&#8221; column_padding_position=&#8221;all&#8221; background_color_opacity=&#8221;1&#8243; background_hover_color_opacity=&#8221;1&#8243; column_shadow=&#8221;none&#8221; column_border_radius=&#8221;none&#8221; width=&#8221;1\/1&#8243; tablet_text_alignment=&#8221;default&#8221; phone_text_alignment=&#8221;default&#8221; column_border_width=&#8221;none&#8221; column_border_style=&#8221;solid&#8221;]<div style=\"height: 730px\" data-midnight=\"nectar-slider\" class=\"parallax_slider_outer \"><div style=\"height: 730px;\" nihat=\"Cakar\"  data-transition=\"fade\" data-overall_style=\"classic\" data-flexible-height=\"true\" data-animate-in-effect=\"none\" data-fullscreen=\"false\" data-button-sizing=\"regular\" data-button-styling=\"btn_with_count\" data-autorotate=\"5000\" data-parallax=\"true\" data-full-width=\"true\" class=\"nectar-slider-wrap \" id=\"ns-id-6a0547e3079a1\">\n\t\t\t<div style=\"height: 730px\" class=\"swiper-container\"  data-tho=\"auto\" data-tco=\"auto\" data-pho=\"auto\" data-pco=\"auto\" data-loop=\"true\" data-height=\"730\" data-min-height=\"\" data-arrows=\"true\" data-bullets=\"false\" data-bullet_style=\"see_through\" data-desktop-swipe=\"false\" data-settings=\"\">\n\t\t\t\t    <div class=\"swiper-wrapper\"><div class=\"swiper-slide\" data-bg-alignment=\"center\" data-color-scheme=\"light\" data-x-pos=\"center\" data-y-pos=\"middle\"> \n\t\t\t\t\t\t\t\t<div class=\"image-bg\" style=\"background-image: url(https:\/\/eski.gokcegemile.com\/wp-content\/uploads\/2019\/12\/BaysCoves-Banner-4-780.jpg);\"> &nbsp; <\/div><div class=\"video-texture \"> <span class=\"ie-fix\"><\/span> <\/div><\/div><!--\/swiper-slide--><div class=\"swiper-slide\" data-bg-alignment=\"center\" data-color-scheme=\"light\" data-x-pos=\"center\" data-y-pos=\"middle\"> \n\t\t\t\t\t\t\t\t<div class=\"image-bg\" style=\"background-image: url(https:\/\/eski.gokcegemile.com\/wp-content\/uploads\/2019\/12\/BaysCoves-Banner-10-780.jpg);\"> &nbsp; <\/div><div class=\"video-texture \"> <span class=\"ie-fix\"><\/span> <\/div><\/div><!--\/swiper-slide--><div class=\"swiper-slide\" data-bg-alignment=\"center\" data-color-scheme=\"light\" data-x-pos=\"center\" data-y-pos=\"middle\"> \n\t\t\t\t\t\t\t\t<div class=\"image-bg\" style=\"background-image: url(https:\/\/eski.gokcegemile.com\/wp-content\/uploads\/2019\/12\/BaysCoves-Banner-5-780.jpg);\"> &nbsp; <\/div><div class=\"video-texture \"> <span class=\"ie-fix\"><\/span> <\/div><\/div><!--\/swiper-slide--><div class=\"swiper-slide\" data-bg-alignment=\"center\" data-color-scheme=\"light\" data-x-pos=\"center\" data-y-pos=\"middle\"> \n\t\t\t\t\t\t\t\t<div class=\"image-bg\" style=\"background-image: url(https:\/\/eski.gokcegemile.com\/wp-content\/uploads\/2019\/12\/BaysCoves-Banner-14-780.jpg);\"> &nbsp; <\/div><div class=\"video-texture \"> <span class=\"ie-fix\"><\/span> <\/div><\/div><!--\/swiper-slide--><div class=\"swiper-slide\" data-bg-alignment=\"center\" data-color-scheme=\"light\" data-x-pos=\"center\" data-y-pos=\"middle\"> \n\t\t\t\t\t\t\t\t<div class=\"image-bg\" style=\"background-image: url(https:\/\/eski.gokcegemile.com\/wp-content\/uploads\/2019\/12\/BaysCoves-Banner-17-780.jpg);\"> &nbsp; <\/div><div class=\"video-texture \"> <span class=\"ie-fix\"><\/span> <\/div><\/div><!--\/swiper-slide--><div class=\"swiper-slide\" data-bg-alignment=\"center\" data-color-scheme=\"light\" data-x-pos=\"center\" data-y-pos=\"middle\"> \n\t\t\t\t\t\t\t\t<div class=\"image-bg\" style=\"background-image: url(https:\/\/eski.gokcegemile.com\/wp-content\/uploads\/2019\/12\/Bays-Coves-Banner-6-780.jpg);\"> &nbsp; <\/div><div class=\"video-texture \"> <span class=\"ie-fix\"><\/span> <\/div><\/div><!--\/swiper-slide--><div class=\"swiper-slide\" data-bg-alignment=\"center\" data-color-scheme=\"light\" data-x-pos=\"center\" data-y-pos=\"middle\"> \n\t\t\t\t\t\t\t\t<div class=\"image-bg\" style=\"background-image: url(https:\/\/eski.gokcegemile.com\/wp-content\/uploads\/2019\/12\/BaysCoves-banner-11-780.jpg);\"> &nbsp; <\/div><div class=\"video-texture \"> <span class=\"ie-fix\"><\/span> <\/div><\/div><!--\/swiper-slide--><div class=\"swiper-slide\" data-bg-alignment=\"center\" data-color-scheme=\"light\" data-x-pos=\"center\" data-y-pos=\"middle\"> \n\t\t\t\t\t\t\t\t<div class=\"image-bg\" style=\"background-image: url(https:\/\/eski.gokcegemile.com\/wp-content\/uploads\/2019\/12\/BaysCoves-banner8-780.jpg);\"> &nbsp; <\/div><div class=\"video-texture \"> <span class=\"ie-fix\"><\/span> <\/div><\/div><!--\/swiper-slide--><div class=\"swiper-slide\" data-bg-alignment=\"center\" data-color-scheme=\"light\" data-x-pos=\"center\" data-y-pos=\"middle\"> \n\t\t\t\t\t\t\t\t<div class=\"image-bg\" style=\"background-image: url(https:\/\/eski.gokcegemile.com\/wp-content\/uploads\/2019\/12\/BaysCoves-Banner-1-780.jpg);\"> &nbsp; <\/div><div class=\"video-texture \"> <span class=\"ie-fix\"><\/span> <\/div><\/div><!--\/swiper-slide--><div class=\"swiper-slide\" data-bg-alignment=\"center\" data-color-scheme=\"light\" data-x-pos=\"center\" data-y-pos=\"middle\"> \n\t\t\t\t\t\t\t\t<div class=\"image-bg\" style=\"background-image: url(https:\/\/eski.gokcegemile.com\/wp-content\/uploads\/2019\/12\/BaysCoves-13-780.jpg);\"> &nbsp; <\/div><div class=\"video-texture \"> <span class=\"ie-fix\"><\/span> <\/div><\/div><!--\/swiper-slide--><div class=\"swiper-slide\" data-bg-alignment=\"center\" data-color-scheme=\"light\" data-x-pos=\"center\" data-y-pos=\"middle\"> \n\t\t\t\t\t\t\t\t<div class=\"image-bg\" style=\"background-image: url(https:\/\/eski.gokcegemile.com\/wp-content\/uploads\/2019\/12\/BaysCoves-Banner-18-780.jpg);\"> &nbsp; <\/div><div class=\"video-texture \"> <span class=\"ie-fix\"><\/span> <\/div><\/div><!--\/swiper-slide--><div class=\"swiper-slide\" data-bg-alignment=\"center\" data-color-scheme=\"light\" data-x-pos=\"center\" data-y-pos=\"middle\"> \n\t\t\t\t\t\t\t\t<div class=\"image-bg\" style=\"background-image: url(https:\/\/eski.gokcegemile.com\/wp-content\/uploads\/2019\/12\/BaysCoves-Banner-21-780.jpg);\"> &nbsp; <\/div><div class=\"video-texture \"> <span class=\"ie-fix\"><\/span> <\/div><\/div><!--\/swiper-slide--><div class=\"swiper-slide\" data-bg-alignment=\"center\" data-color-scheme=\"light\" data-x-pos=\"center\" data-y-pos=\"middle\"> \n\t\t\t\t\t\t\t\t<div class=\"image-bg\" style=\"background-image: url(https:\/\/eski.gokcegemile.com\/wp-content\/uploads\/2019\/12\/BaysCoves-Banner-X-780.jpg);\"> &nbsp; <\/div><div class=\"video-texture \"> <span class=\"ie-fix\"><\/span> <\/div><\/div><!--\/swiper-slide--><div class=\"swiper-slide\" data-bg-alignment=\"center\" data-color-scheme=\"light\" data-x-pos=\"center\" data-y-pos=\"middle\"> \n\t\t\t\t\t\t\t\t<div class=\"image-bg\" style=\"background-image: url(https:\/\/eski.gokcegemile.com\/wp-content\/uploads\/2019\/12\/BaysCoves-Banner-xx-780.jpg);\"> &nbsp; <\/div><div class=\"video-texture \"> <span class=\"ie-fix\"><\/span> <\/div><\/div><!--\/swiper-slide--><div class=\"swiper-slide\" data-bg-alignment=\"center\" data-color-scheme=\"light\" data-x-pos=\"center\" data-y-pos=\"middle\"> \n\t\t\t\t\t\t\t\t<div class=\"image-bg\" style=\"background-image: url(https:\/\/eski.gokcegemile.com\/wp-content\/uploads\/2021\/12\/BaysCoves_23.jpg);\"> &nbsp; <\/div><div class=\"video-texture \"> <span class=\"ie-fix\"><\/span> <\/div><\/div><!--\/swiper-slide--><div class=\"swiper-slide\" data-bg-alignment=\"center\" data-color-scheme=\"light\" data-x-pos=\"center\" data-y-pos=\"middle\"> \n\t\t\t\t\t\t\t\t<div class=\"image-bg\" style=\"background-image: url(https:\/\/eski.gokcegemile.com\/wp-content\/uploads\/2021\/12\/BaysCoves_24.jpg);\"> &nbsp; <\/div><div class=\"video-texture \"> <span class=\"ie-fix\"><\/span> <\/div><\/div><!--\/swiper-slide--><div class=\"swiper-slide\" data-bg-alignment=\"center\" data-color-scheme=\"light\" data-x-pos=\"center\" data-y-pos=\"middle\"> \n\t\t\t\t\t\t\t\t<div class=\"image-bg\" style=\"background-image: url(https:\/\/eski.gokcegemile.com\/wp-content\/uploads\/2021\/12\/BaysCoves_26.jpg);\"> &nbsp; <\/div><div class=\"video-texture \"> <span class=\"ie-fix\"><\/span> <\/div><\/div><!--\/swiper-slide--><div class=\"swiper-slide\" data-bg-alignment=\"center\" data-color-scheme=\"light\" data-x-pos=\"center\" data-y-pos=\"middle\"> \n\t\t\t\t\t\t\t\t<div class=\"image-bg\" style=\"background-image: url(https:\/\/eski.gokcegemile.com\/wp-content\/uploads\/2019\/12\/Bayscoves-Banner-37-780x.jpg);\"> &nbsp; <\/div><div class=\"video-texture \"> <span class=\"ie-fix\"><\/span> <\/div><\/div><!--\/swiper-slide--><div class=\"swiper-slide\" data-bg-alignment=\"center\" data-color-scheme=\"light\" data-x-pos=\"center\" data-y-pos=\"middle\"> \n\t\t\t\t\t\t\t\t<div class=\"image-bg\" style=\"background-image: url(https:\/\/eski.gokcegemile.com\/wp-content\/uploads\/2021\/12\/BaysCoves_27.jpg);\"> &nbsp; <\/div><div class=\"video-texture \"> <span class=\"ie-fix\"><\/span> <\/div><\/div><!--\/swiper-slide--><div class=\"swiper-slide\" data-bg-alignment=\"center\" data-color-scheme=\"light\" data-x-pos=\"center\" data-y-pos=\"middle\"> \n\t\t\t\t\t\t\t\t<div class=\"image-bg\" style=\"background-image: url(https:\/\/eski.gokcegemile.com\/wp-content\/uploads\/2021\/12\/BaysCoves_25.jpg);\"> &nbsp; <\/div><div class=\"video-texture \"> <span class=\"ie-fix\"><\/span> <\/div><\/div><!--\/swiper-slide--><\/div><a href=\"\" class=\"slider-prev\"><i class=\"icon-salient-left-arrow\"><\/i> <div class=\"slide-count\"> <span class=\"slide-current\">1<\/span> <i class=\"icon-salient-right-line\"><\/i> <span class=\"slide-total\"><\/span> <\/div> <\/a>\n\t\t\t\t     \t\t<a href=\"\" class=\"slider-next\"><i class=\"icon-salient-right-arrow\"><\/i> <div class=\"slide-count\"> <span class=\"slide-current\">1<\/span> <i class=\"icon-salient-right-line\"><\/i> <span class=\"slide-total\"><\/span> <\/div> <\/a><div class=\"nectar-slider-loading \"> <span class=\"loading-icon none\">   <\/span> <\/div> <\/div> \n\t\t\t\t\n\t\t\t<\/div><\/div>[\/vc_column][\/vc_row][vc_row type=&#8221;in_container&#8221; full_screen_row_position=&#8221;middle&#8221; scene_position=&#8221;center&#8221; text_color=&#8221;dark&#8221; text_align=&#8221;left&#8221; overlay_strength=&#8221;0.3&#8243; shape_divider_position=&#8221;bottom&#8221;][vc_column column_padding=&#8221;no-extra-padding&#8221; column_padding_position=&#8221;all&#8221; background_color_opacity=&#8221;1&#8243; background_hover_color_opacity=&#8221;1&#8243; column_shadow=&#8221;none&#8221; column_border_radius=&#8221;none&#8221; width=&#8221;1\/1&#8243; tablet_text_alignment=&#8221;default&#8221; phone_text_alignment=&#8221;default&#8221; column_border_width=&#8221;none&#8221; column_border_style=&#8221;solid&#8221;]<div class=\"divider-wrap\"><div style=\"height: 25px;\" class=\"divider\"><\/div><\/div>[vc_column_text]\n<h2><strong>Koylar &amp; Ormanlar<\/strong><\/h2>\n[\/vc_column_text]<div class=\"divider-wrap\"><div style=\"height: 25px;\" class=\"divider\"><\/div><\/div>[vc_column_text]G\u00f6k\u00e7e Gemile:<\/p>\n<p>G\u00f6k\u00e7e Gemile, g\u00fcneybat\u0131ya bakan bir dizi koyun bulundu\u011fu, etraf\u0131 \u00e7am a\u011fa\u00e7lar\u0131, a\u011fa\u00e7l\u0131k alanlar ve bolca yabani kekik ile \u00e7evrili, denize ve orta mesafeden Balaban adac\u0131\u011f\u0131na bakan engebeli bir arazi \u00fczerinde konumland\u0131r\u0131lm\u0131\u015f bir cennettir.<\/p>\n<p>Sadece G\u00f6k\u00e7e Gemile\u2019nin \u00f6zel asans\u00f6r\u00fc veya tekne ile eri\u015filebilen ana koy, kayalarla \u00e7evrili, kristal berrakl\u0131\u011f\u0131ndaki sularla s\u00fcslenmi\u015f ve baz\u0131lar\u0131nda k\u00fc\u00e7\u00fck kumlu plajlar bulunan bir\u00e7ok tenha koya sahiptir. G\u00fcne\u015flenmek ve y\u00fczmek i\u00e7in ideal olan bu koylar, misafirlerimize \u00f6zel havuzlarda dinlenmenin yan\u0131 s\u0131ra harika bir alternatif sunmaktad\u0131r.<\/p>\n<p>Misafirler, her villa i\u00e7in in\u015fa edilmi\u015f pergolelerde g\u00f6lgeli alanlarda dinlenebilirler. Ana plajda ayr\u0131ca, G\u00f6k\u00e7e Gemile ekibinin misafirler i\u00e7in kahvalt\u0131, \u00f6\u011fle yeme\u011fi, at\u0131\u015ft\u0131rmal\u0131klar ve ak\u015fam yeme\u011fi haz\u0131rlad\u0131\u011f\u0131 bir kafe ile mutfak da bulunmaktad\u0131r.<\/p>\n<p>Koyun etraf\u0131ndaki geziler i\u00e7in kullan\u0131lan k\u00fc\u00e7\u00fck bir motorlu tekne mevcuttur. \u015enorkelle y\u00fczme ve t\u00fcpl\u00fc dal\u0131\u015f i\u00e7in m\u00fckemmel bir yer olan Balaban adas\u0131na ziyaret imkan\u0131 da sunmaktay\u0131z. G\u00f6k\u00e7e Gemile, misafirlerimizin koylar\u0131n tad\u0131n\u0131 \u00e7\u0131karabilmesi i\u00e7in \u00e7e\u015fitli bal\u0131k tutma ve su sporlar\u0131 ekipmanlar\u0131yla donat\u0131lm\u0131\u015ft\u0131r.<\/p>\n<p>G\u00f6k\u00e7e Gemile\u2019nin derin ve berrak sular\u0131, deniz kaplumba\u011falar\u0131, bal\u0131klar, zaman zaman oyun oynayan yunuslar ve hatta ahtapotlar gibi zengin bir deniz ya\u015fam\u0131na ev sahipli\u011fi yapar. Yelken tutkunlar\u0131 i\u00e7in de harika bir yer olan G\u00f6k\u00e7e Gemile, etraf\u0131ndaki ye\u015fil \u00e7am ormanlar\u0131, etkileyici co\u011frafyas\u0131 ve g\u00f6k mavi sular\u0131yla g\u00f6z al\u0131c\u0131 bir kontrast sunuyor.<\/p>\n[\/vc_column_text]<div class=\"divider-wrap\"><div style=\"height: 25px;\" class=\"divider\"><\/div><\/div><div class=\"toggles \" data-style=\"default\"><div class=\"toggle extra-color-1\"><h3><a href=\"#\"><i class=\"icon-plus-sign\"><\/i>Foto\u011fraf<\/a><\/h3><div>[vc_gallery type=&#8221;parallax_image_grid&#8221; images=&#8221;4988,4989,4990,4991,4992,4993,4994,4995,4996,4997,4998,5000,5001,5002,5003,5004,5006,5007,5008,5009,5010,5011,5012,5013&#8243;]<\/div><\/div><\/div>[vc_row_inner column_margin=&#8221;default&#8221; text_align=&#8221;left&#8221;][\/vc_row_inner][vc_column_inner column_padding=&#8221;no-extra-padding&#8221; column_padding_position=&#8221;all&#8221; background_color_opacity=&#8221;1&#8243; background_hover_color_opacity=&#8221;1&#8243; column_shadow=&#8221;none&#8221; column_border_radius=&#8221;none&#8221; width=&#8221;1\/1&#8243; column_border_width=&#8221;none&#8221; column_border_style=&#8221;solid&#8221;][\/vc_column_inner][vc_column_text]\n<h2>Daha fazlas\u0131n\u0131 ke\u015ffet<\/h2>\n[\/vc_column_text]<div class=\"divider-wrap\"><div style=\"height: 25px;\" class=\"divider\"><\/div><\/div>\t\n\t\n\n\n\t<div class=\"portfolio-wrap \">\n\t\t\t\n\t\t\t\n\t\t\t<span class=\"portfolio-loading  none\">   <\/span>\n\n\t\t\t\n\t\t\t\t\t\t\n\t\t\t<div class=\"row portfolio-items no-masonry  \" data-rcp=\"false\" data-masonry-type=\"default\" data-ps=\"3\" data-starting-filter=\"\" data-gutter=\"default\" data-categories-to-show=\"about-gemile\" data-lightbox-only=\"0\" data-col-num=\"cols-4\">\n\t\t\t\t\t\t\t\t\t\n\t\t\t\t\t\t\t\t\t\t\n\t\t\t\t\t<div class=\"col span_3  element about-gemile-tr \"  data-project-cat=\"about-gemile-tr \" data-default-color=\"true\" data-title-color=\"\" data-subtitle-color=\"\">\n\t\t\t\t\t\t\n\t\t\t\t\t\t<div class=\"inner-wrap animated\" data-animation=\"none\">\n\n\t\t\t\t\t\t\t\t\t\t\t\t\t\n\t\t\t\t\t\t\t<div class=\"work-item style-3\" data-custom-content=\"off\" data-text-align=\"middle\">\n\t\t\t\t\t\t\t\t\n\t\t\t\t\t\t\t\t<img loading=\"lazy\" decoding=\"async\" class=\"size-\" src=\"https:\/\/eski.gokcegemile.com\/wp-content\/uploads\/2018\/08\/ConceptMain_3-600x403.jpg\" alt=\"\" height=\"403\" width=\"600\" srcset=\"https:\/\/eski.gokcegemile.com\/wp-content\/uploads\/2018\/08\/ConceptMain_3-600x403.jpg 600w, https:\/\/eski.gokcegemile.com\/wp-content\/uploads\/2018\/08\/ConceptMain_3-400x269.jpg 400w\" sizes=\"auto, (min-width: 1000px) 25vw, (min-width: 690px) 50vw, 100vw\" \/>\t\t\t\t\n\t\t\t\t\t\t\t\t<div class=\"work-info-bg\">&nbsp;<\/div>\n\t\t\t\t\t\t\t\t<div class=\"work-info\">\n\t\t\t\t\t\t\t\t\t\n\t\t\t\t\t\t\t\t\t\t\t\t\t\t\t\t\t\t\t\t\n\t\t\t\t\t\t\t\t\t\t\t<a href=\"https:\/\/eski.gokcegemile.com\/tr\/concept-and-philosophy\/\"><\/a>\n\t\t\t\t\t\t\t\t\t\t\n\t\t\t\t\t\t\t\t\t\t\t\t\t\t\t\t\t\t\t\n\t\t\t\t\n\t\t\t\t\t\t\t\t\t<div class=\"vert-center\">\n\t\t\t\t\t\t\t\t\t\t\t\n\t\t\t\t\t\t\t\t\t\t\t<h3>Konsept &#038; Felsefe <\/h3> \n\t\t\t\t\t\t\t\t\t\t\t<p> <\/p>\t\t\t\t\t\t\t\t\t\t\t\t\t\t\t\t\t\t\t<\/div><!--\/vert-center-->\n\t\t\t\t\t\t\t\t\t\n\t\t\t\t\t\t\t\t<\/div>\n\t\t\t\t\t\t\t<\/div><!--work-item-->\n\t\t\t\t\t\t\t\n\t\t\t\t\t\t\t\t\t\t\t\t\n\t\t\t\t\t\t\n\t\t\t\t\t<\/div><!--\/inner-wrap-->\n\t\t\t\t\t<\/div><!--\/col-->\n\t\t\t\t\t\n\t\t\t\t\t\t\t\t\t\n\t\t\t\t\t\t\t\t\t\t\n\t\t\t\t\t<div class=\"col span_3  element about-gemile-tr \"  data-project-cat=\"about-gemile-tr \" data-default-color=\"true\" data-title-color=\"\" data-subtitle-color=\"\">\n\t\t\t\t\t\t\n\t\t\t\t\t\t<div class=\"inner-wrap animated\" data-animation=\"none\">\n\n\t\t\t\t\t\t\t\t\t\t\t\t\t\n\t\t\t\t\t\t\t<div class=\"work-item style-3\" data-custom-content=\"off\" data-text-align=\"middle\">\n\t\t\t\t\t\t\t\t\n\t\t\t\t\t\t\t\t<img decoding=\"async\" class=\"size-\" src=\"https:\/\/eski.gokcegemile.com\/wp-content\/uploads\/2018\/07\/Team-Box.jpg\" alt=\"\" height=\"\" width=\"\" srcset=\"https:\/\/eski.gokcegemile.com\/wp-content\/uploads\/2018\/07\/Team-Box.jpg 600w, https:\/\/eski.gokcegemile.com\/wp-content\/uploads\/2018\/07\/Team-Box-400x269.jpg 400w\" sizes=\"(min-width: 1000px) 25vw, (min-width: 690px) 50vw, 100vw\" \/>\t\t\t\t\n\t\t\t\t\t\t\t\t<div class=\"work-info-bg\">&nbsp;<\/div>\n\t\t\t\t\t\t\t\t<div class=\"work-info\">\n\t\t\t\t\t\t\t\t\t\n\t\t\t\t\t\t\t\t\t\t\t\t\t\t\t\t\t\t\t\t\n\t\t\t\t\t\t\t\t\t\t\t<a href=\"https:\/\/eski.gokcegemile.com\/tr\/the-team-and-our-story\/\"><\/a>\n\t\t\t\t\t\t\t\t\t\t\n\t\t\t\t\t\t\t\t\t\t\t\t\t\t\t\t\t\t\t\n\t\t\t\t\n\t\t\t\t\t\t\t\t\t<div class=\"vert-center\">\n\t\t\t\t\t\t\t\t\t\t\t\n\t\t\t\t\t\t\t\t\t\t\t<h3>Ekibimiz &#038; Hikayemiz <\/h3> \n\t\t\t\t\t\t\t\t\t\t\t<p> <\/p>\t\t\t\t\t\t\t\t\t\t\t\t\t\t\t\t\t\t\t<\/div><!--\/vert-center-->\n\t\t\t\t\t\t\t\t\t\n\t\t\t\t\t\t\t\t<\/div>\n\t\t\t\t\t\t\t<\/div><!--work-item-->\n\t\t\t\t\t\t\t\n\t\t\t\t\t\t\t\t\t\t\t\t\n\t\t\t\t\t\t\n\t\t\t\t\t<\/div><!--\/inner-wrap-->\n\t\t\t\t\t<\/div><!--\/col-->\n\t\t\t\t\t\n\t\t\t\t\t\t\t\t\t\n\t\t\t\t\t\t\t\t\t\t\n\t\t\t\t\t<div class=\"col span_3  element about-gemile-tr \"  data-project-cat=\"about-gemile-tr \" data-default-color=\"true\" data-title-color=\"\" data-subtitle-color=\"\">\n\t\t\t\t\t\t\n\t\t\t\t\t\t<div class=\"inner-wrap animated\" data-animation=\"none\">\n\n\t\t\t\t\t\t\t\t\t\t\t\t\t\n\t\t\t\t\t\t\t<div class=\"work-item style-3\" data-custom-content=\"off\" data-text-align=\"middle\">\n\t\t\t\t\t\t\t\t\n\t\t\t\t\t\t\t\t<img decoding=\"async\" class=\"size-\" src=\"https:\/\/eski.gokcegemile.com\/wp-content\/uploads\/2018\/07\/BaysCoves-Box_2.jpg\" alt=\"\" height=\"\" width=\"\" srcset=\"https:\/\/eski.gokcegemile.com\/wp-content\/uploads\/2018\/07\/BaysCoves-Box_2.jpg 600w, https:\/\/eski.gokcegemile.com\/wp-content\/uploads\/2018\/07\/BaysCoves-Box_2-400x269.jpg 400w\" sizes=\"(min-width: 1000px) 25vw, (min-width: 690px) 50vw, 100vw\" \/>\t\t\t\t\n\t\t\t\t\t\t\t\t<div class=\"work-info-bg\">&nbsp;<\/div>\n\t\t\t\t\t\t\t\t<div class=\"work-info\">\n\t\t\t\t\t\t\t\t\t\n\t\t\t\t\t\t\t\t\t\t\t\t\t\t\t\t\t\t\t\t\n\t\t\t\t\t\t\t\t\t\t\t<a href=\"https:\/\/eski.gokcegemile.com\/tr\/the-bay-and-coves\/\"><\/a>\n\t\t\t\t\t\t\t\t\t\t\n\t\t\t\t\t\t\t\t\t\t\t\t\t\t\t\t\t\t\t\n\t\t\t\t\n\t\t\t\t\t\t\t\t\t<div class=\"vert-center\">\n\t\t\t\t\t\t\t\t\t\t\t\n\t\t\t\t\t\t\t\t\t\t\t<h3>Koylar &#038; Ormanlar <\/h3> \n\t\t\t\t\t\t\t\t\t\t\t<p> <\/p>\t\t\t\t\t\t\t\t\t\t\t\t\t\t\t\t\t\t\t<\/div><!--\/vert-center-->\n\t\t\t\t\t\t\t\t\t\n\t\t\t\t\t\t\t\t<\/div>\n\t\t\t\t\t\t\t<\/div><!--work-item-->\n\t\t\t\t\t\t\t\n\t\t\t\t\t\t\t\t\t\t\t\t\n\t\t\t\t\t\t\n\t\t\t\t\t<\/div><!--\/inner-wrap-->\n\t\t\t\t\t<\/div><!--\/col-->\n\t\t\t\t\t\n\t\t\t\t\t\t\t\t\t\n\t\t\t\t\t\t\t\t\t\t\n\t\t\t\t\t<div class=\"col span_3  element about-gemile-tr \"  data-project-cat=\"about-gemile-tr \" data-default-color=\"true\" data-title-color=\"\" data-subtitle-color=\"\">\n\t\t\t\t\t\t\n\t\t\t\t\t\t<div class=\"inner-wrap animated\" data-animation=\"none\">\n\n\t\t\t\t\t\t\t\t\t\t\t\t\t\n\t\t\t\t\t\t\t<div class=\"work-item style-3\" data-custom-content=\"off\" data-text-align=\"middle\">\n\t\t\t\t\t\t\t\t\n\t\t\t\t\t\t\t\t<img decoding=\"async\" class=\"size-\" src=\"https:\/\/eski.gokcegemile.com\/wp-content\/uploads\/2018\/08\/VacationIdeas-Box.jpg\" alt=\"\" height=\"\" width=\"\" srcset=\"https:\/\/eski.gokcegemile.com\/wp-content\/uploads\/2018\/08\/VacationIdeas-Box.jpg 600w, https:\/\/eski.gokcegemile.com\/wp-content\/uploads\/2018\/08\/VacationIdeas-Box-400x269.jpg 400w\" sizes=\"(min-width: 1000px) 25vw, (min-width: 690px) 50vw, 100vw\" \/>\t\t\t\t\n\t\t\t\t\t\t\t\t<div class=\"work-info-bg\">&nbsp;<\/div>\n\t\t\t\t\t\t\t\t<div class=\"work-info\">\n\t\t\t\t\t\t\t\t\t\n\t\t\t\t\t\t\t\t\t\t\t\t\t\t\t\t\t\t\t\t\n\t\t\t\t\t\t\t\t\t\t\t<a href=\"https:\/\/eski.gokcegemile.com\/tr\/vacation-ideas\/\"><\/a>\n\t\t\t\t\t\t\t\t\t\t\n\t\t\t\t\t\t\t\t\t\t\t\t\t\t\t\t\t\t\t\n\t\t\t\t\n\t\t\t\t\t\t\t\t\t<div class=\"vert-center\">\n\t\t\t\t\t\t\t\t\t\t\t\n\t\t\t\t\t\t\t\t\t\t\t<h3>Tatil Fikirleri <\/h3> \n\t\t\t\t\t\t\t\t\t\t\t<p> <\/p>\t\t\t\t\t\t\t\t\t\t\t\t\t\t\t\t\t\t\t<\/div><!--\/vert-center-->\n\t\t\t\t\t\t\t\t\t\n\t\t\t\t\t\t\t\t<\/div>\n\t\t\t\t\t\t\t<\/div><!--work-item-->\n\t\t\t\t\t\t\t\n\t\t\t\t\t\t\t\t\t\t\t\t\n\t\t\t\t\t\t\n\t\t\t\t\t<\/div><!--\/inner-wrap-->\n\t\t\t\t\t<\/div><!--\/col-->\n\t\t\t\t\t\n\t\t\t\t\n\t\t\t<\/div><!--\/portfolio-->\n\t   <\/div><!--\/portfolio wrap-->\n\t\t\n\t\t[\/vc_column][\/vc_row][vc_row type=&#8221;in_container&#8221; full_screen_row_position=&#8221;middle&#8221; scene_position=&#8221;center&#8221; text_color=&#8221;dark&#8221; text_align=&#8221;left&#8221; overlay_strength=&#8221;0.3&#8243; shape_divider_position=&#8221;bottom&#8221;][vc_column column_padding=&#8221;no-extra-padding&#8221; column_padding_position=&#8221;all&#8221; background_color_opacity=&#8221;1&#8243; background_hover_color_opacity=&#8221;1&#8243; column_shadow=&#8221;none&#8221; column_border_radius=&#8221;none&#8221; width=&#8221;1\/1&#8243; tablet_text_alignment=&#8221;default&#8221; phone_text_alignment=&#8221;default&#8221; column_border_width=&#8221;none&#8221; column_border_style=&#8221;solid&#8221;][\/vc_column][\/vc_row]\n","protected":false},"excerpt":{"rendered":"<p>[vc_row type=&#8221;in_container&#8221; full_screen_row_position=&#8221;middle&#8221; scene_position=&#8221;center&#8221; text_color=&#8221;dark&#8221; text_align=&#8221;left&#8221; overlay_strength=&#8221;0.3&#8243; shape_divider_position=&#8221;bottom&#8221;][vc_column column_padding=&#8221;no-extra-padding&#8221; column_padding_position=&#8221;all&#8221; background_color_opacity=&#8221;1&#8243; background_hover_color_opacity=&#8221;1&#8243; column_shadow=&#8221;none&#8221; column_border_radius=&#8221;none&#8221; width=&#8221;1\/1&#8243; tablet_text_alignment=&#8221;default&#8221; phone_text_alignment=&#8221;default&#8221; column_border_width=&#8221;none&#8221; column_border_style=&#8221;solid&#8221;][\/vc_column][\/vc_row][vc_row type=&#8221;in_container&#8221; full_screen_row_position=&#8221;middle&#8221; scene_position=&#8221;center&#8221; text_color=&#8221;dark&#8221; text_align=&#8221;left&#8221; overlay_strength=&#8221;0.3&#8243; shape_divider_position=&#8221;bottom&#8221;][vc_column column_padding=&#8221;no-extra-padding&#8221; column_padding_position=&#8221;all&#8221; background_color_opacity=&#8221;1&#8243; background_hover_color_opacity=&#8221;1&#8243;&#8230;<\/p>\n","protected":false},"author":1,"featured_media":0,"parent":0,"menu_order":0,"comment_status":"closed","ping_status":"closed","template":"","meta":{"footnotes":""},"class_list":["post-5892","page","type-page","status-publish"],"_links":{"self":[{"href":"https:\/\/eski.gokcegemile.com\/tr\/wp-json\/wp\/v2\/pages\/5892\/"}],"collection":[{"href":"https:\/\/eski.gokcegemile.com\/tr\/wp-json\/wp\/v2\/pages\/"}],"about":[{"href":"https:\/\/eski.gokcegemile.com\/tr\/wp-json\/wp\/v2\/types\/page\/"}],"author":[{"embeddable":true,"href":"https:\/\/eski.gokcegemile.com\/tr\/wp-json\/wp\/v2\/users\/1\/"}],"replies":[{"embeddable":true,"href":"https:\/\/eski.gokcegemile.com\/tr\/wp-json\/wp\/v2\/comments\/?post=5892"}],"version-history":[{"count":1,"href":"https:\/\/eski.gokcegemile.com\/tr\/wp-json\/wp\/v2\/pages\/5892\/revisions\/"}],"predecessor-version":[{"id":11140,"href":"https:\/\/eski.gokcegemile.com\/tr\/wp-json\/wp\/v2\/pages\/5892\/revisions\/11140\/"}],"wp:attachment":[{"href":"https:\/\/eski.gokcegemile.com\/tr\/wp-json\/wp\/v2\/media\/?parent=5892"}],"curies":[{"name":"wp","href":"https:\/\/api.w.org\/{rel}","templated":true}]}}