{"id":7579,"date":"2019-04-08T13:01:25","date_gmt":"2019-04-08T10:01:25","guid":{"rendered":"https:\/\/eski.gokcegemile.com\/honeymoon\/"},"modified":"2024-07-31T15:00:24","modified_gmt":"2024-07-31T12:00:24","slug":"honeymoon","status":"publish","type":"page","link":"https:\/\/eski.gokcegemile.com\/tr\/honeymoon\/","title":{"rendered":"Balay\u0131"},"content":{"rendered":"[vc_row type=&#8221;in_container&#8221; full_screen_row_position=&#8221;middle&#8221; scene_position=&#8221;center&#8221; text_color=&#8221;dark&#8221; text_align=&#8221;left&#8221; overlay_strength=&#8221;0.3&#8243; shape_divider_position=&#8221;bottom&#8221;][vc_column column_padding=&#8221;no-extra-padding&#8221; column_padding_position=&#8221;all&#8221; background_color_opacity=&#8221;1&#8243; background_hover_color_opacity=&#8221;1&#8243; column_shadow=&#8221;none&#8221; column_border_radius=&#8221;none&#8221; width=&#8221;1\/1&#8243; tablet_text_alignment=&#8221;default&#8221; phone_text_alignment=&#8221;default&#8221; column_border_width=&#8221;none&#8221; column_border_style=&#8221;solid&#8221;]<div style=\"height: 780px\" data-midnight=\"nectar-slider\" class=\"parallax_slider_outer \"><div style=\"height: 780px;\" nihat=\"Cakar\"  data-transition=\"fade\" data-overall_style=\"classic\" data-flexible-height=\"true\" data-animate-in-effect=\"none\" data-fullscreen=\"false\" data-button-sizing=\"regular\" data-button-styling=\"btn_with_count\" data-autorotate=\"5000\" data-parallax=\"true\" data-full-width=\"true\" class=\"nectar-slider-wrap \" id=\"ns-id-6a05455eda0b2\">\n\t\t\t<div style=\"height: 780px\" class=\"swiper-container\"  data-tho=\"auto\" data-tco=\"auto\" data-pho=\"auto\" data-pco=\"auto\" data-loop=\"true\" data-height=\"780\" data-min-height=\"\" data-arrows=\"true\" data-bullets=\"false\" data-bullet_style=\"see_through\" data-desktop-swipe=\"false\" data-settings=\"\">\n\t\t\t\t    <div class=\"swiper-wrapper\"><div class=\"swiper-slide\" data-bg-alignment=\"center\" data-color-scheme=\"light\" data-x-pos=\"center\" data-y-pos=\"middle\"> \n\t\t\t\t\t\t\t\t<div class=\"image-bg\" style=\"background-image: url(https:\/\/eski.gokcegemile.com\/wp-content\/uploads\/2021\/12\/BaysCoves_25.jpg);\"> &nbsp; <\/div><div class=\"video-texture \"> <span class=\"ie-fix\"><\/span> <\/div><\/div><!--\/swiper-slide--><div class=\"swiper-slide\" data-bg-alignment=\"center\" data-color-scheme=\"light\" data-x-pos=\"center\" data-y-pos=\"middle\"> \n\t\t\t\t\t\t\t\t<div class=\"image-bg\" style=\"background-image: url(https:\/\/eski.gokcegemile.com\/wp-content\/uploads\/2019\/12\/Gokce-Benn-37-780.jpg);\"> &nbsp; <\/div><div class=\"video-texture \"> <span class=\"ie-fix\"><\/span> <\/div><\/div><!--\/swiper-slide--><div class=\"swiper-slide\" data-bg-alignment=\"center\" data-color-scheme=\"light\" data-x-pos=\"center\" data-y-pos=\"middle\"> \n\t\t\t\t\t\t\t\t<div class=\"image-bg\" style=\"background-image: url(https:\/\/eski.gokcegemile.com\/wp-content\/uploads\/2021\/12\/GokceMain_44.jpg);\"> &nbsp; <\/div><div class=\"video-texture \"> <span class=\"ie-fix\"><\/span> <\/div><\/div><!--\/swiper-slide--><div class=\"swiper-slide\" data-bg-alignment=\"center\" data-color-scheme=\"light\" data-x-pos=\"center\" data-y-pos=\"middle\"> \n\t\t\t\t\t\t\t\t<div class=\"image-bg\" style=\"background-image: url(https:\/\/eski.gokcegemile.com\/wp-content\/uploads\/2019\/12\/BaysCoves-Banner-4-780.jpg);\"> &nbsp; <\/div><div class=\"video-texture \"> <span class=\"ie-fix\"><\/span> <\/div><\/div><!--\/swiper-slide--><div class=\"swiper-slide\" data-bg-alignment=\"center\" data-color-scheme=\"light\" data-x-pos=\"center\" data-y-pos=\"middle\"> \n\t\t\t\t\t\t\t\t<div class=\"image-bg\" style=\"background-image: url(https:\/\/eski.gokcegemile.com\/wp-content\/uploads\/2021\/12\/Elmali-NewBanner_6.jpg);\"> &nbsp; <\/div><div class=\"video-texture \"> <span class=\"ie-fix\"><\/span> <\/div><\/div><!--\/swiper-slide--><div class=\"swiper-slide\" data-bg-alignment=\"center\" data-color-scheme=\"light\" data-x-pos=\"center\" data-y-pos=\"middle\"> \n\t\t\t\t\t\t\t\t<div class=\"image-bg\" style=\"background-image: url(https:\/\/eski.gokcegemile.com\/wp-content\/uploads\/2021\/12\/DinnerBanner_19-1.jpg);\"> &nbsp; <\/div><div class=\"video-texture \"> <span class=\"ie-fix\"><\/span> <\/div><\/div><!--\/swiper-slide--><div class=\"swiper-slide\" data-bg-alignment=\"center\" data-color-scheme=\"light\" data-x-pos=\"center\" data-y-pos=\"middle\"> \n\t\t\t\t\t\t\t\t<div class=\"image-bg\" style=\"background-image: url(https:\/\/eski.gokcegemile.com\/wp-content\/uploads\/2021\/12\/Activities-Banner_19.jpg);\"> &nbsp; <\/div><div class=\"video-texture \"> <span class=\"ie-fix\"><\/span> <\/div><\/div><!--\/swiper-slide--><div class=\"swiper-slide\" data-bg-alignment=\"center\" data-color-scheme=\"light\" data-x-pos=\"center\" data-y-pos=\"middle\"> \n\t\t\t\t\t\t\t\t<div class=\"image-bg\" style=\"background-image: url(https:\/\/eski.gokcegemile.com\/wp-content\/uploads\/2021\/12\/Gemile-Banner_1.jpg);\"> &nbsp; <\/div><div class=\"video-texture \"> <span class=\"ie-fix\"><\/span> <\/div><\/div><!--\/swiper-slide--><div class=\"swiper-slide\" data-bg-alignment=\"center\" data-color-scheme=\"light\" data-x-pos=\"center\" data-y-pos=\"middle\"> \n\t\t\t\t\t\t\t\t<div class=\"image-bg\" style=\"background-image: url(https:\/\/eski.gokcegemile.com\/wp-content\/uploads\/2021\/12\/Gemile-Banner_3.jpg);\"> &nbsp; <\/div><div class=\"video-texture \"> <span class=\"ie-fix\"><\/span> <\/div><\/div><!--\/swiper-slide--><div class=\"swiper-slide\" data-bg-alignment=\"center\" data-color-scheme=\"light\" data-x-pos=\"center\" data-y-pos=\"middle\"> \n\t\t\t\t\t\t\t\t<div class=\"image-bg\" style=\"background-image: url(https:\/\/eski.gokcegemile.com\/wp-content\/uploads\/2021\/12\/DinnerBanner_20-1.jpg);\"> &nbsp; <\/div><div class=\"video-texture \"> <span class=\"ie-fix\"><\/span> <\/div><\/div><!--\/swiper-slide--><div class=\"swiper-slide\" data-bg-alignment=\"center\" data-color-scheme=\"light\" data-x-pos=\"center\" data-y-pos=\"middle\"> \n\t\t\t\t\t\t\t\t<div class=\"image-bg\" style=\"background-image: url(https:\/\/eski.gokcegemile.com\/wp-content\/uploads\/2019\/12\/Hooneymon-Ben-5-780.jpg);\"> &nbsp; <\/div><div class=\"video-texture \"> <span class=\"ie-fix\"><\/span> <\/div><\/div><!--\/swiper-slide--><div class=\"swiper-slide\" data-bg-alignment=\"center\" data-color-scheme=\"light\" data-x-pos=\"left\" data-y-pos=\"middle\"> \n\t\t\t\t\t\t\t\t<div class=\"image-bg\" style=\"background-image: url(https:\/\/eski.gokcegemile.com\/wp-content\/uploads\/2019\/12\/About-Banner-3.jpg);\"> &nbsp; <\/div><div class=\"video-texture \"> <span class=\"ie-fix\"><\/span> <\/div><\/div><!--\/swiper-slide--><div class=\"swiper-slide\" data-bg-alignment=\"center\" data-color-scheme=\"light\" data-x-pos=\"center\" data-y-pos=\"middle\"> \n\t\t\t\t\t\t\t\t<div class=\"image-bg\" style=\"background-image: url(https:\/\/eski.gokcegemile.com\/wp-content\/uploads\/2019\/12\/Honeymoon-Ben-6-780.jpg);\"> &nbsp; <\/div><div class=\"video-texture \"> <span class=\"ie-fix\"><\/span> <\/div><\/div><!--\/swiper-slide--><\/div><a href=\"\" class=\"slider-prev\"><i class=\"icon-salient-left-arrow\"><\/i> <div class=\"slide-count\"> <span class=\"slide-current\">1<\/span> <i class=\"icon-salient-right-line\"><\/i> <span class=\"slide-total\"><\/span> <\/div> <\/a>\n\t\t\t\t     \t\t<a href=\"\" class=\"slider-next\"><i class=\"icon-salient-right-arrow\"><\/i> <div class=\"slide-count\"> <span class=\"slide-current\">1<\/span> <i class=\"icon-salient-right-line\"><\/i> <span class=\"slide-total\"><\/span> <\/div> <\/a><div class=\"nectar-slider-loading \"> <span class=\"loading-icon none\">   <\/span> <\/div> <\/div> \n\t\t\t\t\n\t\t\t<\/div><\/div>[\/vc_column][\/vc_row][vc_row type=&#8221;in_container&#8221; full_screen_row_position=&#8221;middle&#8221; scene_position=&#8221;center&#8221; text_color=&#8221;dark&#8221; text_align=&#8221;left&#8221; overlay_strength=&#8221;0.3&#8243; shape_divider_position=&#8221;bottom&#8221;][\/vc_row][vc_column column_padding=&#8221;no-extra-padding&#8221; column_padding_position=&#8221;all&#8221; background_color_opacity=&#8221;1&#8243; background_hover_color_opacity=&#8221;1&#8243; column_shadow=&#8221;none&#8221; column_border_radius=&#8221;none&#8221; width=&#8221;1\/1&#8243; tablet_text_alignment=&#8221;default&#8221; phone_text_alignment=&#8221;default&#8221; column_border_width=&#8221;none&#8221; column_border_style=&#8221;solid&#8221;][\/vc_column]<div class=\"divider-wrap\"><div style=\"height: 25px;\" class=\"divider\"><\/div><\/div>[vc_column_text]\n<h1><strong>G\u00f6k\u00e7e Gemile: yery\u00fcz\u00fcndeki cennette balay\u0131n\u0131z<\/strong><\/h1>\n[\/vc_column_text]<div class=\"divider-wrap\"><div style=\"height: 25px;\" class=\"divider\"><\/div><\/div>[vc_row_inner column_margin=&#8221;default&#8221; text_align=&#8221;left&#8221;][vc_column_inner column_padding=&#8221;no-extra-padding&#8221; column_padding_position=&#8221;all&#8221; background_color_opacity=&#8221;1&#8243; background_hover_color_opacity=&#8221;1&#8243; column_shadow=&#8221;none&#8221; column_border_radius=&#8221;none&#8221; width=&#8221;1\/1&#8243; column_border_width=&#8221;none&#8221; column_border_style=&#8221;solid&#8221;][vc_column_text]Balay\u0131n\u0131z i\u00e7in e\u015fi benzeri olmayan, \u00f6zel bir yer se\u00e7ti\u011finiz i\u00e7in tebrikler! G\u00f6k\u00e7e Gemile, benzersiz bir balay\u0131 deneyimi aray\u0131\u015f\u0131nda oldu\u011funuzun bilincindedir.<\/p>\n<p>G\u00f6zlerinizi kapat\u0131n ve kalbinize hitap eden, g\u00f6z al\u0131c\u0131 g\u00fczellikte, ger\u00e7ekten romantik, l\u00fcks bir \u015fekilde dinlendirici, bozulmam\u0131\u015f ve tamamen tenha bir yer hayal edin. G\u00f6k\u00e7e Gemile kesinlikle arad\u0131\u011f\u0131n\u0131z yer.<\/p>\n<p>G\u00f6k\u00e7e Gemile, cennet gibi bir balay\u0131 i\u00e7in yedi ayr\u0131cal\u0131kl\u0131 \u00f6zelli\u011fe sahiptir:<\/p>\n<ul>\n<li>G\u00f6zlerden uzak konum<\/li>\n<li>Ola\u011fan\u00fcst\u00fc g\u00fczellik<\/li>\n<li>Tam mahremiyet<\/li>\n<li>E\u015fsiz konfor<\/li>\n<li>Bozulmam\u0131\u015f do\u011fa<\/li>\n<li>Romantik bir atmosfer<\/li>\n<li>Unutulmaz an\u0131lar<\/li>\n<\/ul>\n<p>Bir an i\u00e7in hayal edin\u2026 Cennet gibi bir konumda, tamamen mahremiyet i\u00e7inde, l\u00fcks ile dolu ve do\u011fayla \u00e7evrili bir yerde, ba\u015f ba\u015fa dinlenmek ve birbirinizin company\u2019sinden keyif almak i\u00e7in m\u00fckemmel bir ortamdas\u0131n\u0131z.<\/p>\n<p>Kendinizi ve sevdi\u011finizi, muhte\u015fem manzaralar\u0131n, enerji verici Akdeniz g\u00fcne\u015finin ve gelmi\u015f ge\u00e7mi\u015f en romantik g\u00fcn bat\u0131mlar\u0131n\u0131n tad\u0131n\u0131 \u00e7\u0131kar\u0131rken, huzurlu teras\u0131n\u0131zda, harika havuzunuzda veya jakuzinizde dinlenirken d\u00fc\u015f\u00fcn\u00fcn.<\/p>\n<p>Sonra b\u00fcy\u00fcl\u00fc ay geliyor\u2026 \u00c7am a\u011fa\u00e7lar\u0131yla kapl\u0131 da\u011flar\u0131n \u00fczerinde y\u00fckselirken, do\u011fan\u0131n elmaslar\u0131yla bezenmi\u015f kadife siyah\u0131 g\u00f6ky\u00fcz\u00fcnde g\u00f6rkemle s\u00fcz\u00fcld\u00fc\u011f\u00fcn\u00fc hayal edin. Belki zaman zaman kayan bir y\u0131ld\u0131z g\u00f6receksiniz; ger\u00e7ek a\u015fk\u0131n gizli dileklerini f\u0131s\u0131ldamak i\u00e7in m\u00fckemmel bir f\u0131rsat.<\/p>\n<p>G\u00f6k\u00e7e Gemile\u2019nin mahremiyeti, harika manzaras\u0131, bozulmam\u0131\u015f do\u011fas\u0131 ve gizli koylar\u0131, yeni evli \u00e7iftler i\u00e7in yeni hayatlar\u0131n\u0131n ba\u015flang\u0131c\u0131n\u0131 kutlamak ad\u0131na hayal edilebilecek en romantik ortam\u0131 sunuyor.<\/p>\n<p>G\u00f6k\u00e7e Gemile\u2019nin huzuru ve ola\u011fan\u00fcst\u00fc do\u011fal g\u00fczelli\u011fi, bu b\u00f6lgedeki e\u015fsiz \u00f6zelliklerdir. Parlak turkuaz Akdeniz sular\u0131na bakan, y\u00fcksek kayal\u0131k da\u011flar ve alacal\u0131 \u00e7am ormanlar\u0131yla \u00e7evrili bu yer, gizlilik, mahremiyet, konfor ve kal\u0131c\u0131 an\u0131lar arayan yeni evliler i\u00e7in m\u00fckemmel bir destinasyondur.<\/p>\n<p>G\u00f6k\u00e7e Gemile\u2019den g\u00f6r\u00fclen manzaralar\u0131n, Akdeniz\u2019in hatta d\u00fcnyan\u0131n en g\u00fczel manzaralar\u0131ndan biri oldu\u011funu s\u00f6ylemek abart\u0131 de\u011fildir. Bozulmam\u0131\u015f do\u011fan\u0131n sundu\u011fu zenginlik, g\u00f6z\u00fcn g\u00f6rebildi\u011fi kadar uzan\u0131yor; ba\u015fka bir yap\u0131 g\u00f6r\u00fcnm\u00fcyor.<\/p>\n<p>G\u00f6k\u00e7e Gemile\u2019deki villalar mimari olarak e\u015fsizdir; her biri kendi karakterine ve \u00f6zel i\u00e7 tasar\u0131m\u0131na sahiptir. Her detay, maksimum konfor ve b\u00fcy\u00fcleyicilik sa\u011flamak amac\u0131yla \u00f6zenle se\u00e7ilmi\u015ftir. Villalar\u0131n bah\u00e7eleri \u00f6zel olup, \u00e7iftlerin g\u00fcnlerini g\u00f6zlerden uzak ge\u00e7irebilece\u011fi \u00f6zel koylar da bulunmaktad\u0131r.<\/p>\n<p>Balay\u0131, nihayetinde en romantik tatil deneyimidir. Gelecek y\u0131llarda bu \u00f6zel g\u00fcnler, en de\u011ferli an\u0131lar\u0131n\u0131z\u0131n merkezi haline gelecektir.<\/p>\n<p>G\u00f6k\u00e7e Gemile, ayn\u0131 zamanda ke\u015ffetmek veya macera ya\u015famak isterseniz m\u00fckemmel bir yer. Daha fazla bilgi i\u00e7in l\u00fctfen aktiviteler sayfam\u0131z\u0131 ziyaret edin.<\/p>\n<p><strong>Balay\u0131 deneyiminiz i\u00e7in dahil olan hizmetler:<\/strong><\/p>\n<ul>\n<li>08:00 \u2013 11:00 saatleri aras\u0131nda sahilde veya havuz kenar\u0131nda iki ki\u015filik balay\u0131 kahvalt\u0131s\u0131<\/li>\n<li>Tamamen size \u00f6zel ve ba\u015f ba\u015fa olacak \u015fekilde sahil kenar\u0131nda romantik bir ak\u015fam yeme\u011fi<\/li>\n<li>\u00d6zel l\u00fcks teknemizde denizde iki ki\u015filik r\u00fcya gibi bir g\u00fcn<\/li>\n<li>Romantik bir nehir gezisi dahil, Dalyan\u2019da iki ki\u015filik \u00f6zel bir gezi<\/li>\n<li>Var\u0131\u015f g\u00fcn\u00fcn\u00fczde balay\u0131 dairesinde \u00e7i\u00e7ekler<\/li>\n<\/ul>\n<p>Herhangi bir \u00f6zel iste\u011finiz varsa, do\u011frudan konsiyerj ekibimizle ileti\u015fime ge\u00e7menizi rica ederiz. Sizlere yard\u0131mc\u0131 olmaktan mutluluk duyacaklard\u0131r.[\/vc_column_text][\/vc_column_inner][\/vc_row_inner]<div class=\"divider-wrap\"><div style=\"height: 25px;\" class=\"divider\"><\/div><\/div>\n","protected":false},"excerpt":{"rendered":"<p>[vc_row type=&#8221;in_container&#8221; full_screen_row_position=&#8221;middle&#8221; scene_position=&#8221;center&#8221; text_color=&#8221;dark&#8221; text_align=&#8221;left&#8221; overlay_strength=&#8221;0.3&#8243; shape_divider_position=&#8221;bottom&#8221;][vc_column column_padding=&#8221;no-extra-padding&#8221; column_padding_position=&#8221;all&#8221; background_color_opacity=&#8221;1&#8243; background_hover_color_opacity=&#8221;1&#8243; column_shadow=&#8221;none&#8221; column_border_radius=&#8221;none&#8221; width=&#8221;1\/1&#8243; tablet_text_alignment=&#8221;default&#8221; phone_text_alignment=&#8221;default&#8221; column_border_width=&#8221;none&#8221; column_border_style=&#8221;solid&#8221;][\/vc_column][\/vc_row][vc_row type=&#8221;in_container&#8221; full_screen_row_position=&#8221;middle&#8221; scene_position=&#8221;center&#8221; text_color=&#8221;dark&#8221; text_align=&#8221;left&#8221; overlay_strength=&#8221;0.3&#8243; shape_divider_position=&#8221;bottom&#8221;][\/vc_row][vc_column column_padding=&#8221;no-extra-padding&#8221; column_padding_position=&#8221;all&#8221; background_color_opacity=&#8221;1&#8243; background_hover_color_opacity=&#8221;1&#8243;&#8230;<\/p>\n","protected":false},"author":2,"featured_media":0,"parent":0,"menu_order":0,"comment_status":"closed","ping_status":"closed","template":"","meta":{"footnotes":""},"class_list":["post-7579","page","type-page","status-publish"],"_links":{"self":[{"href":"https:\/\/eski.gokcegemile.com\/tr\/wp-json\/wp\/v2\/pages\/7579\/"}],"collection":[{"href":"https:\/\/eski.gokcegemile.com\/tr\/wp-json\/wp\/v2\/pages\/"}],"about":[{"href":"https:\/\/eski.gokcegemile.com\/tr\/wp-json\/wp\/v2\/types\/page\/"}],"author":[{"embeddable":true,"href":"https:\/\/eski.gokcegemile.com\/tr\/wp-json\/wp\/v2\/users\/2\/"}],"replies":[{"embeddable":true,"href":"https:\/\/eski.gokcegemile.com\/tr\/wp-json\/wp\/v2\/comments\/?post=7579"}],"version-history":[{"count":3,"href":"https:\/\/eski.gokcegemile.com\/tr\/wp-json\/wp\/v2\/pages\/7579\/revisions\/"}],"predecessor-version":[{"id":11127,"href":"https:\/\/eski.gokcegemile.com\/tr\/wp-json\/wp\/v2\/pages\/7579\/revisions\/11127\/"}],"wp:attachment":[{"href":"https:\/\/eski.gokcegemile.com\/tr\/wp-json\/wp\/v2\/media\/?parent=7579"}],"curies":[{"name":"wp","href":"https:\/\/api.w.org\/{rel}","templated":true}]}}