{"id":9295,"date":"2020-05-09T13:28:36","date_gmt":"2020-05-09T10:28:36","guid":{"rendered":"https:\/\/eski.gokcegemile.com\/?page_id=9295"},"modified":"2020-06-18T16:03:23","modified_gmt":"2020-06-18T13:03:23","slug":"covid-19-sosyal-mesafeli-tatil","status":"publish","type":"page","link":"https:\/\/eski.gokcegemile.com\/tr\/covid-19-sosyal-mesafeli-tatil\/","title":{"rendered":"Covid-19 Sosyal Mesafeli Tatil"},"content":{"rendered":"<h1 align=\"center\"><strong>Salg\u0131ndan Korunakl\u0131 Tatil Villalar\u0131<\/strong><\/h1>\n<p>Yaz d\u00f6nemi yakla\u015f\u0131rken, Covid-19 vir\u00fcs\u00fc nedeniyle evlerine kapananlar, tatil planlar\u0131n\u0131 tam olarak netle\u015ftiremiyorlar. Otel, pansiyon, motel gibi sosyal ya\u015fam alanlar\u0131nda <strong>covid 19 tatil <\/strong>pek m\u00fcmk\u00fcn g\u00f6r\u00fcnm\u00fcyor. Vir\u00fcs riskinden uzak, huzurlu ve keyifli bir tatil imk\u00e2n\u0131 i\u00e7in <strong>covid 19 sosyal mesafe konaklama <\/strong>hizmeti sunuluyor.<\/p>\n<p>Salg\u0131n\u0131n bula\u015fmamas\u0131 ve etki etmemesi i\u00e7in <strong>sosyal mesafeli tatil <\/strong>ve <strong>y\u00f6netmeli\u011fe uygun tatil <\/strong>olmas\u0131 gerekiyor. www.gokcegemile.com, <strong>y\u00f6netmeli\u011fe uygun villa <\/strong>ile <strong>covid 19 korunakl\u0131 tatil <\/strong>imk\u00e2n\u0131 sunuyor. Vir\u00fcs riski ta\u015f\u0131madan, ailenizle veya arkada\u015flar\u0131n\u0131zla g\u00f6zlerden ve vir\u00fcsten uzak <strong>dezenfekte edilmi\u015f villa <\/strong>avantaj\u0131n\u0131 ya\u015f\u0131yorsunuz.<\/p>\n<p><strong>G\u00f6k\u00e7e Gemile Hakk\u0131nda<\/strong><\/p>\n<p>Turistik tesis \u00fc\u00e7 ba\u011f\u0131ms\u0131z villadan olu\u015fuyor. Tesis, \u00e7am orman\u0131n aras\u0131nda, do\u011fayla i\u00e7 i\u00e7e, kendi do\u011fal ortam\u0131nda ve do\u011fayla uyumlu bir \u015fekilde bulunuyor.<\/p>\n<p>Tesis, Gemile Koyu\u2019nda bulunuyor. Mu\u011fla\u2019n\u0131n Fethiye il\u00e7esi s\u0131n\u0131rlar\u0131 i\u00e7indedir. Tarihi bir yerle\u015fim olan Kayak\u00f6y\u2019e 6 kilometre, Fethiye\u2019ye 20 kilometre ve \u00d6l\u00fcdeniz\u2019e 16 kilometre ve Dalaman havaalan\u0131na da 63 kilometre uzakl\u0131ktad\u0131r.<\/p>\n<p>Tesisin en b\u00fcy\u00fck \u00f6zelli\u011fi, el de\u011fmemi\u015f ve bozulmam\u0131\u015f bir do\u011fal ortam\u0131n i\u00e7inde olmas\u0131d\u0131r. Aya\u011f\u0131n\u0131z\u0131n alt\u0131nda Akdeniz\u2019in turkuaz rengi suyu, ekraf\u0131n\u0131zda alabildi\u011fince a\u011fa\u00e7lar ve makilerle \u00e7evrili bir alan bulunuyor. Tertemiz havas\u0131yla ve huzur veren sakinli\u011fiyle <strong>covid-19 <\/strong>vir\u00fcs tehlikesi olmadan tamamen ki\u015fisel mesafe korunarak tatilin tad\u0131n\u0131 \u00e7\u0131karabiliyorsunuz.<\/p>\n<p><strong>G\u00f6k\u00e7e Gemile Villalar\u0131 Hakk\u0131nda<\/strong><\/p>\n<p>Her bir villa, ayr\u0131 bir hik\u00e2yenin \u00fcr\u00fcn\u00fc olarak kendini g\u00f6steriyor. Bu y\u00fczden villalara G\u00f6k\u00e7e, Elmal\u0131 ve Gemile isimleri verilmi\u015ftir. Evler birbirinden ba\u011f\u0131ms\u0131z ve kendi mahremiyetini sergiliyor.<\/p>\n<p>Evleri daha cazip ve g\u00fczel k\u0131lan peyzaj \u00e7al\u0131\u015fmalar\u0131 bulunuyor. Do\u011fal bir g\u00f6l g\u00f6r\u00fcn\u00fcm\u00fcnde havuzlar, orman\u0131n bir par\u00e7as\u0131 gibi g\u00f6r\u00fcnen ta\u015ftan binalar ve \u00e7evresel d\u00fczenlemeler organik hayat\u0131n bir par\u00e7as\u0131n\u0131 olu\u015fturuyorlar. Villalar \u00f6yle dizayn edilmi\u015f ki, hi\u00e7bir misafir di\u011fer misafirin sosyal mesafe alan\u0131n\u0131 ihlal etmiyor. Bu sayede hem korunakl\u0131 hem de g\u00fcvenli \u015fekilde tatil imk\u00e2n\u0131 buluyorsunuz.<\/p>\n<p>Villalar\u0131n d\u0131\u015f\u0131 ve \u00e7evresi kadar i\u00e7leri de \u00f6zel olarak d\u00fc\u015f\u00fcn\u00fclm\u00fc\u015f ve dizayn edilmi\u015ftir. L\u00fcks otellerde opsiyonel sunulan b\u00fct\u00fcn olanaklar, villalarda standart olarak sunuluyor. \u00dcnl\u00fc stilistlerin ve markalar\u0131n \u00fcr\u00fcnleri villalar\u0131n i\u00e7lerini s\u00fcsl\u00fcyor. En k\u00fc\u00e7\u00fck bir detay bile atlan\u0131lmadan, misafirlerin rahat\u0131 ve konforu d\u00fc\u015f\u00fcn\u00fclm\u00fc\u015ft\u00fcr. Ergonomik yatak ve yast\u0131ktan, pamuk \u00e7ar\u015faflara kadar konforla birlikte hijyen ve steril de d\u00fc\u015f\u00fcn\u00fclm\u00fc\u015ft\u00fcr.<br \/>\ndetayl\u0131 bilgiye bu sayfadan ula\u015fabilirsiniz : <a href=\"https:\/\/eski.gokcegemile.com\/tr\/about-2\/\">https:\/\/eski.gokcegemile.com\/tr\/about-2\/<\/a><\/p>\n<p><strong>Temiz ve Hijyenik Villalar<\/strong><\/p>\n<p>Salg\u0131n hastal\u0131\u011f\u0131 bir kere daha temizlik ve hijyenin ne kadar \u00f6nemli oldu\u011funu g\u00f6sterdi. Misafirlerin sa\u011fl\u0131\u011f\u0131 ve g\u00fcvenli\u011fi her zaman \u00f6ncelikli k\u0131l\u0131nd\u0131\u011f\u0131 i\u00e7in salg\u0131ndan \u00f6nce oldu\u011fu gibi salg\u0131n s\u0131ras\u0131nda da misafirler <strong>dezenfekte edilmi\u015f tatil <\/strong>villalar\u0131nda konaklaman\u0131n rahat\u0131n\u0131 ya\u015f\u0131yorlar.<\/p>\n<p>Her misafir \u00e7\u0131kt\u0131ktan sonra veya misafirlerin \u00f6zel istekleri \u00fczerine villalar \u00f6zel olarak organik ve antibakteriyel ila\u00e7larla dezenfekte ediliyor. \u0130nsan sa\u011fl\u0131\u011f\u0131na hi\u00e7bir olumsuz etkisi olmayan bu ila\u00e7lama sayesinde temiz ve g\u00fcvenli tatilin keyfini \u00e7\u0131karabilirsiniz.<\/p>\n<p><strong>G\u00f6k\u00e7e Villas\u0131<\/strong><\/p>\n<p>Koya hakim yap\u0131s\u0131yla, kendine has havuzuyla ve mimari yap\u0131s\u0131yla g\u00f6z al\u0131c\u0131 ha\u015fmetli bir villad\u0131r. Bah\u00e7enin merkezinde, do\u011fal g\u00f6l g\u00f6r\u00fcn\u00fcml\u00fc bir havuz bulunuyor. Havuzun kenar\u0131nda da dev bir granit kaya oyularak mini havuz olu\u015fturulmu\u015f. Do\u011fal g\u00f6r\u00fcn\u00fcm\u00fc kazand\u0131rmak i\u00e7in koydan ve \u00e7evreden toplanan \u00e7ak\u0131l ta\u015flar\u0131yla s\u00fcslenmi\u015ftir. Y\u00fczme havuzundan ayr\u0131 olarak bir de spa havuzu bulunuyor.<\/p>\n<p>Bah\u00e7e d\u00fczenlemesi ferah ve i\u00e7 a\u00e7\u0131c\u0131 peyzaja sahiptir. G\u00f6lgeli oturma alanlar\u0131, hamak, ta\u015f masa ile <strong>sosyal mesafeli villa <\/strong>\u00f6zelli\u011fini tamamen g\u00f6steriyor.<\/p>\n<p>Villan\u0131n yan\u0131ndaki konuk evi ayr\u0131 bir mahremiyet sunuyor. Dinlenmek isteyen aile bireyleri veya misafirler i\u00e7in ayr\u0131 bir sosyal mesafe ortam\u0131 sunuyor. Evin \u00fcst\u00fcnde pergola bulunuyor. Koltu\u011funuza uzan\u0131p, g\u00f6z alabildi\u011fine uzanan denizi izleyebilir, huzurun tad\u0131n\u0131 \u00e7\u0131karabilirsiniz.<\/p>\n<p><strong>\u00d6zellikler; <\/strong><a href=\"https:\/\/eski.gokcegemile.com\/tr\/villa-gokce\/\">G\u00f6k\u00e7e Gemile Villas\u0131nda<\/a> 3, konuk evinde bir olmak \u00fczere toplam 4 yatak odas\u0131 bulunuyor. 4 du\u015f odas\u0131 ve WC bulunuyor. Ana yatak odas\u0131n\u0131n banyosunda ayr\u0131ca jakuzi bulunuyor.<\/p>\n<p><strong>Elmal\u0131 Villas\u0131<\/strong><\/p>\n<p>\u00dc\u00e7 villan\u0131n ortas\u0131nda bulunan bu villa, masallarda anlat\u0131lan k\u0131r evi hikayesini anlat\u0131yor. Di\u011fer villalar gibi do\u011fal bir ortam\u0131n par\u00e7as\u0131 izlenimini veriyor. Bunu sa\u011flamak i\u00e7in de b\u00fct\u00fcn do\u011fal ve organik par\u00e7alar bir araya getirilmi\u015f. Ortaya da ya\u015fanabilir, huzurlu ve konforlu bir k\u0131r evi kompleksi \u00e7\u0131km\u0131\u015f.<\/p>\n<p>Villaya ad\u0131n\u0131 veren Elmal\u0131 da\u011f k\u00f6y\u00fcnden toplanan ta\u015flarla villan\u0131n \u00e7ehresi olu\u015fturulmu\u015f. Villada modern, klasik, rustik ve otantik mimarinin b\u00fct\u00fcn izlerini bulabilirsiniz. Di\u011fer villalarda oldu\u011fu gibi bu evde de Osmanl\u0131 stili yans\u0131t\u0131lm\u0131\u015f.<\/p>\n<p>Yemek alan\u0131nda modern mimariye kazand\u0131r\u0131lm\u0131\u015f b\u00fcy\u00fck kestane yemek masas\u0131 bulunuyor. Ah\u015fap mobilyalarla, ta\u015f grav\u00fcrler m\u00fckemmel uyum sa\u011flam\u0131\u015f. G\u00f6zlerden ve salg\u0131ndan uzak, ailenizle veya arkada\u015flar\u0131n\u0131zla yemek yemenin keyfini ya\u015f\u0131yorsunuz.<\/p>\n<p>Du\u015f odalar\u0131nda, Dalaman nehrinden toplanm\u0131\u015f \u00e7ak\u0131l ta\u015flar\u0131 kullan\u0131lm\u0131\u015f. Du\u015f al\u0131rken kendinizi do\u011fada hissediyorsunuz.<\/p>\n<p>Bah\u00e7ede \u00f6zel dizayna sahip b\u00fcy\u00fck bir y\u00fczme havuzu bulunuyor. Kayalarla ve bitki s\u00fcslemeleriyle havuza do\u011fal bir g\u00f6r\u00fcn\u00fcm verilmi\u015ftir.<\/p>\n<p><strong>\u00d6zellikler; <\/strong><a href=\"https:\/\/eski.gokcegemile.com\/tr\/villa-elmali\/\">Elmal\u0131 Villas\u0131nda<\/a> iki s\u00fcit bir de \u00e7ift yatakl\u0131 bir oda bulunuyor. S\u00fcit odalarda banyo-WC bulunuyor. Ebeveyn banyosunda jakuzi yer al\u0131yor. Bir de ayriyeten du\u015f odas\u0131 bulunuyor.<\/p>\n<p><strong>Gemile Villas\u0131<\/strong><\/p>\n<p>Ad\u0131n\u0131 Gemile Koyu\u2019ndan alm\u0131\u015ft\u0131r. Denize en uzak olan\u0131d\u0131r ve s\u0131rt\u0131n\u0131 yamaca yaslam\u0131\u015ft\u0131r. En fazla mahremiyet ve gizlilik sunan villad\u0131r. G\u00f6zlerden uzak, rahats\u0131z edilmek istemeyen ve huzuru do\u011fada arayanlar i\u00e7in idealdir.<\/p>\n<p>Di\u011fer villalarla birlikte uyumlu bir mimariye sahiptir. Ana binaya ek olarak bir konuk evi bulunuyor.<\/p>\n<p><strong>\u00d6zellikler;<\/strong> <a href=\"https:\/\/eski.gokcegemile.com\/tr\/villa-gemile\/\">Gemile Villas\u0131nda<\/a> 3, konuk evinde bir olmak \u00fczere toplam 4 yatak odas\u0131 bulunuyor. 4 du\u015f odas\u0131 ve WC bulunuyor. Ana yatak odas\u0131n\u0131n banyosunda ayr\u0131ca jakuzi bulunuyor<\/p>\n<p><strong>Villa Hizmetleri<\/strong><\/p>\n<p>Tatilin b\u00fcy\u00fck risk ta\u015f\u0131d\u0131\u011f\u0131 bu d\u00f6nemde <strong>covid 19 villa kiralama <\/strong>hizmetiyle risksiz ve g\u00fcvenli \u015fekilde tatil yapabiliyorsunuz. Dezenfekte edilmi\u015f steril villalarda huzurlu ve g\u00f6zlerden uzak tatilin tad\u0131n\u0131 \u00e7\u0131karabilirsiniz.<\/p>\n<p>G\u00fcnl\u00fck olarak villalar\u0131n temizli\u011fi yap\u0131l\u0131yor. \u0130ki g\u00fcnde bir \u00f6rt\u00fcler de\u011fi\u015ftiriliyor. Villalar\u0131n g\u00fcvenli\u011fi 24 saat sa\u011flan\u0131yor. Sadece do\u011fal ortam\u0131n g\u00fcvenli\u011fi a\u00e7\u0131s\u0131ndan sigara i\u00e7menize izin verilmiyor.<\/p>\n","protected":false},"excerpt":{"rendered":"<p>Salg\u0131ndan Korunakl\u0131 Tatil Villalar\u0131 Yaz d\u00f6nemi yakla\u015f\u0131rken, Covid-19 vir\u00fcs\u00fc nedeniyle evlerine kapananlar, tatil planlar\u0131n\u0131 tam olarak netle\u015ftiremiyorlar. Otel, pansiyon, motel gibi sosyal ya\u015fam alanlar\u0131nda covid 19 tatil pek m\u00fcmk\u00fcn g\u00f6r\u00fcnm\u00fcyor&#8230;.<\/p>\n","protected":false},"author":2,"featured_media":0,"parent":0,"menu_order":0,"comment_status":"closed","ping_status":"closed","template":"","meta":{"footnotes":""},"class_list":["post-9295","page","type-page","status-publish"],"_links":{"self":[{"href":"https:\/\/eski.gokcegemile.com\/tr\/wp-json\/wp\/v2\/pages\/9295\/"}],"collection":[{"href":"https:\/\/eski.gokcegemile.com\/tr\/wp-json\/wp\/v2\/pages\/"}],"about":[{"href":"https:\/\/eski.gokcegemile.com\/tr\/wp-json\/wp\/v2\/types\/page\/"}],"author":[{"embeddable":true,"href":"https:\/\/eski.gokcegemile.com\/tr\/wp-json\/wp\/v2\/users\/2\/"}],"replies":[{"embeddable":true,"href":"https:\/\/eski.gokcegemile.com\/tr\/wp-json\/wp\/v2\/comments\/?post=9295"}],"version-history":[{"count":0,"href":"https:\/\/eski.gokcegemile.com\/tr\/wp-json\/wp\/v2\/pages\/9295\/revisions\/"}],"wp:attachment":[{"href":"https:\/\/eski.gokcegemile.com\/tr\/wp-json\/wp\/v2\/media\/?parent=9295"}],"curies":[{"name":"wp","href":"https:\/\/api.w.org\/{rel}","templated":true}]}}