{"id":9320,"date":"2020-06-18T14:14:18","date_gmt":"2020-06-18T11:14:18","guid":{"rendered":"https:\/\/eski.gokcegemile.com\/?page_id=9320"},"modified":"2020-06-18T14:27:58","modified_gmt":"2020-06-18T11:27:58","slug":"tesis-ici-salgin-tedbir-plani","status":"publish","type":"page","link":"https:\/\/eski.gokcegemile.com\/tr\/tesis-ici-salgin-tedbir-plani\/","title":{"rendered":"Tesis i\u00e7i Salg\u0131n Tedbir Plan\u0131"},"content":{"rendered":"[vc_row type=&#8221;in_container&#8221; full_screen_row_position=&#8221;middle&#8221; scene_position=&#8221;center&#8221; text_color=&#8221;dark&#8221; text_align=&#8221;left&#8221; overlay_strength=&#8221;0.3&#8243; shape_divider_position=&#8221;bottom&#8221;][vc_column column_padding=&#8221;no-extra-padding&#8221; column_padding_position=&#8221;all&#8221; background_color_opacity=&#8221;1&#8243; background_hover_color_opacity=&#8221;1&#8243; column_shadow=&#8221;none&#8221; column_border_radius=&#8221;none&#8221; width=&#8221;1\/1&#8243; tablet_text_alignment=&#8221;default&#8221; phone_text_alignment=&#8221;default&#8221; column_border_width=&#8221;none&#8221; column_border_style=&#8221;solid&#8221;]<div class=\"divider-wrap\"><div style=\"height: 20px;\" class=\"divider\"><\/div><\/div>[\/vc_column][\/vc_row][vc_row type=&#8221;in_container&#8221; full_screen_row_position=&#8221;middle&#8221; scene_position=&#8221;center&#8221; text_color=&#8221;dark&#8221; text_align=&#8221;left&#8221; overlay_strength=&#8221;0.3&#8243; shape_divider_position=&#8221;bottom&#8221;][vc_column column_padding=&#8221;no-extra-padding&#8221; column_padding_position=&#8221;all&#8221; background_color_opacity=&#8221;1&#8243; background_hover_color_opacity=&#8221;1&#8243; column_shadow=&#8221;none&#8221; column_border_radius=&#8221;none&#8221; width=&#8221;1\/1&#8243; tablet_text_alignment=&#8221;default&#8221; phone_text_alignment=&#8221;default&#8221; column_border_width=&#8221;none&#8221; column_border_style=&#8221;solid&#8221;][vc_column_text]<strong>G\u00d6K\u00c7E GEM\u0130LE EVLER\u0130<\/strong><\/p>\n<p><strong>TES\u0130S \u0130\u00c7\u0130 SALGIN TEDB\u0130R PLANI<\/strong><\/p>\n<ol>\n<li>Tesis Coronavir\u00fcs Sorumlusunun Ad\u0131 Soyad\u0131 : Sevin\u00e7 ERKAN<\/li>\n<\/ol>\n<p>Tesis Coronavir\u00fcs Sorumlusunun \u0130leti\u015fim Bilgisi : 0530 6043229<\/p>\n<p>Tesis Coronavir\u00fcs Sorumlusunun Ad\u0131 Soyad\u0131\u00a0\u00a0\u00a0\u00a0\u00a0\u00a0 : Ay\u015feg\u00fcl \u015ei\u015fman<\/p>\n<p>Tesis Coronavir\u00fcs Sorumlusunun \u0130leti\u015fim Bilgisi : 0533 2731306<\/p>\n<ol start=\"2\">\n<li>Tesisimizde ortak bir restaurant\u0131m\u0131z mevcut de\u011fildir. \u00d6zel A\u015f\u00e7\u0131 Hizmeti ile \u00f6zel bir mutfakta kahvalt\u0131 haz\u0131rlanmaktad\u0131r. Misafirlerimiz i\u00e7in konaklad\u0131klar\u0131 villalara g\u00f6re G\u00f6k\u00e7e Villa, Elmal\u0131 Villa, Gemile Villa olmak \u00fczere 3 grup halinde ve saat opsiyonuyla servis yap\u0131lmaktad\u0131r. Saat opsiyonlar\u0131 09:00-10:00 ile 10:00-11:00 aras\u0131d\u0131r. Her grup i\u00e7in ayr\u0131 ayr\u0131 kameriyelerde kahvalt\u0131 haz\u0131rlanmaktad\u0131r. Servis Personelimiz, servis s\u0131ras\u0131nda mesafe kurallar\u0131n\u0131 korumaya ve temastan ka\u00e7\u0131nmaya \u00f6zen g\u00f6stermektedir. Yemek masalar\u0131, sandalyeler, servis malzemeleri, \u015feker, tuz, baharat, pe\u00e7ete gibi malzemelerin her misafir kullan\u0131m\u0131ndan sonra alkol bazl\u0131 \u00fcr\u00fcnlerle hijyen temizli\u011fi yap\u0131lmaktad\u0131r.<\/li>\n<li>Ak\u015fam yeme\u011fi i\u00e7in, \u00f6nceden bilgi verilmesi kayd\u0131 ile tek bir villam\u0131zda konaklama yapan misafirlerimize, \u00d6zel A\u015f\u00e7\u0131m\u0131z yemek haz\u0131rlamaktad\u0131r. Misafirlerimizin kullan\u0131m\u0131ndan sonra yemek masalar\u0131, sandalyeler, servis malzemeleri, \u015feker, tuz, baharat, pe\u00e7ete gibi malzemelerin alkol bazl\u0131 \u00fcr\u00fcnlerle hijyen temizli\u011fi yap\u0131lmaktad\u0131r.<\/li>\n<li>Resepsiyon i\u015flemleri yap\u0131l\u0131rken sosyal mesafe kurallar\u0131na dikkat edilmektedir.<\/li>\n<li>Finik\u00fcler (e\u011fimli yatay asans\u00f6r) ile ilgili misafirlere bilgilendirme yap\u0131lmaktad\u0131r. Finik\u00fcleri, ayn\u0131 villada konaklama \u015fart\u0131 ile tek seferde 4 ki\u015fi kullanabilmektedir. Bir villan\u0131n finik\u00fcleri kullan\u0131m\u0131 esnas\u0131nda, \u00f6teki villam\u0131zda konaklama yapan misafirlerimiz gelirse, belirlenen b\u00f6lgede, sosyal mesafe kurallar\u0131na uygun olarak bekleyecektir. Finik\u00fcler her 2 saatte bir dezenfekte edilmektedir.<\/li>\n<li>Tesis b\u00fcnyesinde bulunan t\u00fcm alanlar i\u00e7in tesis personeline y\u00f6nelik takip ve denetim \u00e7izelgeleri haz\u0131rlanm\u0131\u015ft\u0131r ve uygulama durumu kontrol edilmektedir.<\/li>\n<li>Tesis b\u00fcnyesinde bulunan genel kullan\u0131m alanlar\u0131 (finik\u00fcler, idari ofis vb) kullan\u0131ld\u0131klar\u0131 taktirde, y\u00fczeyin niteli\u011fine g\u00f6re standartlara uygun dezenfeksiyon malzemeleri (1:100 oran\u0131nda suland\u0131r\u0131lm\u0131\u015f \u00e7ama\u015f\u0131r suyu) ile 2 saate bir temizlenmekte, bu uygulamalar\u0131n izlenebilirlik kay\u0131tlar\u0131 tutulmaktad\u0131r.<\/li>\n<li>Tesisin t\u00fcm alanlar\u0131n\u0131n (Villalar, \u00d6zel Mutfak, Finik\u00fcler, \u0130dari Ofis vb) temizli\u011finde personel taraf\u0131ndan uyulacak standartlar,\n<ol>\n<li>Bu alanlar\u0131n temizli\u011fi i\u00e7in, su ve deterjan ile temizlik yap\u0131ld\u0131ktan sonra 1:100 oran\u0131nda suland\u0131r\u0131lm\u0131\u015f \u00e7ama\u015f\u0131r suyu kullan\u0131lmaktad\u0131r.<\/li>\n<li>Tesis personeli t\u0131bbi maske kullanmaktad\u0131r. Maske burun, a\u011f\u0131z ve \u00e7eneyi de kapatacak \u015fekilde tak\u0131lmakta, d\u0131\u015f y\u00fczeyine dokunulmamakta, dokunulur ise de alkol bazl\u0131 el antiseptikleri ile el hijyeni sa\u011flanmaktad\u0131r. Maske \u00f6n y\u00fcz\u00fcne dokunulmadan yanlarda yer alan lastiklerden tutularak \u00e7\u0131kart\u0131lmakta ve el hijyeni sa\u011flanmaktad\u0131r.<\/li>\n<li>El temizli\u011fine dikkat edilmektedir. Eller s\u0131kl\u0131kla en az 20 saniye boyunca sabun ve suyla y\u0131kanmakta, sabun ve suyun olmad\u0131\u011f\u0131 durumlarda alkol bazl\u0131 el antiseptikleri kullan\u0131lmaktad\u0131r.<\/li>\n<li>Villalara ayakkab\u0131 ile giri\u015f yap\u0131lmamaktad\u0131r.<\/li>\n<li>Villalarda g\u00fcnl\u00fck rutin temizlik ile 2 g\u00fcnde bir detayl\u0131 temizlik yap\u0131lmaktad\u0131r. Temizlik i\u015flemi s\u0131ras\u0131nda villada konaklayan misafirler ba\u015fka bir alana al\u0131nmaktad\u0131r. Villalardaki camlar g\u00fcnl\u00fck rutin temizlik esnas\u0131nda a\u00e7\u0131k tutulmakta ve temizlik sonras\u0131nda villalar en az 2 saat havaland\u0131r\u0131lmaktad\u0131r. Villa temizli\u011fini yapacak personel, ellerini y\u0131kad\u0131ktan sonra eldiven ve y\u00fcz koruyucu siperlik giymekte ve temizli\u011fi bu \u015fekilde yapmaktad\u0131r. Her villa temizli\u011finden sonra eldivenler \u00e7\u0131kart\u0131lmakta, eller uygun \u015fekilde y\u0131kanmakta ve bir sonraki villa temizli\u011fi i\u00e7in yeni eldiven giyilmektedir. Siperlikler de her kullan\u0131m sonras\u0131nda 1:100 oran\u0131nda \u00e7ama\u015f\u0131r suyu ile silinmektedir.<\/li>\n<li>Misafirlerin kulland\u0131\u011f\u0131 tekstil (Nevresim, \u00c7ar\u015faf, Havlu) \u00fcr\u00fcnleri katlanarak boh\u00e7alanmakta, bu i\u015flem s\u0131ras\u0131nda toz ve partik\u00fcl olu\u015fumuna izin vermeyecek (\u00c7\u0131rpma ve silkeleme yap\u0131lmamal\u0131d\u0131r) \u015fekilde toplanmakta ve bu tekstil \u00fcr\u00fcnleri 60 derece \u0131s\u0131da deterjan ile \u00e7ama\u015f\u0131r makinesinde y\u0131kanmaktad\u0131r.<\/li>\n<li>Havuz suyunun, havuz ve plaj \u00e7evresinin temizli\u011fi ve hijyeni azami \u00f6l\u00e7\u00fcde sa\u011flanmaktad\u0131r. Plaj ve havuz havlular\u0131 g\u00f6revli personel taraf\u0131ndan misafirlerin kullan\u0131m\u0131na sunulmaktad\u0131r.<\/li>\n<li>Salg\u0131n s\u00fcresince coronavir\u00fcs sorumlusu taraf\u0131ndan kontroller sa\u011flanacak, yeni geli\u015fmeler olmas\u0131 halinde, g\u00fcncel tedbirlerle ilgili personele bilgi verilecek ve imza alt\u0131na al\u0131nacakt\u0131r.<\/li>\n<\/ol>\n<\/li>\n<li>Tesise kabul\u00fc yap\u0131lacak olan, g\u0131da ve temizlik \u00fcr\u00fcnlerinden sorumlu ki\u015fi Sevin\u00e7 ERKAN\u2019d\u0131r. Bu \u00fcr\u00fcnlerle temas etmeden \u00f6nce eldiven ve maske tak\u0131lmaktad\u0131r. \u00dcr\u00fcnlerin kontrol ve izlenebilirlik kay\u0131tlar\u0131 tutulmaktad\u0131r.<\/li>\n<li>Tamir veya bak\u0131m gibi sebeplerle, tesise ge\u00e7ici olarak kabul edilen ki\u015filerin, temas\u0131 asgari d\u00fczeyde tutulmakta, sosyal mesafe kurallar\u0131 korunarak ve koruyucu ekipmanlar\u0131 ile i\u015flemlerini yapmalar\u0131 sa\u011flanmaktad\u0131r. Tamir veya bak\u0131m gibi hizmet sunan ki\u015filerle ileti\u015fim kuracak sorumlu Sevin\u00e7 ERKAN\u2019d\u0131r. Gelen ki\u015filerin ad, soyad ve telefon bilgileri kay\u0131t alt\u0131na al\u0131nmakta ve bu bilgiler 14 g\u00fcn s\u00fcreyle muhafaza edilmektedir.<\/li>\n<li>Tesiste konaklayan misafirlerin konaklama s\u00fcreleri bittikten sonra villalar\u0131n temizli\u011fi\/dezenfekte edilmesi ve havaland\u0131r\u0131lmas\u0131, ayn\u0131 villaya misafir kabul\u00fcne ili\u015fkin prosed\u00fcrler:\n<ol>\n<li>Misafirler villadan ayr\u0131ld\u0131ktan sonra, villa en az 2 saat do\u011fal \u015fekilde havaland\u0131r\u0131lmaktad\u0131r.<\/li>\n<li>Villa temizli\u011fi i\u00e7in, su ve deterjan ile temizlik yap\u0131ld\u0131ktan sonra, 1:100 oran\u0131nda suland\u0131r\u0131lm\u0131\u015f \u00e7ama\u015f\u0131r suyu ile dezenfekte edilmektedir.<\/li>\n<li>Villalardaki klima sisteminin sterilizasyonu sa\u011flanmaktad\u0131r.<\/li>\n<li>Villalarda bulunan ve misafirlerin s\u0131kl\u0131kla temas etti\u011fi t\u00fcm noktalar (TV ve klima kumandas\u0131, su \u0131s\u0131t\u0131c\u0131s\u0131, kap\u0131 ve pencere kollar\u0131 vb.) misafirler villadan ayr\u0131ld\u0131ktan sonra temizlenmekte ve dezenfekte edilmektedir.<\/li>\n<li>Villa temizli\u011finin ard\u0131ndan ULV cihaz\u0131 dezenfeksiyon makinesi \u00a0ile villa dezenfekte edilmektedir.<\/li>\n<li>Temizlik g\u00f6revlisi taraf\u0131ndan, villaya, dezenfekte i\u015flemi yap\u0131ld\u0131ktan 12 saat sonra villaya yeni misafirler kabul edilmektedir.<\/li>\n<li>Temizlik ve dezenfeksiyon i\u015flemleri i\u00e7in gerekli formlar d\u00fczenlenmekte ve kay\u0131t alt\u0131na al\u0131nmaktad\u0131r.<\/li>\n<\/ol>\n<\/li>\n<li>Misafirler veya personelde hasta, semptomlu, \u015f\u00fcpheli durumlar\u0131n varl\u0131\u011f\u0131 ve acil hallerde en yak\u0131n hastane bilgileri;<\/li>\n<\/ol>\n<ul>\n<li>Fethiye Devlet Hastanesi \u2013 Akarca Mahallesi Mustafa Kemal Bulvar\u0131 NO:212 Fethiye\/Mu\u011fla \u2013 252 6133546-47-48<\/li>\n<\/ul>\n<p>&nbsp;<\/p>\n<ol start=\"13\">\n<li>Hastal\u0131k belirtileri g\u00f6steren misafir\/personelle ilgilenecek ( bu ki\u015filer 24 saat esas\u0131na g\u00f6re g\u00f6rev yapacakt\u0131r) tesis g\u00f6revlisinin;<\/li>\n<\/ol>\n<p>Ad\u0131 Soyad\u0131\u00a0\u00a0\u00a0\u00a0\u00a0\u00a0\u00a0\u00a0\u00a0 : Sevin\u00e7 ERKAN<\/p>\n<p>\u0130leti\u015fim Bilgisi\u00a0\u00a0\u00a0 : 0530 6043229<\/p>\n<p>Ad\u0131 Soyad\u0131\u00a0\u00a0\u00a0\u00a0\u00a0\u00a0\u00a0\u00a0\u00a0 : Ay\u015feg\u00fcl \u015ei\u015fman<\/p>\n<p>\u0130leti\u015fim Bilgisi\u00a0\u00a0\u00a0 : 0533 2731306<\/p>\n<p>&nbsp;<\/p>\n<p>Tesis g\u00f6revlisinin \u015f\u00fcpheli veya pozitif vaka durumunda olan ki\u015filere yakla\u015f\u0131m\u0131 a\u015fa\u011f\u0131daki \u015fekilde uygulanacakt\u0131r:<\/p>\n<ul>\n<li>Di\u011fer misafirlerden ivedilikle ayr\u0131l\u0131p, maske tak\u0131lmas\u0131 sa\u011flanarak sa\u011fl\u0131k birimine (Fethiye Devlet Hastanesi) ba\u015fvurmalar\u0131 sa\u011flan\u0131r. Ki\u015fi ile ayn\u0131 villay\u0131 payla\u015fanlar\u0131n t\u0131bbi maske takmas\u0131 sa\u011flan\u0131r.<\/li>\n<\/ul>\n<ol start=\"14\">\n<li>Covid-19 \u015f\u00fcphesi ta\u015f\u0131yan veya tan\u0131s\u0131 konulan misafirin kald\u0131\u011f\u0131 villa 24 saat s\u00fcreyle havaland\u0131r\u0131l\u0131r ve bo\u015f tutulmas\u0131 sa\u011flan\u0131r. Sonras\u0131nda temizlik personeli maske, eldiven, siperlik takarak, villay\u0131 detayl\u0131 bir \u015fekilde su ve deterjan ile temizler, 1:100 oran\u0131nda suland\u0131r\u0131lm\u0131\u015f \u00e7ama\u015f\u0131r suyu ile siler. Nevresim, \u00e7ar\u015faf, havlu gibi tekstil \u00fcr\u00fcnleri ayr\u0131 ayr\u0131 po\u015fetlere konularak \u00e7ama\u015f\u0131rhaneye g\u00f6t\u00fcr\u00fcl\u00fcr ve y\u0131kanmas\u0131 sa\u011flan\u0131r. ULV cihaz\u0131 dezenfeksiyon makinesi ile villa son kez dezenfekte edilir. Bu i\u015flemler sonras\u0131nda villaya yeni misafir al\u0131nabilir.<\/li>\n<li>Tesis \u0130\u00e7i Salg\u0131n Tedbir Plan\u0131m\u0131z, \u0130dari Ofis ve villalara b\u0131rak\u0131lm\u0131\u015ft\u0131r. \u0130nternet sitemiz olan <a href=\"https:\/\/eski.gokcegemile.com\">gokcegemile.com<\/a> de de bahse konu olan plan yay\u0131nlanm\u0131\u015ft\u0131r.<\/li>\n<li>Tesis \u0130\u00e7i Salg\u0131n Tedbir Plan\u0131 kapsam\u0131nda, misafirler taraf\u0131ndan kullan\u0131lacak t\u00fcm alanlar i\u00e7in bu genelge kapsam\u0131nda uyulmas\u0131 gereken t\u00fcm kurallar\u0131n denetiminden sorumlu personel g\u00f6revlendirilmesi;<\/li>\n<\/ol>\n<p>Ay\u015feg\u00fcl \u015ei\u015fman ve Sevin\u00e7 Erkan\u2019d\u0131r.<\/p>\n<p>&nbsp;<\/p>\n[\/vc_column_text][\/vc_column][\/vc_row]\n","protected":false},"excerpt":{"rendered":"<p>[vc_row type=&#8221;in_container&#8221; full_screen_row_position=&#8221;middle&#8221; scene_position=&#8221;center&#8221; text_color=&#8221;dark&#8221; text_align=&#8221;left&#8221; overlay_strength=&#8221;0.3&#8243; shape_divider_position=&#8221;bottom&#8221;][vc_column column_padding=&#8221;no-extra-padding&#8221; column_padding_position=&#8221;all&#8221; background_color_opacity=&#8221;1&#8243; background_hover_color_opacity=&#8221;1&#8243; column_shadow=&#8221;none&#8221; column_border_radius=&#8221;none&#8221; width=&#8221;1\/1&#8243; tablet_text_alignment=&#8221;default&#8221; phone_text_alignment=&#8221;default&#8221; column_border_width=&#8221;none&#8221; column_border_style=&#8221;solid&#8221;][\/vc_column][\/vc_row][vc_row type=&#8221;in_container&#8221; full_screen_row_position=&#8221;middle&#8221; scene_position=&#8221;center&#8221; text_color=&#8221;dark&#8221; text_align=&#8221;left&#8221; overlay_strength=&#8221;0.3&#8243; shape_divider_position=&#8221;bottom&#8221;][vc_column column_padding=&#8221;no-extra-padding&#8221; column_padding_position=&#8221;all&#8221; background_color_opacity=&#8221;1&#8243; background_hover_color_opacity=&#8221;1&#8243;&#8230;<\/p>\n","protected":false},"author":2,"featured_media":0,"parent":0,"menu_order":0,"comment_status":"closed","ping_status":"closed","template":"","meta":{"footnotes":""},"class_list":["post-9320","page","type-page","status-publish"],"_links":{"self":[{"href":"https:\/\/eski.gokcegemile.com\/tr\/wp-json\/wp\/v2\/pages\/9320\/"}],"collection":[{"href":"https:\/\/eski.gokcegemile.com\/tr\/wp-json\/wp\/v2\/pages\/"}],"about":[{"href":"https:\/\/eski.gokcegemile.com\/tr\/wp-json\/wp\/v2\/types\/page\/"}],"author":[{"embeddable":true,"href":"https:\/\/eski.gokcegemile.com\/tr\/wp-json\/wp\/v2\/users\/2\/"}],"replies":[{"embeddable":true,"href":"https:\/\/eski.gokcegemile.com\/tr\/wp-json\/wp\/v2\/comments\/?post=9320"}],"version-history":[{"count":0,"href":"https:\/\/eski.gokcegemile.com\/tr\/wp-json\/wp\/v2\/pages\/9320\/revisions\/"}],"wp:attachment":[{"href":"https:\/\/eski.gokcegemile.com\/tr\/wp-json\/wp\/v2\/media\/?parent=9320"}],"curies":[{"name":"wp","href":"https:\/\/api.w.org\/{rel}","templated":true}]}}